{"id":969,"date":"2014-08-11T09:53:20","date_gmt":"2014-08-11T08:53:20","guid":{"rendered":"http:\/\/www.lesmonts.ch\/wp_fr\/?page_id=969"},"modified":"2019-01-28T21:22:40","modified_gmt":"2019-01-28T20:22:40","slug":"les-fjords-de-louest","status":"publish","type":"page","link":"https:\/\/www.lesmonts.ch\/wp_fr\/voyages\/islande\/les-fjords-de-louest\/","title":{"rendered":"Les fjords de l&rsquo;Ouest"},"content":{"rendered":"<p>L&rsquo;ouest de l&rsquo;Islande est quelque peu diff\u00e9rente du reste de l&rsquo;\u00eele. D&rsquo;un point de vue g\u00e9ologique, nous sommes en principe sur le continent am\u00e9ricain, alors que l&rsquo;Est est sur le continent europ\u00e9en&#8230; Est-ce la raison de cette diff\u00e9rence perceptible ? Peut-\u00eatre, mais qu&rsquo;importe apr\u00e8s tout !<\/p>\nngg_shortcode_0_placeholder\n","protected":false},"excerpt":{"rendered":"<p>L&rsquo;ouest de l&rsquo;Islande est quelque peu diff\u00e9rente du reste de l&rsquo;\u00eele. D&rsquo;un point de vue g\u00e9ologique, nous sommes en principe sur le continent am\u00e9ricain, alors que l&rsquo;Est est sur le continent europ\u00e9en&#8230; Est-ce la raison de cette diff\u00e9rence perceptible ? Peut-\u00eatre, mais qu&rsquo;importe apr\u00e8s tout !<\/p>\n","protected":false},"author":1,"featured_media":0,"parent":373,"menu_order":0,"comment_status":"open","ping_status":"open","template":"","meta":{"_crdt_document":"","ngg_post_thumbnail":0,"footnotes":""},"class_list":["post-969","page","type-page","status-publish","hentry"],"_links":{"self":[{"href":"https:\/\/www.lesmonts.ch\/wp_fr\/wp-json\/wp\/v2\/pages\/969","targetHints":{"allow":["GET"]}}],"collection":[{"href":"https:\/\/www.lesmonts.ch\/wp_fr\/wp-json\/wp\/v2\/pages"}],"about":[{"href":"https:\/\/www.lesmonts.ch\/wp_fr\/wp-json\/wp\/v2\/types\/page"}],"author":[{"embeddable":true,"href":"https:\/\/www.lesmonts.ch\/wp_fr\/wp-json\/wp\/v2\/users\/1"}],"replies":[{"embeddable":true,"href":"https:\/\/www.lesmonts.ch\/wp_fr\/wp-json\/wp\/v2\/comments?post=969"}],"version-history":[{"count":3,"href":"https:\/\/www.lesmonts.ch\/wp_fr\/wp-json\/wp\/v2\/pages\/969\/revisions"}],"predecessor-version":[{"id":6254,"href":"https:\/\/www.lesmonts.ch\/wp_fr\/wp-json\/wp\/v2\/pages\/969\/revisions\/6254"}],"up":[{"embeddable":true,"href":"https:\/\/www.lesmonts.ch\/wp_fr\/wp-json\/wp\/v2\/pages\/373"}],"wp:attachment":[{"href":"https:\/\/www.lesmonts.ch\/wp_fr\/wp-json\/wp\/v2\/media?parent=969"}],"curies":[{"name":"wp","href":"https:\/\/api.w.org\/{rel}","templated":true}]}}