{"id":908,"date":"2014-08-11T09:11:22","date_gmt":"2014-08-11T08:11:22","guid":{"rendered":"http:\/\/www.lesmonts.ch\/wp_fr\/?page_id=908"},"modified":"2019-01-28T21:18:42","modified_gmt":"2019-01-28T20:18:42","slug":"peninsule-du-snaefellsnes","status":"publish","type":"page","link":"https:\/\/www.lesmonts.ch\/wp_fr\/voyages\/islande\/peninsule-du-snaefellsnes\/","title":{"rendered":"P\u00e9ninsule du Snaefellsnes"},"content":{"rendered":"<p>La p\u00e9ninsule du <a title=\"Snaefellsnes\" href=\"http:\/\/fr.wikipedia.org\/wiki\/Sn%C3%A6fellsnes\" target=\"_blank\" rel=\"noopener\">Snaefellsnes <\/a>est un endroit privil\u00e9gi\u00e9 de l&rsquo;Islande; \u00e0 l&rsquo;Ouest de Reykjavik, la p\u00e9ninsule est domin\u00e9e par le volcan Snaefellsjok\u00fcll (1446 m\u00e8tres), montagne dont Jules Verne faisait le point de d\u00e9part de son roman \u00ab\u00a0Voyage au centre de la Terre\u00a0\u00bb.<\/p>\n<p>La p\u00e9ninsule permet de jolies promenades dans des zones volcaniques, et en bordure de mer. De nombreux sites permettent l&rsquo;observation des oiseaux, et la faune marine est abondante. Il est en particulier tr\u00e8s facile d&rsquo;observer des otaries. Mais les campagnes sont relativement riches, et l&rsquo;agriculture (essentiellement \u00e9levage) y est plus d\u00e9velopp\u00e9e que dans le reste de l&rsquo;\u00eele. C&rsquo;est peut-\u00eatre l&rsquo;occasion de go\u00fbter la viande d&rsquo;agneau islandaise: vous n&rsquo;avez sans doute jamais d\u00e9gust\u00e9 de viande d&rsquo;agneau aussi savoureuse. Mais la d\u00e9gustation peut se faire sur toute l&rsquo;\u00eele !<\/p>\nngg_shortcode_0_placeholder\n","protected":false},"excerpt":{"rendered":"<p>La p\u00e9ninsule du Snaefellsnes est un endroit privil\u00e9gi\u00e9 de l&rsquo;Islande; \u00e0 l&rsquo;Ouest de Reykjavik, la p\u00e9ninsule est domin\u00e9e par le volcan Snaefellsjok\u00fcll (1446 m\u00e8tres), montagne dont Jules Verne faisait le point de d\u00e9part de son roman \u00ab\u00a0Voyage au centre de la Terre\u00a0\u00bb. La p\u00e9ninsule permet de jolies promenades dans des zones volcaniques, et en bordure &hellip; <a href=\"https:\/\/www.lesmonts.ch\/wp_fr\/voyages\/islande\/peninsule-du-snaefellsnes\/\" class=\"more-link\">Continuer la lecture de <span class=\"screen-reader-text\">P\u00e9ninsule du Snaefellsnes<\/span>  <span class=\"meta-nav\">&rarr;<\/span><\/a><\/p>\n","protected":false},"author":1,"featured_media":0,"parent":373,"menu_order":0,"comment_status":"open","ping_status":"open","template":"","meta":{"_crdt_document":"","ngg_post_thumbnail":0,"footnotes":""},"class_list":["post-908","page","type-page","status-publish","hentry"],"_links":{"self":[{"href":"https:\/\/www.lesmonts.ch\/wp_fr\/wp-json\/wp\/v2\/pages\/908","targetHints":{"allow":["GET"]}}],"collection":[{"href":"https:\/\/www.lesmonts.ch\/wp_fr\/wp-json\/wp\/v2\/pages"}],"about":[{"href":"https:\/\/www.lesmonts.ch\/wp_fr\/wp-json\/wp\/v2\/types\/page"}],"author":[{"embeddable":true,"href":"https:\/\/www.lesmonts.ch\/wp_fr\/wp-json\/wp\/v2\/users\/1"}],"replies":[{"embeddable":true,"href":"https:\/\/www.lesmonts.ch\/wp_fr\/wp-json\/wp\/v2\/comments?post=908"}],"version-history":[{"count":3,"href":"https:\/\/www.lesmonts.ch\/wp_fr\/wp-json\/wp\/v2\/pages\/908\/revisions"}],"predecessor-version":[{"id":6253,"href":"https:\/\/www.lesmonts.ch\/wp_fr\/wp-json\/wp\/v2\/pages\/908\/revisions\/6253"}],"up":[{"embeddable":true,"href":"https:\/\/www.lesmonts.ch\/wp_fr\/wp-json\/wp\/v2\/pages\/373"}],"wp:attachment":[{"href":"https:\/\/www.lesmonts.ch\/wp_fr\/wp-json\/wp\/v2\/media?parent=908"}],"curies":[{"name":"wp","href":"https:\/\/api.w.org\/{rel}","templated":true}]}}