{"id":8572,"date":"2020-06-10T11:40:40","date_gmt":"2020-06-10T09:40:40","guid":{"rendered":"https:\/\/www.lesmonts.ch\/wp_fr\/?page_id=8572"},"modified":"2023-04-13T08:55:41","modified_gmt":"2023-04-13T06:55:41","slug":"elucubrations-en-2020","status":"publish","type":"page","link":"https:\/\/www.lesmonts.ch\/wp_fr\/elucubrations-en-2020\/","title":{"rendered":"ELUCUBRATIONS EN 2020"},"content":{"rendered":"\n<p class=\"wp-block-paragraph\"><a href=\"https:\/\/www.lesmonts.ch\/wp_fr\/?p=7651\">Fake<\/a>&#8230; (02.01.2020)<\/p>\n\n\n\n<p class=\"wp-block-paragraph\"><a href=\"https:\/\/www.lesmonts.ch\/wp_fr\/?p=7697\">Qubits<\/a>&#8230; (22.01.2020)<\/p>\n\n\n\n<p class=\"wp-block-paragraph\"><a href=\"https:\/\/www.lesmonts.ch\/wp_fr\/?p=7710\">Skolstrejk <\/a>(27.01.2020)<\/p>\n\n\n\n<p class=\"wp-block-paragraph\"><a href=\"https:\/\/www.lesmonts.ch\/wp_fr\/?p=7753\">Record !<\/a> (18.02.2020)<\/p>\n\n\n\n<p class=\"wp-block-paragraph\"><a href=\"https:\/\/www.lesmonts.ch\/wp_fr\/?p=7723\">Maslow, toujours<\/a> (23.03.2020)<\/p>\n\n\n\n<p class=\"wp-block-paragraph\"><a href=\"https:\/\/www.lesmonts.ch\/wp_fr\/?p=7846\">Quoi de neuf, docteur <\/a>(21.04.2020)<\/p>\n\n\n\n<p class=\"wp-block-paragraph\"><a href=\"https:\/\/www.lesmonts.ch\/wp_fr\/?p=8378\">Cookies <\/a>(19.05.2020)<\/p>\n\n\n\n<p class=\"wp-block-paragraph\"><a href=\"https:\/\/www.lesmonts.ch\/wp_fr\/?p=8391\">Bureau en d\u00e9sordre<\/a> (19.05.2020)<\/p>\n\n\n\n<p class=\"wp-block-paragraph\"><a href=\"https:\/\/www.lesmonts.ch\/wp_fr\/?p=7764\">T\u00e9l\u00e9com&#8230;<\/a> (10.06.2020)<\/p>\n\n\n\n<p class=\"wp-block-paragraph\"><a href=\"https:\/\/www.lesmonts.ch\/wp_fr\/?p=8615\">Chassez l&rsquo;avion<\/a> (27.06.2020)<\/p>\n\n\n\n<p class=\"wp-block-paragraph\"><a href=\"https:\/\/www.lesmonts.ch\/wp_fr\/?p=8644\">Swiss Covid<\/a> (12.08.2020)<\/p>\n\n\n\n<p class=\"wp-block-paragraph\"><a href=\"https:\/\/www.lesmonts.ch\/wp_fr\/?p=8673\">Grav\u00e9 dans&#8230;<\/a> (16.08.2020)<\/p>\n\n\n\n<p class=\"wp-block-paragraph\"><a href=\"https:\/\/www.lesmonts.ch\/wp_fr\/?p=8690\">Bestiaire politique<\/a> (23.08.2020)<\/p>\n\n\n\n<p class=\"wp-block-paragraph\"><a href=\"https:\/\/www.lesmonts.ch\/wp_fr\/?p=8709\">Pour une immigration mod\u00e9r\u00e9e<\/a> (13.09.2020)<\/p>\n\n\n\n<p class=\"wp-block-paragraph\"><a href=\"https:\/\/www.lesmonts.ch\/wp_fr\/?p=8723\">Le r\u00eave am\u00e9ricain.<\/a> (05.10.2020)<\/p>\n\n\n\n<p class=\"wp-block-paragraph\"><a href=\"https:\/\/www.lesmonts.ch\/wp_fr\/?p=8797\" target=\"_blank\" rel=\"noreferrer noopener\">Libert\u00e9 <\/a>(26.11.2020)<\/p>\n","protected":false},"excerpt":{"rendered":"<p>Fake&#8230; (02.01.2020) Qubits&#8230; (22.01.2020) Skolstrejk (27.01.2020) Record ! (18.02.2020) Maslow, toujours (23.03.2020) Quoi de neuf, docteur (21.04.2020) Cookies (19.05.2020) Bureau en d\u00e9sordre (19.05.2020) T\u00e9l\u00e9com&#8230; (10.06.2020) Chassez l&rsquo;avion (27.06.2020) Swiss Covid (12.08.2020) Grav\u00e9 dans&#8230; (16.08.2020) Bestiaire politique (23.08.2020) Pour une immigration mod\u00e9r\u00e9e (13.09.2020) Le r\u00eave am\u00e9ricain. (05.10.2020) Libert\u00e9 (26.11.2020)<\/p>\n","protected":false},"author":1,"featured_media":0,"parent":0,"menu_order":0,"comment_status":"closed","ping_status":"closed","template":"","meta":{"_crdt_document":"","ngg_post_thumbnail":0,"footnotes":""},"class_list":["post-8572","page","type-page","status-publish","hentry"],"_links":{"self":[{"href":"https:\/\/www.lesmonts.ch\/wp_fr\/wp-json\/wp\/v2\/pages\/8572","targetHints":{"allow":["GET"]}}],"collection":[{"href":"https:\/\/www.lesmonts.ch\/wp_fr\/wp-json\/wp\/v2\/pages"}],"about":[{"href":"https:\/\/www.lesmonts.ch\/wp_fr\/wp-json\/wp\/v2\/types\/page"}],"author":[{"embeddable":true,"href":"https:\/\/www.lesmonts.ch\/wp_fr\/wp-json\/wp\/v2\/users\/1"}],"replies":[{"embeddable":true,"href":"https:\/\/www.lesmonts.ch\/wp_fr\/wp-json\/wp\/v2\/comments?post=8572"}],"version-history":[{"count":5,"href":"https:\/\/www.lesmonts.ch\/wp_fr\/wp-json\/wp\/v2\/pages\/8572\/revisions"}],"predecessor-version":[{"id":11620,"href":"https:\/\/www.lesmonts.ch\/wp_fr\/wp-json\/wp\/v2\/pages\/8572\/revisions\/11620"}],"wp:attachment":[{"href":"https:\/\/www.lesmonts.ch\/wp_fr\/wp-json\/wp\/v2\/media?parent=8572"}],"curies":[{"name":"wp","href":"https:\/\/api.w.org\/{rel}","templated":true}]}}