{"id":805,"date":"2014-08-09T16:43:26","date_gmt":"2014-08-09T15:43:26","guid":{"rendered":"http:\/\/www.lesmonts.ch\/wp_fr\/?page_id=805"},"modified":"2019-01-28T21:16:23","modified_gmt":"2019-01-28T20:16:23","slug":"thingvellir","status":"publish","type":"page","link":"https:\/\/www.lesmonts.ch\/wp_fr\/voyages\/islande\/thingvellir\/","title":{"rendered":"Thingvellir"},"content":{"rendered":"<p>En 930 fut proclam\u00e9e l&rsquo;ind\u00e9pendance de l&rsquo;Islande, et un parlement fut \u00e9tabli pour r\u00e9gler les conflits entre les habitants. Le parlement fut appel\u00e9 l&rsquo;Althing, et il si\u00e9geait \u00e0 Thingvellir. Le lieu est situ\u00e9 sur une faille tectonique, dans une r\u00e9gion volcanique. Ici se tenait le conseil et le tribunal de l&rsquo;\u00eele, et on peut voir le lac dans lequel on noyait les condamn\u00e9s \u00e0 mort par le conseil.<\/p>\nngg_shortcode_0_placeholder\n","protected":false},"excerpt":{"rendered":"<p>En 930 fut proclam\u00e9e l&rsquo;ind\u00e9pendance de l&rsquo;Islande, et un parlement fut \u00e9tabli pour r\u00e9gler les conflits entre les habitants. Le parlement fut appel\u00e9 l&rsquo;Althing, et il si\u00e9geait \u00e0 Thingvellir. Le lieu est situ\u00e9 sur une faille tectonique, dans une r\u00e9gion volcanique. Ici se tenait le conseil et le tribunal de l&rsquo;\u00eele, et on peut voir &hellip; <a href=\"https:\/\/www.lesmonts.ch\/wp_fr\/voyages\/islande\/thingvellir\/\" class=\"more-link\">Continuer la lecture de <span class=\"screen-reader-text\">Thingvellir<\/span>  <span class=\"meta-nav\">&rarr;<\/span><\/a><\/p>\n","protected":false},"author":1,"featured_media":0,"parent":373,"menu_order":0,"comment_status":"open","ping_status":"open","template":"","meta":{"_crdt_document":"","ngg_post_thumbnail":0,"footnotes":""},"class_list":["post-805","page","type-page","status-publish","hentry"],"_links":{"self":[{"href":"https:\/\/www.lesmonts.ch\/wp_fr\/wp-json\/wp\/v2\/pages\/805","targetHints":{"allow":["GET"]}}],"collection":[{"href":"https:\/\/www.lesmonts.ch\/wp_fr\/wp-json\/wp\/v2\/pages"}],"about":[{"href":"https:\/\/www.lesmonts.ch\/wp_fr\/wp-json\/wp\/v2\/types\/page"}],"author":[{"embeddable":true,"href":"https:\/\/www.lesmonts.ch\/wp_fr\/wp-json\/wp\/v2\/users\/1"}],"replies":[{"embeddable":true,"href":"https:\/\/www.lesmonts.ch\/wp_fr\/wp-json\/wp\/v2\/comments?post=805"}],"version-history":[{"count":3,"href":"https:\/\/www.lesmonts.ch\/wp_fr\/wp-json\/wp\/v2\/pages\/805\/revisions"}],"predecessor-version":[{"id":6252,"href":"https:\/\/www.lesmonts.ch\/wp_fr\/wp-json\/wp\/v2\/pages\/805\/revisions\/6252"}],"up":[{"embeddable":true,"href":"https:\/\/www.lesmonts.ch\/wp_fr\/wp-json\/wp\/v2\/pages\/373"}],"wp:attachment":[{"href":"https:\/\/www.lesmonts.ch\/wp_fr\/wp-json\/wp\/v2\/media?parent=805"}],"curies":[{"name":"wp","href":"https:\/\/api.w.org\/{rel}","templated":true}]}}