{"id":755,"date":"2014-08-09T16:11:34","date_gmt":"2014-08-09T15:11:34","guid":{"rendered":"http:\/\/www.lesmonts.ch\/wp_fr\/?page_id=755"},"modified":"2019-01-28T21:13:28","modified_gmt":"2019-01-28T20:13:28","slug":"landmannalaugar","status":"publish","type":"page","link":"https:\/\/www.lesmonts.ch\/wp_fr\/voyages\/islande\/landmannalaugar\/","title":{"rendered":"Landmannalaugar"},"content":{"rendered":"<p>Le <a title=\"Landmannalaugar\" href=\"http:\/\/fr.wikipedia.org\/wiki\/Landmannalaugar\" target=\"_blank\" rel=\"noopener\">Landmannalaugar<\/a> (litt\u00e9ralement : \u00ab&nbsp;les bains chauds des gens du pays&nbsp;\u00bb), est une r\u00e9gion situ\u00e9e pr\u00e8s du <a title=\"Hekla\" href=\"http:\/\/fr.wikipedia.org\/wiki\/Hekla\" target=\"_blank\" rel=\"noopener\">volcan Hekla<\/a> dans le sud de l&rsquo;\u00eele. C&rsquo;est une r\u00e9gion sauvage et spectaculaire, appr\u00e9ci\u00e9e pour ses sources d&rsquo;eau chaude qui permettent de se baigner \u00e0 sa temp\u00e9rature favorite. En effet, de nombreuses sources d&rsquo;eau chaude jaillissent aux alentours de 40 \u00e0 60 degr\u00e9s, puis se refroidissent rapidement en s&rsquo;\u00e9coulant, ce qui permet au baigneur de choisir la temp\u00e9rature la plus adapt\u00e9e \u00e0 son go\u00fbt simplement en se positionnant au long du d\u00e9versoir&#8230;<\/p>\n<p>La r\u00e9gion se pr\u00eate \u00e9galement tr\u00e8s bien \u00e0 la randonn\u00e9e, \u00e0 pied (physique !), \u00e0 cheval (de pr\u00e9f\u00e9rence avec guide) ou en voiture (un bon 4*4, et ne pas tomber en panne; de pr\u00e9f\u00e9rence partir \u00e0 deux v\u00e9hicules).<\/p>\nngg_shortcode_0_placeholder\n","protected":false},"excerpt":{"rendered":"<p>Le Landmannalaugar (litt\u00e9ralement : \u00ab&nbsp;les bains chauds des gens du pays&nbsp;\u00bb), est une r\u00e9gion situ\u00e9e pr\u00e8s du volcan Hekla dans le sud de l&rsquo;\u00eele. C&rsquo;est une r\u00e9gion sauvage et spectaculaire, appr\u00e9ci\u00e9e pour ses sources d&rsquo;eau chaude qui permettent de se baigner \u00e0 sa temp\u00e9rature favorite. En effet, de nombreuses sources d&rsquo;eau chaude jaillissent aux alentours &hellip; <a href=\"https:\/\/www.lesmonts.ch\/wp_fr\/voyages\/islande\/landmannalaugar\/\" class=\"more-link\">Continuer la lecture de <span class=\"screen-reader-text\">Landmannalaugar<\/span>  <span class=\"meta-nav\">&rarr;<\/span><\/a><\/p>\n","protected":false},"author":1,"featured_media":0,"parent":373,"menu_order":0,"comment_status":"open","ping_status":"open","template":"","meta":{"_crdt_document":"","ngg_post_thumbnail":0,"footnotes":""},"class_list":["post-755","page","type-page","status-publish","hentry"],"_links":{"self":[{"href":"https:\/\/www.lesmonts.ch\/wp_fr\/wp-json\/wp\/v2\/pages\/755","targetHints":{"allow":["GET"]}}],"collection":[{"href":"https:\/\/www.lesmonts.ch\/wp_fr\/wp-json\/wp\/v2\/pages"}],"about":[{"href":"https:\/\/www.lesmonts.ch\/wp_fr\/wp-json\/wp\/v2\/types\/page"}],"author":[{"embeddable":true,"href":"https:\/\/www.lesmonts.ch\/wp_fr\/wp-json\/wp\/v2\/users\/1"}],"replies":[{"embeddable":true,"href":"https:\/\/www.lesmonts.ch\/wp_fr\/wp-json\/wp\/v2\/comments?post=755"}],"version-history":[{"count":4,"href":"https:\/\/www.lesmonts.ch\/wp_fr\/wp-json\/wp\/v2\/pages\/755\/revisions"}],"predecessor-version":[{"id":6250,"href":"https:\/\/www.lesmonts.ch\/wp_fr\/wp-json\/wp\/v2\/pages\/755\/revisions\/6250"}],"up":[{"embeddable":true,"href":"https:\/\/www.lesmonts.ch\/wp_fr\/wp-json\/wp\/v2\/pages\/373"}],"wp:attachment":[{"href":"https:\/\/www.lesmonts.ch\/wp_fr\/wp-json\/wp\/v2\/media?parent=755"}],"curies":[{"name":"wp","href":"https:\/\/api.w.org\/{rel}","templated":true}]}}