{"id":75,"date":"2014-07-15T10:40:33","date_gmt":"2014-07-15T09:40:33","guid":{"rendered":"http:\/\/www.lesmonts.ch\/wp_fr\/?page_id=75"},"modified":"2023-03-29T13:40:17","modified_gmt":"2023-03-29T11:40:17","slug":"les-habitants","status":"publish","type":"page","link":"https:\/\/www.lesmonts.ch\/wp_fr\/page-d-exemple\/les-habitants\/","title":{"rendered":"Les habitants"},"content":{"rendered":"<p>La r\u00e9gion des Monts n&rsquo;est pas tr\u00e8s habit\u00e9e; c&rsquo;est raide, et l&rsquo;eau y est rare, et ce n&rsquo;est pas situ\u00e9 en zone \u00e0 construire ! Il y a de ce fait plus d&rsquo;animaux que d&rsquo;\u00eatre humains aux Monts.&nbsp;<\/p>\n<p>Parmi les \u00eatres humains, citons <a title=\"Marcel Jaton\" href=\"http:\/\/www.lesmonts.ch\/wp_fr\/?page_id=77\">Marcel Jaton<\/a>, qui a r\u00e9habilit\u00e9 la maison \u00ab\u00a0Sous les Monts\u00a0\u00bb. Il aimait peindre son environnement \u00e0 l&rsquo;aquarelle, et j&rsquo;ai essay\u00e9 de pr\u00e9senter son \u0153uvre \u00e0 travers ce site.<\/p>\n<p>La personne qui a probablement le plus model\u00e9 cet endroit est <a title=\"Louise Jaton\" href=\"http:\/\/www.lesmonts.ch\/wp_fr\/?page_id=3795\">Louise Jaton-Witz<\/a>, qui a v\u00e9cu 54 ans dans cette maison avant de s&rsquo;\u00e9teindre en 2004. On la nommait \u00ab\u00a0la Dame des Monts\u00a0\u00bb; nombre de choses existantes dans la demeure ont \u00e9t\u00e9 cr\u00e9es par elle.<\/p>\n<p><a href=\"http:\/\/www.lesmonts.ch\/wp_fr\/wp-content\/uploads\/2014\/07\/Maman.jpg\"><img loading=\"lazy\" decoding=\"async\" class=\"aligncenter size-medium wp-image-3791\" src=\"http:\/\/www.lesmonts.ch\/wp_fr\/wp-content\/uploads\/2014\/07\/Maman-199x300.jpg\" alt=\"Maman\" width=\"199\" height=\"300\" srcset=\"https:\/\/www.lesmonts.ch\/wp_fr\/wp-content\/uploads\/2014\/07\/Maman-199x300.jpg 199w, https:\/\/www.lesmonts.ch\/wp_fr\/wp-content\/uploads\/2014\/07\/Maman.jpg 532w\" sizes=\"auto, (max-width: 199px) 100vw, 199px\" \/><\/a><\/p>\n<p>Ce site lui est bien s\u00fbr aussi en quelque sorte d\u00e9di\u00e9.<\/p>\n<p>Il y a bien s\u00fbr aussi les <a title=\"Les animaux\" href=\"http:\/\/www.lesmonts.ch\/wp_fr\/?page_id=1740\">animaux<\/a>; on en parle par ailleurs. Ils participent tr\u00e8s activement \u00e0 la vie de la r\u00e9gion, de mani\u00e8re certes \u00e9cologique, mais pas toujours appropri\u00e9e (enfin de l&rsquo;avis des habitants humains).<\/p>\n<p>Il y a aussi des habitants un peu magiques. On ne peut pas parler de personnages r\u00e9els, mais ils font n\u00e9anmoins l&rsquo;objet d&rsquo;anecdotes et de r\u00e9cits souvent fantaisistes, parfois myst\u00e9rieux parce que mal expliqu\u00e9s. <a href=\"https:\/\/www.lesmonts.ch\/wp_fr\/?page_id=114\">J&rsquo;en propose quelques exemples dans une section d\u00e9di\u00e9e<\/a>.<\/p>\n","protected":false},"excerpt":{"rendered":"<p>La r\u00e9gion des Monts n&rsquo;est pas tr\u00e8s habit\u00e9e; c&rsquo;est raide, et l&rsquo;eau y est rare, et ce n&rsquo;est pas situ\u00e9 en zone \u00e0 construire ! Il y a de ce fait plus d&rsquo;animaux que d&rsquo;\u00eatre humains aux Monts.&nbsp; Parmi les \u00eatres humains, citons Marcel Jaton, qui a r\u00e9habilit\u00e9 la maison \u00ab\u00a0Sous les Monts\u00a0\u00bb. Il aimait &hellip; <a href=\"https:\/\/www.lesmonts.ch\/wp_fr\/page-d-exemple\/les-habitants\/\" class=\"more-link\">Continuer la lecture de <span class=\"screen-reader-text\">Les habitants<\/span>  <span class=\"meta-nav\">&rarr;<\/span><\/a><\/p>\n","protected":false},"author":1,"featured_media":0,"parent":2,"menu_order":0,"comment_status":"closed","ping_status":"closed","template":"","meta":{"_crdt_document":"","ngg_post_thumbnail":0,"footnotes":""},"class_list":["post-75","page","type-page","status-publish","hentry"],"_links":{"self":[{"href":"https:\/\/www.lesmonts.ch\/wp_fr\/wp-json\/wp\/v2\/pages\/75","targetHints":{"allow":["GET"]}}],"collection":[{"href":"https:\/\/www.lesmonts.ch\/wp_fr\/wp-json\/wp\/v2\/pages"}],"about":[{"href":"https:\/\/www.lesmonts.ch\/wp_fr\/wp-json\/wp\/v2\/types\/page"}],"author":[{"embeddable":true,"href":"https:\/\/www.lesmonts.ch\/wp_fr\/wp-json\/wp\/v2\/users\/1"}],"replies":[{"embeddable":true,"href":"https:\/\/www.lesmonts.ch\/wp_fr\/wp-json\/wp\/v2\/comments?post=75"}],"version-history":[{"count":9,"href":"https:\/\/www.lesmonts.ch\/wp_fr\/wp-json\/wp\/v2\/pages\/75\/revisions"}],"predecessor-version":[{"id":11608,"href":"https:\/\/www.lesmonts.ch\/wp_fr\/wp-json\/wp\/v2\/pages\/75\/revisions\/11608"}],"up":[{"embeddable":true,"href":"https:\/\/www.lesmonts.ch\/wp_fr\/wp-json\/wp\/v2\/pages\/2"}],"wp:attachment":[{"href":"https:\/\/www.lesmonts.ch\/wp_fr\/wp-json\/wp\/v2\/media?parent=75"}],"curies":[{"name":"wp","href":"https:\/\/api.w.org\/{rel}","templated":true}]}}