{"id":5674,"date":"2019-01-08T14:50:20","date_gmt":"2019-01-08T13:50:20","guid":{"rendered":"http:\/\/www.lesmonts.ch\/wp_fr\/?page_id=5674"},"modified":"2019-01-28T17:37:22","modified_gmt":"2019-01-28T16:37:22","slug":"perce","status":"publish","type":"page","link":"https:\/\/www.lesmonts.ch\/wp_fr\/perce\/","title":{"rendered":"Perc\u00e9"},"content":{"rendered":"\n<p class=\"wp-block-paragraph\">Perc\u00e9 est un village touristique \u00e0 l&rsquo;extr\u00e9mit\u00e9 de la Gasp\u00e9sie. Le rocher au large du village a donn\u00e9 son nom \u00e0 la bourgade, \u00e9galement c\u00e9l\u00e8bre pour sa colonie de Fous de Bassan. Ils sont plus de 100&rsquo;000 \u00e0 nicher sur l&rsquo;\u00eele Bonaventure, avec de nombreux phoques et cormorans entre autres esp\u00e8ces animales.<\/p>\n\n\n\nngg_shortcode_0_placeholder\n\n\n\n<p class=\"wp-block-paragraph\"><a href=\"https:\/\/www.lesmonts.ch\/wp_fr\/?page_id=5234\">Retour \u00e0 l&rsquo;index<\/a><\/p>\n\n\n\n<ul class=\"wp-block-list\"><li><a href=\"https:\/\/www.lesmonts.ch\/wp_fr\/?page_id=5236\">Montr\u00e9al \u2013 Trois-Rivi\u00e8res&nbsp; \u2013 Shawinigan \u2013 Qu\u00e9bec \u2013 Mont-Saint Anne<\/a><\/li><li><a href=\"https:\/\/www.lesmonts.ch\/wp_fr\/?page_id=5246\">R\u00e9gion de Saguenay et Tadoussac<\/a><\/li><li><a href=\"https:\/\/www.lesmonts.ch\/wp_fr\/?page_id=5252\">Parc du Bic, Gasp\u00e9sie<\/a><\/li><li> <a href=\"https:\/\/www.lesmonts.ch\/wp_fr\/?page_id=5242\">Parc Forillon<\/a> <a href=\"https:\/\/www.lesmonts.ch\/wp_fr\/?page_id=5674\"><\/a><\/li><li><a href=\"https:\/\/www.lesmonts.ch\/wp_fr\/?page_id=5256\">Baie des Chaleurs<\/a><\/li><li><a href=\"https:\/\/www.lesmonts.ch\/wp_fr\/?page_id=5767\">Qu\u00e9bec<\/a><\/li><li><a href=\"https:\/\/www.lesmonts.ch\/wp_fr\/?page_id=5260\">Parc Om\u00e9ga<\/a><\/li><li><a href=\"https:\/\/www.lesmonts.ch\/wp_fr\/?page_id=5262\">Ottawa et Mille Iles<\/a><\/li><li><a href=\"https:\/\/www.lesmonts.ch\/wp_fr\/?page_id=5264\">Niagara Falls, Niagara on the Lake, Toronto<\/a><\/li><\/ul>\n","protected":false},"excerpt":{"rendered":"<p>Perc\u00e9 est un village touristique \u00e0 l&rsquo;extr\u00e9mit\u00e9 de la Gasp\u00e9sie. Le rocher au large du village a donn\u00e9 son nom \u00e0 la bourgade, \u00e9galement c\u00e9l\u00e8bre pour sa colonie de Fous de Bassan. Ils sont plus de 100&rsquo;000 \u00e0 nicher sur l&rsquo;\u00eele Bonaventure, avec de nombreux phoques et cormorans entre autres esp\u00e8ces animales. Retour \u00e0 l&rsquo;index &hellip; <a href=\"https:\/\/www.lesmonts.ch\/wp_fr\/perce\/\" class=\"more-link\">Continuer la lecture de <span class=\"screen-reader-text\">Perc\u00e9<\/span>  <span class=\"meta-nav\">&rarr;<\/span><\/a><\/p>\n","protected":false},"author":1,"featured_media":0,"parent":0,"menu_order":0,"comment_status":"closed","ping_status":"closed","template":"","meta":{"_crdt_document":"","ngg_post_thumbnail":0,"footnotes":""},"class_list":["post-5674","page","type-page","status-publish","hentry"],"_links":{"self":[{"href":"https:\/\/www.lesmonts.ch\/wp_fr\/wp-json\/wp\/v2\/pages\/5674","targetHints":{"allow":["GET"]}}],"collection":[{"href":"https:\/\/www.lesmonts.ch\/wp_fr\/wp-json\/wp\/v2\/pages"}],"about":[{"href":"https:\/\/www.lesmonts.ch\/wp_fr\/wp-json\/wp\/v2\/types\/page"}],"author":[{"embeddable":true,"href":"https:\/\/www.lesmonts.ch\/wp_fr\/wp-json\/wp\/v2\/users\/1"}],"replies":[{"embeddable":true,"href":"https:\/\/www.lesmonts.ch\/wp_fr\/wp-json\/wp\/v2\/comments?post=5674"}],"version-history":[{"count":5,"href":"https:\/\/www.lesmonts.ch\/wp_fr\/wp-json\/wp\/v2\/pages\/5674\/revisions"}],"predecessor-version":[{"id":6191,"href":"https:\/\/www.lesmonts.ch\/wp_fr\/wp-json\/wp\/v2\/pages\/5674\/revisions\/6191"}],"wp:attachment":[{"href":"https:\/\/www.lesmonts.ch\/wp_fr\/wp-json\/wp\/v2\/media?parent=5674"}],"curies":[{"name":"wp","href":"https:\/\/api.w.org\/{rel}","templated":true}]}}