{"id":5262,"date":"2018-03-18T16:18:06","date_gmt":"2018-03-18T15:18:06","guid":{"rendered":"http:\/\/www.lesmonts.ch\/wp_fr\/?page_id=5262"},"modified":"2019-01-28T17:41:03","modified_gmt":"2019-01-28T16:41:03","slug":"mille-iles","status":"publish","type":"page","link":"https:\/\/www.lesmonts.ch\/wp_fr\/canada-2018\/mille-iles\/","title":{"rendered":"Ottawa et les Mille Iles"},"content":{"rendered":"\n<p class=\"wp-block-paragraph\">Ottawa est la capitale politique et administrative du Canada; la rive gauche du fleuve Outaouais est francophone et qu\u00e9b\u00e9coise (Gatineau), et la rive droite est anglophone et ontarienne. Ne pas manquer de visiter le <a href=\"https:\/\/fr.wikipedia.org\/wiki\/Mus%C3%A9e_canadien_de_l%27histoire\">mus\u00e9e de l&rsquo;histoire du Canada \u00e0 Gatineau<\/a> ! Les mille \u00eeles (il y en a environ 1600) sont un secteur \u00e0 l&rsquo;extr\u00e9mit\u00e9 du lac Ontario, l\u00e0 o\u00f9 le lac devient le Saint-Laurent. Ces minuscules \u00eeles sont tr\u00e8s souvent habit\u00e9es de maisons de vacances, et on y trouve m\u00eame <a href=\"https:\/\/fr.wikipedia.org\/wiki\/Ch%C3%A2teau_de_Boldt\">un ch\u00e2teau du Moyen Age<\/a>, reconstitu\u00e9 par un richissime Am\u00e9ricain qui n&rsquo;y a pourtant gu\u00e8re s\u00e9journ\u00e9.<\/p>\n\n\n\nngg_shortcode_0_placeholder\n\n\n\n<p class=\"wp-block-paragraph\"><a href=\"https:\/\/www.lesmonts.ch\/wp_fr\/?page_id=5234\">Retour \u00e0 l&rsquo;index<\/a><\/p>\n\n\n\n<ul class=\"wp-block-list\"><li><a href=\"https:\/\/www.lesmonts.ch\/wp_fr\/?page_id=5236\">Montr\u00e9al \u2013 Trois-Rivi\u00e8res&nbsp; \u2013 Shawinigan \u2013 Qu\u00e9bec \u2013 Mont-Saint Anne<\/a><\/li><li><a href=\"https:\/\/www.lesmonts.ch\/wp_fr\/?page_id=5246\">R\u00e9gion de Saguenay et Tadoussac<\/a><\/li><li><a href=\"https:\/\/www.lesmonts.ch\/wp_fr\/?page_id=5252\">Parc du Bic, Gasp\u00e9sie<\/a><\/li><li><a href=\"https:\/\/www.lesmonts.ch\/wp_fr\/?page_id=5242\">Parc Forillon<\/a><\/li><li><a href=\"https:\/\/www.lesmonts.ch\/wp_fr\/?page_id=5674\">Perc\u00e9<\/a><\/li><li><a href=\"https:\/\/www.lesmonts.ch\/wp_fr\/?page_id=5256\">Baie des Chaleurs<\/a><\/li><li><a href=\"https:\/\/www.lesmonts.ch\/wp_fr\/?page_id=5767\">Qu\u00e9bec<\/a><\/li><li> <a href=\"https:\/\/www.lesmonts.ch\/wp_fr\/?page_id=5260\">Parc Om\u00e9ga<\/a> <\/li><li><a href=\"https:\/\/www.lesmonts.ch\/wp_fr\/?page_id=5264\">Niagara Falls, Niagara on the Lake, Toronto<\/a><\/li><\/ul>\n","protected":false},"excerpt":{"rendered":"<p>Ottawa est la capitale politique et administrative du Canada; la rive gauche du fleuve Outaouais est francophone et qu\u00e9b\u00e9coise (Gatineau), et la rive droite est anglophone et ontarienne. Ne pas manquer de visiter le mus\u00e9e de l&rsquo;histoire du Canada \u00e0 Gatineau ! Les mille \u00eeles (il y en a environ 1600) sont un secteur \u00e0 &hellip; <a href=\"https:\/\/www.lesmonts.ch\/wp_fr\/canada-2018\/mille-iles\/\" class=\"more-link\">Continuer la lecture de <span class=\"screen-reader-text\">Ottawa et les Mille Iles<\/span>  <span class=\"meta-nav\">&rarr;<\/span><\/a><\/p>\n","protected":false},"author":1,"featured_media":0,"parent":5234,"menu_order":0,"comment_status":"closed","ping_status":"closed","template":"","meta":{"_crdt_document":"","ngg_post_thumbnail":0,"footnotes":""},"class_list":["post-5262","page","type-page","status-publish","hentry"],"_links":{"self":[{"href":"https:\/\/www.lesmonts.ch\/wp_fr\/wp-json\/wp\/v2\/pages\/5262","targetHints":{"allow":["GET"]}}],"collection":[{"href":"https:\/\/www.lesmonts.ch\/wp_fr\/wp-json\/wp\/v2\/pages"}],"about":[{"href":"https:\/\/www.lesmonts.ch\/wp_fr\/wp-json\/wp\/v2\/types\/page"}],"author":[{"embeddable":true,"href":"https:\/\/www.lesmonts.ch\/wp_fr\/wp-json\/wp\/v2\/users\/1"}],"replies":[{"embeddable":true,"href":"https:\/\/www.lesmonts.ch\/wp_fr\/wp-json\/wp\/v2\/comments?post=5262"}],"version-history":[{"count":6,"href":"https:\/\/www.lesmonts.ch\/wp_fr\/wp-json\/wp\/v2\/pages\/5262\/revisions"}],"predecessor-version":[{"id":6195,"href":"https:\/\/www.lesmonts.ch\/wp_fr\/wp-json\/wp\/v2\/pages\/5262\/revisions\/6195"}],"up":[{"embeddable":true,"href":"https:\/\/www.lesmonts.ch\/wp_fr\/wp-json\/wp\/v2\/pages\/5234"}],"wp:attachment":[{"href":"https:\/\/www.lesmonts.ch\/wp_fr\/wp-json\/wp\/v2\/media?parent=5262"}],"curies":[{"name":"wp","href":"https:\/\/api.w.org\/{rel}","templated":true}]}}