{"id":5260,"date":"2018-03-18T16:16:18","date_gmt":"2018-03-18T15:16:18","guid":{"rendered":"http:\/\/www.lesmonts.ch\/wp_fr\/?page_id=5260"},"modified":"2019-01-28T17:39:47","modified_gmt":"2019-01-28T16:39:47","slug":"parc-omega","status":"publish","type":"page","link":"https:\/\/www.lesmonts.ch\/wp_fr\/canada-2018\/parc-omega\/","title":{"rendered":"Parc Om\u00e9ga"},"content":{"rendered":"\n<p class=\"wp-block-paragraph\">Le parc Om\u00e9ga, situ\u00e9 pr\u00e8s de Montebello sur la route de Montr\u00e9al \u00e0 Ottawa, est plaisant. C&rsquo;est plus qu&rsquo;un zoo, car les animaux sont pour nombre d&rsquo;entre eux en semi-libert\u00e9, et la promenade se fait en voiture dans le parc. Ce parc permet de voir en une journ\u00e9e les principaux animaux d&rsquo;Am\u00e9rique du Nord dans un cadre tr\u00e8s proche de la r\u00e9alit\u00e9.<\/p>\n\n\n\nngg_shortcode_0_placeholder\n\n\n\n<p class=\"wp-block-paragraph\"><a href=\"https:\/\/www.lesmonts.ch\/wp_fr\/?page_id=5234\">Retour \u00e0 l&rsquo;index<\/a><\/p>\n\n\n\n<ul class=\"wp-block-list\"><li><a href=\"https:\/\/www.lesmonts.ch\/wp_fr\/?page_id=5236\">Montr\u00e9al \u2013 Trois-Rivi\u00e8res&nbsp; \u2013 Shawinigan \u2013 Qu\u00e9bec \u2013 Mont-Saint Anne<\/a><\/li><li><a href=\"https:\/\/www.lesmonts.ch\/wp_fr\/?page_id=5246\">R\u00e9gion de Saguenay et Tadoussac<\/a><\/li><li><a href=\"https:\/\/www.lesmonts.ch\/wp_fr\/?page_id=5252\">Parc du Bic, Gasp\u00e9sie<\/a><\/li><li><a href=\"https:\/\/www.lesmonts.ch\/wp_fr\/?page_id=5242\">Parc Forillon<\/a><\/li><li><a href=\"https:\/\/www.lesmonts.ch\/wp_fr\/?page_id=5674\">Perc\u00e9<\/a><\/li><li><a href=\"https:\/\/www.lesmonts.ch\/wp_fr\/?page_id=5256\">Baie des Chaleurs<\/a><\/li><li> <a href=\"https:\/\/www.lesmonts.ch\/wp_fr\/?page_id=5767\">Qu\u00e9bec<\/a> <a href=\"https:\/\/www.lesmonts.ch\/wp_fr\/?page_id=5260\"><\/a><\/li><li><a href=\"https:\/\/www.lesmonts.ch\/wp_fr\/?page_id=5262\">Ottawa et Mille Iles<\/a><\/li><li><a href=\"https:\/\/www.lesmonts.ch\/wp_fr\/?page_id=5264\">Niagara Falls, Niagara on the Lake, Toronto<\/a><\/li><\/ul>\n","protected":false},"excerpt":{"rendered":"<p>Le parc Om\u00e9ga, situ\u00e9 pr\u00e8s de Montebello sur la route de Montr\u00e9al \u00e0 Ottawa, est plaisant. C&rsquo;est plus qu&rsquo;un zoo, car les animaux sont pour nombre d&rsquo;entre eux en semi-libert\u00e9, et la promenade se fait en voiture dans le parc. Ce parc permet de voir en une journ\u00e9e les principaux animaux d&rsquo;Am\u00e9rique du Nord dans &hellip; <a href=\"https:\/\/www.lesmonts.ch\/wp_fr\/canada-2018\/parc-omega\/\" class=\"more-link\">Continuer la lecture de <span class=\"screen-reader-text\">Parc Om\u00e9ga<\/span>  <span class=\"meta-nav\">&rarr;<\/span><\/a><\/p>\n","protected":false},"author":1,"featured_media":0,"parent":5234,"menu_order":0,"comment_status":"closed","ping_status":"closed","template":"","meta":{"_crdt_document":"","ngg_post_thumbnail":0,"footnotes":""},"class_list":["post-5260","page","type-page","status-publish","hentry"],"_links":{"self":[{"href":"https:\/\/www.lesmonts.ch\/wp_fr\/wp-json\/wp\/v2\/pages\/5260","targetHints":{"allow":["GET"]}}],"collection":[{"href":"https:\/\/www.lesmonts.ch\/wp_fr\/wp-json\/wp\/v2\/pages"}],"about":[{"href":"https:\/\/www.lesmonts.ch\/wp_fr\/wp-json\/wp\/v2\/types\/page"}],"author":[{"embeddable":true,"href":"https:\/\/www.lesmonts.ch\/wp_fr\/wp-json\/wp\/v2\/users\/1"}],"replies":[{"embeddable":true,"href":"https:\/\/www.lesmonts.ch\/wp_fr\/wp-json\/wp\/v2\/comments?post=5260"}],"version-history":[{"count":6,"href":"https:\/\/www.lesmonts.ch\/wp_fr\/wp-json\/wp\/v2\/pages\/5260\/revisions"}],"predecessor-version":[{"id":6194,"href":"https:\/\/www.lesmonts.ch\/wp_fr\/wp-json\/wp\/v2\/pages\/5260\/revisions\/6194"}],"up":[{"embeddable":true,"href":"https:\/\/www.lesmonts.ch\/wp_fr\/wp-json\/wp\/v2\/pages\/5234"}],"wp:attachment":[{"href":"https:\/\/www.lesmonts.ch\/wp_fr\/wp-json\/wp\/v2\/media?parent=5260"}],"curies":[{"name":"wp","href":"https:\/\/api.w.org\/{rel}","templated":true}]}}