{"id":5256,"date":"2018-03-18T16:13:27","date_gmt":"2018-03-18T15:13:27","guid":{"rendered":"http:\/\/www.lesmonts.ch\/wp_fr\/?page_id=5256"},"modified":"2019-01-28T17:38:05","modified_gmt":"2019-01-28T16:38:05","slug":"baie-des-chaleurs","status":"publish","type":"page","link":"https:\/\/www.lesmonts.ch\/wp_fr\/canada-2018\/baie-des-chaleurs\/","title":{"rendered":"Baie des Chaleurs"},"content":{"rendered":"\n<p class=\"wp-block-paragraph\">La baie des Chaleurs s&rsquo;\u00e9tend au Sud de la Gasp\u00e9sie, et constitue une tr\u00e8s ancienne r\u00e9gion g\u00e9ologique dont le site le plus c\u00e9l\u00e8bre est le gisement de <a href=\"https:\/\/fr.wikipedia.org\/wiki\/Parc_national_de_Miguasha\">Miguasha<\/a>, riche en fossiles du <a href=\"https:\/\/fr.wikipedia.org\/wiki\/D%C3%A9vonien\">D\u00e9vonien<\/a>.<\/p>\n\n\n\nngg_shortcode_0_placeholder\n\n\n\n<p class=\"wp-block-paragraph\"><a href=\"https:\/\/www.lesmonts.ch\/wp_fr\/?page_id=5234\">Retour \u00e0 l&rsquo;index<\/a><\/p>\n\n\n\n<ul class=\"wp-block-list\"><li><a href=\"https:\/\/www.lesmonts.ch\/wp_fr\/?page_id=5236\">Montr\u00e9al \u2013 Trois-Rivi\u00e8res&nbsp; \u2013 Shawinigan \u2013 Qu\u00e9bec \u2013 Mont-Saint Anne<\/a><\/li><li><a href=\"https:\/\/www.lesmonts.ch\/wp_fr\/?page_id=5246\">R\u00e9gion de Saguenay et Tadoussac<\/a><\/li><li><a href=\"https:\/\/www.lesmonts.ch\/wp_fr\/?page_id=5252\">Parc du Bic, Gasp\u00e9sie<\/a><\/li><li><a href=\"https:\/\/www.lesmonts.ch\/wp_fr\/?page_id=5242\">Parc Forillon<\/a><\/li><li> <a href=\"https:\/\/www.lesmonts.ch\/wp_fr\/?page_id=5674\">Perc\u00e9<\/a> <a href=\"https:\/\/www.lesmonts.ch\/wp_fr\/?page_id=5256\"><\/a><\/li><li><a href=\"https:\/\/www.lesmonts.ch\/wp_fr\/?page_id=5767\">Qu\u00e9bec<\/a><\/li><li><a href=\"https:\/\/www.lesmonts.ch\/wp_fr\/?page_id=5260\">Parc Om\u00e9ga<\/a><\/li><li><a href=\"https:\/\/www.lesmonts.ch\/wp_fr\/?page_id=5262\">Ottawa et Mille Iles<\/a><\/li><li><a href=\"https:\/\/www.lesmonts.ch\/wp_fr\/?page_id=5264\">Niagara Falls, Niagara on the Lake, Toronto<\/a><\/li><\/ul>\n","protected":false},"excerpt":{"rendered":"<p>La baie des Chaleurs s&rsquo;\u00e9tend au Sud de la Gasp\u00e9sie, et constitue une tr\u00e8s ancienne r\u00e9gion g\u00e9ologique dont le site le plus c\u00e9l\u00e8bre est le gisement de Miguasha, riche en fossiles du D\u00e9vonien. Retour \u00e0 l&rsquo;index Montr\u00e9al \u2013 Trois-Rivi\u00e8res&nbsp; \u2013 Shawinigan \u2013 Qu\u00e9bec \u2013 Mont-Saint Anne R\u00e9gion de Saguenay et Tadoussac Parc du Bic, Gasp\u00e9sie &hellip; <a href=\"https:\/\/www.lesmonts.ch\/wp_fr\/canada-2018\/baie-des-chaleurs\/\" class=\"more-link\">Continuer la lecture de <span class=\"screen-reader-text\">Baie des Chaleurs<\/span>  <span class=\"meta-nav\">&rarr;<\/span><\/a><\/p>\n","protected":false},"author":1,"featured_media":0,"parent":5234,"menu_order":0,"comment_status":"closed","ping_status":"closed","template":"","meta":{"_crdt_document":"","ngg_post_thumbnail":0,"footnotes":""},"class_list":["post-5256","page","type-page","status-publish","hentry"],"_links":{"self":[{"href":"https:\/\/www.lesmonts.ch\/wp_fr\/wp-json\/wp\/v2\/pages\/5256","targetHints":{"allow":["GET"]}}],"collection":[{"href":"https:\/\/www.lesmonts.ch\/wp_fr\/wp-json\/wp\/v2\/pages"}],"about":[{"href":"https:\/\/www.lesmonts.ch\/wp_fr\/wp-json\/wp\/v2\/types\/page"}],"author":[{"embeddable":true,"href":"https:\/\/www.lesmonts.ch\/wp_fr\/wp-json\/wp\/v2\/users\/1"}],"replies":[{"embeddable":true,"href":"https:\/\/www.lesmonts.ch\/wp_fr\/wp-json\/wp\/v2\/comments?post=5256"}],"version-history":[{"count":7,"href":"https:\/\/www.lesmonts.ch\/wp_fr\/wp-json\/wp\/v2\/pages\/5256\/revisions"}],"predecessor-version":[{"id":6192,"href":"https:\/\/www.lesmonts.ch\/wp_fr\/wp-json\/wp\/v2\/pages\/5256\/revisions\/6192"}],"up":[{"embeddable":true,"href":"https:\/\/www.lesmonts.ch\/wp_fr\/wp-json\/wp\/v2\/pages\/5234"}],"wp:attachment":[{"href":"https:\/\/www.lesmonts.ch\/wp_fr\/wp-json\/wp\/v2\/media?parent=5256"}],"curies":[{"name":"wp","href":"https:\/\/api.w.org\/{rel}","templated":true}]}}