{"id":5246,"date":"2018-03-18T15:57:23","date_gmt":"2018-03-18T14:57:23","guid":{"rendered":"http:\/\/www.lesmonts.ch\/wp_fr\/?page_id=5246"},"modified":"2019-01-28T17:42:44","modified_gmt":"2019-01-28T16:42:44","slug":"tadoussac","status":"publish","type":"page","link":"https:\/\/www.lesmonts.ch\/wp_fr\/canada-2018\/tadoussac\/","title":{"rendered":"Tadoussac"},"content":{"rendered":"\n<p class=\"wp-block-paragraph\">A l&rsquo;extr\u00e9mit\u00e9 du fjord de Saguenay, o\u00f9 le d\u00e9versoir du grand lac St. Jean rencontre le Saint-Laurent, se trouve Tadoussac, haut lieu pour l&rsquo;observation des baleines et des b\u00e9lougas.<\/p>\n\n\n\nngg_shortcode_0_placeholder\n\n\n\n<p class=\"wp-block-paragraph\"><a href=\"https:\/\/www.lesmonts.ch\/wp_fr\/?page_id=5234\">Retour  \u00e0 l&rsquo;index<\/a><\/p>\n\n\n\n<ul class=\"wp-block-list\"><li> <a href=\"https:\/\/www.lesmonts.ch\/wp_fr\/?page_id=5236\">Montr\u00e9al \u2013 Trois-Rivi\u00e8res&nbsp; \u2013 Shawinigan \u2013 Qu\u00e9bec \u2013 Mont-Saint Anne<\/a> <\/li><li><a href=\"https:\/\/www.lesmonts.ch\/wp_fr\/?page_id=5252\">Parc du Bic, Gasp\u00e9sie<\/a><\/li><li><a href=\"https:\/\/www.lesmonts.ch\/wp_fr\/?page_id=5242\">Parc Forillon<\/a><\/li><li><a href=\"https:\/\/www.lesmonts.ch\/wp_fr\/?page_id=5674\">Perc\u00e9<\/a><\/li><li><a href=\"https:\/\/www.lesmonts.ch\/wp_fr\/?page_id=5256\">Baie des Chaleurs<\/a><\/li><li><a href=\"https:\/\/www.lesmonts.ch\/wp_fr\/?page_id=5767\">Qu\u00e9bec<\/a><\/li><li><a href=\"https:\/\/www.lesmonts.ch\/wp_fr\/?page_id=5260\">Parc Om\u00e9ga<\/a><\/li><li><a href=\"https:\/\/www.lesmonts.ch\/wp_fr\/?page_id=5262\">Ottawa et Mille Iles<\/a><\/li><li><a href=\"https:\/\/www.lesmonts.ch\/wp_fr\/?page_id=5264\">Niagara Falls, Niagara on the Lake, Toronto<\/a><\/li><\/ul>\n","protected":false},"excerpt":{"rendered":"<p>A l&rsquo;extr\u00e9mit\u00e9 du fjord de Saguenay, o\u00f9 le d\u00e9versoir du grand lac St. Jean rencontre le Saint-Laurent, se trouve Tadoussac, haut lieu pour l&rsquo;observation des baleines et des b\u00e9lougas. Retour \u00e0 l&rsquo;index Montr\u00e9al \u2013 Trois-Rivi\u00e8res&nbsp; \u2013 Shawinigan \u2013 Qu\u00e9bec \u2013 Mont-Saint Anne Parc du Bic, Gasp\u00e9sie Parc Forillon Perc\u00e9 Baie des Chaleurs Qu\u00e9bec Parc Om\u00e9ga &hellip; <a href=\"https:\/\/www.lesmonts.ch\/wp_fr\/canada-2018\/tadoussac\/\" class=\"more-link\">Continuer la lecture de <span class=\"screen-reader-text\">Tadoussac<\/span>  <span class=\"meta-nav\">&rarr;<\/span><\/a><\/p>\n","protected":false},"author":1,"featured_media":0,"parent":5234,"menu_order":0,"comment_status":"closed","ping_status":"closed","template":"","meta":{"_crdt_document":"","ngg_post_thumbnail":0,"footnotes":""},"class_list":["post-5246","page","type-page","status-publish","hentry"],"_links":{"self":[{"href":"https:\/\/www.lesmonts.ch\/wp_fr\/wp-json\/wp\/v2\/pages\/5246","targetHints":{"allow":["GET"]}}],"collection":[{"href":"https:\/\/www.lesmonts.ch\/wp_fr\/wp-json\/wp\/v2\/pages"}],"about":[{"href":"https:\/\/www.lesmonts.ch\/wp_fr\/wp-json\/wp\/v2\/types\/page"}],"author":[{"embeddable":true,"href":"https:\/\/www.lesmonts.ch\/wp_fr\/wp-json\/wp\/v2\/users\/1"}],"replies":[{"embeddable":true,"href":"https:\/\/www.lesmonts.ch\/wp_fr\/wp-json\/wp\/v2\/comments?post=5246"}],"version-history":[{"count":9,"href":"https:\/\/www.lesmonts.ch\/wp_fr\/wp-json\/wp\/v2\/pages\/5246\/revisions"}],"predecessor-version":[{"id":6196,"href":"https:\/\/www.lesmonts.ch\/wp_fr\/wp-json\/wp\/v2\/pages\/5246\/revisions\/6196"}],"up":[{"embeddable":true,"href":"https:\/\/www.lesmonts.ch\/wp_fr\/wp-json\/wp\/v2\/pages\/5234"}],"wp:attachment":[{"href":"https:\/\/www.lesmonts.ch\/wp_fr\/wp-json\/wp\/v2\/media?parent=5246"}],"curies":[{"name":"wp","href":"https:\/\/api.w.org\/{rel}","templated":true}]}}