{"id":5242,"date":"2018-03-18T15:47:39","date_gmt":"2018-03-18T14:47:39","guid":{"rendered":"http:\/\/www.lesmonts.ch\/wp_fr\/?page_id=5242"},"modified":"2019-01-28T17:36:10","modified_gmt":"2019-01-28T16:36:10","slug":"parc-du-forillon","status":"publish","type":"page","link":"https:\/\/www.lesmonts.ch\/wp_fr\/canada-2018\/parc-du-forillon\/","title":{"rendered":"Parc Forillon"},"content":{"rendered":"\n<p class=\"wp-block-paragraph\">L&rsquo;extr\u00e9mit\u00e9 de la Gasp\u00e9sie constitue aussi l&rsquo;endroit le plus spectaculaire du voyage, avec le parc de Forillon (\u00ab\u00a0Le bout du monde\u00a0\u00bb) et le magnifique bord de mer dominant l&rsquo;estuaire du Saint-Laurent.<\/p>\n\n\n\nngg_shortcode_0_placeholder\n\n\n\n<p class=\"wp-block-paragraph\"><a href=\"https:\/\/www.lesmonts.ch\/wp_fr\/?page_id=5234\">Retour \u00e0 l&rsquo;index<\/a><\/p>\n\n\n\n<ul class=\"wp-block-list\"><li> <a href=\"https:\/\/www.lesmonts.ch\/wp_fr\/?page_id=5236\">Montr\u00e9al \u2013 Trois-Rivi\u00e8res&nbsp; \u2013 Shawinigan \u2013 Qu\u00e9bec \u2013 Mont-Saint Anne<\/a> <\/li><li><a href=\"https:\/\/www.lesmonts.ch\/wp_fr\/?page_id=5246\">R\u00e9gion de Saguenay et Tadoussac<\/a><\/li><li><a href=\"https:\/\/www.lesmonts.ch\/wp_fr\/?page_id=5252\">Parc du Bic, Gasp\u00e9sie<\/a><\/li><li><a href=\"https:\/\/www.lesmonts.ch\/wp_fr\/?page_id=5674\">Perc\u00e9<\/a><\/li><li><a href=\"https:\/\/www.lesmonts.ch\/wp_fr\/?page_id=5256\">Baie des Chaleurs<\/a><\/li><li><a href=\"https:\/\/www.lesmonts.ch\/wp_fr\/?page_id=5767\">Qu\u00e9bec<\/a><\/li><li><a href=\"https:\/\/www.lesmonts.ch\/wp_fr\/?page_id=5260\">Parc Om\u00e9ga<\/a><\/li><li><a href=\"https:\/\/www.lesmonts.ch\/wp_fr\/?page_id=5262\">Ottawa et Mille Iles<\/a><\/li><li><a href=\"https:\/\/www.lesmonts.ch\/wp_fr\/?page_id=5264\">Niagara Falls, Niagara on the Lake, Toronto<\/a><\/li><\/ul>\n\n\n\n<p class=\"wp-block-paragraph\"><\/p>\n","protected":false},"excerpt":{"rendered":"<p>L&rsquo;extr\u00e9mit\u00e9 de la Gasp\u00e9sie constitue aussi l&rsquo;endroit le plus spectaculaire du voyage, avec le parc de Forillon (\u00ab\u00a0Le bout du monde\u00a0\u00bb) et le magnifique bord de mer dominant l&rsquo;estuaire du Saint-Laurent. Retour \u00e0 l&rsquo;index Montr\u00e9al \u2013 Trois-Rivi\u00e8res&nbsp; \u2013 Shawinigan \u2013 Qu\u00e9bec \u2013 Mont-Saint Anne R\u00e9gion de Saguenay et Tadoussac Parc du Bic, Gasp\u00e9sie Perc\u00e9 Baie &hellip; <a href=\"https:\/\/www.lesmonts.ch\/wp_fr\/canada-2018\/parc-du-forillon\/\" class=\"more-link\">Continuer la lecture de <span class=\"screen-reader-text\">Parc Forillon<\/span>  <span class=\"meta-nav\">&rarr;<\/span><\/a><\/p>\n","protected":false},"author":1,"featured_media":0,"parent":5234,"menu_order":0,"comment_status":"closed","ping_status":"closed","template":"","meta":{"_crdt_document":"","ngg_post_thumbnail":0,"footnotes":""},"class_list":["post-5242","page","type-page","status-publish","hentry"],"_links":{"self":[{"href":"https:\/\/www.lesmonts.ch\/wp_fr\/wp-json\/wp\/v2\/pages\/5242","targetHints":{"allow":["GET"]}}],"collection":[{"href":"https:\/\/www.lesmonts.ch\/wp_fr\/wp-json\/wp\/v2\/pages"}],"about":[{"href":"https:\/\/www.lesmonts.ch\/wp_fr\/wp-json\/wp\/v2\/types\/page"}],"author":[{"embeddable":true,"href":"https:\/\/www.lesmonts.ch\/wp_fr\/wp-json\/wp\/v2\/users\/1"}],"replies":[{"embeddable":true,"href":"https:\/\/www.lesmonts.ch\/wp_fr\/wp-json\/wp\/v2\/comments?post=5242"}],"version-history":[{"count":10,"href":"https:\/\/www.lesmonts.ch\/wp_fr\/wp-json\/wp\/v2\/pages\/5242\/revisions"}],"predecessor-version":[{"id":6190,"href":"https:\/\/www.lesmonts.ch\/wp_fr\/wp-json\/wp\/v2\/pages\/5242\/revisions\/6190"}],"up":[{"embeddable":true,"href":"https:\/\/www.lesmonts.ch\/wp_fr\/wp-json\/wp\/v2\/pages\/5234"}],"wp:attachment":[{"href":"https:\/\/www.lesmonts.ch\/wp_fr\/wp-json\/wp\/v2\/media?parent=5242"}],"curies":[{"name":"wp","href":"https:\/\/api.w.org\/{rel}","templated":true}]}}