{"id":5236,"date":"2018-03-17T08:50:46","date_gmt":"2018-03-17T07:50:46","guid":{"rendered":"http:\/\/www.lesmonts.ch\/wp_fr\/?page_id=5236"},"modified":"2019-01-28T17:33:54","modified_gmt":"2019-01-28T16:33:54","slug":"montreal","status":"publish","type":"page","link":"https:\/\/www.lesmonts.ch\/wp_fr\/canada-2018\/montreal\/","title":{"rendered":"Montr\u00e9al"},"content":{"rendered":"\n<p class=\"wp-block-paragraph\">Montr\u00e9al est la deuxi\u00e8me ville du Canada, apr\u00e8s Toronto. C&rsquo;est aussi la plus importante ville francophone d&rsquo;Am\u00e9rique, et l&rsquo;une des plus importantes du monde (le rang varie selon les recensements). C&rsquo;est une ville particuli\u00e8rement cosmopolite.<\/p>\n\n\n\n<p class=\"wp-block-paragraph\">Nous ne nous sommes gu\u00e8re attard\u00e9s \u00e0 Montr\u00e9al, sinon une nuit avec une soir\u00e9e dans le vieux port; le lendemain, nous prenions notre camping-car (un VR ou V\u00e9hicule R\u00e9cr\u00e9atif, selon l&rsquo;appellation de l\u00e0-bas) en charge et filions vers l&rsquo;Est via Qu\u00e9bec et Mont-Saint Anne.<\/p>\n\n\n\nngg_shortcode_0_placeholder\n\n\n\n<p class=\"wp-block-paragraph\"><a href=\"https:\/\/www.lesmonts.ch\/wp_fr\/?page_id=5234\">Retour \u00e0 la page index<\/a><\/p>\n\n\n\n<ul class=\"wp-block-list\"><li> <a href=\"https:\/\/www.lesmonts.ch\/wp_fr\/?page_id=5246\">R\u00e9gion de Saguenay et Tadoussac<\/a><\/li><li> <a href=\"https:\/\/www.lesmonts.ch\/wp_fr\/?page_id=5252\">Parc du Bic, Gasp\u00e9sie<\/a> <\/li><li> <a href=\"https:\/\/www.lesmonts.ch\/wp_fr\/?page_id=5242\">Parc Forillon<\/a> <\/li><li> <a href=\"https:\/\/www.lesmonts.ch\/wp_fr\/?page_id=5674\">Perc\u00e9<\/a> <\/li><li> <a href=\"https:\/\/www.lesmonts.ch\/wp_fr\/?page_id=5256\">Baie des Chaleurs<\/a> <\/li><li> <a href=\"https:\/\/www.lesmonts.ch\/wp_fr\/?page_id=5767\">Qu\u00e9bec<\/a> <\/li><li> <a href=\"https:\/\/www.lesmonts.ch\/wp_fr\/?page_id=5260\">Parc Om\u00e9ga<\/a> <\/li><li> <a href=\"https:\/\/www.lesmonts.ch\/wp_fr\/?page_id=5262\">Ottawa et Mille Iles<\/a> <\/li><li> <a href=\"https:\/\/www.lesmonts.ch\/wp_fr\/?page_id=5264\">Niagara Falls, Niagara on the Lake, Toronto<\/a> <\/li><\/ul>\n","protected":false},"excerpt":{"rendered":"<p>Montr\u00e9al est la deuxi\u00e8me ville du Canada, apr\u00e8s Toronto. C&rsquo;est aussi la plus importante ville francophone d&rsquo;Am\u00e9rique, et l&rsquo;une des plus importantes du monde (le rang varie selon les recensements). C&rsquo;est une ville particuli\u00e8rement cosmopolite. Nous ne nous sommes gu\u00e8re attard\u00e9s \u00e0 Montr\u00e9al, sinon une nuit avec une soir\u00e9e dans le vieux port; le lendemain, &hellip; <a href=\"https:\/\/www.lesmonts.ch\/wp_fr\/canada-2018\/montreal\/\" class=\"more-link\">Continuer la lecture de <span class=\"screen-reader-text\">Montr\u00e9al<\/span>  <span class=\"meta-nav\">&rarr;<\/span><\/a><\/p>\n","protected":false},"author":1,"featured_media":0,"parent":5234,"menu_order":0,"comment_status":"closed","ping_status":"closed","template":"","meta":{"_crdt_document":"","ngg_post_thumbnail":0,"footnotes":""},"class_list":["post-5236","page","type-page","status-publish","hentry"],"_links":{"self":[{"href":"https:\/\/www.lesmonts.ch\/wp_fr\/wp-json\/wp\/v2\/pages\/5236","targetHints":{"allow":["GET"]}}],"collection":[{"href":"https:\/\/www.lesmonts.ch\/wp_fr\/wp-json\/wp\/v2\/pages"}],"about":[{"href":"https:\/\/www.lesmonts.ch\/wp_fr\/wp-json\/wp\/v2\/types\/page"}],"author":[{"embeddable":true,"href":"https:\/\/www.lesmonts.ch\/wp_fr\/wp-json\/wp\/v2\/users\/1"}],"replies":[{"embeddable":true,"href":"https:\/\/www.lesmonts.ch\/wp_fr\/wp-json\/wp\/v2\/comments?post=5236"}],"version-history":[{"count":10,"href":"https:\/\/www.lesmonts.ch\/wp_fr\/wp-json\/wp\/v2\/pages\/5236\/revisions"}],"predecessor-version":[{"id":6187,"href":"https:\/\/www.lesmonts.ch\/wp_fr\/wp-json\/wp\/v2\/pages\/5236\/revisions\/6187"}],"up":[{"embeddable":true,"href":"https:\/\/www.lesmonts.ch\/wp_fr\/wp-json\/wp\/v2\/pages\/5234"}],"wp:attachment":[{"href":"https:\/\/www.lesmonts.ch\/wp_fr\/wp-json\/wp\/v2\/media?parent=5236"}],"curies":[{"name":"wp","href":"https:\/\/api.w.org\/{rel}","templated":true}]}}