{"id":5145,"date":"2017-09-03T11:36:15","date_gmt":"2017-09-03T09:36:15","guid":{"rendered":"http:\/\/www.lesmonts.ch\/wp_fr\/?page_id=5145"},"modified":"2017-11-11T19:41:19","modified_gmt":"2017-11-11T18:41:19","slug":"elucubrations-en-2017","status":"publish","type":"page","link":"https:\/\/www.lesmonts.ch\/wp_fr\/page-d-exemple\/elucubrations\/elucubrations-en-2017\/","title":{"rendered":"Elucubrations en 2017"},"content":{"rendered":"<p><a href=\"http:\/\/www.lesmonts.ch\/wp_fr\/?p=5031\">Cyberattaques<\/a> (11.01.2017)<\/p>\n<p><a href=\"http:\/\/www.lesmonts.ch\/wp_fr\/?p=5040\">P\u00e9n\u00e9lope et la tapisserie<\/a> (09.02.2017)<\/p>\n<p><a href=\"http:\/\/www.lesmonts.ch\/wp_fr\/?p=5050\">Elections sous influence<\/a> (11.05.2017)<\/p>\n<p><a href=\"http:\/\/www.lesmonts.ch\/wp_fr\/?p=5057\">Touche pas \u00e0 mon hosto ! <\/a>(19.06.2017)<\/p>\n<p><a href=\"http:\/\/www.lesmonts.ch\/wp_fr\/?p=5078\">Transition \u00e9nerg\u00e9tique<\/a>&#8230; (10.07.2017)<\/p>\n<p><a href=\"http:\/\/www.lesmonts.ch\/wp_fr\/?p=5084\">Windows, MacOS, Linux&#8230;<\/a> (22.07.2017)<\/p>\n<p><a href=\"http:\/\/www.lesmonts.ch\/wp_fr\/?p=5093\">Pollution&#8230;<\/a> (04.08.2017)<\/p>\n<p><a href=\"http:\/\/www.lesmonts.ch\/wp_fr\/?p=5102\">Des souris&#8230;<\/a> (15.08.2017)<\/p>\n<p><a href=\"http:\/\/www.lesmonts.ch\/wp_fr\/?p=5111\">Le prix de la gratuit\u00e9<\/a> (27.08.2017)<\/p>\n<p><a href=\"http:\/\/www.lesmonts.ch\/wp_fr\/?p=5116\">La valeur de l&rsquo;argent<\/a> (01.09.2017)<\/p>\n<p><a href=\"http:\/\/www.lesmonts.ch\/wp_fr\/?p=5156\">Au nom de la religion&#8230;<\/a> (09.10.2017)<\/p>\n<p><a href=\"http:\/\/www.lesmonts.ch\/wp_fr\/?p=5164\">Intelligence artificielle <\/a>(07.11.2017)<\/p>\n<p><a href=\"http:\/\/www.lesmonts.ch\/wp_fr\/?p=4916\">Des animaux et des hommes<\/a><a href=\"http:\/\/www.lesmonts.ch\/wp_fr\/?p=5156\">&nbsp;<\/a> (07.11.2017)<\/p>\n<p>&nbsp;<\/p>\n<p>&nbsp;<\/p>\n","protected":false},"excerpt":{"rendered":"<p>Cyberattaques (11.01.2017) P\u00e9n\u00e9lope et la tapisserie (09.02.2017) Elections sous influence (11.05.2017) Touche pas \u00e0 mon hosto ! (19.06.2017) Transition \u00e9nerg\u00e9tique&#8230; (10.07.2017) Windows, MacOS, Linux&#8230; (22.07.2017) Pollution&#8230; (04.08.2017) Des souris&#8230; (15.08.2017) Le prix de la gratuit\u00e9 (27.08.2017) La valeur de l&rsquo;argent (01.09.2017) Au nom de la religion&#8230; (09.10.2017) Intelligence artificielle (07.11.2017) Des animaux et des hommes&nbsp; &hellip; <a href=\"https:\/\/www.lesmonts.ch\/wp_fr\/page-d-exemple\/elucubrations\/elucubrations-en-2017\/\" class=\"more-link\">Continuer la lecture de <span class=\"screen-reader-text\">Elucubrations en 2017<\/span>  <span class=\"meta-nav\">&rarr;<\/span><\/a><\/p>\n","protected":false},"author":1,"featured_media":0,"parent":3710,"menu_order":0,"comment_status":"closed","ping_status":"closed","template":"","meta":{"_crdt_document":"","ngg_post_thumbnail":0,"footnotes":""},"class_list":["post-5145","page","type-page","status-publish","hentry"],"_links":{"self":[{"href":"https:\/\/www.lesmonts.ch\/wp_fr\/wp-json\/wp\/v2\/pages\/5145","targetHints":{"allow":["GET"]}}],"collection":[{"href":"https:\/\/www.lesmonts.ch\/wp_fr\/wp-json\/wp\/v2\/pages"}],"about":[{"href":"https:\/\/www.lesmonts.ch\/wp_fr\/wp-json\/wp\/v2\/types\/page"}],"author":[{"embeddable":true,"href":"https:\/\/www.lesmonts.ch\/wp_fr\/wp-json\/wp\/v2\/users\/1"}],"replies":[{"embeddable":true,"href":"https:\/\/www.lesmonts.ch\/wp_fr\/wp-json\/wp\/v2\/comments?post=5145"}],"version-history":[{"count":4,"href":"https:\/\/www.lesmonts.ch\/wp_fr\/wp-json\/wp\/v2\/pages\/5145\/revisions"}],"predecessor-version":[{"id":5174,"href":"https:\/\/www.lesmonts.ch\/wp_fr\/wp-json\/wp\/v2\/pages\/5145\/revisions\/5174"}],"up":[{"embeddable":true,"href":"https:\/\/www.lesmonts.ch\/wp_fr\/wp-json\/wp\/v2\/pages\/3710"}],"wp:attachment":[{"href":"https:\/\/www.lesmonts.ch\/wp_fr\/wp-json\/wp\/v2\/media?parent=5145"}],"curies":[{"name":"wp","href":"https:\/\/api.w.org\/{rel}","templated":true}]}}