{"id":5142,"date":"2017-09-03T11:35:08","date_gmt":"2017-09-03T09:35:08","guid":{"rendered":"http:\/\/www.lesmonts.ch\/wp_fr\/?page_id=5142"},"modified":"2017-09-03T11:35:53","modified_gmt":"2017-09-03T09:35:53","slug":"elucubrations-en-2016","status":"publish","type":"page","link":"https:\/\/www.lesmonts.ch\/wp_fr\/page-d-exemple\/elucubrations\/elucubrations-en-2016\/","title":{"rendered":"Elucubrations en 2016"},"content":{"rendered":"<p><a href=\"http:\/\/www.lesmonts.ch\/wp_fr\/?p=4925\">Swisscom Shop Blues<\/a> (01.2016)<\/p>\n<p><a href=\"http:\/\/www.lesmonts.ch\/wp_fr\/?p=4940\">Le respect des autres<\/a> (03.2016)<\/p>\n<p><a href=\"http:\/\/www.lesmonts.ch\/wp_fr\/?p=4949\">Comptabilit\u00e9s <\/a>(03.10.2016)<\/p>\n<p><a href=\"http:\/\/www.lesmonts.ch\/wp_fr\/?p=4959\">La sant\u00e9 est trop ch\u00e8re<\/a> (10.10.2016)<\/p>\n<p><a href=\"http:\/\/www.lesmonts.ch\/wp_fr\/?p=4984\">Rupture <\/a>(20.10.2016)<\/p>\n<p><a href=\"http:\/\/www.lesmonts.ch\/wp_fr\/?p=4992\">D\u00e9bat Politique<\/a> (01.11.2016)<\/p>\n<p><a href=\"http:\/\/www.lesmonts.ch\/wp_fr\/?p=4998\">Trump, Poutine, Erdogan, Orban, le Pen et les autres<\/a> (09.11.2016)<\/p>\n<p><a href=\"http:\/\/www.lesmonts.ch\/wp_fr\/?p=5004\">Testost\u00e9rone <\/a>(14.11.2016)<\/p>\n<p><a href=\"http:\/\/www.lesmonts.ch\/wp_fr\/?p=5013\">La Poste, mieux avant ? <\/a>(29.12.2016)<\/p>\n<p>&nbsp;<\/p>\n","protected":false},"excerpt":{"rendered":"<p>Swisscom Shop Blues (01.2016) Le respect des autres (03.2016) Comptabilit\u00e9s (03.10.2016) La sant\u00e9 est trop ch\u00e8re (10.10.2016) Rupture (20.10.2016) D\u00e9bat Politique (01.11.2016) Trump, Poutine, Erdogan, Orban, le Pen et les autres (09.11.2016) Testost\u00e9rone (14.11.2016) La Poste, mieux avant ? (29.12.2016) &nbsp;<\/p>\n","protected":false},"author":1,"featured_media":0,"parent":3710,"menu_order":0,"comment_status":"closed","ping_status":"closed","template":"","meta":{"_crdt_document":"","ngg_post_thumbnail":0,"footnotes":""},"class_list":["post-5142","page","type-page","status-publish","hentry"],"_links":{"self":[{"href":"https:\/\/www.lesmonts.ch\/wp_fr\/wp-json\/wp\/v2\/pages\/5142","targetHints":{"allow":["GET"]}}],"collection":[{"href":"https:\/\/www.lesmonts.ch\/wp_fr\/wp-json\/wp\/v2\/pages"}],"about":[{"href":"https:\/\/www.lesmonts.ch\/wp_fr\/wp-json\/wp\/v2\/types\/page"}],"author":[{"embeddable":true,"href":"https:\/\/www.lesmonts.ch\/wp_fr\/wp-json\/wp\/v2\/users\/1"}],"replies":[{"embeddable":true,"href":"https:\/\/www.lesmonts.ch\/wp_fr\/wp-json\/wp\/v2\/comments?post=5142"}],"version-history":[{"count":2,"href":"https:\/\/www.lesmonts.ch\/wp_fr\/wp-json\/wp\/v2\/pages\/5142\/revisions"}],"predecessor-version":[{"id":5144,"href":"https:\/\/www.lesmonts.ch\/wp_fr\/wp-json\/wp\/v2\/pages\/5142\/revisions\/5144"}],"up":[{"embeddable":true,"href":"https:\/\/www.lesmonts.ch\/wp_fr\/wp-json\/wp\/v2\/pages\/3710"}],"wp:attachment":[{"href":"https:\/\/www.lesmonts.ch\/wp_fr\/wp-json\/wp\/v2\/media?parent=5142"}],"curies":[{"name":"wp","href":"https:\/\/api.w.org\/{rel}","templated":true}]}}