{"id":5072,"date":"2017-06-21T17:49:57","date_gmt":"2017-06-21T15:49:57","guid":{"rendered":"http:\/\/www.lesmonts.ch\/wp_fr\/?page_id=5072"},"modified":"2017-06-21T17:49:57","modified_gmt":"2017-06-21T15:49:57","slug":"bisse-de-tsitorret","status":"publish","type":"page","link":"https:\/\/www.lesmonts.ch\/wp_fr\/randonnees\/randonnees-estivales\/bisse-de-tsitorret\/","title":{"rendered":"Bisse de Tsitorret"},"content":{"rendered":"<p>Ce bisse a tout ce qu&rsquo;il faut pour \u00eatre l&rsquo;un des plus beaux bisses du Valais. Presque tout. Il y a un s\u00e9rieux b\u00e9mol d\u00fb \u00e0 sa situation sur les hauts de Crans Montana, c&rsquo;est une fr\u00e9quentation parfois r\u00e9dhibitoire. Pour \u00e9viter de p\u00e2tir de cette surfr\u00e9quentation, les solutions sont classiques : partir de bon matin, en semaine, et en dehors des p\u00e9riodes de vacances d&rsquo;\u00e9t\u00e9. Encore faut-il avoir la disponibilit\u00e9 n\u00e9cessaire pour remplir ces conditions ! A d\u00e9faut, le matin jusque vers 11 heures, la fr\u00e9quentation reste supportable.<\/p>\n<p>Les itin\u00e9raires possibles sont d\u00e9crits sur le site d\u00e9di\u00e9 \u00e0 ce bisse :&nbsp;<a href=\"https:\/\/www.bisse-du-tsittoret.ch\/\">https:\/\/www.bisse-du-tsittoret.ch\/.<\/a>&nbsp;La premi\u00e8re partie depuis Vermala est raide et quelque peu p\u00e9nible, et n&rsquo;ajoute pas grand-chose \u00e0 la randonn\u00e9e; pour ceux qui sont en voiture, il est plus pratique de monter en v\u00e9hicule jusqu&rsquo;\u00e0 Plumachit, voire au hameau de Colombire , et de gagner le bisse depuis l\u00e0. En pente douce, avec deux rampes d&rsquo;escaliers abruptes menant aux chutes de Ti\u00e8che, le panorama est somptueux, sur la couronne imp\u00e9riale d&rsquo;Anniviers de l&rsquo;autre c\u00f4t\u00e9 de la vall\u00e9e.<a href=\"http:\/\/www.lesmonts.ch\/wp_fr\/wp-content\/uploads\/2017\/06\/cropped-tsitorretETWP.jpg\"><img loading=\"lazy\" decoding=\"async\" class=\"aligncenter size-medium wp-image-5066\" src=\"http:\/\/www.lesmonts.ch\/wp_fr\/wp-content\/uploads\/2017\/06\/cropped-tsitorretETWP-300x57.jpg\" alt=\"\" width=\"300\" height=\"57\" srcset=\"https:\/\/www.lesmonts.ch\/wp_fr\/wp-content\/uploads\/2017\/06\/cropped-tsitorretETWP-300x57.jpg 300w, https:\/\/www.lesmonts.ch\/wp_fr\/wp-content\/uploads\/2017\/06\/cropped-tsitorretETWP-768x146.jpg 768w, https:\/\/www.lesmonts.ch\/wp_fr\/wp-content\/uploads\/2017\/06\/cropped-tsitorretETWP-1024x195.jpg 1024w, https:\/\/www.lesmonts.ch\/wp_fr\/wp-content\/uploads\/2017\/06\/cropped-tsitorretETWP.jpg 1260w\" sizes=\"auto, (max-width: 300px) 100vw, 300px\" \/><\/a><\/p>\n<p>Il est possible de se restaurer \u00e0 Colombire, \u00e0 la Cave du Scex, \u00e0 Plumachit, ou \u00e0 la cabane de Ti\u00e8che; le dimanche \u00e0 midi, ces nombreuses possibilit\u00e9s ne seront probablement pas suffisantes&#8230;<\/p>\n","protected":false},"excerpt":{"rendered":"<p>Ce bisse a tout ce qu&rsquo;il faut pour \u00eatre l&rsquo;un des plus beaux bisses du Valais. Presque tout. Il y a un s\u00e9rieux b\u00e9mol d\u00fb \u00e0 sa situation sur les hauts de Crans Montana, c&rsquo;est une fr\u00e9quentation parfois r\u00e9dhibitoire. Pour \u00e9viter de p\u00e2tir de cette surfr\u00e9quentation, les solutions sont classiques : partir de bon matin, &hellip; <a href=\"https:\/\/www.lesmonts.ch\/wp_fr\/randonnees\/randonnees-estivales\/bisse-de-tsitorret\/\" class=\"more-link\">Continuer la lecture de <span class=\"screen-reader-text\">Bisse de Tsitorret<\/span>  <span class=\"meta-nav\">&rarr;<\/span><\/a><\/p>\n","protected":false},"author":1,"featured_media":0,"parent":40,"menu_order":0,"comment_status":"closed","ping_status":"closed","template":"","meta":{"_crdt_document":"","ngg_post_thumbnail":0,"footnotes":""},"class_list":["post-5072","page","type-page","status-publish","hentry"],"_links":{"self":[{"href":"https:\/\/www.lesmonts.ch\/wp_fr\/wp-json\/wp\/v2\/pages\/5072","targetHints":{"allow":["GET"]}}],"collection":[{"href":"https:\/\/www.lesmonts.ch\/wp_fr\/wp-json\/wp\/v2\/pages"}],"about":[{"href":"https:\/\/www.lesmonts.ch\/wp_fr\/wp-json\/wp\/v2\/types\/page"}],"author":[{"embeddable":true,"href":"https:\/\/www.lesmonts.ch\/wp_fr\/wp-json\/wp\/v2\/users\/1"}],"replies":[{"embeddable":true,"href":"https:\/\/www.lesmonts.ch\/wp_fr\/wp-json\/wp\/v2\/comments?post=5072"}],"version-history":[{"count":1,"href":"https:\/\/www.lesmonts.ch\/wp_fr\/wp-json\/wp\/v2\/pages\/5072\/revisions"}],"predecessor-version":[{"id":5073,"href":"https:\/\/www.lesmonts.ch\/wp_fr\/wp-json\/wp\/v2\/pages\/5072\/revisions\/5073"}],"up":[{"embeddable":true,"href":"https:\/\/www.lesmonts.ch\/wp_fr\/wp-json\/wp\/v2\/pages\/40"}],"wp:attachment":[{"href":"https:\/\/www.lesmonts.ch\/wp_fr\/wp-json\/wp\/v2\/media?parent=5072"}],"curies":[{"name":"wp","href":"https:\/\/api.w.org\/{rel}","templated":true}]}}