{"id":4961,"date":"2016-10-09T16:27:52","date_gmt":"2016-10-09T14:27:52","guid":{"rendered":"http:\/\/www.lesmonts.ch\/wp_fr\/?page_id=4961"},"modified":"2016-10-09T16:45:33","modified_gmt":"2016-10-09T14:45:33","slug":"les-gorges-du-dailley-vallon-de-van","status":"publish","type":"page","link":"https:\/\/www.lesmonts.ch\/wp_fr\/randonnees\/randonnees-estivales\/les-gorges-du-dailley-vallon-de-van\/","title":{"rendered":"Les gorges du Dailley, vallon de Van"},"content":{"rendered":"<p>Voici une magnifique petite ou moyenne excursion, qui allie spectacle, magnifiques points de vue et gastronomie ! Cette promenade peut \u00eatre entreprise avec des enfants \u00e0 partir de 5-6 ans, dans la mesure o\u00f9 on les assure dans les passages escarp\u00e9s des gorges : plaisir des enfants garanti s&rsquo;ils ne sont pas sensibles au vertige !<\/p>\n<p>Tous ceux qui, venant de Gen\u00e8ve, Fribourg, Neuch\u00e2tel ou Lausanne sont all\u00e9s un jour en Valais par l&rsquo;autoroute A9 auront remarqu\u00e9, sit\u00f4t St. Maurice et le Bois\u00a0 Noir d\u00e9pass\u00e9s, cette cascade spectaculaire appel\u00e9e la Pissevache, \u00e0 la hauteur du village de Vernayaz. Elle est actuellement beaucoup plus modeste qu&rsquo;avant la construction du barrage de Salanfe, mais reste tr\u00e8s spectaculaire. Peut-\u00eatre vous est-il arriv\u00e9 de vous demander d&rsquo;o\u00f9 venait ce torrent qui formait cette spectaculaire cascade ? La r\u00e9ponse, il faut aller la chercher dans les <a href=\"http:\/\/www.gorgesdudailley.ch\/infos-pratiques\/\">gorges du Dailley<\/a>.<\/p>\n<p><a href=\"http:\/\/www.lesmonts.ch\/wp_fr\/wp-content\/uploads\/2016\/10\/DSC_3708.jpg\"><img loading=\"lazy\" decoding=\"async\" class=\"aligncenter size-medium wp-image-4965\" src=\"http:\/\/www.lesmonts.ch\/wp_fr\/wp-content\/uploads\/2016\/10\/DSC_3708-200x300.jpg\" alt=\"dsc_3708\" width=\"200\" height=\"300\" srcset=\"https:\/\/www.lesmonts.ch\/wp_fr\/wp-content\/uploads\/2016\/10\/DSC_3708-200x300.jpg 200w, https:\/\/www.lesmonts.ch\/wp_fr\/wp-content\/uploads\/2016\/10\/DSC_3708-768x1152.jpg 768w, https:\/\/www.lesmonts.ch\/wp_fr\/wp-content\/uploads\/2016\/10\/DSC_3708-682x1024.jpg 682w, https:\/\/www.lesmonts.ch\/wp_fr\/wp-content\/uploads\/2016\/10\/DSC_3708.jpg 933w\" sizes=\"auto, (max-width: 200px) 100vw, 200px\" \/><\/a><\/p>\n<p>Pour visiter les gorges du Dailley, sortir de l&rsquo;autoroute \u00e0 Martigny et prendre la direction de Salvan \/ les Mar\u00e9cottes. A Salvan, poursuivre en direction du vallon de Van, et bifurquer bient\u00f4t en direction du village des Granges, \u00e0 l&rsquo;entr\u00e9e duquel se trouve un parking o\u00f9 l&rsquo;on laissera sa voiture. On traverse ensuite le village et on suit un long chemin \u00e0 plat jusqu&rsquo;au chalet des amis du Dailley, \u00e0 l&rsquo;entr\u00e9e de la gorge proprement dite. Ici commence le chemin des gorges proprement dit, une longue s\u00e9rie d&rsquo;escaliers abrupts qui remonte le cours vertigineux du torrent tant\u00f4t rive droite, tant\u00f4t rive gauche, au hasard de passages spectaculaires au-dessus du torrent. Le\u00a0 parcours est tr\u00e8s bien entretenu, un fait d&rsquo;autant plus remarquable que l&rsquo;entretien est int\u00e9gralement r\u00e9alis\u00e9 par des b\u00e9n\u00e9voles !<\/p>\n<p><a href=\"http:\/\/www.lesmonts.ch\/wp_fr\/wp-content\/uploads\/2016\/10\/DSC_3724.jpg\"><img loading=\"lazy\" decoding=\"async\" class=\"aligncenter size-medium wp-image-4966\" src=\"http:\/\/www.lesmonts.ch\/wp_fr\/wp-content\/uploads\/2016\/10\/DSC_3724-200x300.jpg\" alt=\"dsc_3724\" width=\"200\" height=\"300\" srcset=\"https:\/\/www.lesmonts.ch\/wp_fr\/wp-content\/uploads\/2016\/10\/DSC_3724-200x300.jpg 200w, https:\/\/www.lesmonts.ch\/wp_fr\/wp-content\/uploads\/2016\/10\/DSC_3724-768x1152.jpg 768w, https:\/\/www.lesmonts.ch\/wp_fr\/wp-content\/uploads\/2016\/10\/DSC_3724-682x1024.jpg 682w, https:\/\/www.lesmonts.ch\/wp_fr\/wp-content\/uploads\/2016\/10\/DSC_3724.jpg 933w\" sizes=\"auto, (max-width: 200px) 100vw, 200px\" \/><\/a><\/p>\n<p><a href=\"http:\/\/www.lesmonts.ch\/wp_fr\/wp-content\/uploads\/2016\/10\/DSC_3725.jpg\"><img loading=\"lazy\" decoding=\"async\" class=\"aligncenter size-medium wp-image-4967\" src=\"http:\/\/www.lesmonts.ch\/wp_fr\/wp-content\/uploads\/2016\/10\/DSC_3725-200x300.jpg\" alt=\"dsc_3725\" width=\"200\" height=\"300\" srcset=\"https:\/\/www.lesmonts.ch\/wp_fr\/wp-content\/uploads\/2016\/10\/DSC_3725-200x300.jpg 200w, https:\/\/www.lesmonts.ch\/wp_fr\/wp-content\/uploads\/2016\/10\/DSC_3725-768x1152.jpg 768w, https:\/\/www.lesmonts.ch\/wp_fr\/wp-content\/uploads\/2016\/10\/DSC_3725-682x1024.jpg 682w, https:\/\/www.lesmonts.ch\/wp_fr\/wp-content\/uploads\/2016\/10\/DSC_3725.jpg 933w\" sizes=\"auto, (max-width: 200px) 100vw, 200px\" \/><\/a><\/p>\n<p><a href=\"http:\/\/www.lesmonts.ch\/wp_fr\/wp-content\/uploads\/2016\/10\/DSC_3727.jpg\"><img loading=\"lazy\" decoding=\"async\" class=\"aligncenter size-medium wp-image-4968\" src=\"http:\/\/www.lesmonts.ch\/wp_fr\/wp-content\/uploads\/2016\/10\/DSC_3727-200x300.jpg\" alt=\"dsc_3727\" width=\"200\" height=\"300\" srcset=\"https:\/\/www.lesmonts.ch\/wp_fr\/wp-content\/uploads\/2016\/10\/DSC_3727-200x300.jpg 200w, https:\/\/www.lesmonts.ch\/wp_fr\/wp-content\/uploads\/2016\/10\/DSC_3727-768x1152.jpg 768w, https:\/\/www.lesmonts.ch\/wp_fr\/wp-content\/uploads\/2016\/10\/DSC_3727-682x1024.jpg 682w, https:\/\/www.lesmonts.ch\/wp_fr\/wp-content\/uploads\/2016\/10\/DSC_3727.jpg 933w\" sizes=\"auto, (max-width: 200px) 100vw, 200px\" \/><\/a><\/p>\n<p>Tout au long de la mont\u00e9e, admirez les magnifiques coups d\u2019\u0153il sur la vall\u00e9e du Rh\u00f4ne et sur les Combins. On sort des gorges \u00e0 l&rsquo;entr\u00e9e du Haut vallon de Van, juste \u00e0 c\u00f4t\u00e9 de l&rsquo;auberge de Van d&rsquo;en Bas. Si le timing est correct, alors cela devrait tomber exactement \u00e0 l&rsquo;heure de l&rsquo;ap\u00e9ritif sur la belle terrasse qui s&rsquo;\u00e9tale dans le gazon le long\u00a0 du torrent. Et la carte m\u00e9rite toute votre attention !<\/p>\n<p>La suite est selon l&rsquo;humeur : au plus direct, on rejoindra la voiture en passant le col de la Matze \u00e0 une petite vingtaine de minutes de l&rsquo;auberge et on retrouvera sa voiture aux Granges. On peut aussi remonter le beau Vallon de Van jusqu&rsquo;au camping de Van d&rsquo;en Haut, ou m\u00eame continuer en direction de Salanfe o\u00f9 une autre auberge vous accueille face au lac artificiel et aux Dents du Midi. Cette auberge de Salanfe propose d&rsquo;ailleurs aussi des chambres pour ceux qui souhaiteraient prolonger le plaisir.<\/p>\n","protected":false},"excerpt":{"rendered":"<p>Voici une magnifique petite ou moyenne excursion, qui allie spectacle, magnifiques points de vue et gastronomie ! Cette promenade peut \u00eatre entreprise avec des enfants \u00e0 partir de 5-6 ans, dans la mesure o\u00f9 on les assure dans les passages escarp\u00e9s des gorges : plaisir des enfants garanti s&rsquo;ils ne sont pas sensibles au vertige &hellip; <a href=\"https:\/\/www.lesmonts.ch\/wp_fr\/randonnees\/randonnees-estivales\/les-gorges-du-dailley-vallon-de-van\/\" class=\"more-link\">Continuer la lecture de <span class=\"screen-reader-text\">Les gorges du Dailley, vallon de Van<\/span>  <span class=\"meta-nav\">&rarr;<\/span><\/a><\/p>\n","protected":false},"author":1,"featured_media":0,"parent":40,"menu_order":0,"comment_status":"closed","ping_status":"closed","template":"","meta":{"_crdt_document":"","ngg_post_thumbnail":0,"footnotes":""},"class_list":["post-4961","page","type-page","status-publish","hentry"],"_links":{"self":[{"href":"https:\/\/www.lesmonts.ch\/wp_fr\/wp-json\/wp\/v2\/pages\/4961","targetHints":{"allow":["GET"]}}],"collection":[{"href":"https:\/\/www.lesmonts.ch\/wp_fr\/wp-json\/wp\/v2\/pages"}],"about":[{"href":"https:\/\/www.lesmonts.ch\/wp_fr\/wp-json\/wp\/v2\/types\/page"}],"author":[{"embeddable":true,"href":"https:\/\/www.lesmonts.ch\/wp_fr\/wp-json\/wp\/v2\/users\/1"}],"replies":[{"embeddable":true,"href":"https:\/\/www.lesmonts.ch\/wp_fr\/wp-json\/wp\/v2\/comments?post=4961"}],"version-history":[{"count":4,"href":"https:\/\/www.lesmonts.ch\/wp_fr\/wp-json\/wp\/v2\/pages\/4961\/revisions"}],"predecessor-version":[{"id":4969,"href":"https:\/\/www.lesmonts.ch\/wp_fr\/wp-json\/wp\/v2\/pages\/4961\/revisions\/4969"}],"up":[{"embeddable":true,"href":"https:\/\/www.lesmonts.ch\/wp_fr\/wp-json\/wp\/v2\/pages\/40"}],"wp:attachment":[{"href":"https:\/\/www.lesmonts.ch\/wp_fr\/wp-json\/wp\/v2\/media?parent=4961"}],"curies":[{"name":"wp","href":"https:\/\/api.w.org\/{rel}","templated":true}]}}