{"id":4910,"date":"2015-11-22T10:21:50","date_gmt":"2015-11-22T09:21:50","guid":{"rendered":"http:\/\/www.lesmonts.ch\/wp_fr\/?page_id=4910"},"modified":"2019-03-26T08:38:06","modified_gmt":"2019-03-26T07:38:06","slug":"arbres-et-forets","status":"publish","type":"page","link":"https:\/\/www.lesmonts.ch\/wp_fr\/page-d-exemple\/les-habitants\/marcel-jaton\/aquarelles-de-marcel-jaton-2\/arbres-et-forets\/","title":{"rendered":"Arbres et for\u00eats"},"content":{"rendered":"<p>Les for\u00eats ont \u00e9t\u00e9 une autre source d&rsquo;inspiration pour Marcel Jaton. Les Monts, c&rsquo;est d&rsquo;abord des for\u00eats de feuillus, de fruitiers, d&rsquo;\u00e9pic\u00e9as et de m\u00e9l\u00e8zes. Des for\u00eats peupl\u00e9es de chevreuils, de renards mais aussi agr\u00e9ment\u00e9s d&rsquo;une faune aviaire particuli\u00e8rement riche.<\/p>\nngg_shortcode_0_placeholder\n\n\n<p class=\"wp-block-paragraph\"><a href=\"https:\/\/www.lesmonts.ch\/wp_fr\/?page_id=4635\">Retour<\/a><\/p>\n\n\n\n<p class=\"wp-block-paragraph\"><\/p>\n","protected":false},"excerpt":{"rendered":"<p>Les for\u00eats ont \u00e9t\u00e9 une autre source d&rsquo;inspiration pour Marcel Jaton. Les Monts, c&rsquo;est d&rsquo;abord des for\u00eats de feuillus, de fruitiers, d&rsquo;\u00e9pic\u00e9as et de m\u00e9l\u00e8zes. Des for\u00eats peupl\u00e9es de chevreuils, de renards mais aussi agr\u00e9ment\u00e9s d&rsquo;une faune aviaire particuli\u00e8rement riche. Retour<\/p>\n","protected":false},"author":1,"featured_media":0,"parent":4635,"menu_order":0,"comment_status":"closed","ping_status":"closed","template":"","meta":{"_crdt_document":"","ngg_post_thumbnail":0,"footnotes":""},"class_list":["post-4910","page","type-page","status-publish","hentry"],"_links":{"self":[{"href":"https:\/\/www.lesmonts.ch\/wp_fr\/wp-json\/wp\/v2\/pages\/4910","targetHints":{"allow":["GET"]}}],"collection":[{"href":"https:\/\/www.lesmonts.ch\/wp_fr\/wp-json\/wp\/v2\/pages"}],"about":[{"href":"https:\/\/www.lesmonts.ch\/wp_fr\/wp-json\/wp\/v2\/types\/page"}],"author":[{"embeddable":true,"href":"https:\/\/www.lesmonts.ch\/wp_fr\/wp-json\/wp\/v2\/users\/1"}],"replies":[{"embeddable":true,"href":"https:\/\/www.lesmonts.ch\/wp_fr\/wp-json\/wp\/v2\/comments?post=4910"}],"version-history":[{"count":2,"href":"https:\/\/www.lesmonts.ch\/wp_fr\/wp-json\/wp\/v2\/pages\/4910\/revisions"}],"predecessor-version":[{"id":6762,"href":"https:\/\/www.lesmonts.ch\/wp_fr\/wp-json\/wp\/v2\/pages\/4910\/revisions\/6762"}],"up":[{"embeddable":true,"href":"https:\/\/www.lesmonts.ch\/wp_fr\/wp-json\/wp\/v2\/pages\/4635"}],"wp:attachment":[{"href":"https:\/\/www.lesmonts.ch\/wp_fr\/wp-json\/wp\/v2\/media?parent=4910"}],"curies":[{"name":"wp","href":"https:\/\/api.w.org\/{rel}","templated":true}]}}