{"id":489,"date":"2014-07-30T16:24:38","date_gmt":"2014-07-30T15:24:38","guid":{"rendered":"http:\/\/www.lesmonts.ch\/wp_fr\/?page_id=489"},"modified":"2019-01-28T21:05:47","modified_gmt":"2019-01-28T20:05:47","slug":"egilstadir-cote-est","status":"publish","type":"page","link":"https:\/\/www.lesmonts.ch\/wp_fr\/voyages\/islande\/egilstadir-cote-est\/","title":{"rendered":"Egilstadir, c\u00f4te Est"},"content":{"rendered":"<p>La c\u00f4te Est de l&rsquo;Islande est assez sauvage. Entendez par l\u00e0 qu&rsquo;elle est encore plus sauvage que le reste ! Egilstadir est un village important par son existence, mais de tr\u00e8s petite taille, qui permet n\u00e9anmoins l&rsquo;acc\u00e8s \u00e0 des fjords perdus au bout de nulle part, comme Eskifj\u00f6rdur et sa colonie de macareux.<\/p>\n<p>Egilstadir est aussi au c\u0153ur d&rsquo;une exp\u00e9rience pilote des autorit\u00e9s islandaises qui d\u00e9sirent reboiser l&rsquo;\u00eele; en effet, d\u00e8s sa colonisation par les Danois vikings (\u00e0 partir de 874 apr\u00e8s J.C), les for\u00eats ont \u00e9t\u00e9 syst\u00e9matiquement d\u00e9truites pour le bois de feu, la construction de maisons et de navires, et le s\u00e9chage des poissons, si bien qu&rsquo;il n&rsquo;y a plus de for\u00eats en Islande. Sauf \u00e0 Egilstadir&#8230; En 2006, plusieurs hectares avaient \u00e9t\u00e9 plant\u00e9s : bouleaux et de rares conif\u00e8res, essentiellement.<\/p>\n<p><a title=\"Islande\" href=\"http:\/\/www.lesmonts.ch\/wp_fr\/?page_id=373\">Retour<\/a><\/p>\nngg_shortcode_0_placeholder\n","protected":false},"excerpt":{"rendered":"<p>La c\u00f4te Est de l&rsquo;Islande est assez sauvage. Entendez par l\u00e0 qu&rsquo;elle est encore plus sauvage que le reste ! Egilstadir est un village important par son existence, mais de tr\u00e8s petite taille, qui permet n\u00e9anmoins l&rsquo;acc\u00e8s \u00e0 des fjords perdus au bout de nulle part, comme Eskifj\u00f6rdur et sa colonie de macareux. Egilstadir est &hellip; <a href=\"https:\/\/www.lesmonts.ch\/wp_fr\/voyages\/islande\/egilstadir-cote-est\/\" class=\"more-link\">Continuer la lecture de <span class=\"screen-reader-text\">Egilstadir, c\u00f4te Est<\/span>  <span class=\"meta-nav\">&rarr;<\/span><\/a><\/p>\n","protected":false},"author":1,"featured_media":0,"parent":373,"menu_order":0,"comment_status":"open","ping_status":"open","template":"","meta":{"_crdt_document":"","ngg_post_thumbnail":0,"footnotes":""},"class_list":["post-489","page","type-page","status-publish","hentry"],"_links":{"self":[{"href":"https:\/\/www.lesmonts.ch\/wp_fr\/wp-json\/wp\/v2\/pages\/489","targetHints":{"allow":["GET"]}}],"collection":[{"href":"https:\/\/www.lesmonts.ch\/wp_fr\/wp-json\/wp\/v2\/pages"}],"about":[{"href":"https:\/\/www.lesmonts.ch\/wp_fr\/wp-json\/wp\/v2\/types\/page"}],"author":[{"embeddable":true,"href":"https:\/\/www.lesmonts.ch\/wp_fr\/wp-json\/wp\/v2\/users\/1"}],"replies":[{"embeddable":true,"href":"https:\/\/www.lesmonts.ch\/wp_fr\/wp-json\/wp\/v2\/comments?post=489"}],"version-history":[{"count":4,"href":"https:\/\/www.lesmonts.ch\/wp_fr\/wp-json\/wp\/v2\/pages\/489\/revisions"}],"predecessor-version":[{"id":6244,"href":"https:\/\/www.lesmonts.ch\/wp_fr\/wp-json\/wp\/v2\/pages\/489\/revisions\/6244"}],"up":[{"embeddable":true,"href":"https:\/\/www.lesmonts.ch\/wp_fr\/wp-json\/wp\/v2\/pages\/373"}],"wp:attachment":[{"href":"https:\/\/www.lesmonts.ch\/wp_fr\/wp-json\/wp\/v2\/media?parent=489"}],"curies":[{"name":"wp","href":"https:\/\/api.w.org\/{rel}","templated":true}]}}