{"id":4725,"date":"2015-11-21T16:16:00","date_gmt":"2015-11-21T15:16:00","guid":{"rendered":"http:\/\/www.lesmonts.ch\/wp_fr\/?page_id=4725"},"modified":"2019-03-26T08:35:40","modified_gmt":"2019-03-26T07:35:40","slug":"la-moyenne-montagne","status":"publish","type":"page","link":"https:\/\/www.lesmonts.ch\/wp_fr\/page-d-exemple\/les-habitants\/marcel-jaton\/aquarelles-de-marcel-jaton-2\/la-moyenne-montagne\/","title":{"rendered":"La moyenne montagne"},"content":{"rendered":"<p>Il est plus ais\u00e9 de s&rsquo;installer avec du mat\u00e9riel de&nbsp; peinture en moyenne montagne qu&rsquo;en tr\u00e8s haute montagne; et on a plus de temps pour saisir les subtilit\u00e9s d&rsquo;un paysage, d&rsquo;une ambiance ou de l&rsquo;environnement.<\/p>\nngg_shortcode_0_placeholder\n\n\n<p class=\"wp-block-paragraph\"><a href=\"https:\/\/www.lesmonts.ch\/wp_fr\/?page_id=4635\">Retour<\/a><\/p>\n","protected":false},"excerpt":{"rendered":"<p>Il est plus ais\u00e9 de s&rsquo;installer avec du mat\u00e9riel de&nbsp; peinture en moyenne montagne qu&rsquo;en tr\u00e8s haute montagne; et on a plus de temps pour saisir les subtilit\u00e9s d&rsquo;un paysage, d&rsquo;une ambiance ou de l&rsquo;environnement. Retour<\/p>\n","protected":false},"author":1,"featured_media":0,"parent":4635,"menu_order":0,"comment_status":"closed","ping_status":"closed","template":"","meta":{"_crdt_document":"","ngg_post_thumbnail":0,"footnotes":""},"class_list":["post-4725","page","type-page","status-publish","hentry"],"_links":{"self":[{"href":"https:\/\/www.lesmonts.ch\/wp_fr\/wp-json\/wp\/v2\/pages\/4725","targetHints":{"allow":["GET"]}}],"collection":[{"href":"https:\/\/www.lesmonts.ch\/wp_fr\/wp-json\/wp\/v2\/pages"}],"about":[{"href":"https:\/\/www.lesmonts.ch\/wp_fr\/wp-json\/wp\/v2\/types\/page"}],"author":[{"embeddable":true,"href":"https:\/\/www.lesmonts.ch\/wp_fr\/wp-json\/wp\/v2\/users\/1"}],"replies":[{"embeddable":true,"href":"https:\/\/www.lesmonts.ch\/wp_fr\/wp-json\/wp\/v2\/comments?post=4725"}],"version-history":[{"count":2,"href":"https:\/\/www.lesmonts.ch\/wp_fr\/wp-json\/wp\/v2\/pages\/4725\/revisions"}],"predecessor-version":[{"id":6759,"href":"https:\/\/www.lesmonts.ch\/wp_fr\/wp-json\/wp\/v2\/pages\/4725\/revisions\/6759"}],"up":[{"embeddable":true,"href":"https:\/\/www.lesmonts.ch\/wp_fr\/wp-json\/wp\/v2\/pages\/4635"}],"wp:attachment":[{"href":"https:\/\/www.lesmonts.ch\/wp_fr\/wp-json\/wp\/v2\/media?parent=4725"}],"curies":[{"name":"wp","href":"https:\/\/api.w.org\/{rel}","templated":true}]}}