{"id":4470,"date":"2015-10-16T16:53:47","date_gmt":"2015-10-16T14:53:47","guid":{"rendered":"http:\/\/www.lesmonts.ch\/wp_fr\/?page_id=4470"},"modified":"2015-10-16T16:53:47","modified_gmt":"2015-10-16T14:53:47","slug":"balcon-nord-du-mont-blanc","status":"publish","type":"page","link":"https:\/\/www.lesmonts.ch\/wp_fr\/randonnees\/randonnees-estivales\/balcon-nord-du-mont-blanc\/","title":{"rendered":"Balcon Nord du Mont Blanc"},"content":{"rendered":"<p><a href=\"http:\/\/www.lesmonts.ch\/wp_fr\/wp-content\/uploads\/2015\/10\/MtBlanc.jpg\"><img loading=\"lazy\" decoding=\"async\" class=\"aligncenter size-medium wp-image-4473\" src=\"http:\/\/www.lesmonts.ch\/wp_fr\/wp-content\/uploads\/2015\/10\/MtBlanc-300x199.jpg\" alt=\"MtBlanc\" width=\"300\" height=\"199\" srcset=\"https:\/\/www.lesmonts.ch\/wp_fr\/wp-content\/uploads\/2015\/10\/MtBlanc-300x199.jpg 300w, https:\/\/www.lesmonts.ch\/wp_fr\/wp-content\/uploads\/2015\/10\/MtBlanc-1024x680.jpg 1024w, https:\/\/www.lesmonts.ch\/wp_fr\/wp-content\/uploads\/2015\/10\/MtBlanc.jpg 1400w\" sizes=\"auto, (max-width: 300px) 100vw, 300px\" \/><\/a>Le <a href=\"http:\/\/www.chamonix.com\/montagne\/le-grand-balcon.html\" target=\"_blank\">balcon Nord du Mont Blanc<\/a> relie le col des Montets aux Praz de Chamonix (ou l&rsquo;inverse, \u00e9ventuellement en passant par l&rsquo;Index) avec plusieurs options d&rsquo;itin\u00e9raire. L&rsquo;appellation que j&rsquo;utilise ici est de fait abusive, certains topos appellent cette randonn\u00e9e balcon Sud, puisqu&rsquo;elle est effectivement orient\u00e9e au Sud. Mais elle donne un panorama exceptionnel sur le versant Nord du Mont Blanc; par ailleurs, la randonn\u00e9e du Val V\u00e9ni est \u00e9galement appell\u00e9e \u00ab\u00a0balcon Sud du Mont Blanc\u00a0\u00bb, puisqu&rsquo;elle offre la vue sur le versant Sud du massif. Alors&#8230;<\/p>\n<p><a href=\"http:\/\/www.chamonix-randos.com\/lac_blanc_montet.html\" target=\"_blank\">La variante la plus classique<\/a>, parce que moins p\u00e9nible, d\u00e9crit le balcon en sens inverse, profitant ainsi des remont\u00e9es m\u00e9caniques de la Fl\u00e9g\u00e8re et du t\u00e9l\u00e9si\u00e8ge de l&rsquo;Index. Si elle reste la plus recommand\u00e9e, elle a l&rsquo;inconv\u00e9nient de d\u00e9pendre de l&rsquo;ouverture de la Fl\u00e9g\u00e8re, t\u00e9l\u00e9ph\u00e9rique qui par ailleurs est honor\u00e9 certains beaux week-ends d&rsquo;une fr\u00e9quentation qui pourra sembler \u00e0 certains incompatible avec l&rsquo;ambiance de la montagne.<\/p>\n<p><a href=\"http:\/\/www.lesmonts.ch\/wp_fr\/wp-content\/uploads\/2015\/10\/DSC_6095.jpg\"><img loading=\"lazy\" decoding=\"async\" class=\"aligncenter size-medium wp-image-4475\" src=\"http:\/\/www.lesmonts.ch\/wp_fr\/wp-content\/uploads\/2015\/10\/DSC_6095-300x200.jpg\" alt=\"DSC_6095\" width=\"300\" height=\"200\" srcset=\"https:\/\/www.lesmonts.ch\/wp_fr\/wp-content\/uploads\/2015\/10\/DSC_6095-300x200.jpg 300w, https:\/\/www.lesmonts.ch\/wp_fr\/wp-content\/uploads\/2015\/10\/DSC_6095-1024x681.jpg 1024w, https:\/\/www.lesmonts.ch\/wp_fr\/wp-content\/uploads\/2015\/10\/DSC_6095.jpg 1400w\" sizes=\"auto, (max-width: 300px) 100vw, 300px\" \/><\/a><\/p>\n<p>Partir du col des Montets implique de d\u00e9buter la randonn\u00e9e par une ascension raide de plus de trois heures (souvent pr\u00e8s de quatre) pour parvenir au lac Blanc, deux heures et demie environ si l&rsquo;on se contente des lacs de Ch\u00e9sery. Il est en effet possible de monter au lac Blanc et au refuge homonyme, ou de longer le balcon \u00e0 plus basse altitude, \u00e0 partir des lacs de Ch\u00e9sery. Dans les deux cas, on parvient finalement \u00e0 la station du t\u00e9l\u00e9ph\u00e9rique de la Fl\u00e9g\u00e8re.<\/p>\n<p>Dans le sens inverse, on peut profiter des remont\u00e9es m\u00e9caniques de l&rsquo;Index, et le balcon Nord du Mont Blanc se r\u00e9duit \u00e0 une longue descente avec le col des Montets \u00e0 l&rsquo;arriv\u00e9e, voire \u00e0 une boucle Index, lac Blanc, lac de Ch\u00e9sery, la Fl\u00e9g\u00e8re pour qui veut retrouver imm\u00e9diatement sa voiture apr\u00e8s la randonn\u00e9e, et de surcro\u00eet craint quelque peu les descentes longues et raides&#8230;<\/p>\n<p>Il est aussi possible de partir de Planpraz, station interm\u00e9diaire de la mont\u00e9e au Br\u00e9vent que l&rsquo;on aura soin de visiter au passage. Dans ce cas, il faut relier \u00e0 pied sur un chemin carrossable Planpraz \u00e0 la Fl\u00e9g\u00e8re.<\/p>\n<p>Le service de bus de la vall\u00e9e de Chamonix est tout \u00e0 fait efficace, et permet dans tous les cas de retrouver son cher v\u00e9hicule \u00e0 l&rsquo;endroit o\u00f9 on l&rsquo;avait abandonn\u00e9.<\/p>\n<p>Le parcours du balcon, quelle que soit l&rsquo;option choisie, permet des points de vue m\u00e9morables sur la cha\u00eene du Mont Blanc. Au d\u00e9but juillet, voire parfois \u00e0 fin juin, les rhododendrons vont litt\u00e9ralement peindre en rouge vif l&rsquo;itin\u00e9raire, alors que quelques n\u00e9v\u00e9s r\u00e9siduels accentuent les contrastes.<\/p>\n<p><a href=\"http:\/\/www.lesmonts.ch\/wp_fr\/wp-content\/uploads\/2015\/10\/DSC_6095.jpg\"><img loading=\"lazy\" decoding=\"async\" class=\"aligncenter size-medium wp-image-4475\" src=\"http:\/\/www.lesmonts.ch\/wp_fr\/wp-content\/uploads\/2015\/10\/DSC_6095-300x200.jpg\" alt=\"DSC_6095\" width=\"300\" height=\"200\" srcset=\"https:\/\/www.lesmonts.ch\/wp_fr\/wp-content\/uploads\/2015\/10\/DSC_6095-300x200.jpg 300w, https:\/\/www.lesmonts.ch\/wp_fr\/wp-content\/uploads\/2015\/10\/DSC_6095-1024x681.jpg 1024w, https:\/\/www.lesmonts.ch\/wp_fr\/wp-content\/uploads\/2015\/10\/DSC_6095.jpg 1400w\" sizes=\"auto, (max-width: 300px) 100vw, 300px\" \/><\/a><\/p>\n<p><a href=\"http:\/\/www.lesmonts.ch\/wp_fr\/wp-content\/uploads\/2015\/10\/DSC_6094.jpg\"><img loading=\"lazy\" decoding=\"async\" class=\"aligncenter size-medium wp-image-4476\" src=\"http:\/\/www.lesmonts.ch\/wp_fr\/wp-content\/uploads\/2015\/10\/DSC_6094-300x101.jpg\" alt=\"DSC_6094\" width=\"300\" height=\"101\" srcset=\"https:\/\/www.lesmonts.ch\/wp_fr\/wp-content\/uploads\/2015\/10\/DSC_6094-300x101.jpg 300w, https:\/\/www.lesmonts.ch\/wp_fr\/wp-content\/uploads\/2015\/10\/DSC_6094-1024x343.jpg 1024w, https:\/\/www.lesmonts.ch\/wp_fr\/wp-content\/uploads\/2015\/10\/DSC_6094.jpg 1400w\" sizes=\"auto, (max-width: 300px) 100vw, 300px\" \/><\/a>En automne (de mi-octobre \u00e0 d\u00e9but novembre, attention aux horaires des remont\u00e9es m\u00e9caniques), les myrtilliers et les m\u00e9l\u00e8zes dans la vall\u00e9e d&rsquo;Argenti\u00e8res soulignent le blanc de la neige fra\u00eeche des sommets qui nous font face.<\/p>\n<figure id=\"attachment_4474\" aria-describedby=\"caption-attachment-4474\" style=\"width: 300px\" class=\"wp-caption aligncenter\"><a href=\"http:\/\/www.lesmonts.ch\/wp_fr\/wp-content\/uploads\/2015\/10\/DSC_7034.jpg\"><img loading=\"lazy\" decoding=\"async\" class=\"size-medium wp-image-4474\" src=\"http:\/\/www.lesmonts.ch\/wp_fr\/wp-content\/uploads\/2015\/10\/DSC_7034-300x199.jpg\" alt=\"Dent du G\u00e9ant et ar\u00eate de Rochefort\" width=\"300\" height=\"199\" srcset=\"https:\/\/www.lesmonts.ch\/wp_fr\/wp-content\/uploads\/2015\/10\/DSC_7034-300x199.jpg 300w, https:\/\/www.lesmonts.ch\/wp_fr\/wp-content\/uploads\/2015\/10\/DSC_7034-1024x680.jpg 1024w, https:\/\/www.lesmonts.ch\/wp_fr\/wp-content\/uploads\/2015\/10\/DSC_7034.jpg 1400w\" sizes=\"auto, (max-width: 300px) 100vw, 300px\" \/><\/a><figcaption id=\"caption-attachment-4474\" class=\"wp-caption-text\">Dent du G\u00e9ant et ar\u00eate de Rochefort<\/figcaption><\/figure>\n<p>Ce sont l\u00e0 les plus belles saisons pour aborder ce parcours un peu mythique; et une probable indisponibilit\u00e9 des remont\u00e9es m\u00e9caniques est largement r\u00e9compens\u00e9e pour les courageux par une relative solitude aux magnifiques lacs de Ch\u00e9sery dans lesquels se refl\u00e8te l&rsquo;aiguille Verte. Les beaux jours d&rsquo;\u00e9t\u00e9, en effet, on marche parfois en file indienne sur tout le balcon&#8230;<\/p>\n","protected":false},"excerpt":{"rendered":"<p>Le balcon Nord du Mont Blanc relie le col des Montets aux Praz de Chamonix (ou l&rsquo;inverse, \u00e9ventuellement en passant par l&rsquo;Index) avec plusieurs options d&rsquo;itin\u00e9raire. L&rsquo;appellation que j&rsquo;utilise ici est de fait abusive, certains topos appellent cette randonn\u00e9e balcon Sud, puisqu&rsquo;elle est effectivement orient\u00e9e au Sud. Mais elle donne un panorama exceptionnel sur le &hellip; <a href=\"https:\/\/www.lesmonts.ch\/wp_fr\/randonnees\/randonnees-estivales\/balcon-nord-du-mont-blanc\/\" class=\"more-link\">Continuer la lecture de <span class=\"screen-reader-text\">Balcon Nord du Mont Blanc<\/span>  <span class=\"meta-nav\">&rarr;<\/span><\/a><\/p>\n","protected":false},"author":1,"featured_media":0,"parent":40,"menu_order":0,"comment_status":"closed","ping_status":"closed","template":"","meta":{"_crdt_document":"","ngg_post_thumbnail":0,"footnotes":""},"class_list":["post-4470","page","type-page","status-publish","hentry"],"_links":{"self":[{"href":"https:\/\/www.lesmonts.ch\/wp_fr\/wp-json\/wp\/v2\/pages\/4470","targetHints":{"allow":["GET"]}}],"collection":[{"href":"https:\/\/www.lesmonts.ch\/wp_fr\/wp-json\/wp\/v2\/pages"}],"about":[{"href":"https:\/\/www.lesmonts.ch\/wp_fr\/wp-json\/wp\/v2\/types\/page"}],"author":[{"embeddable":true,"href":"https:\/\/www.lesmonts.ch\/wp_fr\/wp-json\/wp\/v2\/users\/1"}],"replies":[{"embeddable":true,"href":"https:\/\/www.lesmonts.ch\/wp_fr\/wp-json\/wp\/v2\/comments?post=4470"}],"version-history":[{"count":2,"href":"https:\/\/www.lesmonts.ch\/wp_fr\/wp-json\/wp\/v2\/pages\/4470\/revisions"}],"predecessor-version":[{"id":4477,"href":"https:\/\/www.lesmonts.ch\/wp_fr\/wp-json\/wp\/v2\/pages\/4470\/revisions\/4477"}],"up":[{"embeddable":true,"href":"https:\/\/www.lesmonts.ch\/wp_fr\/wp-json\/wp\/v2\/pages\/40"}],"wp:attachment":[{"href":"https:\/\/www.lesmonts.ch\/wp_fr\/wp-json\/wp\/v2\/media?parent=4470"}],"curies":[{"name":"wp","href":"https:\/\/api.w.org\/{rel}","templated":true}]}}