{"id":4443,"date":"2015-09-13T12:10:11","date_gmt":"2015-09-13T10:10:11","guid":{"rendered":"http:\/\/www.lesmonts.ch\/wp_fr\/?page_id=4443"},"modified":"2015-09-13T12:10:11","modified_gmt":"2015-09-13T10:10:11","slug":"le-balcon-de-grindelwald","status":"publish","type":"page","link":"https:\/\/www.lesmonts.ch\/wp_fr\/randonnees\/randonnees-estivales\/le-balcon-de-grindelwald\/","title":{"rendered":"Le balcon de Grindelwald"},"content":{"rendered":"<p>Grindelwald est une station c\u00e9l\u00e8bre dans les Alpes Bernoises, par sa situation au pied de la face Nord de l&rsquo;Eiger, et le d\u00e9part du train \u00e0 cr\u00e9maill\u00e8re montant \u00e0 la Petite Scheidegg, puis au Jungfraujoch. C&rsquo;est une station un peu vieillotte, ce qui implique un certain charme parfois un peu d\u00e9suet, mais aussi des contingences qui ne sont plus forc\u00e9ment aux normes actuelles en mati\u00e8re de tourisme.<\/p>\n<p>La randonn\u00e9e que je vous propose ici constitue un panorama tr\u00e8s complet du paysage de Grindelwald. Vous pourrez trouver sur les divers sites d\u00e9crivant Grindelwald un <a href=\"http:\/\/www.jungfrau.ch\/fr\/tourisme\/lieux-a-visiter\/grindelwald-first\/pistes-de-randonnee\/walking\/Report\/showWalkingDetail\/first-bachalpsee-hireleni-feld-bussalp\/\" target=\"_blank\">descriptif d&rsquo;itin\u00e9raire<\/a> d\u00e9taill\u00e9. On utilise la t\u00e9l\u00e9cabine de First jusqu&rsquo;\u00e0 son terminus pour gagner un maximum d&rsquo;altitude, et c&rsquo;est ici que d\u00e9bute la promenade \u00e0 pied. On se dirige avec une consid\u00e9rable foule de touristes vers le tr\u00e8s joli Bachalpsee.<\/p>\n<p><a href=\"http:\/\/www.lesmonts.ch\/wp_fr\/wp-content\/uploads\/2015\/09\/DSC_1261.jpg\"><img loading=\"lazy\" decoding=\"async\" class=\"aligncenter size-medium wp-image-4445\" src=\"http:\/\/www.lesmonts.ch\/wp_fr\/wp-content\/uploads\/2015\/09\/DSC_1261-300x170.jpg\" alt=\"DSC_1261\" width=\"300\" height=\"170\" srcset=\"https:\/\/www.lesmonts.ch\/wp_fr\/wp-content\/uploads\/2015\/09\/DSC_1261-300x170.jpg 300w, https:\/\/www.lesmonts.ch\/wp_fr\/wp-content\/uploads\/2015\/09\/DSC_1261-1024x581.jpg 1024w, https:\/\/www.lesmonts.ch\/wp_fr\/wp-content\/uploads\/2015\/09\/DSC_1261.jpg 1400w\" sizes=\"auto, (max-width: 300px) 100vw, 300px\" \/><\/a>Du Bachalpsee, on emprunte un chemin en direction g\u00e9n\u00e9rale Ouest, avec des indications pour Bussalp. La premi\u00e8re partie du chemin monte de mani\u00e8re relativement escarp\u00e9e vers Hireleni, un petit col avec une belle vue panoramique sur Grindelwald.<\/p>\n<p><a href=\"http:\/\/www.lesmonts.ch\/wp_fr\/wp-content\/uploads\/2015\/09\/DSC_1272.jpg\"><img loading=\"lazy\" decoding=\"async\" class=\"aligncenter size-medium wp-image-4446\" src=\"http:\/\/www.lesmonts.ch\/wp_fr\/wp-content\/uploads\/2015\/09\/DSC_1272-300x200.jpg\" alt=\"DSC_1272\" width=\"300\" height=\"200\" srcset=\"https:\/\/www.lesmonts.ch\/wp_fr\/wp-content\/uploads\/2015\/09\/DSC_1272-300x200.jpg 300w, https:\/\/www.lesmonts.ch\/wp_fr\/wp-content\/uploads\/2015\/09\/DSC_1272-1024x682.jpg 1024w, https:\/\/www.lesmonts.ch\/wp_fr\/wp-content\/uploads\/2015\/09\/DSC_1272.jpg 1400w\" sizes=\"auto, (max-width: 300px) 100vw, 300px\" \/><\/a><\/p>\n<p>Apr\u00e8s le col, une longue travers\u00e9e permet de jouir du magnifique panorama sur la vall\u00e9e de Grindelwald et les Alpes Bernoises avec leurs sommets les plus embl\u00e9matiques : Eiger, M\u00f6nch et Jungfrau, mais aussi Finsteraarhorn, Lauteraarhorn, Fiescherhorn et tant d&rsquo;autres.<\/p>\n<p><a href=\"http:\/\/www.lesmonts.ch\/wp_fr\/wp-content\/uploads\/2015\/09\/Hireleni_Grindelwald.jpg\"><img loading=\"lazy\" decoding=\"async\" class=\"aligncenter size-medium wp-image-4447\" src=\"http:\/\/www.lesmonts.ch\/wp_fr\/wp-content\/uploads\/2015\/09\/Hireleni_Grindelwald-300x123.jpg\" alt=\"Hireleni_Grindelwald\" width=\"300\" height=\"123\" srcset=\"https:\/\/www.lesmonts.ch\/wp_fr\/wp-content\/uploads\/2015\/09\/Hireleni_Grindelwald-300x123.jpg 300w, https:\/\/www.lesmonts.ch\/wp_fr\/wp-content\/uploads\/2015\/09\/Hireleni_Grindelwald-1024x419.jpg 1024w, https:\/\/www.lesmonts.ch\/wp_fr\/wp-content\/uploads\/2015\/09\/Hireleni_Grindelwald.jpg 1400w\" sizes=\"auto, (max-width: 300px) 100vw, 300px\" \/><\/a><\/p>\n<p>On arrive finalement \u00e0 Bussalp, un restaurant dot\u00e9 d&rsquo;une superbe terrasse. De l\u00e0, il est possible de prolonger la descente en deux heures jusqu&rsquo;\u00e0 Grindelwald; mais la terrasse est si agr\u00e9able que l&rsquo;on a envie de s&rsquo;attarder autour d&rsquo;une assiette de charcuterie et d&rsquo;un verre de ros\u00e9 au soleil. Le car postal permet ensuite de revenir \u00e0 la gare de Grindelwald de mani\u00e8re tout \u00e0 fait confortable.<\/p>\n<p>La promenade est facile, mais il vaut mieux \u00eatre bien chauss\u00e9, car il faut traverser des pierriers vers Hireleni. Si l&rsquo;itin\u00e9raire complet de First \u00e0 Bussalp est r\u00e9alisable en trois heures, il vaut mieux pr\u00e9voir un peu plus pour \u00eatre confortable. Il existe une variante qui \u00e9vite la mont\u00e9e vers Hireleni, mais elle est nettement moins spectaculaire. Une troisi\u00e8me variante passe par le Faulhorn tout proche, mais demande une heure de plus pour une ouverture du panorama sur le Nord et le plateau suisse.<\/p>\n<p>&nbsp;<\/p>\n","protected":false},"excerpt":{"rendered":"<p>Grindelwald est une station c\u00e9l\u00e8bre dans les Alpes Bernoises, par sa situation au pied de la face Nord de l&rsquo;Eiger, et le d\u00e9part du train \u00e0 cr\u00e9maill\u00e8re montant \u00e0 la Petite Scheidegg, puis au Jungfraujoch. C&rsquo;est une station un peu vieillotte, ce qui implique un certain charme parfois un peu d\u00e9suet, mais aussi des contingences &hellip; <a href=\"https:\/\/www.lesmonts.ch\/wp_fr\/randonnees\/randonnees-estivales\/le-balcon-de-grindelwald\/\" class=\"more-link\">Continuer la lecture de <span class=\"screen-reader-text\">Le balcon de Grindelwald<\/span>  <span class=\"meta-nav\">&rarr;<\/span><\/a><\/p>\n","protected":false},"author":1,"featured_media":0,"parent":40,"menu_order":0,"comment_status":"closed","ping_status":"closed","template":"","meta":{"_crdt_document":"","ngg_post_thumbnail":0,"footnotes":""},"class_list":["post-4443","page","type-page","status-publish","hentry"],"_links":{"self":[{"href":"https:\/\/www.lesmonts.ch\/wp_fr\/wp-json\/wp\/v2\/pages\/4443","targetHints":{"allow":["GET"]}}],"collection":[{"href":"https:\/\/www.lesmonts.ch\/wp_fr\/wp-json\/wp\/v2\/pages"}],"about":[{"href":"https:\/\/www.lesmonts.ch\/wp_fr\/wp-json\/wp\/v2\/types\/page"}],"author":[{"embeddable":true,"href":"https:\/\/www.lesmonts.ch\/wp_fr\/wp-json\/wp\/v2\/users\/1"}],"replies":[{"embeddable":true,"href":"https:\/\/www.lesmonts.ch\/wp_fr\/wp-json\/wp\/v2\/comments?post=4443"}],"version-history":[{"count":2,"href":"https:\/\/www.lesmonts.ch\/wp_fr\/wp-json\/wp\/v2\/pages\/4443\/revisions"}],"predecessor-version":[{"id":4448,"href":"https:\/\/www.lesmonts.ch\/wp_fr\/wp-json\/wp\/v2\/pages\/4443\/revisions\/4448"}],"up":[{"embeddable":true,"href":"https:\/\/www.lesmonts.ch\/wp_fr\/wp-json\/wp\/v2\/pages\/40"}],"wp:attachment":[{"href":"https:\/\/www.lesmonts.ch\/wp_fr\/wp-json\/wp\/v2\/media?parent=4443"}],"curies":[{"name":"wp","href":"https:\/\/api.w.org\/{rel}","templated":true}]}}