{"id":4434,"date":"2015-09-11T21:06:31","date_gmt":"2015-09-11T19:06:31","guid":{"rendered":"http:\/\/www.lesmonts.ch\/wp_fr\/?page_id=4434"},"modified":"2015-09-11T21:06:31","modified_gmt":"2015-09-11T19:06:31","slug":"niederhorn","status":"publish","type":"page","link":"https:\/\/www.lesmonts.ch\/wp_fr\/randonnees\/randonnees-estivales\/niederhorn\/","title":{"rendered":"Niederhorn"},"content":{"rendered":"<p>Une excursion \u00e0 n&rsquo;entreprendre que par beau temps ! Ce n&rsquo;est pas que le mauvais temps engendre des difficult\u00e9s particuli\u00e8res, mais la vue panoramique depuis le Niederhorn demande un temps radieux pour \u00eatre appr\u00e9ci\u00e9e \u00e0 sa juste mesure.<\/p>\n<p>Le Niederhorn est un sommet dominant le lac de Thoune, au-dessus du Beatenberg. Pour s&rsquo;y rendre, il faut tout d&rsquo;abord parvenir \u00e0 la Beatenbucht, en voiture (parking payant \u00e0 disposition) ou en bateau depuis Thoune ou Interlaken. Un funiculaire am\u00e8ne les visiteurs au Beatenberg (en principe aussi accessible en voiture ou en car postal), puis une t\u00e9l\u00e9cabine am\u00e8ne au sommet du Niederhorn.<\/p>\n<p><a href=\"http:\/\/www.lesmonts.ch\/wp_fr\/wp-content\/uploads\/2015\/09\/DSC_1387.jpg\"><img loading=\"lazy\" decoding=\"async\" class=\"aligncenter size-medium wp-image-4435\" src=\"http:\/\/www.lesmonts.ch\/wp_fr\/wp-content\/uploads\/2015\/09\/DSC_1387-300x200.jpg\" alt=\"DSC_1387\" width=\"300\" height=\"200\" srcset=\"https:\/\/www.lesmonts.ch\/wp_fr\/wp-content\/uploads\/2015\/09\/DSC_1387-300x200.jpg 300w, https:\/\/www.lesmonts.ch\/wp_fr\/wp-content\/uploads\/2015\/09\/DSC_1387-1024x682.jpg 1024w, https:\/\/www.lesmonts.ch\/wp_fr\/wp-content\/uploads\/2015\/09\/DSC_1387.jpg 1400w\" sizes=\"auto, (max-width: 300px) 100vw, 300px\" \/><\/a><\/p>\n<p>L&rsquo;endroit constitue le paradis des parapentistes et des v\u00e9lideltistes. Les ascendances cr\u00e9es par le lac et les montagnes environnantes permettent des vols de longue haleine; il n&rsquo;est pas rare de voir un parapentiste parti du sommet quelques minutes auparavant se retrouver mille m\u00e8tres plus haut.<\/p>\n<p><a href=\"http:\/\/www.lesmonts.ch\/wp_fr\/wp-content\/uploads\/2015\/09\/DSC_1388.jpg\"><img loading=\"lazy\" decoding=\"async\" class=\"aligncenter size-medium wp-image-4438\" src=\"http:\/\/www.lesmonts.ch\/wp_fr\/wp-content\/uploads\/2015\/09\/DSC_1388-300x183.jpg\" alt=\"DSC_1388\" width=\"300\" height=\"183\" srcset=\"https:\/\/www.lesmonts.ch\/wp_fr\/wp-content\/uploads\/2015\/09\/DSC_1388-300x183.jpg 300w, https:\/\/www.lesmonts.ch\/wp_fr\/wp-content\/uploads\/2015\/09\/DSC_1388-1024x625.jpg 1024w, https:\/\/www.lesmonts.ch\/wp_fr\/wp-content\/uploads\/2015\/09\/DSC_1388.jpg 1400w\" sizes=\"auto, (max-width: 300px) 100vw, 300px\" \/><\/a>Le tremplin d&rsquo;envol des v\u00e9lideltistes est particuli\u00e8rement spectaculaire : un plateau de bois inclin\u00e9 \u00e0 45 degr\u00e9s au-dessus de mille m\u00e8tres de vide ! Mais une fois parti, quelle \u00e9tendue !<\/p>\n<p><a href=\"http:\/\/www.lesmonts.ch\/wp_fr\/wp-content\/uploads\/2015\/09\/DSC_1394.jpg\"><img loading=\"lazy\" decoding=\"async\" class=\"aligncenter size-medium wp-image-4439\" src=\"http:\/\/www.lesmonts.ch\/wp_fr\/wp-content\/uploads\/2015\/09\/DSC_1394-300x154.jpg\" alt=\"DSC_1394\" width=\"300\" height=\"154\" srcset=\"https:\/\/www.lesmonts.ch\/wp_fr\/wp-content\/uploads\/2015\/09\/DSC_1394-300x154.jpg 300w, https:\/\/www.lesmonts.ch\/wp_fr\/wp-content\/uploads\/2015\/09\/DSC_1394-1024x527.jpg 1024w, https:\/\/www.lesmonts.ch\/wp_fr\/wp-content\/uploads\/2015\/09\/DSC_1394.jpg 1400w\" sizes=\"auto, (max-width: 300px) 100vw, 300px\" \/><\/a>Bon, mais \u00e0 part regarder des gens se prendre pour des oiseaux, que faire l\u00e0-haut ? Tout d&rsquo;abord, un panorama exceptionnel \u00e0 admirer, avec les Alpes Bernoises en vedette; un panorama qui laisse deviner le Mont Blanc au loin, la cha\u00eene du Jura et le Plateau Suisse dans la brume. La ville de Berne se devine dans le lointain, mais le lac de Thoune attire le regard avec ce bleu profond.<\/p>\n<p>Et puis, il y a plein de randonn\u00e9es, \u00e0 commencer par celle qui m\u00e8ne vers la station interm\u00e9diaire, puis vers Beatenberg; des chemins suivent les lignes de cr\u00e8te et m\u00eanent en direction des hauts d&rsquo;Interlaken. Et bien s\u00fbr, il est aussi possible de s&rsquo;asseoir sur la terrasse (malheureusement moyennement sympathique) pour admirer les parapentistes et le paysage.<\/p>\n<p><a href=\"http:\/\/www.lesmonts.ch\/wp_fr\/wp-content\/uploads\/2015\/09\/DSC_1397.jpg\"><img loading=\"lazy\" decoding=\"async\" class=\"aligncenter size-medium wp-image-4440\" src=\"http:\/\/www.lesmonts.ch\/wp_fr\/wp-content\/uploads\/2015\/09\/DSC_1397-300x200.jpg\" alt=\"DSC_1397\" width=\"300\" height=\"200\" srcset=\"https:\/\/www.lesmonts.ch\/wp_fr\/wp-content\/uploads\/2015\/09\/DSC_1397-300x200.jpg 300w, https:\/\/www.lesmonts.ch\/wp_fr\/wp-content\/uploads\/2015\/09\/DSC_1397-1024x682.jpg 1024w, https:\/\/www.lesmonts.ch\/wp_fr\/wp-content\/uploads\/2015\/09\/DSC_1397.jpg 1400w\" sizes=\"auto, (max-width: 300px) 100vw, 300px\" \/><\/a><\/p>\n<p>Un but d&rsquo;excursion d&rsquo;un jour, par exemple pour compl\u00e9ter un s\u00e9jour dans les Alpes Bernoises, pour souligner une petite visite \u00e0 Interlaken&#8230;<\/p>\n<p>&nbsp;<\/p>\n","protected":false},"excerpt":{"rendered":"<p>Une excursion \u00e0 n&rsquo;entreprendre que par beau temps ! Ce n&rsquo;est pas que le mauvais temps engendre des difficult\u00e9s particuli\u00e8res, mais la vue panoramique depuis le Niederhorn demande un temps radieux pour \u00eatre appr\u00e9ci\u00e9e \u00e0 sa juste mesure. Le Niederhorn est un sommet dominant le lac de Thoune, au-dessus du Beatenberg. Pour s&rsquo;y rendre, il &hellip; <a href=\"https:\/\/www.lesmonts.ch\/wp_fr\/randonnees\/randonnees-estivales\/niederhorn\/\" class=\"more-link\">Continuer la lecture de <span class=\"screen-reader-text\">Niederhorn<\/span>  <span class=\"meta-nav\">&rarr;<\/span><\/a><\/p>\n","protected":false},"author":1,"featured_media":0,"parent":40,"menu_order":0,"comment_status":"closed","ping_status":"closed","template":"","meta":{"_crdt_document":"","ngg_post_thumbnail":0,"footnotes":""},"class_list":["post-4434","page","type-page","status-publish","hentry"],"_links":{"self":[{"href":"https:\/\/www.lesmonts.ch\/wp_fr\/wp-json\/wp\/v2\/pages\/4434","targetHints":{"allow":["GET"]}}],"collection":[{"href":"https:\/\/www.lesmonts.ch\/wp_fr\/wp-json\/wp\/v2\/pages"}],"about":[{"href":"https:\/\/www.lesmonts.ch\/wp_fr\/wp-json\/wp\/v2\/types\/page"}],"author":[{"embeddable":true,"href":"https:\/\/www.lesmonts.ch\/wp_fr\/wp-json\/wp\/v2\/users\/1"}],"replies":[{"embeddable":true,"href":"https:\/\/www.lesmonts.ch\/wp_fr\/wp-json\/wp\/v2\/comments?post=4434"}],"version-history":[{"count":2,"href":"https:\/\/www.lesmonts.ch\/wp_fr\/wp-json\/wp\/v2\/pages\/4434\/revisions"}],"predecessor-version":[{"id":4441,"href":"https:\/\/www.lesmonts.ch\/wp_fr\/wp-json\/wp\/v2\/pages\/4434\/revisions\/4441"}],"up":[{"embeddable":true,"href":"https:\/\/www.lesmonts.ch\/wp_fr\/wp-json\/wp\/v2\/pages\/40"}],"wp:attachment":[{"href":"https:\/\/www.lesmonts.ch\/wp_fr\/wp-json\/wp\/v2\/media?parent=4434"}],"curies":[{"name":"wp","href":"https:\/\/api.w.org\/{rel}","templated":true}]}}