{"id":4389,"date":"2015-08-19T18:22:03","date_gmt":"2015-08-19T16:22:03","guid":{"rendered":"http:\/\/www.lesmonts.ch\/wp_fr\/?page_id=4389"},"modified":"2015-08-19T18:22:03","modified_gmt":"2015-08-19T16:22:03","slug":"gorges-du-triege","status":"publish","type":"page","link":"https:\/\/www.lesmonts.ch\/wp_fr\/randonnees\/randonnees-estivales\/gorges-du-triege\/","title":{"rendered":"Gorges du Tri\u00e8ge"},"content":{"rendered":"<p>Les gorges du Tri\u00e8ge constituent un pr\u00e9texte agr\u00e9able pour visiter la vall\u00e9e inf\u00e9rieure du Trient. Souvent, cette visite se borne \u00e0 la petite mais sympathique <a href=\"http:\/\/www.telemarecottes.ch\/\" target=\"_blank\">station de ski<\/a> des Mar\u00e9cottes , la terrasse du restaurant de la Creusaz, et en \u00e9t\u00e9, \u00e0 la visite du petit zoo et de la piscine originale creus\u00e9e \u00e0 m\u00eame le rocher. Mais il y a beaucoup plus dans cette vall\u00e9e pittoresque. Les gorges du Tri\u00e8ge constituent un pr\u00e9texte pour visiter l&rsquo;un des endroits les plus secrets et les plus pittoresques de cette vall\u00e9e, le village du Tr\u00e9tien, qui se gagne en quelques minutes en voiture depuis le zoo des Mar\u00e9cottes.<\/p>\n<p>Le Tri\u00e8ge est un ruisseau qui descend de l&rsquo;alpage d&rsquo;Emaney, que l&rsquo;on traverse <a href=\"http:\/\/www.lesmonts.ch\/wp_fr\/?page_id=157\" target=\"_blank\">en allant de Salanfe \u00e0 Barberine<\/a>, par exemple. Au moment de plonger dans la vall\u00e9e du Trient, il a creus\u00e9 de magnifiques gorges qu&rsquo;un sentier bien am\u00e9nag\u00e9 permet d&rsquo;admirer en toute s\u00e9curit\u00e9.<\/p>\n<p><a href=\"http:\/\/www.lesmonts.ch\/wp_fr\/wp-content\/uploads\/2015\/08\/DSC_1425.jpg\"><img loading=\"lazy\" decoding=\"async\" class=\"aligncenter size-medium wp-image-4390\" src=\"http:\/\/www.lesmonts.ch\/wp_fr\/wp-content\/uploads\/2015\/08\/DSC_1425-200x300.jpg\" alt=\"Les gorges du Tri\u00e8ge\" width=\"200\" height=\"300\" srcset=\"https:\/\/www.lesmonts.ch\/wp_fr\/wp-content\/uploads\/2015\/08\/DSC_1425-200x300.jpg 200w, https:\/\/www.lesmonts.ch\/wp_fr\/wp-content\/uploads\/2015\/08\/DSC_1425.jpg 533w\" sizes=\"auto, (max-width: 200px) 100vw, 200px\" \/><\/a>Pour parvenir aux gorges, continuer depuis le zoo des Mar\u00e9cottes vers la M\u00e9dettaz et le Tr\u00e9tien, et s&rsquo;arr\u00eater avant le village, dans un petit parking sp\u00e9cialement d\u00e9di\u00e9 \u00e0 cette visite. Le d\u00e9but du sentier est \u00e0 150 m\u00e8tres plus loin en suivant la route, pr\u00e8s d&rsquo;une petite cabane en bois.<\/p>\n<p><a href=\"http:\/\/www.lesmonts.ch\/wp_fr\/wp-content\/uploads\/2015\/08\/DSC_1426.jpg\"><img loading=\"lazy\" decoding=\"async\" class=\"aligncenter size-medium wp-image-4391\" src=\"http:\/\/www.lesmonts.ch\/wp_fr\/wp-content\/uploads\/2015\/08\/DSC_1426-300x200.jpg\" alt=\"DSC_1426\" width=\"300\" height=\"200\" srcset=\"https:\/\/www.lesmonts.ch\/wp_fr\/wp-content\/uploads\/2015\/08\/DSC_1426-300x200.jpg 300w, https:\/\/www.lesmonts.ch\/wp_fr\/wp-content\/uploads\/2015\/08\/DSC_1426-1024x683.jpg 1024w, https:\/\/www.lesmonts.ch\/wp_fr\/wp-content\/uploads\/2015\/08\/DSC_1426.jpg 1200w\" sizes=\"auto, (max-width: 300px) 100vw, 300px\" \/><\/a><\/p>\n<p>&nbsp;<\/p>\n<p><a href=\"http:\/\/www.lesmonts.ch\/wp_fr\/wp-content\/uploads\/2015\/08\/DSC_1444.jpg\"><img loading=\"lazy\" decoding=\"async\" class=\"aligncenter size-medium wp-image-4392\" src=\"http:\/\/www.lesmonts.ch\/wp_fr\/wp-content\/uploads\/2015\/08\/DSC_1444-300x200.jpg\" alt=\"DSC_1444\" width=\"300\" height=\"200\" srcset=\"https:\/\/www.lesmonts.ch\/wp_fr\/wp-content\/uploads\/2015\/08\/DSC_1444-300x200.jpg 300w, https:\/\/www.lesmonts.ch\/wp_fr\/wp-content\/uploads\/2015\/08\/DSC_1444-1024x683.jpg 1024w, https:\/\/www.lesmonts.ch\/wp_fr\/wp-content\/uploads\/2015\/08\/DSC_1444.jpg 1200w\" sizes=\"auto, (max-width: 300px) 100vw, 300px\" \/><\/a>On monte ainsi d&rsquo;une centaine de m\u00e8tres jusqu&rsquo;\u00e0 une prise d&rsquo;eau des CFF; les gorges se poursuivent ensuite, mais ne sont plus accessibles au grand public.<\/p>\n<p><a href=\"http:\/\/www.lesmonts.ch\/wp_fr\/wp-content\/uploads\/2015\/08\/DSC_1448.jpg\"><img loading=\"lazy\" decoding=\"async\" class=\"aligncenter size-medium wp-image-4393\" src=\"http:\/\/www.lesmonts.ch\/wp_fr\/wp-content\/uploads\/2015\/08\/DSC_1448-300x200.jpg\" alt=\"DSC_1448\" width=\"300\" height=\"200\" srcset=\"https:\/\/www.lesmonts.ch\/wp_fr\/wp-content\/uploads\/2015\/08\/DSC_1448-300x200.jpg 300w, https:\/\/www.lesmonts.ch\/wp_fr\/wp-content\/uploads\/2015\/08\/DSC_1448-1024x683.jpg 1024w, https:\/\/www.lesmonts.ch\/wp_fr\/wp-content\/uploads\/2015\/08\/DSC_1448.jpg 1200w\" sizes=\"auto, (max-width: 300px) 100vw, 300px\" \/><\/a>Le retour se fait par un sentier vers la gare et le village du Tr\u00e9tien, que l&rsquo;on traverse pour regagner sa voiture.<\/p>\n<p>La balade n&rsquo;aura gu\u00e8re dur\u00e9 plus d&rsquo;une heure, elle est agr\u00e9able aussi pour des enfants. Et si un petit creux se manifeste, pourquoi ne pas reprendre la voiture pour aller au vallon de Van tout proche, et s&rsquo;arr\u00eater \u00e0 sa si sympathique auberge ?<\/p>\n<p>&nbsp;<\/p>\n<p>&nbsp;<\/p>\n","protected":false},"excerpt":{"rendered":"<p>Les gorges du Tri\u00e8ge constituent un pr\u00e9texte agr\u00e9able pour visiter la vall\u00e9e inf\u00e9rieure du Trient. Souvent, cette visite se borne \u00e0 la petite mais sympathique station de ski des Mar\u00e9cottes , la terrasse du restaurant de la Creusaz, et en \u00e9t\u00e9, \u00e0 la visite du petit zoo et de la piscine originale creus\u00e9e \u00e0 m\u00eame &hellip; <a href=\"https:\/\/www.lesmonts.ch\/wp_fr\/randonnees\/randonnees-estivales\/gorges-du-triege\/\" class=\"more-link\">Continuer la lecture de <span class=\"screen-reader-text\">Gorges du Tri\u00e8ge<\/span>  <span class=\"meta-nav\">&rarr;<\/span><\/a><\/p>\n","protected":false},"author":1,"featured_media":0,"parent":40,"menu_order":0,"comment_status":"closed","ping_status":"closed","template":"","meta":{"_crdt_document":"","ngg_post_thumbnail":0,"footnotes":""},"class_list":["post-4389","page","type-page","status-publish","hentry"],"_links":{"self":[{"href":"https:\/\/www.lesmonts.ch\/wp_fr\/wp-json\/wp\/v2\/pages\/4389","targetHints":{"allow":["GET"]}}],"collection":[{"href":"https:\/\/www.lesmonts.ch\/wp_fr\/wp-json\/wp\/v2\/pages"}],"about":[{"href":"https:\/\/www.lesmonts.ch\/wp_fr\/wp-json\/wp\/v2\/types\/page"}],"author":[{"embeddable":true,"href":"https:\/\/www.lesmonts.ch\/wp_fr\/wp-json\/wp\/v2\/users\/1"}],"replies":[{"embeddable":true,"href":"https:\/\/www.lesmonts.ch\/wp_fr\/wp-json\/wp\/v2\/comments?post=4389"}],"version-history":[{"count":1,"href":"https:\/\/www.lesmonts.ch\/wp_fr\/wp-json\/wp\/v2\/pages\/4389\/revisions"}],"predecessor-version":[{"id":4394,"href":"https:\/\/www.lesmonts.ch\/wp_fr\/wp-json\/wp\/v2\/pages\/4389\/revisions\/4394"}],"up":[{"embeddable":true,"href":"https:\/\/www.lesmonts.ch\/wp_fr\/wp-json\/wp\/v2\/pages\/40"}],"wp:attachment":[{"href":"https:\/\/www.lesmonts.ch\/wp_fr\/wp-json\/wp\/v2\/media?parent=4389"}],"curies":[{"name":"wp","href":"https:\/\/api.w.org\/{rel}","templated":true}]}}