{"id":4374,"date":"2015-07-25T16:27:55","date_gmt":"2015-07-25T14:27:55","guid":{"rendered":"http:\/\/www.lesmonts.ch\/wp_fr\/?page_id=4374"},"modified":"2015-07-26T11:52:29","modified_gmt":"2015-07-26T09:52:29","slug":"applications-mobiles","status":"publish","type":"page","link":"https:\/\/www.lesmonts.ch\/wp_fr\/page-d-exemple\/technologie\/enseignement\/applications-mobiles\/","title":{"rendered":"Applications mobiles"},"content":{"rendered":"<p><a href=\"http:\/\/www.lesmonts.ch\/wp_fr\/wp-content\/uploads\/2015\/07\/MOAP.jpg\"><img loading=\"lazy\" decoding=\"async\" class=\"aligncenter size-full wp-image-4379\" src=\"http:\/\/www.lesmonts.ch\/wp_fr\/wp-content\/uploads\/2015\/07\/MOAP.jpg\" alt=\"MOAP\" width=\"112\" height=\"114\" \/><\/a><\/p>\n<p style=\"text-align: center;\"><strong>Syst\u00e8mes mobiles<\/strong><\/p>\n<p>Les applications mobiles sont devenues en tr\u00e8s peu de temps un composant d\u00e9terminant dans le march\u00e9 du logiciel. Beaucoup de programmeurs estiment avoir acquis toutes les connaissances n\u00e9cessaires \u00e0 la programmation d&rsquo;applications mobiles d\u00e9s qu&rsquo;ils ont bidouill\u00e9 une \u00ab\u00a0app\u00a0\u00bb pour iOS ou Android et constat\u00e9 qu&rsquo;ils parvenaient \u00e0 l&rsquo;ex\u00e9cuter sur leur smartphone. Ceci explique peut-\u00eatre pourquoi l&rsquo;immense majorit\u00e9 d&rsquo;applications propos\u00e9es sur les divers \u00ab\u00a0App Store\u00a0\u00bb, \u00ab\u00a0Play Store\u00a0\u00bb, \u00ab\u00a0Shit Market\u00a0\u00bb ou autres sont de si pi\u00e8tre qualit\u00e9, m\u00eame payantes !<\/p>\n<p>Une application de grande mobilit\u00e9 a des caract\u00e9ristiques ergonomiques, des contraintes de connectivit\u00e9 et des exigences de r\u00e9activit\u00e9 bien sp\u00e9cifiques, que ne conna\u00eet gu\u00e8re une application traditionnelle pourtant cens\u00e9e remplir une fonction identique \u00e0 priori. Une application informatique traditionnelle a une approche \u00ab\u00a0question-r\u00e9ponse\u00a0\u00bb, alors qu&rsquo;une application mobile devrait id\u00e9alement \u00eatre en mesure d&rsquo;anticiper la question \u00e0 partir de l&rsquo;environnement actuel et de pr\u00e9senter la r\u00e9ponse au moment m\u00eame o\u00f9 la question se pose. Ainsi, commander en ligne un billet de chemin de fer implique des actions identiques si l&rsquo;on est confortablement install\u00e9 dans son fauteuil en train de r\u00e9server un billet pour le voyage d&rsquo;affaires du lendemain, ou si l&rsquo;on est en train de s&rsquo;approcher du quai de gare\u00a0 pour prendre le train dans les minutes qui suivent : mais dans ces deux cas, l&rsquo;exp\u00e9rience utilisateur diff\u00e8re totalement, et ce qui semblait pertinent dans un cas devient aberrant dans l&rsquo;autre situation.<\/p>\n<p>L&rsquo;\u00e9volution de l&rsquo;informatique depuis les ann\u00e9es 1950 illustre bien cette tendance : d&rsquo;abord farouchement reli\u00e9e \u00e0 un emplacement sp\u00e9cialis\u00e9, l&rsquo;informatique a essay\u00e9 rapidement de s&rsquo;affranchir de la localisation, une tentative qui n&rsquo;est devenue cr\u00e9dible qu&rsquo;assez r\u00e9cemment gr\u00e2ce \u00e0 la miniaturisation et \u00e0 l&rsquo;optimisation de la consommation, ainsi qu&rsquo;aux progr\u00e8s dans le stockage de l&rsquo;\u00e9nergie et les unit\u00e9s d&rsquo;entr\u00e9e-sorties :<\/p>\n<p><a href=\"http:\/\/www.lesmonts.ch\/wp_fr\/wp-content\/uploads\/2015\/07\/MOAPV3.pdf\">Pr\u00e9sentation introductive du cours<\/a><\/p>\n","protected":false},"excerpt":{"rendered":"<p>Syst\u00e8mes mobiles Les applications mobiles sont devenues en tr\u00e8s peu de temps un composant d\u00e9terminant dans le march\u00e9 du logiciel. Beaucoup de programmeurs estiment avoir acquis toutes les connaissances n\u00e9cessaires \u00e0 la programmation d&rsquo;applications mobiles d\u00e9s qu&rsquo;ils ont bidouill\u00e9 une \u00ab\u00a0app\u00a0\u00bb pour iOS ou Android et constat\u00e9 qu&rsquo;ils parvenaient \u00e0 l&rsquo;ex\u00e9cuter sur leur smartphone. Ceci &hellip; <a href=\"https:\/\/www.lesmonts.ch\/wp_fr\/page-d-exemple\/technologie\/enseignement\/applications-mobiles\/\" class=\"more-link\">Continuer la lecture de <span class=\"screen-reader-text\">Applications mobiles<\/span>  <span class=\"meta-nav\">&rarr;<\/span><\/a><\/p>\n","protected":false},"author":1,"featured_media":0,"parent":4285,"menu_order":0,"comment_status":"open","ping_status":"open","template":"","meta":{"_crdt_document":"","ngg_post_thumbnail":0,"footnotes":""},"class_list":["post-4374","page","type-page","status-publish","hentry"],"_links":{"self":[{"href":"https:\/\/www.lesmonts.ch\/wp_fr\/wp-json\/wp\/v2\/pages\/4374","targetHints":{"allow":["GET"]}}],"collection":[{"href":"https:\/\/www.lesmonts.ch\/wp_fr\/wp-json\/wp\/v2\/pages"}],"about":[{"href":"https:\/\/www.lesmonts.ch\/wp_fr\/wp-json\/wp\/v2\/types\/page"}],"author":[{"embeddable":true,"href":"https:\/\/www.lesmonts.ch\/wp_fr\/wp-json\/wp\/v2\/users\/1"}],"replies":[{"embeddable":true,"href":"https:\/\/www.lesmonts.ch\/wp_fr\/wp-json\/wp\/v2\/comments?post=4374"}],"version-history":[{"count":4,"href":"https:\/\/www.lesmonts.ch\/wp_fr\/wp-json\/wp\/v2\/pages\/4374\/revisions"}],"predecessor-version":[{"id":4382,"href":"https:\/\/www.lesmonts.ch\/wp_fr\/wp-json\/wp\/v2\/pages\/4374\/revisions\/4382"}],"up":[{"embeddable":true,"href":"https:\/\/www.lesmonts.ch\/wp_fr\/wp-json\/wp\/v2\/pages\/4285"}],"wp:attachment":[{"href":"https:\/\/www.lesmonts.ch\/wp_fr\/wp-json\/wp\/v2\/media?parent=4374"}],"curies":[{"name":"wp","href":"https:\/\/api.w.org\/{rel}","templated":true}]}}