{"id":4357,"date":"2015-07-15T17:34:33","date_gmt":"2015-07-15T15:34:33","guid":{"rendered":"http:\/\/www.lesmonts.ch\/wp_fr\/?page_id=4357"},"modified":"2015-07-15T17:43:13","modified_gmt":"2015-07-15T15:43:13","slug":"jungu-moosalp","status":"publish","type":"page","link":"https:\/\/www.lesmonts.ch\/wp_fr\/randonnees\/randonnees-estivales\/jungu-moosalp\/","title":{"rendered":"Jungu-Moosalp"},"content":{"rendered":"<p>Saint Nicolas dans le Mattertal n&rsquo;est pour la plupart des touristes que nous sommes qu&rsquo;une \u00e9tape vers Gr\u00e4chen ou vers Zermatt. Peu de gens s&rsquo;y arr\u00eatent, et encore moins de personnes n&rsquo;ont la curiosit\u00e9 de s&rsquo;enqu\u00e9rir de l&rsquo;identit\u00e9 des quelques rares villages perch\u00e9s de mani\u00e8re improbable rive gauche de la Mattervispa, la rivi\u00e8re qui descend des glaciers de Zermatt. Il faut dire que ces villages ne sont pas toujours d&rsquo;un acc\u00e8s ais\u00e9 : il en va ainsi de Jungen (ou Jungu, en patois de la r\u00e9gion) : seul un t\u00e9l\u00e9ph\u00e9rique improbable ou l&rsquo;h\u00e9licopt\u00e8re (tr\u00e8s utilis\u00e9 pour la construction) permettent l&rsquo;acc\u00e8s \u00e0 la vingtaine de maisons qui constitue le hameau de Jungu.<\/p>\n<p><a href=\"http:\/\/www.lesmonts.ch\/wp_fr\/wp-content\/uploads\/2015\/07\/Jungu-heli.jpg\"><img loading=\"lazy\" decoding=\"async\" class=\"aligncenter size-medium wp-image-4358\" src=\"http:\/\/www.lesmonts.ch\/wp_fr\/wp-content\/uploads\/2015\/07\/Jungu-heli-300x200.jpg\" alt=\"Jungu-heli\" width=\"300\" height=\"200\" srcset=\"https:\/\/www.lesmonts.ch\/wp_fr\/wp-content\/uploads\/2015\/07\/Jungu-heli-300x200.jpg 300w, https:\/\/www.lesmonts.ch\/wp_fr\/wp-content\/uploads\/2015\/07\/Jungu-heli-1024x682.jpg 1024w, https:\/\/www.lesmonts.ch\/wp_fr\/wp-content\/uploads\/2015\/07\/Jungu-heli.jpg 1400w\" sizes=\"auto, (max-width: 300px) 100vw, 300px\" \/><\/a>Pour emprunter le t\u00e9l\u00e9ph\u00e9rique, il faut disposer de quelques informations pr\u00e9alables, car il n&rsquo;est pas facile \u00e0 trouver ! Et d&rsquo;ailleurs, les autochtones n&rsquo;ont pas forc\u00e9ment envie de faire de la publicit\u00e9, \u00e0 ce qu&rsquo;il semble. A l&rsquo;entr\u00e9e de Saint Nicolas (en venant de Vi\u00e8ge), se diriger vers le village rive gauche (traverser la Mattervispa), et se diriger vers la gare; un passage sous voies \u00e9troit et une route non moins exig\u00fce \u00e0 droite permet de gagner un petit parking\u00a0 o\u00f9 l&rsquo;on laissera la voiture si on y trouve la place. Une alternative int\u00e9ressante est de venir en train, la gare est \u00e0 3 minutes du d\u00e9part de la t\u00e9l\u00e9cabine, et on aura moins de probl\u00e8mes pour r\u00e9cup\u00e9rer la voiture apr\u00e8s la promenade.<\/p>\n<p>Apr\u00e8s la mont\u00e9e vers Jungu dans la (oui, au singulier, il n&rsquo;y en a qu&rsquo;une) cabine 4 places, la randonn\u00e9e commence r\u00e9ellement.<\/p>\n<p><a href=\"http:\/\/www.lesmonts.ch\/wp_fr\/wp-content\/uploads\/2015\/07\/jungu-dorf.jpg\"><img loading=\"lazy\" decoding=\"async\" class=\"aligncenter size-medium wp-image-4360\" src=\"http:\/\/www.lesmonts.ch\/wp_fr\/wp-content\/uploads\/2015\/07\/jungu-dorf-300x200.jpg\" alt=\"jungu-dorf\" width=\"300\" height=\"200\" srcset=\"https:\/\/www.lesmonts.ch\/wp_fr\/wp-content\/uploads\/2015\/07\/jungu-dorf-300x200.jpg 300w, https:\/\/www.lesmonts.ch\/wp_fr\/wp-content\/uploads\/2015\/07\/jungu-dorf-1024x682.jpg 1024w, https:\/\/www.lesmonts.ch\/wp_fr\/wp-content\/uploads\/2015\/07\/jungu-dorf.jpg 1400w\" sizes=\"auto, (max-width: 300px) 100vw, 300px\" \/><\/a>Ne vous fiez pas trop aux horaires indiqu\u00e9s sur les panneaux du tourisme p\u00e9destre suisse; au d\u00e9part de Jungu, la Moosalp est donn\u00e9e \u00e0 3h10 de distance. Marchez un petit quart d&rsquo;heure, et vous verrez que la Moosalp est d\u00e9sormais \u00e0 3h30 de distance. En r\u00e9alit\u00e9, 3h10 est sans doute faisable en pantoufles de gymnastique et en (tr\u00e8s) bonne forme physique. Quant \u00e0 moi, je pense que 4 heures est un horaire raisonnable pour qui veut s&rsquo;arr\u00eater de temps \u00e0 autre pour admirer la vue magnifique que propose cet itin\u00e9raire.<\/p>\n<p><a href=\"http:\/\/www.lesmonts.ch\/wp_fr\/wp-content\/uploads\/2015\/07\/jungu-weiss.jpg\"><img loading=\"lazy\" decoding=\"async\" class=\"aligncenter size-medium wp-image-4361\" src=\"http:\/\/www.lesmonts.ch\/wp_fr\/wp-content\/uploads\/2015\/07\/jungu-weiss-300x200.jpg\" alt=\"jungu-weiss\" width=\"300\" height=\"200\" srcset=\"https:\/\/www.lesmonts.ch\/wp_fr\/wp-content\/uploads\/2015\/07\/jungu-weiss-300x200.jpg 300w, https:\/\/www.lesmonts.ch\/wp_fr\/wp-content\/uploads\/2015\/07\/jungu-weiss-1024x682.jpg 1024w, https:\/\/www.lesmonts.ch\/wp_fr\/wp-content\/uploads\/2015\/07\/jungu-weiss.jpg 1400w\" sizes=\"auto, (max-width: 300px) 100vw, 300px\" \/><\/a>Les plus beaux coups d\u2019\u0153il sont pour le Weisshorn, avec le Brunegghorn et le Bishorn pour fid\u00e8les commensaux. Mais le fond de la vall\u00e9e de Zermatt (Breithorn, Castor, Pollux, Lyskamm) n&rsquo;est pas en reste, ainsi que les Mischabel tout proches (Dom, Nadelhorn, Hohberghorn)<\/p>\n<p><a href=\"http:\/\/www.lesmonts.ch\/wp_fr\/wp-content\/uploads\/2015\/07\/jungu-misch.jpg\"><img loading=\"lazy\" decoding=\"async\" class=\"aligncenter size-medium wp-image-4362\" src=\"http:\/\/www.lesmonts.ch\/wp_fr\/wp-content\/uploads\/2015\/07\/jungu-misch-300x201.jpg\" alt=\"jungu-misch\" width=\"300\" height=\"201\" srcset=\"https:\/\/www.lesmonts.ch\/wp_fr\/wp-content\/uploads\/2015\/07\/jungu-misch-300x201.jpg 300w, https:\/\/www.lesmonts.ch\/wp_fr\/wp-content\/uploads\/2015\/07\/jungu-misch-1024x686.jpg 1024w, https:\/\/www.lesmonts.ch\/wp_fr\/wp-content\/uploads\/2015\/07\/jungu-misch.jpg 1400w\" sizes=\"auto, (max-width: 300px) 100vw, 300px\" \/><\/a><\/p>\n<p><a href=\"http:\/\/www.lesmonts.ch\/wp_fr\/wp-content\/uploads\/2015\/07\/Jungu-pano.jpg\"><img loading=\"lazy\" decoding=\"async\" class=\"aligncenter size-medium wp-image-4359\" src=\"http:\/\/www.lesmonts.ch\/wp_fr\/wp-content\/uploads\/2015\/07\/Jungu-pano-300x84.jpg\" alt=\"Jungu-pano\" width=\"300\" height=\"84\" srcset=\"https:\/\/www.lesmonts.ch\/wp_fr\/wp-content\/uploads\/2015\/07\/Jungu-pano-300x84.jpg 300w, https:\/\/www.lesmonts.ch\/wp_fr\/wp-content\/uploads\/2015\/07\/Jungu-pano-1024x288.jpg 1024w, https:\/\/www.lesmonts.ch\/wp_fr\/wp-content\/uploads\/2015\/07\/Jungu-pano.jpg 1400w\" sizes=\"auto, (max-width: 300px) 100vw, 300px\" \/><\/a>La premi\u00e8re demi-heure de marche est assez expos\u00e9e : le faux-pas est fortement d\u00e9conseill\u00e9, voire interdit, bien que le chemin soit dans un \u00e9tat irr\u00e9prochable. Les indications sont suffisamment pr\u00e9cises pour que le GPS ne soit d&rsquo;aucune utilit\u00e9. Apr\u00e8s le passage d&rsquo;un grand couloir \u00e0 avalanches descendant de l&rsquo;Augstbordhorn, on rejoint apr\u00e8s une courte grimpette un bisse abandonn\u00e9 que l&rsquo;on suit jusqu&rsquo;\u00e0 un panneau indicateur qui nous invite \u00e0 suivre une route descendante. Il vaut mieux continuer le long du bisse qui m\u00e8ne horizontalement jusqu&rsquo;\u00e0 Moosalp. La route descendante y parvient \u00e9galement, mais impose une remont\u00e9e suppl\u00e9mentaire \u00e0 travers un p\u00e2turage au-dessus du village de T\u00f6rbel.<\/p>\n<p>Il y a deux restaurants \u00e0 l&rsquo;arriv\u00e9e \u00e0 Moosalp; je n&rsquo;ai test\u00e9 que celui en contrebas de la route, mais l&rsquo;accueil y \u00e9tait correct et sympathique. Il faut n\u00e9anmoins se renseigner sur les horaires des cars postaux pour Stalden ou Visp : ces cars ne sont pas tr\u00e8s nombreux, et il serait d\u00e9licat de manquer le dernier, car il n&rsquo;y a gu\u00e8re de possibilit\u00e9s d&rsquo;h\u00e9bergement \u00e0 Moosalp ou \u00e0 T\u00f6rbel (un petit h\u00f4tel \u00e0 ma connaissance). En revanche, si vous \u00eates en avance, la promenade du Bonigersee (1 heure aller et retour)\u00a0 vous permettra d&rsquo;ajouter encore quelques beaux points de vue \u00e0 votre palmar\u00e8s, ainsi qu&rsquo;un charmant petit lac de montagne.<\/p>\n<p>&nbsp;<\/p>\n<p>&nbsp;<\/p>\n","protected":false},"excerpt":{"rendered":"<p>Saint Nicolas dans le Mattertal n&rsquo;est pour la plupart des touristes que nous sommes qu&rsquo;une \u00e9tape vers Gr\u00e4chen ou vers Zermatt. Peu de gens s&rsquo;y arr\u00eatent, et encore moins de personnes n&rsquo;ont la curiosit\u00e9 de s&rsquo;enqu\u00e9rir de l&rsquo;identit\u00e9 des quelques rares villages perch\u00e9s de mani\u00e8re improbable rive gauche de la Mattervispa, la rivi\u00e8re qui descend &hellip; <a href=\"https:\/\/www.lesmonts.ch\/wp_fr\/randonnees\/randonnees-estivales\/jungu-moosalp\/\" class=\"more-link\">Continuer la lecture de <span class=\"screen-reader-text\">Jungu-Moosalp<\/span>  <span class=\"meta-nav\">&rarr;<\/span><\/a><\/p>\n","protected":false},"author":1,"featured_media":0,"parent":40,"menu_order":0,"comment_status":"open","ping_status":"open","template":"","meta":{"_crdt_document":"","ngg_post_thumbnail":0,"footnotes":""},"class_list":["post-4357","page","type-page","status-publish","hentry"],"_links":{"self":[{"href":"https:\/\/www.lesmonts.ch\/wp_fr\/wp-json\/wp\/v2\/pages\/4357","targetHints":{"allow":["GET"]}}],"collection":[{"href":"https:\/\/www.lesmonts.ch\/wp_fr\/wp-json\/wp\/v2\/pages"}],"about":[{"href":"https:\/\/www.lesmonts.ch\/wp_fr\/wp-json\/wp\/v2\/types\/page"}],"author":[{"embeddable":true,"href":"https:\/\/www.lesmonts.ch\/wp_fr\/wp-json\/wp\/v2\/users\/1"}],"replies":[{"embeddable":true,"href":"https:\/\/www.lesmonts.ch\/wp_fr\/wp-json\/wp\/v2\/comments?post=4357"}],"version-history":[{"count":2,"href":"https:\/\/www.lesmonts.ch\/wp_fr\/wp-json\/wp\/v2\/pages\/4357\/revisions"}],"predecessor-version":[{"id":4365,"href":"https:\/\/www.lesmonts.ch\/wp_fr\/wp-json\/wp\/v2\/pages\/4357\/revisions\/4365"}],"up":[{"embeddable":true,"href":"https:\/\/www.lesmonts.ch\/wp_fr\/wp-json\/wp\/v2\/pages\/40"}],"wp:attachment":[{"href":"https:\/\/www.lesmonts.ch\/wp_fr\/wp-json\/wp\/v2\/media?parent=4357"}],"curies":[{"name":"wp","href":"https:\/\/api.w.org\/{rel}","templated":true}]}}