{"id":435,"date":"2014-07-30T15:47:55","date_gmt":"2014-07-30T14:47:55","guid":{"rendered":"http:\/\/www.lesmonts.ch\/wp_fr\/?page_id=435"},"modified":"2019-01-28T21:04:45","modified_gmt":"2019-01-28T20:04:45","slug":"jokulsarlon","status":"publish","type":"page","link":"https:\/\/www.lesmonts.ch\/wp_fr\/voyages\/islande\/jokulsarlon\/","title":{"rendered":"Jokulsarlon"},"content":{"rendered":"<p>Jokulsarlon signifie \u00ab\u00a0lac glaciaire\u00a0\u00bb. Le troisi\u00e8me glacier de la plan\u00e8te, le Vatnajokull, se jette dans la mer via un lac glaciaire qui charrie en permanence des blocs de glace. Le lac est reli\u00e9 \u00e0 la mer par un petit chenal d&rsquo;une dizaine de m\u00e8tres de large, ce qui permet au lac de rester plus froid que la mer et de conserver les gla\u00e7ons intacts plus longtemps. Plusieurs films on \u00e9t\u00e9 tourn\u00e9s sur ce lac, entre autres un James Bond avec Pierce Brosnan et Halle Berry.<\/p>\n<p>Beaucoup d&rsquo;oiseaux autour du lac; des sternes, des labbes, des canards, des \u00e9chassiers en grand nombre. En p\u00e9riode de nidification, ils deviennent agressifs, surtout les labbes qui attaquent en piqu\u00e9; en g\u00e9n\u00e9ral, ils ne frappent pas, mais cela reste assez impressionnant&#8230;<\/p>\nngg_shortcode_0_placeholder\n","protected":false},"excerpt":{"rendered":"<p>Jokulsarlon signifie \u00ab\u00a0lac glaciaire\u00a0\u00bb. Le troisi\u00e8me glacier de la plan\u00e8te, le Vatnajokull, se jette dans la mer via un lac glaciaire qui charrie en permanence des blocs de glace. Le lac est reli\u00e9 \u00e0 la mer par un petit chenal d&rsquo;une dizaine de m\u00e8tres de large, ce qui permet au lac de rester plus froid &hellip; <a href=\"https:\/\/www.lesmonts.ch\/wp_fr\/voyages\/islande\/jokulsarlon\/\" class=\"more-link\">Continuer la lecture de <span class=\"screen-reader-text\">Jokulsarlon<\/span>  <span class=\"meta-nav\">&rarr;<\/span><\/a><\/p>\n","protected":false},"author":1,"featured_media":0,"parent":373,"menu_order":0,"comment_status":"open","ping_status":"open","template":"","meta":{"_crdt_document":"","ngg_post_thumbnail":0,"footnotes":""},"class_list":["post-435","page","type-page","status-publish","hentry"],"_links":{"self":[{"href":"https:\/\/www.lesmonts.ch\/wp_fr\/wp-json\/wp\/v2\/pages\/435","targetHints":{"allow":["GET"]}}],"collection":[{"href":"https:\/\/www.lesmonts.ch\/wp_fr\/wp-json\/wp\/v2\/pages"}],"about":[{"href":"https:\/\/www.lesmonts.ch\/wp_fr\/wp-json\/wp\/v2\/types\/page"}],"author":[{"embeddable":true,"href":"https:\/\/www.lesmonts.ch\/wp_fr\/wp-json\/wp\/v2\/users\/1"}],"replies":[{"embeddable":true,"href":"https:\/\/www.lesmonts.ch\/wp_fr\/wp-json\/wp\/v2\/comments?post=435"}],"version-history":[{"count":3,"href":"https:\/\/www.lesmonts.ch\/wp_fr\/wp-json\/wp\/v2\/pages\/435\/revisions"}],"predecessor-version":[{"id":6243,"href":"https:\/\/www.lesmonts.ch\/wp_fr\/wp-json\/wp\/v2\/pages\/435\/revisions\/6243"}],"up":[{"embeddable":true,"href":"https:\/\/www.lesmonts.ch\/wp_fr\/wp-json\/wp\/v2\/pages\/373"}],"wp:attachment":[{"href":"https:\/\/www.lesmonts.ch\/wp_fr\/wp-json\/wp\/v2\/media?parent=435"}],"curies":[{"name":"wp","href":"https:\/\/api.w.org\/{rel}","templated":true}]}}