{"id":431,"date":"2014-07-30T15:10:20","date_gmt":"2014-07-30T14:10:20","guid":{"rendered":"http:\/\/www.lesmonts.ch\/wp_fr\/?page_id=431"},"modified":"2019-01-28T21:03:41","modified_gmt":"2019-01-28T20:03:41","slug":"reykjavik-et-environs","status":"publish","type":"page","link":"https:\/\/www.lesmonts.ch\/wp_fr\/voyages\/islande\/reykjavik-et-environs\/","title":{"rendered":"Reykjavik et environs"},"content":{"rendered":"<p>L&rsquo;avion se pose \u00e0 l&rsquo;a\u00e9roport de Keflavik, \u00e0 une heure de Reykjavik en bus. La premi\u00e8re surprise est sans doute le go\u00fbt de l&rsquo;eau du robinet : on se rend imm\u00e9diatement compte que l&rsquo;on est dans une r\u00e9gion volcanique !<\/p>\n<p>Reykjavik est la plus grande ville du pays, avec 120000 habitants en 2014. A 200 km du cercle polaire, les nuits sont pratiquement inexistantes l&rsquo;\u00e9t\u00e9. Les gens qui visitent l&rsquo;\u00eele partent g\u00e9n\u00e9ralement, sit\u00f4t leur v\u00e9hicule de location disponible, sur la route par le Sud, en direction de Skaftafell et Jokulsarlon.<\/p>\n<p>&nbsp;<\/p>\n\n\nngg_shortcode_0_placeholder\n","protected":false},"excerpt":{"rendered":"<p>L&rsquo;avion se pose \u00e0 l&rsquo;a\u00e9roport de Keflavik, \u00e0 une heure de Reykjavik en bus. La premi\u00e8re surprise est sans doute le go\u00fbt de l&rsquo;eau du robinet : on se rend imm\u00e9diatement compte que l&rsquo;on est dans une r\u00e9gion volcanique ! Reykjavik est la plus grande ville du pays, avec 120000 habitants en 2014. A 200 &hellip; <a href=\"https:\/\/www.lesmonts.ch\/wp_fr\/voyages\/islande\/reykjavik-et-environs\/\" class=\"more-link\">Continuer la lecture de <span class=\"screen-reader-text\">Reykjavik et environs<\/span>  <span class=\"meta-nav\">&rarr;<\/span><\/a><\/p>\n","protected":false},"author":1,"featured_media":0,"parent":373,"menu_order":0,"comment_status":"open","ping_status":"open","template":"","meta":{"_crdt_document":"","ngg_post_thumbnail":0,"footnotes":""},"class_list":["post-431","page","type-page","status-publish","hentry"],"_links":{"self":[{"href":"https:\/\/www.lesmonts.ch\/wp_fr\/wp-json\/wp\/v2\/pages\/431","targetHints":{"allow":["GET"]}}],"collection":[{"href":"https:\/\/www.lesmonts.ch\/wp_fr\/wp-json\/wp\/v2\/pages"}],"about":[{"href":"https:\/\/www.lesmonts.ch\/wp_fr\/wp-json\/wp\/v2\/types\/page"}],"author":[{"embeddable":true,"href":"https:\/\/www.lesmonts.ch\/wp_fr\/wp-json\/wp\/v2\/users\/1"}],"replies":[{"embeddable":true,"href":"https:\/\/www.lesmonts.ch\/wp_fr\/wp-json\/wp\/v2\/comments?post=431"}],"version-history":[{"count":3,"href":"https:\/\/www.lesmonts.ch\/wp_fr\/wp-json\/wp\/v2\/pages\/431\/revisions"}],"predecessor-version":[{"id":6242,"href":"https:\/\/www.lesmonts.ch\/wp_fr\/wp-json\/wp\/v2\/pages\/431\/revisions\/6242"}],"up":[{"embeddable":true,"href":"https:\/\/www.lesmonts.ch\/wp_fr\/wp-json\/wp\/v2\/pages\/373"}],"wp:attachment":[{"href":"https:\/\/www.lesmonts.ch\/wp_fr\/wp-json\/wp\/v2\/media?parent=431"}],"curies":[{"name":"wp","href":"https:\/\/api.w.org\/{rel}","templated":true}]}}