{"id":4300,"date":"2015-05-27T18:00:33","date_gmt":"2015-05-27T17:00:33","guid":{"rendered":"http:\/\/www.lesmonts.ch\/wp_fr\/?page_id=4300"},"modified":"2015-05-27T18:00:33","modified_gmt":"2015-05-27T17:00:33","slug":"le-brevent-et-le-lac-cornu","status":"publish","type":"page","link":"https:\/\/www.lesmonts.ch\/wp_fr\/randonnees\/randonnees-estivales\/le-brevent-et-le-lac-cornu\/","title":{"rendered":"Le Br\u00e9vent et le lac Cornu"},"content":{"rendered":"<p>Le Br\u00e9vent est l&rsquo;une des destinations touristiques les plus connues pour les touristes s\u00e9journant \u00e0 Chamonix et d\u00e9sireux de b\u00e9n\u00e9ficier d&rsquo;un magnifique point de vue sur le versant Nord du massif du Mont Blanc. Le Br\u00e9vent fait partie du massif des aiguilles rouges de Chamonix, et est accessible par t\u00e9l\u00e9cabine (secteur Chamonix-Planpraz) et t\u00e9l\u00e9ph\u00e9rique (Planpraz-Br\u00e9vent).<\/p>\n<p>Une promenade sympathique au d\u00e9part de la station interm\u00e9diaire de Planpraz permet de rejoindre le lac Cornu, voire le lac Noir par une mont\u00e9e tranquille dans des pentes fleuries et peupl\u00e9es de marmottes et de bouquetins. De la station interm\u00e9diaire, monter \u00e0 pied en direction du Br\u00e9vent (panneaux indicateurs) jusqu&rsquo;\u00e0 une bifurcation o\u00f9 le chemin du lac Cornu est clairement indiqu\u00e9.<\/p>\n<figure id=\"attachment_4311\" aria-describedby=\"caption-attachment-4311\" style=\"width: 300px\" class=\"wp-caption aligncenter\"><a href=\"http:\/\/www.lesmonts.ch\/wp_fr\/wp-content\/uploads\/2015\/05\/LacCornu.jpg\"><img loading=\"lazy\" decoding=\"async\" class=\"size-medium wp-image-4311\" src=\"http:\/\/www.lesmonts.ch\/wp_fr\/wp-content\/uploads\/2015\/05\/LacCornu-300x200.jpg\" alt=\"Lac Cornu, Aiguilles Rouges de Chamonix\" width=\"300\" height=\"200\" srcset=\"https:\/\/www.lesmonts.ch\/wp_fr\/wp-content\/uploads\/2015\/05\/LacCornu-300x200.jpg 300w, https:\/\/www.lesmonts.ch\/wp_fr\/wp-content\/uploads\/2015\/05\/LacCornu-1024x681.jpg 1024w, https:\/\/www.lesmonts.ch\/wp_fr\/wp-content\/uploads\/2015\/05\/LacCornu.jpg 1400w\" sizes=\"auto, (max-width: 300px) 100vw, 300px\" \/><\/a><figcaption id=\"caption-attachment-4311\" class=\"wp-caption-text\">Lac Cornu, Aiguilles Rouges de Chamonix<\/figcaption><\/figure>\n<figure id=\"attachment_4313\" aria-describedby=\"caption-attachment-4313\" style=\"width: 300px\" class=\"wp-caption aligncenter\"><a href=\"http:\/\/www.lesmonts.ch\/wp_fr\/wp-content\/uploads\/2015\/05\/LacCornu2.jpg\"><img loading=\"lazy\" decoding=\"async\" class=\"size-medium wp-image-4313\" src=\"http:\/\/www.lesmonts.ch\/wp_fr\/wp-content\/uploads\/2015\/05\/LacCornu2-300x155.jpg\" alt=\"Le Mont Blanc, du lac Cornu\" width=\"300\" height=\"155\" srcset=\"https:\/\/www.lesmonts.ch\/wp_fr\/wp-content\/uploads\/2015\/05\/LacCornu2-300x155.jpg 300w, https:\/\/www.lesmonts.ch\/wp_fr\/wp-content\/uploads\/2015\/05\/LacCornu2-1024x529.jpg 1024w, https:\/\/www.lesmonts.ch\/wp_fr\/wp-content\/uploads\/2015\/05\/LacCornu2.jpg 1400w\" sizes=\"auto, (max-width: 300px) 100vw, 300px\" \/><\/a><figcaption id=\"caption-attachment-4313\" class=\"wp-caption-text\">Le Mont Blanc, du lac Cornu<\/figcaption><\/figure>\n<p>Depuis le lac, situ\u00e9 en contrebas du col Cornu, les photographes pourront s&rsquo;amuser \u00e0 jouer du reflet du Mont Blanc dans l&rsquo;eau sombre du lac. Il est aussi possible de gagner les lacs Noirs, en une bonne heure de marche suppl\u00e9mentaire, nettement plus haut que le lac Cornu, et de ce fait souvent encombr\u00e9s de glaces et de n\u00e9v\u00e9s.<\/p>\n<figure id=\"attachment_4312\" aria-describedby=\"caption-attachment-4312\" style=\"width: 300px\" class=\"wp-caption aligncenter\"><a href=\"http:\/\/www.lesmonts.ch\/wp_fr\/wp-content\/uploads\/2015\/05\/LacNoir.jpg\"><img loading=\"lazy\" decoding=\"async\" class=\"size-medium wp-image-4312\" src=\"http:\/\/www.lesmonts.ch\/wp_fr\/wp-content\/uploads\/2015\/05\/LacNoir-300x200.jpg\" alt=\"Le lac Noir sous les glaces en juillet\" width=\"300\" height=\"200\" srcset=\"https:\/\/www.lesmonts.ch\/wp_fr\/wp-content\/uploads\/2015\/05\/LacNoir-300x200.jpg 300w, https:\/\/www.lesmonts.ch\/wp_fr\/wp-content\/uploads\/2015\/05\/LacNoir-1024x681.jpg 1024w, https:\/\/www.lesmonts.ch\/wp_fr\/wp-content\/uploads\/2015\/05\/LacNoir.jpg 1400w\" sizes=\"auto, (max-width: 300px) 100vw, 300px\" \/><\/a><figcaption id=\"caption-attachment-4312\" class=\"wp-caption-text\">Le lac Noir sous les glaces en juillet<\/figcaption><\/figure>\n<p><a href=\"http:\/\/www.lesmonts.ch\/wp_fr\/wp-content\/uploads\/2015\/05\/Bouquetin.jpg\"><img loading=\"lazy\" decoding=\"async\" class=\"aligncenter size-medium wp-image-4314\" src=\"http:\/\/www.lesmonts.ch\/wp_fr\/wp-content\/uploads\/2015\/05\/Bouquetin-300x101.jpg\" alt=\"Bouquetin\" width=\"300\" height=\"101\" srcset=\"https:\/\/www.lesmonts.ch\/wp_fr\/wp-content\/uploads\/2015\/05\/Bouquetin-300x101.jpg 300w, https:\/\/www.lesmonts.ch\/wp_fr\/wp-content\/uploads\/2015\/05\/Bouquetin-1024x346.jpg 1024w, https:\/\/www.lesmonts.ch\/wp_fr\/wp-content\/uploads\/2015\/05\/Bouquetin.jpg 1400w\" sizes=\"auto, (max-width: 300px) 100vw, 300px\" \/><\/a>La descente se fait g\u00e9n\u00e9ralement par le m\u00eame itin\u00e9raire; mais pour des randonneurs bien \u00e9quip\u00e9s et bien entra\u00een\u00e9s, <a href=\"http:\/\/www.camptocamp.org\/routes\/238083\/fr\/lacs-noirs-la-tournee-des-lacs-des-aiguilles-rouges\">de nombreuses variantes de travers\u00e9es dans les aiguilles rouges<\/a> sont envisageables, parfois tr\u00e8s longues.<\/p>\n","protected":false},"excerpt":{"rendered":"<p>Le Br\u00e9vent est l&rsquo;une des destinations touristiques les plus connues pour les touristes s\u00e9journant \u00e0 Chamonix et d\u00e9sireux de b\u00e9n\u00e9ficier d&rsquo;un magnifique point de vue sur le versant Nord du massif du Mont Blanc. Le Br\u00e9vent fait partie du massif des aiguilles rouges de Chamonix, et est accessible par t\u00e9l\u00e9cabine (secteur Chamonix-Planpraz) et t\u00e9l\u00e9ph\u00e9rique (Planpraz-Br\u00e9vent). &hellip; <a href=\"https:\/\/www.lesmonts.ch\/wp_fr\/randonnees\/randonnees-estivales\/le-brevent-et-le-lac-cornu\/\" class=\"more-link\">Continuer la lecture de <span class=\"screen-reader-text\">Le Br\u00e9vent et le lac Cornu<\/span>  <span class=\"meta-nav\">&rarr;<\/span><\/a><\/p>\n","protected":false},"author":1,"featured_media":0,"parent":40,"menu_order":0,"comment_status":"open","ping_status":"open","template":"","meta":{"_crdt_document":"","ngg_post_thumbnail":0,"footnotes":""},"class_list":["post-4300","page","type-page","status-publish","hentry"],"_links":{"self":[{"href":"https:\/\/www.lesmonts.ch\/wp_fr\/wp-json\/wp\/v2\/pages\/4300","targetHints":{"allow":["GET"]}}],"collection":[{"href":"https:\/\/www.lesmonts.ch\/wp_fr\/wp-json\/wp\/v2\/pages"}],"about":[{"href":"https:\/\/www.lesmonts.ch\/wp_fr\/wp-json\/wp\/v2\/types\/page"}],"author":[{"embeddable":true,"href":"https:\/\/www.lesmonts.ch\/wp_fr\/wp-json\/wp\/v2\/users\/1"}],"replies":[{"embeddable":true,"href":"https:\/\/www.lesmonts.ch\/wp_fr\/wp-json\/wp\/v2\/comments?post=4300"}],"version-history":[{"count":2,"href":"https:\/\/www.lesmonts.ch\/wp_fr\/wp-json\/wp\/v2\/pages\/4300\/revisions"}],"predecessor-version":[{"id":4315,"href":"https:\/\/www.lesmonts.ch\/wp_fr\/wp-json\/wp\/v2\/pages\/4300\/revisions\/4315"}],"up":[{"embeddable":true,"href":"https:\/\/www.lesmonts.ch\/wp_fr\/wp-json\/wp\/v2\/pages\/40"}],"wp:attachment":[{"href":"https:\/\/www.lesmonts.ch\/wp_fr\/wp-json\/wp\/v2\/media?parent=4300"}],"curies":[{"name":"wp","href":"https:\/\/api.w.org\/{rel}","templated":true}]}}