{"id":4290,"date":"2015-05-24T15:54:33","date_gmt":"2015-05-24T14:54:33","guid":{"rendered":"http:\/\/www.lesmonts.ch\/wp_fr\/?page_id=4290"},"modified":"2015-05-24T18:12:20","modified_gmt":"2015-05-24T17:12:20","slug":"promenade-dans-les-gorges-de-lardeche","status":"publish","type":"page","link":"https:\/\/www.lesmonts.ch\/wp_fr\/randonnees\/randonnees-estivales\/promenade-dans-les-gorges-de-lardeche\/","title":{"rendered":"Promenade dans les gorges de l&rsquo;Ard\u00e8che"},"content":{"rendered":"<p>L&rsquo; <a href=\"http:\/\/fr.wikipedia.org\/wiki\/Ard%C3%A8che_%28d%C3%A9partement%29\">Ard\u00e8che<\/a>, c&rsquo;est avant tout les gorges pour une descente en cano\u00eb-kayak; certains week-ends prolong\u00e9s (Pentec\u00f4te, par exemple), on se croirait dans les environs de Lausanne ou Gen\u00e8ve dans les gorges de l&rsquo;Ard\u00e8che, tant les amateurs suisses de cette descente sont nombreux ! A tel point que dans certains passages, les autorit\u00e9s postent des C.R.S. pour r\u00e9gler le trafic des cano\u00ebs ! De quoi rendre quelque peu r\u00e9ticent m\u00eame les amateurs les plus convaincus&#8230;<\/p>\n<p>Mais l&rsquo;Ard\u00e8che, c&rsquo;est beaucoup plus que la descente des gorges, surtout depuis l&rsquo;ouverture de <a href=\"http:\/\/www.cavernedupontdarc.fr\/\" target=\"_blank\">la r\u00e9plique de la grotte Chauvet<\/a> en avril 2015. Une visite \u00e0 ne pas manquer, et qui justifie \u00e0 elle seule le d\u00e9placement : depuis Vallon Pont d&rsquo;Arc, le site est bien indiqu\u00e9 \u00ab\u00a0Caverne du Pont d&rsquo;Arc &#8211; Ard\u00e8che\u00a0\u00bb, et se trouve sur une cr\u00eate bois\u00e9e entre Vallon Pont d&rsquo;Arc et Saint-Rem\u00e8ze, dominant la vall\u00e9e de l&rsquo;Ibie. Il faut absolument visiter ce site, et se laisser emporter par l&rsquo;\u00e9motion de la d\u00e9couverte de cette \u0153uvre incroyable qui nous vient de plus de 360 si\u00e8cles dans le pass\u00e9. Pensez \u00e0 ceux qui les premiers ont d\u00e9couvert, \u00e0 la lueur de leur lampe frontale, ces \u0153uvres d&rsquo;art que peut-\u00eatre personne n&rsquo;avait vu depuis leur cr\u00e9ation, et encore \u00e0 la lueur incertaine de torch\u00e8res ou de feux de bois dont les tisons auront peut-\u00eatre servi \u00e0 la r\u00e9alisation des dessins !<\/p>\n<p><a href=\"http:\/\/www.lesmonts.ch\/wp_fr\/wp-content\/uploads\/2015\/05\/Caverne.jpg\"><img loading=\"lazy\" decoding=\"async\" class=\"aligncenter size-medium wp-image-4291\" src=\"http:\/\/www.lesmonts.ch\/wp_fr\/wp-content\/uploads\/2015\/05\/Caverne-300x157.jpg\" alt=\"Caverne\" width=\"300\" height=\"157\" srcset=\"https:\/\/www.lesmonts.ch\/wp_fr\/wp-content\/uploads\/2015\/05\/Caverne-300x157.jpg 300w, https:\/\/www.lesmonts.ch\/wp_fr\/wp-content\/uploads\/2015\/05\/Caverne-1024x535.jpg 1024w, https:\/\/www.lesmonts.ch\/wp_fr\/wp-content\/uploads\/2015\/05\/Caverne.jpg 1400w\" sizes=\"auto, (max-width: 300px) 100vw, 300px\" \/><\/a><\/p>\n<p>On peut aimer ou non l&rsquo;esth\u00e9tique du site, mais la r\u00e9plique de la caverne est exceptionnelle ! On peut regretter les 55 millions qu&rsquo;a co\u00fbt\u00e9 la construction, mais apr\u00e8s tout, ce n&rsquo;est que le tiers du co\u00fbt d&rsquo;un stade de football, pour ne rien dire d&rsquo;un avion de combat ou d&rsquo;une tour aberrante au Moyen Orient&#8230;<\/p>\n<p>Le lendemain, pour jouir d&rsquo;une promenade sympathique dans le cadre grandiose des gorges de l&rsquo;Ard\u00e8che, je vous propose la petite randonn\u00e9e des gorges par le dolmen de Chanet. Environ 6 kilom\u00e8tres avec 200 m\u00e8tres de d\u00e9nivel\u00e9 positif et n\u00e9gatif pour 2h30 \u00e0 3 heures de parcours, plus si une baignade dans l&rsquo;Ard\u00e8che semble indiqu\u00e9e \u00e0 l&rsquo;arriv\u00e9e au bivouac de Gournier.<\/p>\n<p>De Vallon Pont d&rsquo;Arc, revenir vers le site de la Caverne du Pont d&rsquo;Arc, puis poursuivre vers le village de Saint Rem\u00e8ze que l&rsquo;on traversera enti\u00e8rement en direction de Bourg St. And\u00e9ol et Pierrelatte. A la sortie du village de Saint Rem\u00e8ze, emprunter la D201 en direction du zoo pr\u00e9historique, puis la D 590 en direction de la grotte de la Madeleine, jusqu&rsquo;\u00e0 une ancienne maison foresti\u00e8re o\u00f9 l&rsquo;on peut parquer la voiture. De l\u00e0, le chemin est bien indiqu\u00e9 : partir en direction Nord et suivre le sentier d&rsquo;abord large, puis plus \u00e9troit et escarp\u00e9 apr\u00e8s la travers\u00e9e de la route des gorges. Quelques beaux points de vue, en particulier pr\u00e8s du dolmen.<\/p>\n<p><a href=\"http:\/\/www.lesmonts.ch\/wp_fr\/wp-content\/uploads\/2015\/05\/dolmen.jpg\"><img loading=\"lazy\" decoding=\"async\" class=\"aligncenter size-medium wp-image-4293\" src=\"http:\/\/www.lesmonts.ch\/wp_fr\/wp-content\/uploads\/2015\/05\/dolmen-300x188.jpg\" alt=\"dolmen\" width=\"300\" height=\"188\" srcset=\"https:\/\/www.lesmonts.ch\/wp_fr\/wp-content\/uploads\/2015\/05\/dolmen-300x188.jpg 300w, https:\/\/www.lesmonts.ch\/wp_fr\/wp-content\/uploads\/2015\/05\/dolmen.jpg 1000w\" sizes=\"auto, (max-width: 300px) 100vw, 300px\" \/><\/a><a href=\"http:\/\/www.lesmonts.ch\/wp_fr\/wp-content\/uploads\/2015\/05\/ardeche.jpg\"><img loading=\"lazy\" decoding=\"async\" class=\"aligncenter size-medium wp-image-4294\" src=\"http:\/\/www.lesmonts.ch\/wp_fr\/wp-content\/uploads\/2015\/05\/ardeche-300x200.jpg\" alt=\"ardeche\" width=\"300\" height=\"200\" srcset=\"https:\/\/www.lesmonts.ch\/wp_fr\/wp-content\/uploads\/2015\/05\/ardeche-300x200.jpg 300w, https:\/\/www.lesmonts.ch\/wp_fr\/wp-content\/uploads\/2015\/05\/ardeche-1024x682.jpg 1024w, https:\/\/www.lesmonts.ch\/wp_fr\/wp-content\/uploads\/2015\/05\/ardeche.jpg 1400w\" sizes=\"auto, (max-width: 300px) 100vw, 300px\" \/><\/a><\/p>\n<p>Le sentier longe ensuite la rivi\u00e8re pour arriver au bivouac de Gournier, o\u00f9 un bain agr\u00e9able dans l&rsquo;Ard\u00e8che peut s&rsquo;imposer; mais l&rsquo;endroit est tr\u00e8s fr\u00e9quent\u00e9&#8230;<\/p>\n<p>Il faut ensuite remonter par le bivouac de Gournier et la route goudronn\u00e9e raide vers le plateau; la partie probablement la moins agr\u00e9able du p\u00e9riple ! On retrouve son v\u00e9hicule 250 m\u00e8tres plus haut, apr\u00e8s avoir retravers\u00e9 la route des gorges par un petit tunnel.<\/p>\n<p>&nbsp;<\/p>\n<p>&nbsp;<\/p>\n<p>Une carte est <a href=\"http:\/\/www.randogps.net\/gps-rando-carte-ign.php?dep=7&amp;num=75&amp;lib_dep=ardeche&amp;meta=DOLMEN%20DE%20CHANET\" target=\"_blank\">disponible ici<\/a>.<\/p>\n<p>&nbsp;<\/p>\n","protected":false},"excerpt":{"rendered":"<p>L&rsquo; Ard\u00e8che, c&rsquo;est avant tout les gorges pour une descente en cano\u00eb-kayak; certains week-ends prolong\u00e9s (Pentec\u00f4te, par exemple), on se croirait dans les environs de Lausanne ou Gen\u00e8ve dans les gorges de l&rsquo;Ard\u00e8che, tant les amateurs suisses de cette descente sont nombreux ! A tel point que dans certains passages, les autorit\u00e9s postent des C.R.S. &hellip; <a href=\"https:\/\/www.lesmonts.ch\/wp_fr\/randonnees\/randonnees-estivales\/promenade-dans-les-gorges-de-lardeche\/\" class=\"more-link\">Continuer la lecture de <span class=\"screen-reader-text\">Promenade dans les gorges de l&rsquo;Ard\u00e8che<\/span>  <span class=\"meta-nav\">&rarr;<\/span><\/a><\/p>\n","protected":false},"author":1,"featured_media":0,"parent":40,"menu_order":0,"comment_status":"open","ping_status":"open","template":"","meta":{"_crdt_document":"","ngg_post_thumbnail":0,"footnotes":""},"class_list":["post-4290","page","type-page","status-publish","hentry"],"_links":{"self":[{"href":"https:\/\/www.lesmonts.ch\/wp_fr\/wp-json\/wp\/v2\/pages\/4290","targetHints":{"allow":["GET"]}}],"collection":[{"href":"https:\/\/www.lesmonts.ch\/wp_fr\/wp-json\/wp\/v2\/pages"}],"about":[{"href":"https:\/\/www.lesmonts.ch\/wp_fr\/wp-json\/wp\/v2\/types\/page"}],"author":[{"embeddable":true,"href":"https:\/\/www.lesmonts.ch\/wp_fr\/wp-json\/wp\/v2\/users\/1"}],"replies":[{"embeddable":true,"href":"https:\/\/www.lesmonts.ch\/wp_fr\/wp-json\/wp\/v2\/comments?post=4290"}],"version-history":[{"count":4,"href":"https:\/\/www.lesmonts.ch\/wp_fr\/wp-json\/wp\/v2\/pages\/4290\/revisions"}],"predecessor-version":[{"id":4299,"href":"https:\/\/www.lesmonts.ch\/wp_fr\/wp-json\/wp\/v2\/pages\/4290\/revisions\/4299"}],"up":[{"embeddable":true,"href":"https:\/\/www.lesmonts.ch\/wp_fr\/wp-json\/wp\/v2\/pages\/40"}],"wp:attachment":[{"href":"https:\/\/www.lesmonts.ch\/wp_fr\/wp-json\/wp\/v2\/media?parent=4290"}],"curies":[{"name":"wp","href":"https:\/\/api.w.org\/{rel}","templated":true}]}}