{"id":4285,"date":"2015-05-22T17:26:01","date_gmt":"2015-05-22T16:26:01","guid":{"rendered":"http:\/\/www.lesmonts.ch\/wp_fr\/?page_id=4285"},"modified":"2015-07-25T16:28:41","modified_gmt":"2015-07-25T14:28:41","slug":"enseignement","status":"publish","type":"page","link":"https:\/\/www.lesmonts.ch\/wp_fr\/page-d-exemple\/technologie\/enseignement\/","title":{"rendered":"Enseignement"},"content":{"rendered":"<p>Dans le cadre de l&rsquo;enseignement, beaucoup de cours divers ont \u00e9t\u00e9 donn\u00e9s pendant les vingt ans pass\u00e9s \u00e0 la Haute Ecole d&rsquo;Ing\u00e9ni\u00e9rie et de Gestion du Canton de Vaud. Dans cette \u00e9cole, les cours sont tr\u00e8s orient\u00e9s vers la pratique, ce qui implique des manipulations de laboratoire, des exercices, voire selon les cas de petits projets (manipulations de laboratoire particuli\u00e8rement ambitieuses avec une donn\u00e9e incompl\u00e8te).<\/p>\n<ul>\n<li><a href=\"http:\/\/www.lesmonts.ch\/wp_fr\/?page_id=4374\">Applications mobiles<\/a><\/li>\n<\/ul>\n","protected":false},"excerpt":{"rendered":"<p>Dans le cadre de l&rsquo;enseignement, beaucoup de cours divers ont \u00e9t\u00e9 donn\u00e9s pendant les vingt ans pass\u00e9s \u00e0 la Haute Ecole d&rsquo;Ing\u00e9ni\u00e9rie et de Gestion du Canton de Vaud. Dans cette \u00e9cole, les cours sont tr\u00e8s orient\u00e9s vers la pratique, ce qui implique des manipulations de laboratoire, des exercices, voire selon les cas de petits &hellip; <a href=\"https:\/\/www.lesmonts.ch\/wp_fr\/page-d-exemple\/technologie\/enseignement\/\" class=\"more-link\">Continuer la lecture de <span class=\"screen-reader-text\">Enseignement<\/span>  <span class=\"meta-nav\">&rarr;<\/span><\/a><\/p>\n","protected":false},"author":1,"featured_media":0,"parent":3999,"menu_order":0,"comment_status":"open","ping_status":"open","template":"","meta":{"_crdt_document":"","ngg_post_thumbnail":0,"footnotes":""},"class_list":["post-4285","page","type-page","status-publish","hentry"],"_links":{"self":[{"href":"https:\/\/www.lesmonts.ch\/wp_fr\/wp-json\/wp\/v2\/pages\/4285","targetHints":{"allow":["GET"]}}],"collection":[{"href":"https:\/\/www.lesmonts.ch\/wp_fr\/wp-json\/wp\/v2\/pages"}],"about":[{"href":"https:\/\/www.lesmonts.ch\/wp_fr\/wp-json\/wp\/v2\/types\/page"}],"author":[{"embeddable":true,"href":"https:\/\/www.lesmonts.ch\/wp_fr\/wp-json\/wp\/v2\/users\/1"}],"replies":[{"embeddable":true,"href":"https:\/\/www.lesmonts.ch\/wp_fr\/wp-json\/wp\/v2\/comments?post=4285"}],"version-history":[{"count":2,"href":"https:\/\/www.lesmonts.ch\/wp_fr\/wp-json\/wp\/v2\/pages\/4285\/revisions"}],"predecessor-version":[{"id":4376,"href":"https:\/\/www.lesmonts.ch\/wp_fr\/wp-json\/wp\/v2\/pages\/4285\/revisions\/4376"}],"up":[{"embeddable":true,"href":"https:\/\/www.lesmonts.ch\/wp_fr\/wp-json\/wp\/v2\/pages\/3999"}],"wp:attachment":[{"href":"https:\/\/www.lesmonts.ch\/wp_fr\/wp-json\/wp\/v2\/media?parent=4285"}],"curies":[{"name":"wp","href":"https:\/\/api.w.org\/{rel}","templated":true}]}}