{"id":4279,"date":"2015-05-22T10:27:42","date_gmt":"2015-05-22T09:27:42","guid":{"rendered":"http:\/\/www.lesmonts.ch\/wp_fr\/?page_id=4279"},"modified":"2017-09-03T11:52:24","modified_gmt":"2017-09-03T09:52:24","slug":"projets-rad","status":"publish","type":"page","link":"https:\/\/www.lesmonts.ch\/wp_fr\/page-d-exemple\/technologie\/projets-rad\/","title":{"rendered":"Projets Ra&#038;D"},"content":{"rendered":"<p>Beaucoup de projets de recherche et de d\u00e9veloppement ont \u00e9t\u00e9 d\u00e9velopp\u00e9s dans le cadre de l\u2019institut pour les technologies de l\u2019information de la Haute Ecole d\u2019Ing\u00e9nierie et de Gestion du canton de Vaud, en particulier dans l\u2019\u00e9quipe \u00ab&nbsp;User Aware&nbsp;\u00bb dont est responsable l\u2019auteur de ce site. On peut (assez rarement) retrouver les descriptifs techniques tr\u00e8s sommaires de ces projets sur les sites respectifs; mais en g\u00e9n\u00e9ral, on pr\u00e9f\u00e9rera se r\u00e9f\u00e9rer \u00e0 la description pr\u00e9sente localement, le site de l&rsquo;institut \u00e9tant peu mis \u00e0 jour et de fa\u00e7on souvent peu pertinente :<\/p>\n<p><a title=\"Institute of Information and Communication Technologies\" href=\"http:\/\/iict.heig-vd.ch\" target=\"_blank\" rel=\"noopener\">Institut IICT<\/a> :<\/p>\n<p><a title=\"Institute of Information and Communication Technologies\" href=\"http:\/\/iict.heig-vd.ch\" target=\"_blank\" rel=\"noopener\"><img loading=\"lazy\" decoding=\"async\" class=\"aligncenter wp-image-4000 \" src=\"http:\/\/www.lesmonts.ch\/wp_fr\/wp-content\/uploads\/2014\/09\/IICT_coul-signification-300x165.png\" alt=\"\" width=\"149\" height=\"68\"><\/a><\/p>\n<p>Groupe User Aware (le site a \u00e9t\u00e9 d\u00e9truit sans me laisser la possibilit\u00e9 de le r\u00e9cup\u00e9rer ais\u00e9ment):<\/p>\n<p><img loading=\"lazy\" decoding=\"async\" class=\"aligncenter wp-image-4001\" src=\"http:\/\/www.lesmonts.ch\/wp_fr\/wp-content\/uploads\/2014\/09\/logo-300x300.png\" alt=\"logo\" width=\"102\" height=\"123\">Dans le cadre du groupe User Aware, on s\u2019est concentr\u00e9 sur les technologies suivantes :<\/p>\n<ul>\n<li>Syst\u00e8mes r\u00e9partis et distribu\u00e9s<\/li>\n<li>Syst\u00e8mes mobiles<\/li>\n<li>S\u00e9curit\u00e9 des applications r\u00e9parties<\/li>\n<\/ul>\n<p>Le but de cette page n\u2019est pas de dupliquer l\u2019information \u00e9galement disponible sur les sites r\u00e9f\u00e9renc\u00e9s ci-dessus, mais d\u2019apporter une coloration non technique \u00e0 certains de ces projets, et d\u2019illustrer le chemin parfois d\u00e9tourn\u00e9 que doit emprunter une id\u00e9e pour parvenir \u00e0 devenir un produit; et parfois pas exactement le produit que l\u2019on attendait !<\/p>\n<ul>\n<li>Le projet <a title=\"Mobile Doctor\u2019s Desktop\" href=\"http:\/\/www.lesmonts.ch\/wp_fr\/?page_id=4004\">Mobile Doctor\u2019s Desktop<\/a><\/li>\n<li>Le projet <a title=\"SAVER\" href=\"http:\/\/www.lesmonts.ch\/wp_fr\/?page_id=4007\">SAVER<\/a><\/li>\n<li>Le projet <a title=\"DIAGNOSUITE\" href=\"http:\/\/www.lesmonts.ch\/wp_fr\/?page_id=4020\">DIAGNOSUITE<\/a><\/li>\n<li>Le projet <a title=\"IMINET\" href=\"http:\/\/www.lesmonts.ch\/wp_fr\/?page_id=4027\">IMINET<\/a><\/li>\n<\/ul>\n<p>Par ailleurs, depuis que je suis \u00e0 la retraite, je m&rsquo;int\u00e9resse \u00e0 des th\u00e8mes moins ambitieux, mais pas moins int\u00e9ressants, comme la domotique et les utilitaires pour patients et soignants en environnement hospitalier. Dans cette deuxi\u00e8me th\u00e9matique, je suis en contact avec le groupe <a href=\"https:\/\/heig-vd.ch\/rad\/hee\">HEE <\/a>:<\/p>\n<p><a href=\"http:\/\/www.lesmonts.ch\/wp_fr\/wp-content\/uploads\/2015\/05\/Logo-HEE_RVB.png\"><img loading=\"lazy\" decoding=\"async\" class=\"aligncenter size-medium wp-image-5062\" src=\"http:\/\/www.lesmonts.ch\/wp_fr\/wp-content\/uploads\/2015\/05\/Logo-HEE_RVB-300x142.png\" alt=\"\" width=\"300\" height=\"142\" srcset=\"https:\/\/www.lesmonts.ch\/wp_fr\/wp-content\/uploads\/2015\/05\/Logo-HEE_RVB-300x142.png 300w, https:\/\/www.lesmonts.ch\/wp_fr\/wp-content\/uploads\/2015\/05\/Logo-HEE_RVB-768x363.png 768w, https:\/\/www.lesmonts.ch\/wp_fr\/wp-content\/uploads\/2015\/05\/Logo-HEE_RVB-1024x484.png 1024w, https:\/\/www.lesmonts.ch\/wp_fr\/wp-content\/uploads\/2015\/05\/Logo-HEE_RVB.png 1837w\" sizes=\"auto, (max-width: 300px) 100vw, 300px\" \/><\/a><\/p>\n<p>Dans le cadre de la domotique, en revanche, je me suis int\u00e9ress\u00e9 \u00e0 des syst\u00e8mes \u00e0 bas co\u00fbt et \u00e0 des fonctionnalit\u00e9s un tout petit peu plus sophistiqu\u00e9es que le simple allumage de lampes ou de chauffage.&nbsp;<\/p>\n","protected":false},"excerpt":{"rendered":"<p>Beaucoup de projets de recherche et de d\u00e9veloppement ont \u00e9t\u00e9 d\u00e9velopp\u00e9s dans le cadre de l\u2019institut pour les technologies de l\u2019information de la Haute Ecole d\u2019Ing\u00e9nierie et de Gestion du canton de Vaud, en particulier dans l\u2019\u00e9quipe \u00ab&nbsp;User Aware&nbsp;\u00bb dont est responsable l\u2019auteur de ce site. On peut (assez rarement) retrouver les descriptifs techniques tr\u00e8s &hellip; <a href=\"https:\/\/www.lesmonts.ch\/wp_fr\/page-d-exemple\/technologie\/projets-rad\/\" class=\"more-link\">Continuer la lecture de <span class=\"screen-reader-text\">Projets Ra&#038;D<\/span>  <span class=\"meta-nav\">&rarr;<\/span><\/a><\/p>\n","protected":false},"author":1,"featured_media":0,"parent":3999,"menu_order":0,"comment_status":"open","ping_status":"open","template":"","meta":{"_crdt_document":"","ngg_post_thumbnail":0,"footnotes":""},"class_list":["post-4279","page","type-page","status-publish","hentry"],"_links":{"self":[{"href":"https:\/\/www.lesmonts.ch\/wp_fr\/wp-json\/wp\/v2\/pages\/4279","targetHints":{"allow":["GET"]}}],"collection":[{"href":"https:\/\/www.lesmonts.ch\/wp_fr\/wp-json\/wp\/v2\/pages"}],"about":[{"href":"https:\/\/www.lesmonts.ch\/wp_fr\/wp-json\/wp\/v2\/types\/page"}],"author":[{"embeddable":true,"href":"https:\/\/www.lesmonts.ch\/wp_fr\/wp-json\/wp\/v2\/users\/1"}],"replies":[{"embeddable":true,"href":"https:\/\/www.lesmonts.ch\/wp_fr\/wp-json\/wp\/v2\/comments?post=4279"}],"version-history":[{"count":7,"href":"https:\/\/www.lesmonts.ch\/wp_fr\/wp-json\/wp\/v2\/pages\/4279\/revisions"}],"predecessor-version":[{"id":5153,"href":"https:\/\/www.lesmonts.ch\/wp_fr\/wp-json\/wp\/v2\/pages\/4279\/revisions\/5153"}],"up":[{"embeddable":true,"href":"https:\/\/www.lesmonts.ch\/wp_fr\/wp-json\/wp\/v2\/pages\/3999"}],"wp:attachment":[{"href":"https:\/\/www.lesmonts.ch\/wp_fr\/wp-json\/wp\/v2\/media?parent=4279"}],"curies":[{"name":"wp","href":"https:\/\/api.w.org\/{rel}","templated":true}]}}