{"id":4182,"date":"2014-11-03T21:23:03","date_gmt":"2014-11-03T20:23:03","guid":{"rendered":"http:\/\/www.lesmonts.ch\/wp_fr\/?page_id=4182"},"modified":"2014-11-03T22:28:31","modified_gmt":"2014-11-03T21:28:31","slug":"chalet-des-alpes-a-prarion","status":"publish","type":"page","link":"https:\/\/www.lesmonts.ch\/wp_fr\/randonnees\/gites\/chalet-des-alpes-a-prarion\/","title":{"rendered":"Chalet des Alpes \u00e0 Prarion"},"content":{"rendered":"<p><a href=\"http:\/\/www.lesmonts.ch\/wp_fr\/wp-content\/uploads\/2014\/11\/Prarion2.jpg\"><img loading=\"lazy\" decoding=\"async\" class=\"aligncenter size-medium wp-image-4183\" src=\"http:\/\/www.lesmonts.ch\/wp_fr\/wp-content\/uploads\/2014\/11\/Prarion2-300x157.jpg\" alt=\"Prarion2\" width=\"300\" height=\"157\" srcset=\"https:\/\/www.lesmonts.ch\/wp_fr\/wp-content\/uploads\/2014\/11\/Prarion2-300x157.jpg 300w, https:\/\/www.lesmonts.ch\/wp_fr\/wp-content\/uploads\/2014\/11\/Prarion2-1024x539.jpg 1024w, https:\/\/www.lesmonts.ch\/wp_fr\/wp-content\/uploads\/2014\/11\/Prarion2.jpg 1400w\" sizes=\"auto, (max-width: 300px) 100vw, 300px\" \/><\/a>Prarion est un endroit privil\u00e9gi\u00e9 par un microclimat qui a permis la croissance d&rsquo;une <a title=\"Les m\u00e9l\u00e8zes en feu de Prarion\" href=\"http:\/\/www.lesmonts.ch\/wp_fr\/?page_id=4145\" target=\"_blank\">for\u00eat de m\u00e9l\u00e8zes unique<\/a>. Certains sp\u00e9cimens auraient plus de 800 ans d&rsquo;\u00e2ge, voire plus de 1000 selon certaines sources.<\/p>\n<p>Le restaurant \u00ab\u00a0<a title=\"Le Chalet des Alpes\" href=\"http:\/\/www.chalet-des-alpes.ch\/fr\/main\/index.php\" target=\"_blank\">Chalet des Alpes<\/a>\u00a0\u00bb est situ\u00e9 tout en bas de la clairi\u00e8re de Prarion, au bas de la piste en provenance de Tracouet. Accessible \u00e0 skis en hiver depuis Nendaz et les 4 vall\u00e9es, il faut suivre une route assez \u00e9troite en \u00e9t\u00e9 pour y parvenir depuis Haute-Nendaz, ou descendre de Tracouet si la t\u00e9l\u00e9cabine fonctionne.<\/p>\n<p>Le restaurant ne peut probablement pas pr\u00e9tendre \u00e0 l&rsquo;\u00e9tiquette gastronomique, mais on y mange tr\u00e8s bien, et la terrasse est tellement agr\u00e9able ! On y resterait&#8230; au grand dam de ceux qui voudraient aussi en profiter ! Et si ce n&rsquo;est pas \u00e0 proprement parler gastronomique, c&rsquo;est tr\u00e8s tr\u00e8s bon et bien servi, avec le sourire et la bonne humeur.<\/p>\n<p>Faute de go\u00fbt toutefois : une assiette valaisanne servie sur assiette. Ce serait tellement plus sympa sur une planchette ou sur une ardoise, d&rsquo;autant que les beurres (oui, il y en avait plusieurs, tr\u00e8s bons) sont eux servis sur ardoise&#8230;<\/p>\n<p>Novembre 2014. (Fermeture annuelle le 3 novembre 2014)<\/p>\n<p>&nbsp;<\/p>\n<p>&nbsp;<\/p>\n","protected":false},"excerpt":{"rendered":"<p>Prarion est un endroit privil\u00e9gi\u00e9 par un microclimat qui a permis la croissance d&rsquo;une for\u00eat de m\u00e9l\u00e8zes unique. Certains sp\u00e9cimens auraient plus de 800 ans d&rsquo;\u00e2ge, voire plus de 1000 selon certaines sources. Le restaurant \u00ab\u00a0Chalet des Alpes\u00a0\u00bb est situ\u00e9 tout en bas de la clairi\u00e8re de Prarion, au bas de la piste en provenance &hellip; <a href=\"https:\/\/www.lesmonts.ch\/wp_fr\/randonnees\/gites\/chalet-des-alpes-a-prarion\/\" class=\"more-link\">Continuer la lecture de <span class=\"screen-reader-text\">Chalet des Alpes \u00e0 Prarion<\/span>  <span class=\"meta-nav\">&rarr;<\/span><\/a><\/p>\n","protected":false},"author":1,"featured_media":0,"parent":3930,"menu_order":0,"comment_status":"open","ping_status":"open","template":"","meta":{"_crdt_document":"","ngg_post_thumbnail":0,"footnotes":""},"class_list":["post-4182","page","type-page","status-publish","hentry"],"_links":{"self":[{"href":"https:\/\/www.lesmonts.ch\/wp_fr\/wp-json\/wp\/v2\/pages\/4182","targetHints":{"allow":["GET"]}}],"collection":[{"href":"https:\/\/www.lesmonts.ch\/wp_fr\/wp-json\/wp\/v2\/pages"}],"about":[{"href":"https:\/\/www.lesmonts.ch\/wp_fr\/wp-json\/wp\/v2\/types\/page"}],"author":[{"embeddable":true,"href":"https:\/\/www.lesmonts.ch\/wp_fr\/wp-json\/wp\/v2\/users\/1"}],"replies":[{"embeddable":true,"href":"https:\/\/www.lesmonts.ch\/wp_fr\/wp-json\/wp\/v2\/comments?post=4182"}],"version-history":[{"count":3,"href":"https:\/\/www.lesmonts.ch\/wp_fr\/wp-json\/wp\/v2\/pages\/4182\/revisions"}],"predecessor-version":[{"id":4192,"href":"https:\/\/www.lesmonts.ch\/wp_fr\/wp-json\/wp\/v2\/pages\/4182\/revisions\/4192"}],"up":[{"embeddable":true,"href":"https:\/\/www.lesmonts.ch\/wp_fr\/wp-json\/wp\/v2\/pages\/3930"}],"wp:attachment":[{"href":"https:\/\/www.lesmonts.ch\/wp_fr\/wp-json\/wp\/v2\/media?parent=4182"}],"curies":[{"name":"wp","href":"https:\/\/api.w.org\/{rel}","templated":true}]}}