{"id":4027,"date":"2014-09-29T09:35:30","date_gmt":"2014-09-29T08:35:30","guid":{"rendered":"http:\/\/www.lesmonts.ch\/wp_fr\/?page_id=4027"},"modified":"2018-11-05T09:56:43","modified_gmt":"2018-11-05T08:56:43","slug":"iminet","status":"publish","type":"page","link":"https:\/\/www.lesmonts.ch\/wp_fr\/page-d-exemple\/technologie\/projets-rad\/iminet\/","title":{"rendered":"IMINET"},"content":{"rendered":"<p>Intelligent Medical Information Network (<a title=\"IMINET\" href=\"http:\/\/useraware.iict.ch\/fr\/sante\/iminet\/index.html\" target=\"_blank\" rel=\"noopener\">iminet<\/a>) a \u00e9t\u00e9 un projet financ\u00e9 compl\u00e8tement par la HES-SO, selon les r\u00e8gles alors en vigueur. Un mode de financement particuli\u00e8rement peu coh\u00e9rent, puisque les r\u00e8gles stipulaient que le financement \u00e9tait accord\u00e9 uniquement s&rsquo;il y avait collaboration entre plusieurs institutions, mais que par ailleurs ces institutions devaient appartenir \u00e0 un m\u00eame cercle de comp\u00e9tences. Il \u00e9tait donc impossible de faire financer un projet o\u00f9 auraient particip\u00e9 des m\u00e9decins, des m\u00e9caniciens, des sociologues et des informaticiens, par exemple. Ce qui explique que iminet, bien que se voulant un projet \u00e0 vocation m\u00e9dicale, n&rsquo;ait \u00e9t\u00e9 d\u00e9velopp\u00e9 d&rsquo;abord que par des gens provenant des technologies de l&rsquo;information !<\/p>\n<p><a title=\"IMINET\" href=\"http:\/\/useraware.iict.ch\/fr\/sante\/iminet\/index.html\" target=\"_blank\" rel=\"noopener\"><img loading=\"lazy\" decoding=\"async\" class=\"aligncenter  wp-image-4028\" src=\"http:\/\/www.lesmonts.ch\/wp_fr\/wp-content\/uploads\/2014\/09\/iminet_coul-300x54.png\" alt=\"iminet_coul\" width=\"265\" height=\"34\"><\/a>L&rsquo;id\u00e9e \u00e9tait de mettre en place un r\u00e9seau de communication permettant de relier l&rsquo;ensemble de la cha\u00eene m\u00e9dicale du patient jusqu&rsquo;\u00e0 l&rsquo;h\u00f4pital en passant par le m\u00e9decin traitant. Ceci impliquait un protocole applicatif soigneusement s\u00e9curis\u00e9, qui permettait de d\u00e9finir des r\u00f4les; chaque r\u00f4le \u00e9tait soumis \u00e0 des conditions lui permettant ou non d&rsquo;acc\u00e9der \u00e0 une information donn\u00e9e. Ainsi, un m\u00e9decin traitant pouvait transmettre des donn\u00e9es vers un m\u00e9decin d&rsquo;un h\u00f4pital lorsque son patient \u00e9tait hospitalis\u00e9. De mani\u00e8re similaire, une personne \u00e2g\u00e9e pouvait \u00eatre surveill\u00e9e par un r\u00e9seau de capteurs dont les informations n&rsquo;\u00e9taient accessibles qu&rsquo;\u00e0 un nombre de personnes tr\u00e8s restreint de la famille , le m\u00e9decin traitant et\/ou une organisation de soins \u00e0 domicile.<\/p>\n<p>En soi, l&rsquo;id\u00e9e \u00e9tait excellente; mais il e\u00fbt fallu une collaboration plus active des intervenants du monde m\u00e9dical pour produire une fonctionnalit\u00e9 pertinente; ce n&rsquo;est que sur la fin du projet que nous p\u00fbmes compter sur l&rsquo;int\u00e9r\u00eat b\u00e9n\u00e9vole d&rsquo;un m\u00e9decin retrait\u00e9 pour orienter de mani\u00e8re plus sp\u00e9cifique les options que nous avions prises dans notre architecture.<\/p>\n<p>Malgr\u00e9 le manque de synchronisation avec les milieux m\u00e9dicaux, iminet permit la mise au point de nombreuses solutions qui furent plus tard utilis\u00e9es dans d&rsquo;autres projets, comme <a title=\"MuST (QALAB)\" href=\"http:\/\/useraware.iict.ch\/fr\/sante\/qalab\/index.html\" target=\"_blank\" rel=\"noopener\">MuST<\/a>, <a title=\"SAVER\" href=\"http:\/\/useraware.iict.ch\/fr\/mobilite\/saver\/index.html\" target=\"_blank\" rel=\"noopener\">SAVER <\/a>ou <a title=\"DiagnoSuite\" href=\"http:\/\/useraware.iict.ch\/fr\/sante\/colox\/index.html\" target=\"_blank\" rel=\"noopener\">Diagnosuite<\/a>, pour ne citer que ceux-ci. Il nous permit aussi de mettre en \u00e9vidence (si besoin \u00e9tait) les surprenantes incompatibilit\u00e9s entre les syst\u00e8mes d&rsquo;information des diverses institutions formant le monde la sant\u00e9 : pharmacie, les divers h\u00f4pitaux, cabinets m\u00e9dicaux, assurances, \u00e9tablissements m\u00e9dico-sociaux, organismes de facturation&#8230; M\u00eame \u00e0 tr\u00e8s bas niveau, il \u00e9tait souvent impossible d&rsquo;\u00e9changer de l&rsquo;information entre des acteurs du monde de la sant\u00e9, souvent pour des raisons de s\u00e9curit\u00e9 comme par exemple la difficult\u00e9 d&rsquo;identifier de mani\u00e8re non \u00e9quivoque un m\u00e9decin ayant le droit de consulter une information concernant un patient.<\/p>\n<p>Anecdote : dans un cas bien pr\u00e9cis, l&rsquo;h\u00f4pital A effectua une radiographie d&rsquo;un patient et sur cette base d\u00e9cida d&rsquo;envoyer ledit patient vers l&rsquo;h\u00f4pital B mieux \u00e9quip\u00e9 pour prendre en charge ce cas particulier. On aurait pu s&rsquo;attendre \u00e0 ce que la radiographie soit transmise \u00e0 l&rsquo;h\u00f4pital B; eh bien non, il s&rsquo;av\u00e9ra plus simple de refaire une nouvelle radiographie \u00e0 l&rsquo;h\u00f4pital B, avec la dose suppl\u00e9mentaire d&rsquo;irradiation que cela impliquait pour le patient.<\/p>\n<p>iminet eut en tous cas le m\u00e9rite de d\u00e9montrer l&rsquo;absurdit\u00e9 du syst\u00e8me de financement de projets qui ne voulait financer que des projets \u00e0 l&rsquo;int\u00e9rieur d&rsquo;une m\u00eame discipline; mais il fallut encore de nombreuses ann\u00e9es pour que la HES-SO r\u00e9vise son mode de financement; en 2014 encore, on n&rsquo;\u00e9tait pas parvenu \u00e0 un syst\u00e8me vraiment rationnel en la mati\u00e8re. Mais bon, apr\u00e8s tout, ce n&rsquo;est jamais que l&rsquo;argent du contribuable !<\/p>\n<p>&nbsp;<\/p>\n","protected":false},"excerpt":{"rendered":"<p>Intelligent Medical Information Network (iminet) a \u00e9t\u00e9 un projet financ\u00e9 compl\u00e8tement par la HES-SO, selon les r\u00e8gles alors en vigueur. Un mode de financement particuli\u00e8rement peu coh\u00e9rent, puisque les r\u00e8gles stipulaient que le financement \u00e9tait accord\u00e9 uniquement s&rsquo;il y avait collaboration entre plusieurs institutions, mais que par ailleurs ces institutions devaient appartenir \u00e0 un m\u00eame &hellip; <a href=\"https:\/\/www.lesmonts.ch\/wp_fr\/page-d-exemple\/technologie\/projets-rad\/iminet\/\" class=\"more-link\">Continuer la lecture de <span class=\"screen-reader-text\">IMINET<\/span>  <span class=\"meta-nav\">&rarr;<\/span><\/a><\/p>\n","protected":false},"author":1,"featured_media":0,"parent":4279,"menu_order":0,"comment_status":"open","ping_status":"open","template":"","meta":{"_crdt_document":"","ngg_post_thumbnail":0,"footnotes":""},"class_list":["post-4027","page","type-page","status-publish","hentry"],"_links":{"self":[{"href":"https:\/\/www.lesmonts.ch\/wp_fr\/wp-json\/wp\/v2\/pages\/4027","targetHints":{"allow":["GET"]}}],"collection":[{"href":"https:\/\/www.lesmonts.ch\/wp_fr\/wp-json\/wp\/v2\/pages"}],"about":[{"href":"https:\/\/www.lesmonts.ch\/wp_fr\/wp-json\/wp\/v2\/types\/page"}],"author":[{"embeddable":true,"href":"https:\/\/www.lesmonts.ch\/wp_fr\/wp-json\/wp\/v2\/users\/1"}],"replies":[{"embeddable":true,"href":"https:\/\/www.lesmonts.ch\/wp_fr\/wp-json\/wp\/v2\/comments?post=4027"}],"version-history":[{"count":2,"href":"https:\/\/www.lesmonts.ch\/wp_fr\/wp-json\/wp\/v2\/pages\/4027\/revisions"}],"predecessor-version":[{"id":5418,"href":"https:\/\/www.lesmonts.ch\/wp_fr\/wp-json\/wp\/v2\/pages\/4027\/revisions\/5418"}],"up":[{"embeddable":true,"href":"https:\/\/www.lesmonts.ch\/wp_fr\/wp-json\/wp\/v2\/pages\/4279"}],"wp:attachment":[{"href":"https:\/\/www.lesmonts.ch\/wp_fr\/wp-json\/wp\/v2\/media?parent=4027"}],"curies":[{"name":"wp","href":"https:\/\/api.w.org\/{rel}","templated":true}]}}