{"id":4020,"date":"2014-09-29T07:46:28","date_gmt":"2014-09-29T06:46:28","guid":{"rendered":"http:\/\/www.lesmonts.ch\/wp_fr\/?page_id=4020"},"modified":"2018-06-05T08:20:07","modified_gmt":"2018-06-05T06:20:07","slug":"diagnosuite","status":"publish","type":"page","link":"https:\/\/www.lesmonts.ch\/wp_fr\/page-d-exemple\/technologie\/projets-rad\/diagnosuite\/","title":{"rendered":"DIAGNOSUITE"},"content":{"rendered":"<p>Le projet Diagnosuite constitue \u00e9galement une histoire int\u00e9ressante, dans la mesure o\u00f9 il s&rsquo;agit d&rsquo;un d\u00e9veloppement soutenu par de grands acteurs de l&rsquo;industrie, et \u00e9galement par des fonds publics, et qui, au moment o\u00f9 il allait devenir rentable, a \u00e9t\u00e9 abandonn\u00e9 par les bailleurs de fonds, sans explication particuli\u00e8re.<\/p>\n<p>Le cancer du c\u00f4lon est le second cancer, en termes de fr\u00e9quence, chez la femme (apr\u00e8s le cancer du sein) et le troisi\u00e8me chez l&rsquo;homme (apr\u00e8s le cancer du poumon et celui de la prostate); les d\u00e9pistages traditionnels sont souvent limit\u00e9s (toucher rectal pour les cas o\u00f9 le d\u00e9veloppement est proche du rectum), ou relativement lourds et intrusifs (coloscopie, coloscanner). Des chercheurs ont d\u00e9montr\u00e9 que l&rsquo;on pouvait obtenir un excellent pronostic par une analyse multi-g\u00eanes r\u00e9alis\u00e9e \u00e0 partir d&rsquo;une simple prise d&rsquo;un \u00e9chantillon sanguin, et d&rsquo;un analyseur comme par exemple le <a title=\"Light Cycler\" href=\"http:\/\/lifescience.roche.com\/shop\/products\/lightcycler14301-480-instrument-ii\" target=\"_blank\" rel=\"noopener\">Light Cycler 480<\/a> de Roche. Pour aboutir \u00e0 un tel pronostic, il fallait importer les donn\u00e9es fournies par la machine dans un syst\u00e8me informatique, les convertir en un format utilisable, utiliser un algorithme bien pr\u00e9cis qui permettait d&rsquo;obtenir un score; sur cette base, le laboratoire pouvait donner une indication pr\u00e9cise au m\u00e9decin traitant qui&nbsp; pouvait alors d\u00e9cider de la pertinence d&rsquo;un examen plus intrusif comme une coloscopie.<\/p>\n<p>Entre un algorithme d\u00e9velopp\u00e9 dans un institut de recherche et un service utilisable en production, il y a un monde; le projet Diagnosuite consistait en deux parties :<\/p>\n<ol>\n<li>D\u00e9velopper l&rsquo;algorithme pour le rendre plus robuste, tol\u00e9rant aux erreurs, et capable de tracer et documenter son propre fonctionnement. Accessoirement, d\u00e9velopper une m\u00e9trique pour \u00e9valuer les performances de l&rsquo;algorithme dans l&rsquo;optique d&rsquo;am\u00e9liorations futures.<\/li>\n<li>D\u00e9velopper des fonctions permettant l&rsquo;importation ais\u00e9e et implicite (donc sans action particuli\u00e8re de la part de l&rsquo;op\u00e9rateur d&rsquo;un laboratoire) de masses de donn\u00e9es \u00e0 partir de l&rsquo;analyseur Light Cycler, normaliser ces donn\u00e9es, d\u00e9velopper des canaux de transmission s\u00e9curis\u00e9s pour faire parvenir lesdites donn\u00e9es \u00e0 un serveur Web, qui mette \u00e0 disposition un environnement d&rsquo;ex\u00e9cution prot\u00e9g\u00e9 permettant l&rsquo;ex\u00e9cution de cet algorithme sans risques d&rsquo;attaques en vue d&rsquo;un \u00ab\u00a0reverse engineering\u00a0\u00bb, et finalement interpr\u00e9tation des r\u00e9sultats pour la production d&rsquo;un rapport simple et concis \u00e0 destination du m\u00e9decin traitant.<\/li>\n<\/ol>\n<p>Ce projet fut men\u00e9 \u00e0 bien en une ann\u00e9e, \u00e0 l&rsquo;aide d&rsquo;un financement priv\u00e9 &#8211; public (projet financ\u00e9 pour partir par la <a title=\"CTI\" href=\"http:\/\/www.kti.admin.ch\/index.html?lang=fr\" target=\"_blank\" rel=\"noopener\">Commission pour la Technologie et l&rsquo;Innovation<\/a> du d\u00e9partement f\u00e9d\u00e9ral de l&rsquo;Int\u00e9rieur), et le marquage CE fut obtenu en mai 2014, en m\u00eame temps que le produit fut mis sur le march\u00e9. De l&rsquo;avis des experts de la CTI, le projet fut qualifi\u00e9 de \u00ab\u00a0Success Story\u00a0\u00bb. On disposait d&rsquo;un service accessible dans le monde entier qui permettait d&rsquo;obtenir un pronostic fiable sur le cancer du c\u00f4lon pour un prix relativement modique (CHF 100.- par pronostic, en plus bien s\u00fbr des co\u00fbts factur\u00e9s par le laboratoire et le m\u00e9decin traitant).<\/p>\n<p>Alors que le projet \u00e9tait termin\u00e9, et commen\u00e7ait \u00e0 faire rentrer de l&rsquo;argent, les bailleurs de fonds de notre partenaire industriel d\u00e9cid\u00e8rent soudain d&rsquo;arr\u00eater tout financement. Actuellement encore, cette d\u00e9cision ne peut s&rsquo;expliquer : pourquoi d\u00e9penser des millions pour soutenir une soci\u00e9t\u00e9 dans le d\u00e9veloppement d&rsquo;un produit, et lui couper les vivres en la condamnant \u00e0 mort au moment o\u00f9 le produit est enfin sur le march\u00e9 ?<\/p>\n<p>L&rsquo;algorithme comportait une limitation; il n&rsquo;\u00e9tait valable que pour des g\u00e9notypes caucasiens. C&rsquo;est peut-\u00eatre ce qui a fait renoncer le bailleur de fonds. Le produit est en revanche toujours actif, g\u00e9r\u00e9 dor\u00e9navant par la soci\u00e9t\u00e9 NOVIGENIX SA, dirig\u00e9e pour l&rsquo;essentiel par la m\u00eame \u00e9quipe que pr\u00e9c\u00e9demment. Le service est de ce fait toujours en place, il fonctionne \u00e0 satisfaction des laboratoires qui l&rsquo;utilisent. On ne peut que souhaiter que gr\u00e2ce \u00e0 un d\u00e9pistage plus fr\u00e9quent rendu possible gr\u00e2ce au projet Diagnosuite, les cas de mortalit\u00e9 dus au cancer du c\u00f4lon diminuent gr\u00e2ce \u00e0 un diagnostic plus pr\u00e9coce.<\/p>\n<p>&nbsp;<\/p>\n","protected":false},"excerpt":{"rendered":"<p>Le projet Diagnosuite constitue \u00e9galement une histoire int\u00e9ressante, dans la mesure o\u00f9 il s&rsquo;agit d&rsquo;un d\u00e9veloppement soutenu par de grands acteurs de l&rsquo;industrie, et \u00e9galement par des fonds publics, et qui, au moment o\u00f9 il allait devenir rentable, a \u00e9t\u00e9 abandonn\u00e9 par les bailleurs de fonds, sans explication particuli\u00e8re. Le cancer du c\u00f4lon est le &hellip; <a href=\"https:\/\/www.lesmonts.ch\/wp_fr\/page-d-exemple\/technologie\/projets-rad\/diagnosuite\/\" class=\"more-link\">Continuer la lecture de <span class=\"screen-reader-text\">DIAGNOSUITE<\/span>  <span class=\"meta-nav\">&rarr;<\/span><\/a><\/p>\n","protected":false},"author":1,"featured_media":0,"parent":4279,"menu_order":0,"comment_status":"open","ping_status":"open","template":"","meta":{"_crdt_document":"","ngg_post_thumbnail":0,"footnotes":""},"class_list":["post-4020","page","type-page","status-publish","hentry"],"_links":{"self":[{"href":"https:\/\/www.lesmonts.ch\/wp_fr\/wp-json\/wp\/v2\/pages\/4020","targetHints":{"allow":["GET"]}}],"collection":[{"href":"https:\/\/www.lesmonts.ch\/wp_fr\/wp-json\/wp\/v2\/pages"}],"about":[{"href":"https:\/\/www.lesmonts.ch\/wp_fr\/wp-json\/wp\/v2\/types\/page"}],"author":[{"embeddable":true,"href":"https:\/\/www.lesmonts.ch\/wp_fr\/wp-json\/wp\/v2\/users\/1"}],"replies":[{"embeddable":true,"href":"https:\/\/www.lesmonts.ch\/wp_fr\/wp-json\/wp\/v2\/comments?post=4020"}],"version-history":[{"count":6,"href":"https:\/\/www.lesmonts.ch\/wp_fr\/wp-json\/wp\/v2\/pages\/4020\/revisions"}],"predecessor-version":[{"id":5364,"href":"https:\/\/www.lesmonts.ch\/wp_fr\/wp-json\/wp\/v2\/pages\/4020\/revisions\/5364"}],"up":[{"embeddable":true,"href":"https:\/\/www.lesmonts.ch\/wp_fr\/wp-json\/wp\/v2\/pages\/4279"}],"wp:attachment":[{"href":"https:\/\/www.lesmonts.ch\/wp_fr\/wp-json\/wp\/v2\/media?parent=4020"}],"curies":[{"name":"wp","href":"https:\/\/api.w.org\/{rel}","templated":true}]}}