{"id":4004,"date":"2014-09-28T10:04:36","date_gmt":"2014-09-28T09:04:36","guid":{"rendered":"http:\/\/www.lesmonts.ch\/wp_fr\/?page_id=4004"},"modified":"2015-05-22T10:35:25","modified_gmt":"2015-05-22T09:35:25","slug":"mobile-doctors-desktop","status":"publish","type":"page","link":"https:\/\/www.lesmonts.ch\/wp_fr\/page-d-exemple\/technologie\/projets-rad\/mobile-doctors-desktop\/","title":{"rendered":"Mobile Doctor&rsquo;s Desktop"},"content":{"rendered":"<p>L&rsquo;un des projets qui aura le plus marqu\u00e9 le parcours du groupe \u00ab\u00a0User Aware\u00a0\u00bb est sans doute ce projet de bachelor (2007) auquel particip\u00e8rent trois \u00e9tudiants, et dont l&rsquo;argumentaire \u00e9tait de proposer \u00e0 un m\u00e9decin un bloc-notes s\u00e9curis\u00e9 sur ce que l&rsquo;on n&rsquo;appelait pas encore des smartphones \u00e0 l&rsquo;\u00e9poque (Apple ne proposait pas encore l&rsquo;iPhone, et Google n&rsquo;avait pas encore rachet\u00e9 la start-up Android), mais dont nous pressentions la venue imminente.<\/p>\n<p>Un projet pr\u00e9c\u00e9dent (<a title=\"IMINET\" href=\"http:\/\/www.lesmonts.ch\/wp_fr\/?page_id=4027\">iminet<\/a>, Intelligent Medical Information Network), avait donn\u00e9 quelques pistes et soulev\u00e9 des probl\u00e8mes dans l&rsquo;acheminement s\u00e9curis\u00e9 de l&rsquo;information vers le m\u00e9decin. C&rsquo;est sur cette base que ces trois \u00e9tudiants produisirent un travail remarquable. Deux d&rsquo;entre eux purent \u00eatre engag\u00e9s \u00e0 l&rsquo;institut; entre temps, des discussions avec le monde bancaire montr\u00e8rent un r\u00e9el besoin des banques \u00e0 un environnement mobile s\u00e9curis\u00e9 sur des smartphones; de m\u00e9dical, le projet devint bancaire. Le secret bancaire suisse n&rsquo;\u00e9tait pas encore mort alors, et les gestionnaires de fortune des banques priv\u00e9es genevoises \u00e9taient couramment arr\u00eat\u00e9s dans les a\u00e9roports ou dans le TGV : on leur confisquait alors leurs t\u00e9l\u00e9phones pour conna\u00eetre les noms d&rsquo;\u00e9ventuels correspondants qui pourraient se r\u00e9v\u00e9ler par la suite comme fraudeurs du fisc fran\u00e7ais. La solution que nous proposions constituait un v\u00e9ritable soulagement pour cette cat\u00e9gorie de personnes, puisqu&rsquo;il rendait l&rsquo;acc\u00e8s \u00e0 ce genre d&rsquo;informations impossible \u00e0 un tiers. Mieux, nous avions inclus un dispositif qui permettait de d\u00e9tecter le vol (ou la confiscation) du t\u00e9l\u00e9phone mobile, et qui rendait les donn\u00e9es inexploitables en l&rsquo;occasion.<\/p>\n<p>Pour permettre au projet de se d\u00e9velopper, on chercha des financements acad\u00e9miques d&rsquo;abord; ces derniers s\u2019av\u00e9r\u00e8rent d\u00e9cevants, plomb\u00e9s par des collaborations impos\u00e9es souvent peu utiles, parfois scandaleusement contre-productives par la faute de \u00ab\u00a0coll\u00e8gues\u00a0\u00bb d&rsquo;autres \u00e9tablissements plus d\u00e9sireux d&rsquo;alimenter leur porte-monnaie que la communaut\u00e9 scientifique, ou favoriser de jeunes \u00e9tudiants et futurs entrepreneurs qu&rsquo;ils seraient pourtant suppos\u00e9s soutenir de par leur m\u00e9tier d&rsquo;\u00e9ducateur. L&rsquo;un d&rsquo;eux en particulier tenta de faire chantage sur le groupe de d\u00e9veloppement en retenant par devers lui les r\u00e9sultats de son travail pourtant financ\u00e9 par la collectivit\u00e9, et ainsi de gagner facilement (et \u00e0 son seul profit personnel) des actions de la soci\u00e9t\u00e9 que l&rsquo;on sentait sur le point de voir le jour. Il s&rsquo;av\u00e9ra par la suite que les r\u00e9sultats (en admettant qu&rsquo;il y en ait eu) avec lesquels il voulait faire pression \u00e9taient de peu de valeur (pour parler avec g\u00e9n\u00e9rosit\u00e9), et l&rsquo;\u00e9quipe de User Aware put les reconstituer (et bien au-del\u00e0 !) en trois mois de travail, alors que notre brillant coll\u00e8gue avait mis plus d&rsquo;un an pour parvenir \u00e0 un r\u00e9sultat qu&rsquo;il n&rsquo;a jamais \u00e9t\u00e9 en mesure de d\u00e9montrer&#8230; Les financements acad\u00e9miques sont certes n\u00e9cessaires, mais parfois bien mal g\u00e9r\u00e9s par les autorit\u00e9s responsables, alors que c&rsquo;est tout de m\u00eame de l&rsquo;argent du contribuable !<\/p>\n<p>Vaille que vaille, le projet <a title=\"Osmosys\" href=\"http:\/\/useraware.iict.ch\/fr\/mobilite\/osmosys\/index.html\" target=\"_blank\">OSMOSYS <\/a>(comme il avait \u00e9t\u00e9 rebaptis\u00e9 depuis que les banques s&rsquo;y int\u00e9ressaient, et qu&rsquo;on lui avait reconnu un caract\u00e8re plus g\u00e9n\u00e9rique que l&rsquo;application dans le domaine de la sant\u00e9) avan\u00e7ait, et nos collaborateurs purent cr\u00e9er (avec l&rsquo;aide de la HEIG-VD, et malgr\u00e9 les ennuis cr\u00e9es par le coll\u00e8gue dont il a \u00e9t\u00e9 question pr\u00e9c\u00e9demment) en 2010 la soci\u00e9t\u00e9 <a title=\"Sysmosoft (SENSE)\" href=\"http:\/\/www.sysmosoft.com\/\" target=\"_blank\">sysmosoft sa<\/a>. Le produit OSMOSYS fut rebaptis\u00e9 SENSE; aux derni\u00e8res nouvelles, cette soci\u00e9t\u00e9 est florissante, a des antennes \u00e9trang\u00e8res, et emploie une petite vingtaine de personnes \u00e0 Yverdon-les-Bains.<\/p>\n<p>User Aware a continu\u00e9 \u00e0 travailler dans le domaine de la mobilit\u00e9, parfois en partenariat avec la soci\u00e9t\u00e9 sysmosoft sa, par exemple dans le domaine de la contextualisation de la s\u00e9curit\u00e9 (projet CTI support\u00e9 par le D\u00e9partement de l&rsquo;Int\u00e9rieur de la Conf\u00e9d\u00e9ration). En clair, cela signifie adapter le niveau de s\u00e9curit\u00e9 \u00e0 l&rsquo;environnement dans lequel on se trouve; on \u00e9vitera de casser les pieds de l&rsquo;utilisateur en lui demandant force mots de passe ou autres preuves d&rsquo;identit\u00e9 si l&rsquo;on a des moyens implicites de s&rsquo;assurer qu&rsquo;il est bien lui-m\u00eame.<\/p>\n<p>La soci\u00e9t\u00e9 cherche actuellement de nouveaux march\u00e9s; elle n&rsquo;a en effet plus l&rsquo;exclusivit\u00e9 des environnements s\u00e9curis\u00e9s pour smartphones, bien qu&rsquo;elle poss\u00e8de toujours une confortable longueur d&rsquo;avance sur la concurrence. Les nouveaux march\u00e9s passeront peut-\u00eatre par une d\u00e9mocratisation de la s\u00e9curit\u00e9, ce que ne sont pas capables (ou probablement pas d\u00e9sireux) de faire Apple, Google ou Microsoft, peut-\u00eatre trop soucieux de continuer \u00e0 vendre des logiciels vuln\u00e9rables et mal fichus (mais peu co\u00fbteux en d\u00e9veloppement et rapportant gros en publicit\u00e9 en tous genres) tout en contentant la NSA, qui peut espionner plus facilement les utilisateurs&#8230;<\/p>\n","protected":false},"excerpt":{"rendered":"<p>L&rsquo;un des projets qui aura le plus marqu\u00e9 le parcours du groupe \u00ab\u00a0User Aware\u00a0\u00bb est sans doute ce projet de bachelor (2007) auquel particip\u00e8rent trois \u00e9tudiants, et dont l&rsquo;argumentaire \u00e9tait de proposer \u00e0 un m\u00e9decin un bloc-notes s\u00e9curis\u00e9 sur ce que l&rsquo;on n&rsquo;appelait pas encore des smartphones \u00e0 l&rsquo;\u00e9poque (Apple ne proposait pas encore l&rsquo;iPhone, &hellip; <a href=\"https:\/\/www.lesmonts.ch\/wp_fr\/page-d-exemple\/technologie\/projets-rad\/mobile-doctors-desktop\/\" class=\"more-link\">Continuer la lecture de <span class=\"screen-reader-text\">Mobile Doctor&rsquo;s Desktop<\/span>  <span class=\"meta-nav\">&rarr;<\/span><\/a><\/p>\n","protected":false},"author":1,"featured_media":0,"parent":4279,"menu_order":0,"comment_status":"open","ping_status":"open","template":"","meta":{"_crdt_document":"","ngg_post_thumbnail":0,"footnotes":""},"class_list":["post-4004","page","type-page","status-publish","hentry"],"_links":{"self":[{"href":"https:\/\/www.lesmonts.ch\/wp_fr\/wp-json\/wp\/v2\/pages\/4004","targetHints":{"allow":["GET"]}}],"collection":[{"href":"https:\/\/www.lesmonts.ch\/wp_fr\/wp-json\/wp\/v2\/pages"}],"about":[{"href":"https:\/\/www.lesmonts.ch\/wp_fr\/wp-json\/wp\/v2\/types\/page"}],"author":[{"embeddable":true,"href":"https:\/\/www.lesmonts.ch\/wp_fr\/wp-json\/wp\/v2\/users\/1"}],"replies":[{"embeddable":true,"href":"https:\/\/www.lesmonts.ch\/wp_fr\/wp-json\/wp\/v2\/comments?post=4004"}],"version-history":[{"count":8,"href":"https:\/\/www.lesmonts.ch\/wp_fr\/wp-json\/wp\/v2\/pages\/4004\/revisions"}],"predecessor-version":[{"id":4116,"href":"https:\/\/www.lesmonts.ch\/wp_fr\/wp-json\/wp\/v2\/pages\/4004\/revisions\/4116"}],"up":[{"embeddable":true,"href":"https:\/\/www.lesmonts.ch\/wp_fr\/wp-json\/wp\/v2\/pages\/4279"}],"wp:attachment":[{"href":"https:\/\/www.lesmonts.ch\/wp_fr\/wp-json\/wp\/v2\/media?parent=4004"}],"curies":[{"name":"wp","href":"https:\/\/api.w.org\/{rel}","templated":true}]}}