{"id":40,"date":"2014-07-15T08:42:37","date_gmt":"2014-07-15T07:42:37","guid":{"rendered":"http:\/\/www.lesmonts.ch\/wp_fr\/?page_id=40"},"modified":"2022-11-21T16:16:22","modified_gmt":"2022-11-21T15:16:22","slug":"randonnees-estivales","status":"publish","type":"page","link":"https:\/\/www.lesmonts.ch\/wp_fr\/randonnees\/randonnees-estivales\/","title":{"rendered":"Randonn\u00e9es estivales"},"content":{"rendered":"<p><a href=\"http:\/\/www.lesmonts.ch\/wp_fr\/wp-content\/uploads\/2014\/07\/randoEte.jpg\"><img loading=\"lazy\" decoding=\"async\" class=\"aligncenter size-medium wp-image-4096\" src=\"http:\/\/www.lesmonts.ch\/wp_fr\/wp-content\/uploads\/2014\/07\/randoEte-300x199.jpg\" alt=\"randoEte\" width=\"300\" height=\"199\" srcset=\"https:\/\/www.lesmonts.ch\/wp_fr\/wp-content\/uploads\/2014\/07\/randoEte-300x199.jpg 300w, https:\/\/www.lesmonts.ch\/wp_fr\/wp-content\/uploads\/2014\/07\/randoEte-1024x680.jpg 1024w, https:\/\/www.lesmonts.ch\/wp_fr\/wp-content\/uploads\/2014\/07\/randoEte.jpg 1400w\" sizes=\"auto, (max-width: 300px) 100vw, 300px\" \/><\/a>Les randos d&rsquo;\u00e9t\u00e9, c&rsquo;est essentiellement des randos o\u00f9 la neige ne sert pas \u00e0 la progression. N&rsquo;oubliez pas, lors de la planification d&rsquo;une randonn\u00e9e, de consulter <a title=\"Camp To Camp\" href=\"http:\/\/www.camptocamp.org\/\" target=\"_blank\" rel=\"noopener\">des sites plus techniques<\/a> ! Et -r\u00e9p\u00e9tons-le- un GPS m\u00eame d&rsquo;excellente qualit\u00e9 (pas un de ces iMachin ou similaire de toutes fa\u00e7ons illisibles au soleil) ne remplace en aucun cas une carte.<\/p>\n<p>Vous pouvez obtenir une vue en forme de <a href=\"#listview\">liste <\/a>ou sous forme de <a href=\"#geoview\">carte<\/a>, selon vos pr\u00e9f\u00e9rences.<\/p>\n<div id=\"listview\"><em><strong>Liste des propositions<\/strong><\/em><\/div>\n<div>&nbsp;<\/div>\n<div>&nbsp;<\/div>\n<div style=\"text-align: center;\">Prealpes et Alpes Vaudoises<\/div>\n<div style=\"text-align: center;\">&nbsp;<\/div>\n<ul>\n<li><a title=\"Haute route des Alpes Vaudoises\" href=\"http:\/\/www.lesmonts.ch\/wp_fr\/?page_id=159\">Haute route des Alpes Vaudoises<\/a><\/li>\n<li><a title=\"Balcon de l\u2019Avan\u00e7on\" href=\"http:\/\/www.lesmonts.ch\/wp_fr\/?page_id=154\">Balcon de l&rsquo;Avan\u00e7on<\/a><\/li>\n<\/ul>\n<p style=\"text-align: center;\"><strong>Alpes Valaisannes<\/strong><\/p>\n<p style=\"text-align: center;\">Bas Valais, Chablais valaisan, Entremont<\/p>\n<ul>\n<li><a title=\"Le Grammont\" href=\"http:\/\/www.lesmonts.ch\/wp_fr\/?page_id=318\">Le Grammont<\/a><\/li>\n<li><a title=\"Haute Cime des Dents du Midi\" href=\"http:\/\/www.lesmonts.ch\/wp_fr\/?page_id=125\">Haute Cime<\/a><\/li>\n<li><a href=\"http:\/\/www.lesmonts.ch\/wp_fr\/?page_id=4389\">Gorges du Tri\u00e8ge<\/a><\/li>\n<li><a title=\"Champ\u00e9ry-Chamonix\" href=\"http:\/\/www.lesmonts.ch\/wp_fr\/?page_id=157\">Raid Champ\u00e9ry-Chamonix<\/a><\/li>\n<li><a title=\"Cornettes de Bise\" href=\"http:\/\/www.lesmonts.ch\/wp_fr\/?page_id=196\">Cornettes de Bise<\/a><\/li>\n<li><a title=\"Bisse du Levron\" href=\"http:\/\/www.lesmonts.ch\/wp_fr\/?page_id=3273\">Verbier, bisse du Levron<\/a><\/li>\n<li><a title=\"Autour de la Pointe de Dr\u00f4ne\" href=\"http:\/\/www.lesmonts.ch\/wp_fr\/?page_id=266\">Autour de la pointe de Dr\u00f4ne<\/a><\/li>\n<li><a title=\"De Bourg St.Pierre \u00e0 Mille\" href=\"http:\/\/www.lesmonts.ch\/wp_fr\/?page_id=899\">Cabane de Mille<\/a><\/li>\n<li><a href=\"http:\/\/www.lesmonts.ch\/wp_fr\/?page_id=4961\">Gorges du Dailley<\/a><\/li>\n<li><a href=\"http:\/\/www.lesmonts.ch\/wp_fr\/?page_id=5021\">Les vignes de Branson<\/a><\/li>\n<\/ul>\n<p style=\"text-align: center;\">Valais central<\/p>\n<ul>\n<li><a title=\"Les m\u00e9l\u00e8zes en feu de Prarion\" href=\"http:\/\/www.lesmonts.ch\/wp_fr\/?page_id=4145\">Les m\u00e9l\u00e8zes en feu de Prarion<\/a><\/li>\n<li style=\"text-align: left;\"><a title=\"Balcon du val d\u2019H\u00e9rens (Evol\u00e8ne)\" href=\"http:\/\/www.lesmonts.ch\/wp_fr\/?page_id=274\">Balcon d&rsquo;Evol\u00e8ne<\/a><\/li>\n<li style=\"text-align: left;\"><a href=\"http:\/\/www.lesmonts.ch\/wp_fr\/?page_id=4457\">Arolla &#8211; Lac Bleu<\/a><\/li>\n<li><a title=\"Entre Val d\u2019H\u00e9rens et Valpelline\" href=\"http:\/\/www.lesmonts.ch\/wp_fr\/?page_id=357\">Entre Val d&rsquo;H\u00e9rens et Valpelline<\/a><\/li>\n<li><a href=\"http:\/\/www.lesmonts.ch\/wp_fr\/?page_id=4400\">Dent Blanche<\/a><\/li>\n<li><a title=\"Vallon de R\u00e9chy\" href=\"http:\/\/www.lesmonts.ch\/wp_fr\/?page_id=270\">Vallon de R\u00e9chy<\/a><\/li>\n<li><a href=\"http:\/\/www.lesmonts.ch\/wp_fr\/?page_id=5072\">Le bisse de Tsitorret<\/a><\/li>\n<\/ul>\n<p style=\"text-align: center;\">Haut Valais<\/p>\n<ul>\n<li><a title=\"Loetschentaler H\u00f6henweg\" href=\"http:\/\/www.lesmonts.ch\/wp_fr\/?page_id=168\">L\u00f6tschentaler H\u00f6henweg<\/a><\/li>\n<li><a title=\"Belalp\" href=\"http:\/\/www.lesmonts.ch\/wp_fr\/?page_id=3818\">Belalp<\/a><\/li>\n<li><a href=\"http:\/\/www.lesmonts.ch\/wp_fr\/?page_id=4367\">Glacier d&rsquo;Aletsch<\/a><\/li>\n<li><a title=\"Gr\u00e4chen \u2013 Saas Fee\" href=\"http:\/\/www.lesmonts.ch\/wp_fr\/?page_id=351\">De Gr\u00e4chen \u00e0 Saas Fee<\/a><\/li>\n<li><a title=\"Europaweg (Gr\u00e4chen-Zermatt)\" href=\"http:\/\/www.lesmonts.ch\/wp_fr\/?page_id=268\">Europaweg (Gr\u00e4chen &#8211; Zermatt)<\/a><\/li>\n<li><a title=\"Chemin des fleurs (Saas Grund)\" href=\"http:\/\/www.lesmonts.ch\/wp_fr\/?page_id=272\">Randonn\u00e9e botanique \u00e0 Saas Grund<\/a><\/li>\n<li><a title=\"Zermatt, Sunnegga\" href=\"http:\/\/www.lesmonts.ch\/wp_fr\/?page_id=198\">Zermatt, Sunnegga<\/a><\/li>\n<li><a href=\"http:\/\/www.lesmonts.ch\/wp_fr\/?page_id=4302\">Zermatt, Gornergrat, Riffelsee et Riffelberg<\/a><\/li>\n<li><a href=\"http:\/\/www.lesmonts.ch\/wp_fr\/?page_id=4357\">Jungu-Moosalp<\/a><\/li>\n<\/ul>\n<p style=\"text-align: center;\">Alpes Bernoises<\/p>\n<ul>\n<li><a href=\"http:\/\/www.lesmonts.ch\/wp_fr\/?page_id=4434\">Niederhorn \/ Beatenberg<\/a><\/li>\n<li><a href=\"http:\/\/www.lesmonts.ch\/wp_fr\/?page_id=4443\">Promenade panoramique au-dessus de Grindelwald<\/a><\/li>\n<\/ul>\n<p style=\"text-align: center;\">Grisons et Vorarlberg<\/p>\n<ul>\n<li><a title=\"Fuorcla Surlej\" href=\"http:\/\/www.lesmonts.ch\/wp_fr\/?page_id=3498\">Fuorcla Surlej<\/a><\/li>\n<\/ul>\n<p style=\"text-align: center;\">Massif du Mont Blanc<\/p>\n<ul>\n<li><a title=\"Balcon Sud du Mont Blanc\" href=\"http:\/\/www.lesmonts.ch\/wp_fr\/?page_id=161\">Balcon Sud du Mont Blanc (Val V\u00e9ny)<\/a><\/li>\n<li><a href=\"http:\/\/www.lesmonts.ch\/wp_fr\/?page_id=4300\">Br\u00e9vent et lac Cornu<\/a><\/li>\n<li><a href=\"http:\/\/www.lesmonts.ch\/wp_fr\/?page_id=4470\">Balcon Nord du Mont Blanc (Col des Montets-Fl\u00e9g\u00e8re-Br\u00e9vent)<\/a><\/li>\n<\/ul>\n<p style=\"text-align: center;\">France<\/p>\n<ul>\n<li><a title=\"Lac d\u2019Allos\" href=\"http:\/\/www.lesmonts.ch\/wp_fr\/?page_id=1450\">Lac d&rsquo;Allos<\/a><\/li>\n<li><a href=\"http:\/\/www.lesmonts.ch\/wp_fr\/?page_id=4290\">Gorges de l&rsquo;Ard\u00e8che, dolmen de Chanet<\/a><\/li>\n<li><a href=\"https:\/\/www.lesmonts.ch\/wp_fr\/?page_id=11075\">Les grues cendr\u00e9es au lac du Der<\/a><\/li>\n<\/ul>\n<div id=\"geoview\"><em><strong>Vue sous forme de carte<\/strong><\/em><\/div>\n\r\n            \r\n            \r\n            \r\n            <a name='map3'><\/a>\r\n            \r\n            \r\n            \r\n            \r\n            <div class=\"wpgmza_map \"  id=\"wpgmza_map_3\" style=\"display:block; overflow:auto; width:600px; height:400px; float:left;\" data-settings='{\"id\":\"3\",\"map_title\":\"Ete\",\"map_width\":\"600\",\"map_height\":\"400\",\"map_start_lat\":\"50.956233\",\"map_start_lng\":\"43.716642\",\"map_start_location\":\"50.956232838479856,43.716641804459876\",\"map_start_zoom\":\"4\",\"default_marker\":\"0\",\"type\":\"1\",\"alignment\":\"1\",\"directions_enabled\":\"1\",\"styling_enabled\":\"0\",\"styling_json\":\"\",\"active\":\"0\",\"kml\":\"\",\"bicycle\":\"0\",\"traffic\":\"0\",\"dbox\":\"1\",\"dbox_width\":\"500\",\"listmarkers\":\"0\",\"listmarkers_advanced\":\"0\",\"filterbycat\":\"0\",\"ugm_enabled\":\"0\",\"ugm_category_enabled\":\"0\",\"fusion\":\"\",\"map_width_type\":\"px\",\"map_height_type\":\"px\",\"mass_marker_support\":\"0\",\"ugm_access\":\"0\",\"order_markers_by\":\"1\",\"order_markers_choice\":\"2\",\"show_user_location\":\"2\",\"default_to\":\"\",\"other_settings\":{\"wpgmza_store_locator_restrict\":\"\",\"store_locator_bounce\":1,\"store_locator_query_string\":\"ZIP \\\/ Address:\",\"store_locator_name_string\":\"Titre \\\/ Description\",\"wpgmza_dbox_width_type\":\"px\",\"map_max_zoom\":\"3\",\"map_min_zoom\":\"21\",\"sl_stroke_color\":\"FF0000\",\"sl_stroke_opacity\":\"0.25\",\"sl_fill_color\":\"FF0000\",\"sl_fill_opacity\":\"0.15\",\"click_open_link\":2,\"transport_layer\":0,\"iw_primary_color\":\"2A3744\",\"iw_accent_color\":\"252F3A\",\"iw_text_color\":\"FFFFFF\",\"wpgmza_iw_type\":\"0\",\"list_markers_by\":\"0\",\"push_in_map\":\"\",\"push_in_map_placement\":\"9\",\"wpgmza_push_in_map_width\":\"\",\"wpgmza_push_in_map_height\":\"\",\"wpgmza_theme_data\":\"\",\"upload_default_ul_marker\":\"\",\"upload_default_sl_marker\":\"\",\"shortcodeAttributes\":{\"id\":\"3\"}}}' data-map-id='3' data-shortcode-attributes='{\"id\":\"3\"}'> <\/div>\r\n            \r\n               \r\n        <div style=\"display:block; width:100%;\">\r\n\t\t\t\t\r\n\t\t\t\t<div class=\"wpgmza-directions-box wpgmaps_directions_outer_div\" data-map-id=\"3\" style=\"width:500px;display:none;clear:both;\" id=\"wpgmaps_directions_edit_3\">\n\t<h2 class=\"wpgmza-directions-box__title\">Obtenir un itin\u00e9raire<\/h2>\n\t\n\t<div class=\"wpgmza-directions-box-inner\" id=\"wpgmaps_directions_editbox_3\">\n\t\t<div class=\"wpgmza-directions-actions wpgmza-form-field\">\n\t\t\t<div class=\"wpgmza-directions__travel-mode\">\n\t\t\t\t<span class=\"wpgmza-travel-mode-option wpgmza-travel-option__selected\" data-mode=\"driving\">\n\t\t\t\t\t<img decoding=\"async\" src=\"https:\/\/www.lesmonts.ch\/wp_fr\/wp-content\/plugins\/wp-google-maps-pro\/images\/icons\/directions_car.png\">\n\t\t\t\t<\/span>\n\t\t\t\t<span class=\"wpgmza-travel-mode-option\" data-mode=\"walking\">\n\t\t\t\t\t<img decoding=\"async\" src=\"https:\/\/www.lesmonts.ch\/wp_fr\/wp-content\/plugins\/wp-google-maps-pro\/images\/icons\/directions_walking.png\">\n\t\t\t\t<\/span>\n\t\t\t\t<span class=\"wpgmza-travel-mode-option\" data-mode=\"transit\">\n\t\t\t\t\t<img decoding=\"async\" src=\"https:\/\/www.lesmonts.ch\/wp_fr\/wp-content\/plugins\/wp-google-maps-pro\/images\/icons\/directions_transit.png\">\n\t\t\t\t<\/span>\n\t\t\t\t<span class=\"wpgmza-travel-mode-option\" data-mode=\"bicycling\">\n\t\t\t\t\t<img decoding=\"async\" src=\"https:\/\/www.lesmonts.ch\/wp_fr\/wp-content\/plugins\/wp-google-maps-pro\/images\/icons\/directions_bike.png\">\n\t\t\t\t<\/span>\n\t\t\t<\/div>\n\n\t\t\t<div class=\"wpgmza-directions-locations\">\n\t\t\t\t<div class=\"wpgmza-directions-from wpgmza-form-field\">\n\n\t\t\t\t\t<i class=\"wpgmza-directions-from__icon fa fa-circle\"><\/i>\n\t\t\t\n\t\t\t\t\t<label class=\"wpgmza-form-field__label\" for=\"wpgmza_input_from_3\">\n\t\t\t\t\t\tDepuis\t\t\t\t\t<\/label>\n\t\t\t\t\t\n\t\t\t\t\t<input class=\"wpgmza-address wpgmza-directions-from wpgmza-form-field__input\" type=\"text\" placeholder=\"Depuis\" value=\"\" id=\"wpgmza_input_from_3\" aria-label=\"Depuis\">\n\t\t\t\t\n\t\t\t\t<\/div>\n\n\t\t\t\t<div class=\"wpgmza-directions-to wpgmza-form-field wpgmaps_to_row\">\n\n\t\t\t\t\t<i class=\"wpgmza-directions-to__icon fa fas fa-map-marker\"><\/i>\n\n\t\t\t\t\t<label class=\"wpgmza-form-field__label\" for=\"wpgmza_input_to_3\">\n\t\t\t\t\t\t\u00c0\t\t\t\t\t<\/label>\n\t\t\t\t\t<input class=\"wpgmza-address wpgmza-form-field__input wpgmza-directions-to\" type=\"text\" placeholder=\"\u00c0\" value=\"\" id=\"wpgmza_input_to_3\" aria-label=\"\u00c0\">\n\t\t\t\t<\/div>\n\t\t\t\t\n\t\t\t\t<div class=\"wpgmza-waypoint-via wpgmza-form-field wpgmza-form-field--no-pad wpgmaps_via wpgmaps_template\">\n\n\t\t\t\t\t<i class=\"wpgmza-directions-from__icon fa fa-circle\"><\/i>\n\t\t\t\t\n\t\t\t\t\t<input class=\"wpgmza-waypoint-via wpgmza-form-field__input wpgmaps_via\" type=\"text\" placeholder=\"Via\">\n\t\t\t\t\t\n\t\t\t\t\t<button href=\"javascript:%20;\" class=\"wpgmza_remove_via\">\n\t\t\t\t\t\t<i class=\"fa fa-times\"><\/i>\n\t\t\t\t\t<\/button>\n\t\t\t\t\t\n\t\t\t\t<\/div>\n\t\t\t\t\n\t\t\t\t<div class=\"wpgmza-add-waypoint wpgmza-form-field wpgmza-form-field--no-pad wpgmaps_add_waypoint\">\n\t\t\t\t\t<div class=\"wpgmaps_add_waypoint\">\n\t\t\t\t\t\t<a href=\"javascript:%20;\" class=\"wpgmaps_add_waypoint\" mapid=\"3\">\n\t\t\t\t\t\t\t<i class=\"fa fa-plus-circle\" aria-hidden=\"true\"><\/i>\n\t\t\t\t\t\t\tAjouter un point de cheminement\t\t\t\t\t\t<\/a>\n\t\t\t\t\t<\/div>\n\t\t\t\t<\/div>\n\t\t\t<\/div>\n\n\t\t\t<div class=\"wpgmza-hidden\">\n\t\t\t<label class=\"wpgmza-travel-mode wpgmza-form-field__label\" for=\"wpgmza_dir_type_3\">\n\t\t\t\tPour\t\t\t<\/label>\n\t\t\t<select class=\"wpgmza-travel-mode wpgmza-form-field__input\" name=\"wpgmza_dir_type_3\" id=\"wpgmza_dir_type_3\" aria-label=\"Pour\">\n\t\t\t\t<option value=\"driving\">\n\t\t\t\t\tConduite\t\t\t\t<\/option>\n\t\t\t\t<option value=\"walking\">\n\t\t\t\t\tMarche\t\t\t\t<\/option>\n\t\t\t\t<option value=\"transit\">\n\t\t\t\t\tTransit\t\t\t\t<\/option>\n\t\t\t\t<option value=\"bicycling\">\n\t\t\t\t\tV\u00e9lo\t\t\t\t<\/option>\n\t\t\t<\/select>\n\t\t\t<\/div>\n\t\t<\/div>\n\t\t\t\n\t\t<div class=\"wpgmza-directions-options__section\">\n\t\t\t<a href=\"javascript:;\" class=\"wpgmza-show-directions-options\" id=\"wpgmza_show_options_3\" mapid=\"3\">\n\t\t\t\tafficher les options\t\t\t<\/a>\n\t\t\t\n\t\t\t<a href=\"javascript:;\" class=\"wpgmza-hide-directions-options\" id=\"wpgmza_hide_options_3\" mapid=\"3\">\n\t\t\t\tmasquer les options\t\t\t<\/a>\n\t\t\t\n\t\t\t<div class=\"wpgmza-directions-options wpgmza-form-field wpgmza-form-field--no-pad wpgmza_dir_options\">\n\t\t\t\t<label class=\"class\">\n\t\t\t\t\t<input type=\"checkbox\" class=\"wpgmza-avoid-tolls\" value=\"tolls\" name=\"wpgmza_tolls_3\" id=\"wpgmza_tolls_3\">\n\t\t\t\t\t\u00c9vitez les p\u00e9ages\t\t\t\t<\/label>\n\t\t\t\t<label class=\"class\">\n\t\t\t\t\t<input type=\"checkbox\" class=\"wpgmza-avoid-highways\" value=\"highways\" name=\"wpgmza_highways_3\" id=\"wpgmza_highways_3\">\n\t\t\t\t\t\u00c9vitez les autoroutes\t\t\t\t<\/label>\n\t\t\t\t<label class=\"class\">\n\t\t\t\t\t<input type=\"checkbox\" class=\"wpgmza-avoid-ferries\" value=\"ferries\" name=\"wpgmza_ferries_3\" id=\"wpgmza_ferries_3\">\n\t\t\t\t\t\u00c9vitez les ferries\t\t\t\t<\/label>\n\t\t\t<\/div>\n\t\t<\/div>\n\t\t\n\t<\/div>\n\t\n\t<div class=\"wpgmza-directions-buttons wpgmza-form-field wpgmaps_to_row\">\n\t\t<input class=\"wpgmza-get-directions wpgmaps_get_directions\" onclick=\"javascript: ;\" type=\"button\" value=\"Aller\" id=\"3\">\n\t\t\n\t\t<span class=\"wpgmza-directions-result__buttons\">\n\t\t\t<a class=\"wpgmza-print-directions\" style=\"display: none;\" onclick=\"javascript: ;\" mapid=\"3\">\n\t\t\t\tImprimer les itin\u00e9raires\t\t\t<\/a>\n\t\t\t\n\t\t\t<a class=\"wpgmza-reset-directions\" style=\"display: none;\" onclick=\"javascript: ;\" mapid=\"3\">\n\t\t\t\tR\u00e9initialiser les itin\u00e9raires\t\t\t<\/a>\n\t\t<\/span>\n\t<\/div>\n<\/div>\r\n\t\t\t\t\r\n\t\t\t\t<div id=\"wpgmaps_directions_notification_3\" style=\"display:none;\">R\u00e9cup\u00e9ration d'itin\u00e9raire......<\/div>\r\n\t\t\t\t\r\n\t\t\t\t<div id=\"wpgmaps_directions_reset_3\" style=\"display:none;\">\r\n\r\n\t\t\t\t\t<a href='javascript:void(0)' onclick='wpgmza_reset_directions(3);' id='wpgmaps_reset_directions' title='R\u00e9initialiser les itin\u00e9raires'>R\u00e9initialiser les itin\u00e9raires<\/a>\r\n\t\t\t\t\t<br \/>\r\n\t\t\t\t\t<a href='javascript: ;' id='wpgmaps_print_directions_3' target='_blank' title='Imprimer les itin\u00e9raires'>Imprimer les itin\u00e9raires<\/a>\r\n\t\t\t\t<\/div>\r\n\t\t\t\t\r\n\t\t\t\t<div id=\"directions_panel_3\"><\/div>\r\n\r\n\t\t\t<\/div>\n<p>&nbsp;<\/p>\n","protected":false},"excerpt":{"rendered":"<p>Les randos d&rsquo;\u00e9t\u00e9, c&rsquo;est essentiellement des randos o\u00f9 la neige ne sert pas \u00e0 la progression. N&rsquo;oubliez pas, lors de la planification d&rsquo;une randonn\u00e9e, de consulter des sites plus techniques ! Et -r\u00e9p\u00e9tons-le- un GPS m\u00eame d&rsquo;excellente qualit\u00e9 (pas un de ces iMachin ou similaire de toutes fa\u00e7ons illisibles au soleil) ne remplace en aucun &hellip; <a href=\"https:\/\/www.lesmonts.ch\/wp_fr\/randonnees\/randonnees-estivales\/\" class=\"more-link\">Continuer la lecture de <span class=\"screen-reader-text\">Randonn\u00e9es estivales<\/span>  <span class=\"meta-nav\">&rarr;<\/span><\/a><\/p>\n","protected":false},"author":1,"featured_media":0,"parent":35,"menu_order":0,"comment_status":"closed","ping_status":"closed","template":"","meta":{"_crdt_document":"","ngg_post_thumbnail":0,"footnotes":""},"class_list":["post-40","page","type-page","status-publish","hentry"],"_links":{"self":[{"href":"https:\/\/www.lesmonts.ch\/wp_fr\/wp-json\/wp\/v2\/pages\/40","targetHints":{"allow":["GET"]}}],"collection":[{"href":"https:\/\/www.lesmonts.ch\/wp_fr\/wp-json\/wp\/v2\/pages"}],"about":[{"href":"https:\/\/www.lesmonts.ch\/wp_fr\/wp-json\/wp\/v2\/types\/page"}],"author":[{"embeddable":true,"href":"https:\/\/www.lesmonts.ch\/wp_fr\/wp-json\/wp\/v2\/users\/1"}],"replies":[{"embeddable":true,"href":"https:\/\/www.lesmonts.ch\/wp_fr\/wp-json\/wp\/v2\/comments?post=40"}],"version-history":[{"count":35,"href":"https:\/\/www.lesmonts.ch\/wp_fr\/wp-json\/wp\/v2\/pages\/40\/revisions"}],"predecessor-version":[{"id":11109,"href":"https:\/\/www.lesmonts.ch\/wp_fr\/wp-json\/wp\/v2\/pages\/40\/revisions\/11109"}],"up":[{"embeddable":true,"href":"https:\/\/www.lesmonts.ch\/wp_fr\/wp-json\/wp\/v2\/pages\/35"}],"wp:attachment":[{"href":"https:\/\/www.lesmonts.ch\/wp_fr\/wp-json\/wp\/v2\/media?parent=40"}],"curies":[{"name":"wp","href":"https:\/\/api.w.org\/{rel}","templated":true}]}}