{"id":3951,"date":"2014-09-24T07:09:40","date_gmt":"2014-09-24T06:09:40","guid":{"rendered":"http:\/\/www.lesmonts.ch\/wp_fr\/?page_id=3951"},"modified":"2014-09-25T19:58:29","modified_gmt":"2014-09-25T18:58:29","slug":"auberge-de-salanfe","status":"publish","type":"page","link":"https:\/\/www.lesmonts.ch\/wp_fr\/randonnees\/gites\/auberge-de-salanfe\/","title":{"rendered":"Auberge de Salanfe"},"content":{"rendered":"<p>Alors qu&rsquo; <a title=\"Cabane d\u2019Ant\u00e8me\" href=\"http:\/\/www.lesmonts.ch\/wp_fr\/?page_id=3956\">Ant\u00e8me <\/a>est \u00e9cras\u00e9 par les parois verticales du versant Nord des Dents du Midi, Salanfe au contraire, situ\u00e9 au-dessus du vallon de Van, regarde les parois plus d\u00e9lit\u00e9es et plus d\u00e9bonnaires du versant Sud. Jusqu&rsquo;au d\u00e9but du vingti\u00e8me si\u00e8cle, Salanfe \u00e9tait un p\u00e2turage un peu mar\u00e9cageux, une cuvette domin\u00e9e \u00e0 l&rsquo;Ouest par la Tour Saill\u00e8re, au Nord par les Dents du Midi et au Sud par le Luisin, le col de la Golette et le col d&rsquo;Emaney, passages sur les Mar\u00e9cottes et Emaney (voir aussi <a title=\"Champ\u00e9ry-Chamonix\" href=\"http:\/\/www.lesmonts.ch\/wp_fr\/?page_id=157\">Champ\u00e9ry-Chamonix<\/a>). La construction d&rsquo;un barrage de retenue a transform\u00e9 la cuvette en un lac au bord duquel tr\u00f4ne <a title=\"Auberge de Salanfe\" href=\"http:\/\/www.salanfe.ch\/fr\/\" target=\"_blank\">une auberge<\/a> bien fr\u00e9quent\u00e9e.<\/p>\n<p><a href=\"http:\/\/www.lesmonts.ch\/wp_fr\/wp-content\/uploads\/2014\/09\/Salanfe.jpg\"><img loading=\"lazy\" decoding=\"async\" class=\"aligncenter size-medium wp-image-3960\" src=\"http:\/\/www.lesmonts.ch\/wp_fr\/wp-content\/uploads\/2014\/09\/Salanfe-300x125.jpg\" alt=\"Stitched Panorama\" width=\"300\" height=\"125\" srcset=\"https:\/\/www.lesmonts.ch\/wp_fr\/wp-content\/uploads\/2014\/09\/Salanfe-300x125.jpg 300w, https:\/\/www.lesmonts.ch\/wp_fr\/wp-content\/uploads\/2014\/09\/Salanfe-1024x429.jpg 1024w, https:\/\/www.lesmonts.ch\/wp_fr\/wp-content\/uploads\/2014\/09\/Salanfe.jpg 1400w\" sizes=\"auto, (max-width: 300px) 100vw, 300px\" \/><\/a>En hiver, l&rsquo;auberge est ferm\u00e9e, mais de nombreux skieurs atteignent Salanfe depuis les Mar\u00e9cottes par le col de la Golette. Certains descendent directement sur Van lorsque la route est ouverte; Van o\u00f9 des amis iront les r\u00e9cup\u00e9rer en automobile; d&rsquo;autres plus physiques traversent le col de Susanfe pour dormir \u00e0 la cabane homonyme en pr\u00e9vision de l&rsquo;ascension de la Haute Cime. Les derniers enfin feront la Haute Cime \u00e0 skis en aller-retour dans la journ\u00e9e avec parfois le retour par le col de la Golette, mais l&rsquo;effort physique est consid\u00e9rable, d&rsquo;autant que la descente de la Haute Cime \u00e0 skis n&rsquo;est pas vraiment une entreprise facile et demandede bonnes conditions de neige et une technique accomplie pour \u00eatre faisable sans risques inconsid\u00e9r\u00e9s.<\/p>\n<p>En \u00e9t\u00e9, on gagne le cirque de Salanfe depuis le camping de Van d&rsquo;en Haut, par un chemin bien am\u00e9nag\u00e9 avec des \u00e9chelles, en une bonne heure, voire une heure et demie de marche. Sur le trajet du Tour des Dents du Midi, on parvient \u00e0 Salanfe en venant de la cabane de Susanfe en trois heures environ. Apr\u00e8s s&rsquo;\u00eatre restaur\u00e9 et remis de ses efforts, il peut \u00eatre int\u00e9ressant (surtout si l&rsquo;on n&rsquo;a pas pr\u00e9vu d&rsquo;aller plus loin) de gagner en une petite heure le col du Jorat pour admirer la vue sur les Gagneries et la plaine du Rh\u00f4ne jusqu&rsquo;au lac L\u00e9man. En juillet, la mont\u00e9e au col du Jorat permet d&rsquo;admirer une flore vari\u00e9e et exub\u00e9rante.<\/p>\n<p><a href=\"http:\/\/www.lesmonts.ch\/wp_fr\/wp-content\/uploads\/2014\/09\/Salanfe2.jpg\"><img loading=\"lazy\" decoding=\"async\" class=\"aligncenter size-medium wp-image-3961\" src=\"http:\/\/www.lesmonts.ch\/wp_fr\/wp-content\/uploads\/2014\/09\/Salanfe2-300x199.jpg\" alt=\"Salanfe2\" width=\"300\" height=\"199\" srcset=\"https:\/\/www.lesmonts.ch\/wp_fr\/wp-content\/uploads\/2014\/09\/Salanfe2-300x199.jpg 300w, https:\/\/www.lesmonts.ch\/wp_fr\/wp-content\/uploads\/2014\/09\/Salanfe2-1024x680.jpg 1024w, https:\/\/www.lesmonts.ch\/wp_fr\/wp-content\/uploads\/2014\/09\/Salanfe2.jpg 1400w\" sizes=\"auto, (max-width: 300px) 100vw, 300px\" \/><\/a>L&rsquo;auberge propose des chambres tr\u00e8s confortables pour ceux qui voudraient s\u00e9journer sur le site. En plus du Tour des Dents du Midi, on peut aussi envisager le <a title=\"Champ\u00e9ry-Chamonix\" href=\"http:\/\/www.lesmonts.ch\/wp_fr\/?page_id=157\" target=\"_blank\">passage sur le vallon d&rsquo;Emaney<\/a>, puis sur celui de Barberine et Emosson par le col d&rsquo;Emaney et le col de Barberine. Attention toutefois aux panneaux indicateurs : les horaires qui y sont mentionn\u00e9s sont souvent fantaisistes; il vaut mieux se renseigner \u00e0 l&rsquo;auberge, ou faire confiance en sa carte g\u00e9ographique.<\/p>\n","protected":false},"excerpt":{"rendered":"<p>Alors qu&rsquo; Ant\u00e8me est \u00e9cras\u00e9 par les parois verticales du versant Nord des Dents du Midi, Salanfe au contraire, situ\u00e9 au-dessus du vallon de Van, regarde les parois plus d\u00e9lit\u00e9es et plus d\u00e9bonnaires du versant Sud. Jusqu&rsquo;au d\u00e9but du vingti\u00e8me si\u00e8cle, Salanfe \u00e9tait un p\u00e2turage un peu mar\u00e9cageux, une cuvette domin\u00e9e \u00e0 l&rsquo;Ouest par la &hellip; <a href=\"https:\/\/www.lesmonts.ch\/wp_fr\/randonnees\/gites\/auberge-de-salanfe\/\" class=\"more-link\">Continuer la lecture de <span class=\"screen-reader-text\">Auberge de Salanfe<\/span>  <span class=\"meta-nav\">&rarr;<\/span><\/a><\/p>\n","protected":false},"author":1,"featured_media":0,"parent":3930,"menu_order":0,"comment_status":"open","ping_status":"open","template":"","meta":{"_crdt_document":"","ngg_post_thumbnail":0,"footnotes":""},"class_list":["post-3951","page","type-page","status-publish","hentry"],"_links":{"self":[{"href":"https:\/\/www.lesmonts.ch\/wp_fr\/wp-json\/wp\/v2\/pages\/3951","targetHints":{"allow":["GET"]}}],"collection":[{"href":"https:\/\/www.lesmonts.ch\/wp_fr\/wp-json\/wp\/v2\/pages"}],"about":[{"href":"https:\/\/www.lesmonts.ch\/wp_fr\/wp-json\/wp\/v2\/types\/page"}],"author":[{"embeddable":true,"href":"https:\/\/www.lesmonts.ch\/wp_fr\/wp-json\/wp\/v2\/users\/1"}],"replies":[{"embeddable":true,"href":"https:\/\/www.lesmonts.ch\/wp_fr\/wp-json\/wp\/v2\/comments?post=3951"}],"version-history":[{"count":6,"href":"https:\/\/www.lesmonts.ch\/wp_fr\/wp-json\/wp\/v2\/pages\/3951\/revisions"}],"predecessor-version":[{"id":3991,"href":"https:\/\/www.lesmonts.ch\/wp_fr\/wp-json\/wp\/v2\/pages\/3951\/revisions\/3991"}],"up":[{"embeddable":true,"href":"https:\/\/www.lesmonts.ch\/wp_fr\/wp-json\/wp\/v2\/pages\/3930"}],"wp:attachment":[{"href":"https:\/\/www.lesmonts.ch\/wp_fr\/wp-json\/wp\/v2\/media?parent=3951"}],"curies":[{"name":"wp","href":"https:\/\/api.w.org\/{rel}","templated":true}]}}