{"id":3943,"date":"2014-09-23T12:37:29","date_gmt":"2014-09-23T11:37:29","guid":{"rendered":"http:\/\/www.lesmonts.ch\/wp_fr\/?page_id=3943"},"modified":"2014-09-23T12:37:29","modified_gmt":"2014-09-23T11:37:29","slug":"tellistafel","status":"publish","type":"page","link":"https:\/\/www.lesmonts.ch\/wp_fr\/randonnees\/gites\/tellistafel\/","title":{"rendered":"Tellistafel"},"content":{"rendered":"<p><a href=\"http:\/\/www.lesmonts.ch\/wp_fr\/wp-content\/uploads\/2014\/09\/tellistafel1.jpg\"><img loading=\"lazy\" decoding=\"async\" class=\"aligncenter size-medium wp-image-3944\" src=\"http:\/\/www.lesmonts.ch\/wp_fr\/wp-content\/uploads\/2014\/09\/tellistafel1-300x199.jpg\" alt=\"tellistafel1\" width=\"300\" height=\"199\" srcset=\"https:\/\/www.lesmonts.ch\/wp_fr\/wp-content\/uploads\/2014\/09\/tellistafel1-300x199.jpg 300w, https:\/\/www.lesmonts.ch\/wp_fr\/wp-content\/uploads\/2014\/09\/tellistafel1-1024x680.jpg 1024w, https:\/\/www.lesmonts.ch\/wp_fr\/wp-content\/uploads\/2014\/09\/tellistafel1.jpg 1400w\" sizes=\"auto, (max-width: 300px) 100vw, 300px\" \/><\/a>Sur le \u00ab\u00a0<a title=\"Loetschentaler H\u00f6henweg\" href=\"http:\/\/www.lesmonts.ch\/wp_fr\/?page_id=168\">L\u00f6tschentaler H\u00f6henweg<\/a>\u00ab\u00a0, il existe de tr\u00e8s nombreuses possibilit\u00e9s de se rafra\u00eechir et de se restaurer, \u00e0 commencer par le passage \u00e0 Lauchernalp et ses nombreux restaurants, sans parler de l&rsquo;<a title=\"Fafleralp\" href=\"http:\/\/www.lesmonts.ch\/wp_fr\/?page_id=3554\">h\u00f4tel Fafleralp<\/a> o\u00f9 se termine la randonn\u00e9e. Beaucoup de ces restaurants offrent un accueil de qualit\u00e9. Le petit <a title=\"Restaurant Tellialp\" href=\"http:\/\/www.loetschental.ch\/de\/gastgeber\/restaurants\/restaurant-tellialp,-loetschentaler-hoehenweg\" target=\"_blank\">restaurant de Tellialp<\/a> est atteignable depuis Blatten, en voiture le cas \u00e9ch\u00e9ant, et propose une terrasse sympathique dans un cadre sauvage, \u00e0 l&rsquo;extr\u00e9mit\u00e9 du vallon de Im Tellin, o\u00f9 l&rsquo;on arrive l&rsquo;hiver apr\u00e8s la descente de l&rsquo;<a title=\"Elwert\u00e4tsch (L\u00f6tschental)\" href=\"http:\/\/www.lesmonts.ch\/wp_fr\/?page_id=180\">Elwert\u00e4tsch<\/a>.<\/p>\n<p>L&rsquo;ensemble des sp\u00e9cialit\u00e9s valaisannes, ainsi que quelques bouteilles de qualit\u00e9, est disponible au restaurant.<\/p>\n<p><a href=\"http:\/\/www.lesmonts.ch\/wp_fr\/wp-content\/uploads\/2014\/09\/tellistafel3.jpg\"><img loading=\"lazy\" decoding=\"async\" class=\"aligncenter size-medium wp-image-3945\" src=\"http:\/\/www.lesmonts.ch\/wp_fr\/wp-content\/uploads\/2014\/09\/tellistafel3-300x199.jpg\" alt=\"tellistafel3\" width=\"300\" height=\"199\" srcset=\"https:\/\/www.lesmonts.ch\/wp_fr\/wp-content\/uploads\/2014\/09\/tellistafel3-300x199.jpg 300w, https:\/\/www.lesmonts.ch\/wp_fr\/wp-content\/uploads\/2014\/09\/tellistafel3-1024x680.jpg 1024w, https:\/\/www.lesmonts.ch\/wp_fr\/wp-content\/uploads\/2014\/09\/tellistafel3.jpg 1400w\" sizes=\"auto, (max-width: 300px) 100vw, 300px\" \/><\/a><\/p>\n<p>C&rsquo;est aussi l&rsquo;occasion d&rsquo;admirer les vaches du L\u00f6tschental, noires et blanches, au dessin si particulier.<\/p>\n<p><a href=\"http:\/\/www.lesmonts.ch\/wp_fr\/wp-content\/uploads\/2014\/09\/tellistafel2.jpg\"><img loading=\"lazy\" decoding=\"async\" class=\"aligncenter size-medium wp-image-3946\" src=\"http:\/\/www.lesmonts.ch\/wp_fr\/wp-content\/uploads\/2014\/09\/tellistafel2-300x199.jpg\" alt=\"tellistafel2\" width=\"300\" height=\"199\" srcset=\"https:\/\/www.lesmonts.ch\/wp_fr\/wp-content\/uploads\/2014\/09\/tellistafel2-300x199.jpg 300w, https:\/\/www.lesmonts.ch\/wp_fr\/wp-content\/uploads\/2014\/09\/tellistafel2-1024x680.jpg 1024w, https:\/\/www.lesmonts.ch\/wp_fr\/wp-content\/uploads\/2014\/09\/tellistafel2.jpg 1400w\" sizes=\"auto, (max-width: 300px) 100vw, 300px\" \/><\/a><\/p>\n","protected":false},"excerpt":{"rendered":"<p>Sur le \u00ab\u00a0L\u00f6tschentaler H\u00f6henweg\u00ab\u00a0, il existe de tr\u00e8s nombreuses possibilit\u00e9s de se rafra\u00eechir et de se restaurer, \u00e0 commencer par le passage \u00e0 Lauchernalp et ses nombreux restaurants, sans parler de l&rsquo;h\u00f4tel Fafleralp o\u00f9 se termine la randonn\u00e9e. Beaucoup de ces restaurants offrent un accueil de qualit\u00e9. Le petit restaurant de Tellialp est atteignable depuis &hellip; <a href=\"https:\/\/www.lesmonts.ch\/wp_fr\/randonnees\/gites\/tellistafel\/\" class=\"more-link\">Continuer la lecture de <span class=\"screen-reader-text\">Tellistafel<\/span>  <span class=\"meta-nav\">&rarr;<\/span><\/a><\/p>\n","protected":false},"author":1,"featured_media":0,"parent":3930,"menu_order":0,"comment_status":"open","ping_status":"open","template":"","meta":{"_crdt_document":"","ngg_post_thumbnail":0,"footnotes":""},"class_list":["post-3943","page","type-page","status-publish","hentry"],"_links":{"self":[{"href":"https:\/\/www.lesmonts.ch\/wp_fr\/wp-json\/wp\/v2\/pages\/3943","targetHints":{"allow":["GET"]}}],"collection":[{"href":"https:\/\/www.lesmonts.ch\/wp_fr\/wp-json\/wp\/v2\/pages"}],"about":[{"href":"https:\/\/www.lesmonts.ch\/wp_fr\/wp-json\/wp\/v2\/types\/page"}],"author":[{"embeddable":true,"href":"https:\/\/www.lesmonts.ch\/wp_fr\/wp-json\/wp\/v2\/users\/1"}],"replies":[{"embeddable":true,"href":"https:\/\/www.lesmonts.ch\/wp_fr\/wp-json\/wp\/v2\/comments?post=3943"}],"version-history":[{"count":1,"href":"https:\/\/www.lesmonts.ch\/wp_fr\/wp-json\/wp\/v2\/pages\/3943\/revisions"}],"predecessor-version":[{"id":3947,"href":"https:\/\/www.lesmonts.ch\/wp_fr\/wp-json\/wp\/v2\/pages\/3943\/revisions\/3947"}],"up":[{"embeddable":true,"href":"https:\/\/www.lesmonts.ch\/wp_fr\/wp-json\/wp\/v2\/pages\/3930"}],"wp:attachment":[{"href":"https:\/\/www.lesmonts.ch\/wp_fr\/wp-json\/wp\/v2\/media?parent=3943"}],"curies":[{"name":"wp","href":"https:\/\/api.w.org\/{rel}","templated":true}]}}