{"id":3795,"date":"2014-09-15T12:54:51","date_gmt":"2014-09-15T11:54:51","guid":{"rendered":"http:\/\/www.lesmonts.ch\/wp_fr\/?page_id=3795"},"modified":"2014-09-15T13:06:38","modified_gmt":"2014-09-15T12:06:38","slug":"louise-jaton","status":"publish","type":"page","link":"https:\/\/www.lesmonts.ch\/wp_fr\/page-d-exemple\/les-habitants\/louise-jaton\/","title":{"rendered":"Louise Jaton"},"content":{"rendered":"<p>Louise est n\u00e9e le premier juin 1913 \u00e0 St.Pierre de Boeuf (Loire), d&rsquo;un p\u00e8re allemand (M. Witz) et\u00a0 d&rsquo;une m\u00e8re italienne (Mme Alberitzi). La guerre qui allait \u00e9clater un an plus tard allait imposer au p\u00e8re de s&rsquo;enr\u00f4ler parmi les troupes du Kaiser. A la fin de la \u00ab\u00a0grande guerre\u00a0\u00bb, Louise allait, avec sa s\u0153ur, d\u00e9m\u00e9nager en Suisse, dans la r\u00e9gion de B\u00e2le; elle \u00e9tait plac\u00e9e dans un \u00e9tablissement pour enfants chez les diaconesses, ces m\u00eames s\u0153urs chr\u00e9tiennes qui ont par la suite donn\u00e9e lieu \u00e0 de sinistres histoires.<\/p>\n<p>Plus tard, elle ira se placer comme jeune fille au pair en Suisse Romande, \u00e0 Bougy-Villars sur la c\u00f4te l\u00e9manique, chez un notable vigneron de la r\u00e9gion.<\/p>\n<p>Elle fera la connaissance de Marcel Jaton lors d&rsquo;une course de montagne, au sommet du Lauberhorn.<\/p>\n<p><a href=\"http:\/\/www.lesmonts.ch\/wp_fr\/wp-content\/uploads\/2014\/09\/l1.jpg\"><img loading=\"lazy\" decoding=\"async\" class=\"aligncenter size-medium wp-image-3796\" src=\"http:\/\/www.lesmonts.ch\/wp_fr\/wp-content\/uploads\/2014\/09\/l1-277x300.jpg\" alt=\"l1\" width=\"277\" height=\"300\" srcset=\"https:\/\/www.lesmonts.ch\/wp_fr\/wp-content\/uploads\/2014\/09\/l1-277x300.jpg 277w, https:\/\/www.lesmonts.ch\/wp_fr\/wp-content\/uploads\/2014\/09\/l1.jpg 317w\" sizes=\"auto, (max-width: 277px) 100vw, 277px\" \/><\/a><\/p>\n<p>Ils s&rsquo;\u00e9tabliront en 1950 aux Monts sur Bex, dans la maison actuelle, qui ressemblait \u00e0 ce moment plus \u00e0 une ruine qu&rsquo;\u00e0 une maison. Des planchers trou\u00e9s, pas d&rsquo;eau ni d&rsquo;\u00e9nergie, pas de chauffage&#8230; Les premi\u00e8res ann\u00e9es sont tr\u00e8s difficiles avec un enfant en bas \u00e2ge. Le seul approvisionnement en eau est une source dans la for\u00eat, situ\u00e9e 80 m\u00e8tres en contrebas de la maison, ce qui rend l&rsquo;approvisionnement (lessive, consommation, toilette) p\u00e9nible, surtout l&rsquo;hiver quand il faut casser la glace sur la source.<\/p>\n<p><a href=\"http:\/\/www.lesmonts.ch\/wp_fr\/wp-content\/uploads\/2014\/09\/l2.jpg\"><img loading=\"lazy\" decoding=\"async\" class=\"aligncenter size-medium wp-image-3797\" src=\"http:\/\/www.lesmonts.ch\/wp_fr\/wp-content\/uploads\/2014\/09\/l2-212x300.jpg\" alt=\"l2\" width=\"212\" height=\"300\" srcset=\"https:\/\/www.lesmonts.ch\/wp_fr\/wp-content\/uploads\/2014\/09\/l2-212x300.jpg 212w, https:\/\/www.lesmonts.ch\/wp_fr\/wp-content\/uploads\/2014\/09\/l2.jpg 264w\" sizes=\"auto, (max-width: 212px) 100vw, 212px\" \/><\/a><\/p>\n<p>Pour les courses, c&rsquo;est \u00e0 l&rsquo;avenant : il n&rsquo;y a pas de chemin carrossable, et tout doit \u00eatre mont\u00e9 avec le sac \u00e0 dos, avec un b\u00e9b\u00e9 sur les bras pour arranger les choses. Il faudra attendre 1965 (15 ans, donc) pour qu&rsquo;il devienne enfin possible d&rsquo;acc\u00e9der \u00e0 la maison avec un v\u00e9hicule. Le chemin d&rsquo;acc\u00e8s est rest\u00e9 le m\u00eame, d&rsquo;ailleurs, non goudronn\u00e9, et effarouchant certains visiteurs !<\/p>\n<p>Petit \u00e0 petit, gr\u00e2ce aux efforts de Louise, la situation s&rsquo;am\u00e9liore; son \u00e9poux est d\u00e9c\u00e9d\u00e9 vers la fin des ann\u00e9es soixante, elle restera aux Monts (aid\u00e9e dans la mesure du possible par son fils) presque jusqu&rsquo;\u00e0 sa mort en septembre 2004, \u00e0 l&rsquo;\u00e2ge de 91 ans. Sa passion pour la montagne et la nature, son int\u00e9r\u00eat pour la broderie et le tricot, avec le jardinage, lui permettront de supporter la solitude, sauf en fin de vie, o\u00f9 sa vue d\u00e9faillante ne lui permet plus de broder, et ses jambes ne lui autorisent plus de belles promenades dans cette propri\u00e9t\u00e9 \u00e0 laquelle elle avait tant donn\u00e9.<\/p>\n<p><a href=\"http:\/\/www.lesmonts.ch\/wp_fr\/wp-content\/uploads\/2014\/09\/l3.jpg\"><img loading=\"lazy\" decoding=\"async\" class=\"aligncenter size-full wp-image-3801\" src=\"http:\/\/www.lesmonts.ch\/wp_fr\/wp-content\/uploads\/2014\/09\/l3.jpg\" alt=\"l3\" width=\"159\" height=\"287\" \/><\/a><\/p>\n<p><a href=\"http:\/\/www.lesmonts.ch\/wp_fr\/wp-content\/uploads\/2014\/09\/IMGP0715.jpg\"><img loading=\"lazy\" decoding=\"async\" class=\"aligncenter size-medium wp-image-3803\" src=\"http:\/\/www.lesmonts.ch\/wp_fr\/wp-content\/uploads\/2014\/09\/IMGP0715-205x300.jpg\" alt=\"IMGP0715\" width=\"205\" height=\"300\" srcset=\"https:\/\/www.lesmonts.ch\/wp_fr\/wp-content\/uploads\/2014\/09\/IMGP0715-205x300.jpg 205w, https:\/\/www.lesmonts.ch\/wp_fr\/wp-content\/uploads\/2014\/09\/IMGP0715.jpg 410w\" sizes=\"auto, (max-width: 205px) 100vw, 205px\" \/><\/a><\/p>\n","protected":false},"excerpt":{"rendered":"<p>Louise est n\u00e9e le premier juin 1913 \u00e0 St.Pierre de Boeuf (Loire), d&rsquo;un p\u00e8re allemand (M. Witz) et\u00a0 d&rsquo;une m\u00e8re italienne (Mme Alberitzi). La guerre qui allait \u00e9clater un an plus tard allait imposer au p\u00e8re de s&rsquo;enr\u00f4ler parmi les troupes du Kaiser. A la fin de la \u00ab\u00a0grande guerre\u00a0\u00bb, Louise allait, avec sa s\u0153ur, &hellip; <a href=\"https:\/\/www.lesmonts.ch\/wp_fr\/page-d-exemple\/les-habitants\/louise-jaton\/\" class=\"more-link\">Continuer la lecture de <span class=\"screen-reader-text\">Louise Jaton<\/span>  <span class=\"meta-nav\">&rarr;<\/span><\/a><\/p>\n","protected":false},"author":1,"featured_media":0,"parent":75,"menu_order":0,"comment_status":"open","ping_status":"open","template":"","meta":{"_crdt_document":"","ngg_post_thumbnail":0,"footnotes":""},"class_list":["post-3795","page","type-page","status-publish","hentry"],"_links":{"self":[{"href":"https:\/\/www.lesmonts.ch\/wp_fr\/wp-json\/wp\/v2\/pages\/3795","targetHints":{"allow":["GET"]}}],"collection":[{"href":"https:\/\/www.lesmonts.ch\/wp_fr\/wp-json\/wp\/v2\/pages"}],"about":[{"href":"https:\/\/www.lesmonts.ch\/wp_fr\/wp-json\/wp\/v2\/types\/page"}],"author":[{"embeddable":true,"href":"https:\/\/www.lesmonts.ch\/wp_fr\/wp-json\/wp\/v2\/users\/1"}],"replies":[{"embeddable":true,"href":"https:\/\/www.lesmonts.ch\/wp_fr\/wp-json\/wp\/v2\/comments?post=3795"}],"version-history":[{"count":4,"href":"https:\/\/www.lesmonts.ch\/wp_fr\/wp-json\/wp\/v2\/pages\/3795\/revisions"}],"predecessor-version":[{"id":3804,"href":"https:\/\/www.lesmonts.ch\/wp_fr\/wp-json\/wp\/v2\/pages\/3795\/revisions\/3804"}],"up":[{"embeddable":true,"href":"https:\/\/www.lesmonts.ch\/wp_fr\/wp-json\/wp\/v2\/pages\/75"}],"wp:attachment":[{"href":"https:\/\/www.lesmonts.ch\/wp_fr\/wp-json\/wp\/v2\/media?parent=3795"}],"curies":[{"name":"wp","href":"https:\/\/api.w.org\/{rel}","templated":true}]}}