{"id":3710,"date":"2014-09-09T07:29:31","date_gmt":"2014-09-09T06:29:31","guid":{"rendered":"http:\/\/www.lesmonts.ch\/wp_fr\/?page_id=3710"},"modified":"2023-03-11T17:25:16","modified_gmt":"2023-03-11T16:25:16","slug":"elucubrations","status":"publish","type":"page","link":"https:\/\/www.lesmonts.ch\/wp_fr\/page-d-exemple\/elucubrations\/","title":{"rendered":"Elucubrations"},"content":{"rendered":"<p>Quelques r\u00e9flexions ( divagations ?) qui meublent parfois une nuit d&rsquo;insomnie ou une soir\u00e9e o\u00f9 j&rsquo;aurais peut-\u00eatre mieux fait de regarder la t\u00e9l\u00e9vision&#8230;<\/p>\n<p>Il n&rsquo;y a aucune syst\u00e9matique dans les articles propos\u00e9s, ni aucune th\u00e9matique particuli\u00e8re. Pas de pr\u00e9tentions particuli\u00e8res dans les opinions exprim\u00e9es qui n&rsquo;engagent que leur auteur; vos commentaires sont les bienvenus<\/p>\n<p>Vous pouvez retrouver les articles les plus r\u00e9cents dans le menu de gauche, ou, class\u00e9es selon les ann\u00e9es, dans les sous-menus correspondants de l&rsquo;entr\u00e9e \u00ab\u00a0Elucubrations\u00a0\u00bb.<\/p>\n<p>&nbsp;<\/p>\n\n\n<ul class=\"wp-block-list\">\n<li><a href=\"https:\/\/www.lesmonts.ch\/wp_fr\/?page_id=5136\">Elucubrations en 2014<\/a><\/li>\n\n\n\n<li><a href=\"https:\/\/www.lesmonts.ch\/wp_fr\/?page_id=5139\">Elucubrations en 2015<\/a><\/li>\n\n\n\n<li><a href=\"https:\/\/www.lesmonts.ch\/wp_fr\/?page_id=5142\">Elucubrations en 2016<\/a><\/li>\n\n\n\n<li><a href=\"https:\/\/www.lesmonts.ch\/wp_fr\/?page_id=5145\">Elucubrations en 2017<\/a><\/li>\n\n\n\n<li><a href=\"https:\/\/www.lesmonts.ch\/wp_fr\/?page_id=5443\">Elucubrations en 2018<\/a><\/li>\n\n\n\n<li><a href=\"https:\/\/www.lesmonts.ch\/wp_fr\/?page_id=5486\">Elucubrations en 2019<\/a><\/li>\n\n\n\n<li><a href=\"https:\/\/www.lesmonts.ch\/wp_fr\/?page_id=8572\">Elucubrations en 2020<\/a><\/li>\n\n\n\n<li><a href=\"https:\/\/www.lesmonts.ch\/wp_fr\/?page_id=10564\">Elucubrations en 2021<\/a><\/li>\n\n\n\n<li><a href=\"https:\/\/www.lesmonts.ch\/wp_fr\/elucubrations-en-2022\/\">Elucubrations en 2022<\/a><\/li>\n<\/ul>\n","protected":false},"excerpt":{"rendered":"<p>Quelques r\u00e9flexions ( divagations ?) qui meublent parfois une nuit d&rsquo;insomnie ou une soir\u00e9e o\u00f9 j&rsquo;aurais peut-\u00eatre mieux fait de regarder la t\u00e9l\u00e9vision&#8230; Il n&rsquo;y a aucune syst\u00e9matique dans les articles propos\u00e9s, ni aucune th\u00e9matique particuli\u00e8re. Pas de pr\u00e9tentions particuli\u00e8res dans les opinions exprim\u00e9es qui n&rsquo;engagent que leur auteur; vos commentaires sont les bienvenus Vous &hellip; <a href=\"https:\/\/www.lesmonts.ch\/wp_fr\/page-d-exemple\/elucubrations\/\" class=\"more-link\">Continuer la lecture de <span class=\"screen-reader-text\">Elucubrations<\/span>  <span class=\"meta-nav\">&rarr;<\/span><\/a><\/p>\n","protected":false},"author":1,"featured_media":0,"parent":2,"menu_order":0,"comment_status":"closed","ping_status":"closed","template":"","meta":{"_crdt_document":"","ngg_post_thumbnail":0,"footnotes":""},"class_list":["post-3710","page","type-page","status-publish","hentry"],"_links":{"self":[{"href":"https:\/\/www.lesmonts.ch\/wp_fr\/wp-json\/wp\/v2\/pages\/3710","targetHints":{"allow":["GET"]}}],"collection":[{"href":"https:\/\/www.lesmonts.ch\/wp_fr\/wp-json\/wp\/v2\/pages"}],"about":[{"href":"https:\/\/www.lesmonts.ch\/wp_fr\/wp-json\/wp\/v2\/types\/page"}],"author":[{"embeddable":true,"href":"https:\/\/www.lesmonts.ch\/wp_fr\/wp-json\/wp\/v2\/users\/1"}],"replies":[{"embeddable":true,"href":"https:\/\/www.lesmonts.ch\/wp_fr\/wp-json\/wp\/v2\/comments?post=3710"}],"version-history":[{"count":27,"href":"https:\/\/www.lesmonts.ch\/wp_fr\/wp-json\/wp\/v2\/pages\/3710\/revisions"}],"predecessor-version":[{"id":11596,"href":"https:\/\/www.lesmonts.ch\/wp_fr\/wp-json\/wp\/v2\/pages\/3710\/revisions\/11596"}],"up":[{"embeddable":true,"href":"https:\/\/www.lesmonts.ch\/wp_fr\/wp-json\/wp\/v2\/pages\/2"}],"wp:attachment":[{"href":"https:\/\/www.lesmonts.ch\/wp_fr\/wp-json\/wp\/v2\/media?parent=3710"}],"curies":[{"name":"wp","href":"https:\/\/api.w.org\/{rel}","templated":true}]}}