{"id":3559,"date":"2014-09-01T09:32:39","date_gmt":"2014-09-01T08:32:39","guid":{"rendered":"http:\/\/www.lesmonts.ch\/wp_fr\/?page_id=3559"},"modified":"2019-01-28T21:23:57","modified_gmt":"2019-01-28T20:23:57","slug":"lac-de-neuchatel","status":"publish","type":"page","link":"https:\/\/www.lesmonts.ch\/wp_fr\/randonnees\/regions\/lac-de-neuchatel\/","title":{"rendered":"Lac de Neuch\u00e2tel"},"content":{"rendered":"<p><a href=\"http:\/\/www.lesmonts.ch\/wp_fr\/wp-content\/uploads\/2014\/08\/MtBlanc2.jpg\"><img loading=\"lazy\" decoding=\"async\" class=\"aligncenter size-medium wp-image-3549\" src=\"http:\/\/www.lesmonts.ch\/wp_fr\/wp-content\/uploads\/2014\/08\/MtBlanc2-300x123.jpg\" alt=\"Le lac de Neuchatel avec les Dents du Midi et le Mont Blanc\" width=\"300\" height=\"123\" srcset=\"https:\/\/www.lesmonts.ch\/wp_fr\/wp-content\/uploads\/2014\/08\/MtBlanc2-300x123.jpg 300w, https:\/\/www.lesmonts.ch\/wp_fr\/wp-content\/uploads\/2014\/08\/MtBlanc2-1024x420.jpg 1024w, https:\/\/www.lesmonts.ch\/wp_fr\/wp-content\/uploads\/2014\/08\/MtBlanc2.jpg 1400w\" sizes=\"auto, (max-width: 300px) 100vw, 300px\" \/><\/a>Le lac de Neuch\u00e2tel est le plus grand lac enti\u00e8rement situ\u00e9 en Suisse. Il est bord\u00e9 par les cantons de Vaud, Fribourg, Berne et Neuch\u00e2tel, et domin\u00e9 par le Jura. On y parle <a title=\"Patois Neuch\u00e2telois\" href=\"http:\/\/famille.dardel.info\/images_Suisse\/Patois.html\" target=\"_blank\" rel=\"noopener\">un fran\u00e7ais un peu bizarre<\/a>, mais malgr\u00e9 une forte proportion de suisses al\u00e9maniques, les Neuch\u00e2telois sont persuad\u00e9s de parler un fran\u00e7ais tout \u00e0 fait acad\u00e9mique; pour tout dire, le meilleur de Suisse !<\/p>\n<p><a href=\"http:\/\/www.lesmonts.ch\/wp_fr\/wp-content\/uploads\/2014\/09\/CielAuvernierB.jpg\"><img loading=\"lazy\" decoding=\"async\" class=\"aligncenter size-medium wp-image-3560\" src=\"http:\/\/www.lesmonts.ch\/wp_fr\/wp-content\/uploads\/2014\/09\/CielAuvernierB-300x116.jpg\" alt=\"CielAuvernierB\" width=\"300\" height=\"116\" srcset=\"https:\/\/www.lesmonts.ch\/wp_fr\/wp-content\/uploads\/2014\/09\/CielAuvernierB-300x116.jpg 300w, https:\/\/www.lesmonts.ch\/wp_fr\/wp-content\/uploads\/2014\/09\/CielAuvernierB-1024x396.jpg 1024w, https:\/\/www.lesmonts.ch\/wp_fr\/wp-content\/uploads\/2014\/09\/CielAuvernierB.jpg 1400w\" sizes=\"auto, (max-width: 300px) 100vw, 300px\" \/><\/a><\/p>\n<p>Les hauts de Neuch\u00e2tel et d&rsquo;Auvernier offrent une vue magnifique sur le lac et sur les Alpes Bernoises et le Mont Blanc. Le ciel prend parfois des teintes surprenantes en automne et en hiver, aussi bien le matin que le soir.<\/p>\n<p><a href=\"http:\/\/www.lesmonts.ch\/wp_fr\/wp-content\/uploads\/2014\/09\/Auvernier3.jpg\"><img loading=\"lazy\" decoding=\"async\" class=\"aligncenter size-medium wp-image-3561\" src=\"http:\/\/www.lesmonts.ch\/wp_fr\/wp-content\/uploads\/2014\/09\/Auvernier3-300x127.jpg\" alt=\"Auvernier3\" width=\"300\" height=\"127\" srcset=\"https:\/\/www.lesmonts.ch\/wp_fr\/wp-content\/uploads\/2014\/09\/Auvernier3-300x127.jpg 300w, https:\/\/www.lesmonts.ch\/wp_fr\/wp-content\/uploads\/2014\/09\/Auvernier3-1024x434.jpg 1024w, https:\/\/www.lesmonts.ch\/wp_fr\/wp-content\/uploads\/2014\/09\/Auvernier3.jpg 1400w\" sizes=\"auto, (max-width: 300px) 100vw, 300px\" \/><\/a><\/p>\n<p><a href=\"http:\/\/www.lesmonts.ch\/wp_fr\/wp-content\/uploads\/2014\/09\/AuvernierSCR.jpg\"><img loading=\"lazy\" decoding=\"async\" class=\"aligncenter size-medium wp-image-4207\" src=\"http:\/\/www.lesmonts.ch\/wp_fr\/wp-content\/uploads\/2014\/09\/AuvernierSCR-300x60.jpg\" alt=\"AuvernierSCR\" width=\"300\" height=\"60\" srcset=\"https:\/\/www.lesmonts.ch\/wp_fr\/wp-content\/uploads\/2014\/09\/AuvernierSCR-300x60.jpg 300w, https:\/\/www.lesmonts.ch\/wp_fr\/wp-content\/uploads\/2014\/09\/AuvernierSCR-1024x204.jpg 1024w, https:\/\/www.lesmonts.ch\/wp_fr\/wp-content\/uploads\/2014\/09\/AuvernierSCR.jpg 1920w\" sizes=\"auto, (max-width: 300px) 100vw, 300px\" \/><\/a><\/p>\n<p>Quelques images en ordre disparate. Des impressions, des \u00ab\u00a0flashs\u00a0\u00bb&#8230;<\/p>\nngg_shortcode_0_placeholder\n","protected":false},"excerpt":{"rendered":"<p>Le lac de Neuch\u00e2tel est le plus grand lac enti\u00e8rement situ\u00e9 en Suisse. Il est bord\u00e9 par les cantons de Vaud, Fribourg, Berne et Neuch\u00e2tel, et domin\u00e9 par le Jura. On y parle un fran\u00e7ais un peu bizarre, mais malgr\u00e9 une forte proportion de suisses al\u00e9maniques, les Neuch\u00e2telois sont persuad\u00e9s de parler un fran\u00e7ais tout &hellip; <a href=\"https:\/\/www.lesmonts.ch\/wp_fr\/randonnees\/regions\/lac-de-neuchatel\/\" class=\"more-link\">Continuer la lecture de <span class=\"screen-reader-text\">Lac de Neuch\u00e2tel<\/span>  <span class=\"meta-nav\">&rarr;<\/span><\/a><\/p>\n","protected":false},"author":1,"featured_media":0,"parent":3547,"menu_order":0,"comment_status":"open","ping_status":"open","template":"","meta":{"_crdt_document":"","ngg_post_thumbnail":0,"footnotes":""},"class_list":["post-3559","page","type-page","status-publish","hentry"],"_links":{"self":[{"href":"https:\/\/www.lesmonts.ch\/wp_fr\/wp-json\/wp\/v2\/pages\/3559","targetHints":{"allow":["GET"]}}],"collection":[{"href":"https:\/\/www.lesmonts.ch\/wp_fr\/wp-json\/wp\/v2\/pages"}],"about":[{"href":"https:\/\/www.lesmonts.ch\/wp_fr\/wp-json\/wp\/v2\/types\/page"}],"author":[{"embeddable":true,"href":"https:\/\/www.lesmonts.ch\/wp_fr\/wp-json\/wp\/v2\/users\/1"}],"replies":[{"embeddable":true,"href":"https:\/\/www.lesmonts.ch\/wp_fr\/wp-json\/wp\/v2\/comments?post=3559"}],"version-history":[{"count":8,"href":"https:\/\/www.lesmonts.ch\/wp_fr\/wp-json\/wp\/v2\/pages\/3559\/revisions"}],"predecessor-version":[{"id":6255,"href":"https:\/\/www.lesmonts.ch\/wp_fr\/wp-json\/wp\/v2\/pages\/3559\/revisions\/6255"}],"up":[{"embeddable":true,"href":"https:\/\/www.lesmonts.ch\/wp_fr\/wp-json\/wp\/v2\/pages\/3547"}],"wp:attachment":[{"href":"https:\/\/www.lesmonts.ch\/wp_fr\/wp-json\/wp\/v2\/media?parent=3559"}],"curies":[{"name":"wp","href":"https:\/\/api.w.org\/{rel}","templated":true}]}}