{"id":3547,"date":"2014-08-26T08:14:42","date_gmt":"2014-08-26T07:14:42","guid":{"rendered":"http:\/\/www.lesmonts.ch\/wp_fr\/?page_id=3547"},"modified":"2014-09-10T15:24:37","modified_gmt":"2014-09-10T14:24:37","slug":"regions","status":"publish","type":"page","link":"https:\/\/www.lesmonts.ch\/wp_fr\/randonnees\/regions\/","title":{"rendered":"R\u00e9gions"},"content":{"rendered":"<p>Hormis des randonn\u00e9es sp\u00e9cifiques, il est des endroits o\u00f9 j&rsquo;appr\u00e9cie de me retrouver, et o\u00f9 je retourne r\u00e9guli\u00e8rement pour des promenades sans but, ou simplement pour le plaisir d&rsquo;une terrasse ensoleill\u00e9e, voire pour un repas sympathique. Ces endroits peuvent\u00a0 receler des promenades ou des randonn\u00e9es int\u00e9ressantes (dans ce cas, vous les retrouverez cit\u00e9s parmi les \u00ab\u00a0Randonn\u00e9es\u00a0\u00bb), mais ils correspondent \u00e0 une r\u00e9gion o\u00f9 il est agr\u00e9able de s\u00e9journer, ind\u00e9pendamment d&rsquo;une promenade sp\u00e9cifique.<\/p>\n<p><a title=\"Lac de Neuch\u00e2tel\" href=\"http:\/\/www.lesmonts.ch\/wp_fr\/?page_id=3559\">Lac de Neuch\u00e2tel<\/a><\/p>\n<p><a title=\"Lac de Neuch\u00e2tel\" href=\"http:\/\/www.lesmonts.ch\/wp_fr\/?page_id=3559\"><img loading=\"lazy\" decoding=\"async\" class=\"aligncenter size-medium wp-image-3549\" src=\"http:\/\/www.lesmonts.ch\/wp_fr\/wp-content\/uploads\/2014\/08\/MtBlanc2-300x123.jpg\" alt=\"Stitched Panorama\" width=\"300\" height=\"123\" srcset=\"https:\/\/www.lesmonts.ch\/wp_fr\/wp-content\/uploads\/2014\/08\/MtBlanc2-300x123.jpg 300w, https:\/\/www.lesmonts.ch\/wp_fr\/wp-content\/uploads\/2014\/08\/MtBlanc2-1024x420.jpg 1024w, https:\/\/www.lesmonts.ch\/wp_fr\/wp-content\/uploads\/2014\/08\/MtBlanc2.jpg 1400w\" sizes=\"auto, (max-width: 300px) 100vw, 300px\" \/><\/a><a title=\"Fafleralp\" href=\"http:\/\/www.lesmonts.ch\/wp_fr\/?page_id=3554\">Fafleralp dans le L\u00f6tschental<\/a><\/p>\n<p><a title=\"Fafleralp\" href=\"http:\/\/www.lesmonts.ch\/wp_fr\/?page_id=3554\"><img loading=\"lazy\" decoding=\"async\" class=\"aligncenter size-medium wp-image-3557\" src=\"http:\/\/www.lesmonts.ch\/wp_fr\/wp-content\/uploads\/2014\/08\/DSC_2122-300x199.jpg\" alt=\"DSC_2122\" width=\"300\" height=\"199\" srcset=\"https:\/\/www.lesmonts.ch\/wp_fr\/wp-content\/uploads\/2014\/08\/DSC_2122-300x199.jpg 300w, https:\/\/www.lesmonts.ch\/wp_fr\/wp-content\/uploads\/2014\/08\/DSC_2122-1024x680.jpg 1024w, https:\/\/www.lesmonts.ch\/wp_fr\/wp-content\/uploads\/2014\/08\/DSC_2122.jpg 1400w\" sizes=\"auto, (max-width: 300px) 100vw, 300px\" \/><\/a><\/p>\n<p><a title=\"Val d\u2019H\u00e9rens\" href=\"http:\/\/www.lesmonts.ch\/wp_fr\/?page_id=3720\">Val d&rsquo;H\u00e9rens<\/a><\/p>\n<p><a title=\"Val d\u2019H\u00e9rens\" href=\"http:\/\/www.lesmonts.ch\/wp_fr\/?page_id=3720\"><img loading=\"lazy\" decoding=\"async\" class=\"aligncenter size-medium wp-image-3773\" src=\"http:\/\/www.lesmonts.ch\/wp_fr\/wp-content\/uploads\/2014\/09\/DSC_7242-300x199.jpg\" alt=\"DSC_7242\" width=\"300\" height=\"199\" srcset=\"https:\/\/www.lesmonts.ch\/wp_fr\/wp-content\/uploads\/2014\/09\/DSC_7242-300x199.jpg 300w, https:\/\/www.lesmonts.ch\/wp_fr\/wp-content\/uploads\/2014\/09\/DSC_7242-1024x680.jpg 1024w, https:\/\/www.lesmonts.ch\/wp_fr\/wp-content\/uploads\/2014\/09\/DSC_7242.jpg 1400w\" sizes=\"auto, (max-width: 300px) 100vw, 300px\" \/><\/a><\/p>\n","protected":false},"excerpt":{"rendered":"<p>Hormis des randonn\u00e9es sp\u00e9cifiques, il est des endroits o\u00f9 j&rsquo;appr\u00e9cie de me retrouver, et o\u00f9 je retourne r\u00e9guli\u00e8rement pour des promenades sans but, ou simplement pour le plaisir d&rsquo;une terrasse ensoleill\u00e9e, voire pour un repas sympathique. Ces endroits peuvent\u00a0 receler des promenades ou des randonn\u00e9es int\u00e9ressantes (dans ce cas, vous les retrouverez cit\u00e9s parmi les &hellip; <a href=\"https:\/\/www.lesmonts.ch\/wp_fr\/randonnees\/regions\/\" class=\"more-link\">Continuer la lecture de <span class=\"screen-reader-text\">R\u00e9gions<\/span>  <span class=\"meta-nav\">&rarr;<\/span><\/a><\/p>\n","protected":false},"author":1,"featured_media":0,"parent":35,"menu_order":0,"comment_status":"closed","ping_status":"closed","template":"","meta":{"_crdt_document":"","ngg_post_thumbnail":0,"footnotes":""},"class_list":["post-3547","page","type-page","status-publish","hentry"],"_links":{"self":[{"href":"https:\/\/www.lesmonts.ch\/wp_fr\/wp-json\/wp\/v2\/pages\/3547","targetHints":{"allow":["GET"]}}],"collection":[{"href":"https:\/\/www.lesmonts.ch\/wp_fr\/wp-json\/wp\/v2\/pages"}],"about":[{"href":"https:\/\/www.lesmonts.ch\/wp_fr\/wp-json\/wp\/v2\/types\/page"}],"author":[{"embeddable":true,"href":"https:\/\/www.lesmonts.ch\/wp_fr\/wp-json\/wp\/v2\/users\/1"}],"replies":[{"embeddable":true,"href":"https:\/\/www.lesmonts.ch\/wp_fr\/wp-json\/wp\/v2\/comments?post=3547"}],"version-history":[{"count":7,"href":"https:\/\/www.lesmonts.ch\/wp_fr\/wp-json\/wp\/v2\/pages\/3547\/revisions"}],"predecessor-version":[{"id":3775,"href":"https:\/\/www.lesmonts.ch\/wp_fr\/wp-json\/wp\/v2\/pages\/3547\/revisions\/3775"}],"up":[{"embeddable":true,"href":"https:\/\/www.lesmonts.ch\/wp_fr\/wp-json\/wp\/v2\/pages\/35"}],"wp:attachment":[{"href":"https:\/\/www.lesmonts.ch\/wp_fr\/wp-json\/wp\/v2\/media?parent=3547"}],"curies":[{"name":"wp","href":"https:\/\/api.w.org\/{rel}","templated":true}]}}