{"id":3498,"date":"2014-08-25T12:47:37","date_gmt":"2014-08-25T11:47:37","guid":{"rendered":"http:\/\/www.lesmonts.ch\/wp_fr\/?page_id=3498"},"modified":"2014-08-25T13:34:21","modified_gmt":"2014-08-25T12:34:21","slug":"fuorcla-surlej","status":"publish","type":"page","link":"https:\/\/www.lesmonts.ch\/wp_fr\/randonnees\/randonnees-estivales\/fuorcla-surlej\/","title":{"rendered":"Fuorcla Surlej"},"content":{"rendered":"<p><a href=\"http:\/\/www.lesmonts.ch\/wp_fr\/wp-content\/uploads\/2014\/08\/Corvatsch.jpg\"><img loading=\"lazy\" decoding=\"async\" class=\"aligncenter size-medium wp-image-3533\" src=\"http:\/\/www.lesmonts.ch\/wp_fr\/wp-content\/uploads\/2014\/08\/Corvatsch-300x46.jpg\" alt=\"Corvatsch\" width=\"300\" height=\"46\" srcset=\"https:\/\/www.lesmonts.ch\/wp_fr\/wp-content\/uploads\/2014\/08\/Corvatsch-300x46.jpg 300w, https:\/\/www.lesmonts.ch\/wp_fr\/wp-content\/uploads\/2014\/08\/Corvatsch-1024x157.jpg 1024w, https:\/\/www.lesmonts.ch\/wp_fr\/wp-content\/uploads\/2014\/08\/Corvatsch.jpg 1400w\" sizes=\"auto, (max-width: 300px) 100vw, 300px\" \/><\/a>Surlej est un petit village de la haute Engadine (Grisons) qui sert de d\u00e9part \u00e0 la t\u00e9l\u00e9cabine du piz Corvatsch. Cette t\u00e9l\u00e9cabine fournit un moyen id\u00e9al pour r\u00e9aliser une randonn\u00e9e magnifique avec un effort mod\u00e9r\u00e9 dans une r\u00e9gion exceptionnelle. Le coup d\u2019\u0153il depuis la fuorcla Surlej (\u00ab\u00a0col de Surlej\u00a0\u00bb) sur le piz Morteratsch, le piz Bernina et le piz Roseg est magnifique.<\/p>\n<hr \/>\n<p><strong>Acc\u00e8s<\/strong> : Grisons, Engadine<\/p>\n<p><strong>Difficult\u00e9<\/strong> : Randonneur exp\u00e9riment\u00e9<\/p>\n<p><strong>D\u00e9part<\/strong> : Surlej, 1815 m\u00e8tres<\/p>\n<p><strong>Arriv\u00e9e<\/strong> : Pontresina, 1805 m\u00e8tres<\/p>\n<p><strong>D\u00e9nivel\u00e9<\/strong> : 50 m\u00e8tres si l&rsquo;on ne passe pas \u00e0 la cabane Coaz, 250 m\u00e8tres avec le d\u00e9tour par la cab. Coaz. Alt. maximale 2755 m\u00e8tres \u00e0 la fuorcla Surlej.<\/p>\n<p><strong>Horaire global<\/strong> : de 5 \u00e0 6 heures; mais un arr\u00eat en chemin est chaudement conseill\u00e9 pour prolonger la randonn\u00e9e.<\/p>\n<hr \/>\n<p>&nbsp;<\/p>\n<p>De Surlej, emprunter la t\u00e9l\u00e9cabine du piz Corvatsch jusqu&rsquo;au sommet afin de jouir de la magnifique vue du Corvatsch, et accessoirement de boire un caf\u00e9 devant un panorama exceptionnel. Puis on redescend en t\u00e9l\u00e9cabine vers la station interm\u00e9diaire \u00e0 partir de laquelle on gagne le col bien marqu\u00e9 que l&rsquo;on voit pratiquement au m\u00eame niveau, atteignable par un chemin large et bien marqu\u00e9. Ce col est la fuorcla Surlej, et un restaurant attend le voyageur \u00e9ventuellement fatigu\u00e9 par les 50 m\u00e8tres de\u00a0 mont\u00e9e&#8230;<\/p>\n<p>De la fuorcla Surlej, on peut descendre de l&rsquo;autre c\u00f4t\u00e9 en direction du val Roseg; il est possible de remonter de 200 m\u00e8tres pour atteindre la chapanna Coaz; on descend ensuite jusqu&rsquo;au fond du val Roseg pour atteindre le restaurant Roseg, puis par un sentier confortable Pontresina, d&rsquo;o\u00f9 un car postal permet de regagner le point de d\u00e9part \u00e0 Surlej o\u00f9 l&rsquo;on a peut-\u00eatre laiss\u00e9 sa voiture le matin.<\/p>\n<p>On peut s&rsquo;attarder un instant l&rsquo;apr\u00e8s-midi sur les bords des lacs de Haute Engadine (Sils, Silvaplana) et admirer les ballets de planches \u00e0 voile et des kite-surf. La r\u00e9gion est en effet un des haut-lieux de ce genre d&rsquo;activit\u00e9s en raison des vents soutenus et r\u00e9guliers qui descendent l&rsquo;Engadine l&rsquo;apr\u00e8s-midi.<\/p>\n<p><!-- default-view.php -->\n<div\n\tclass=\"ngg-galleryoverview default-view\n\t ngg-ajax-pagination-none\t\"\n\tid=\"ngg-gallery-e658751dedf3a889b87b8b35a412b40c-1\"\n\tdata-nextgen-gallery-id=\"53\"\n\tdata-gallery-id=\"53\"\n\t\tdata-gallery-name=\"surlej\"\n\t>\n\n\t\t<!-- Thumbnails -->\n\t\t\t\t<div id=\"ngg-image-0\" class=\"ngg-gallery-thumbnail-box\n\t\t\t\t\t\t\t\tngg-3-columns\t\t\t\"\n\t\t\t>\n\t\t\t\t\t\t<div class=\"ngg-gallery-thumbnail\">\n\t\t<a href=\"https:\/\/www.lesmonts.ch\/wp_fr\/wp-content\/gallery\/surlej\/DSC_5439A.jpg?t=1408970064\"\n\t\t\ttitle=\"\"\n\t\t\tdata-src=\"https:\/\/www.lesmonts.ch\/wp_fr\/wp-content\/gallery\/surlej\/DSC_5439A.jpg?t=1408970064\"\n\t\t\tdata-thumbnail=\"https:\/\/www.lesmonts.ch\/wp_fr\/wp-content\/gallery\/surlej\/thumbs\/thumbs_DSC_5439A.jpg?t=1408970064\"\n\t\t\tdata-image-id=\"1372\"\n\t\t\tdata-image-name=\"DSC_5439A.jpg\"\n\t\t\tdata-title=\"DSC_5439A\"\n\t\t\tdata-description=\"\"\n\t\t\tdata-image-slug=\"dsc_5439a\"\n\t\t\t\t\t\t\t\t\t\t\t\t\t\t\t\t\t\t\t\tclass='nextgen_pro_lightbox' data-nplmodal-gallery-id='e658751dedf3a889b87b8b35a412b40c'>\n\t\t\t\t\t\t\t\t<img\n\t\t\t\t\ttitle=\"DSC_5439A\"\n\t\t\t\t\talt=\"DSC_5439A\"\n\t\t\t\t\tsrc=\"https:\/\/www.lesmonts.ch\/wp_fr\/wp-content\/gallery\/surlej\/thumbs\/thumbs_DSC_5439A.jpg?t=1408970064\"\n\t\t\t\t\twidth=\"120\"\n\t\t\t\t\theight=\"90\"\n\t\t\t\t\tstyle=\"max-width:100%;\"\n\t\t\t\t\/>\n\t\t\t<\/a>\n\t\t<\/div>\n\t\t\t\t\t\t\t<\/div>\n\t\t\t\n\t\t\t\t<div id=\"ngg-image-1\" class=\"ngg-gallery-thumbnail-box\n\t\t\t\t\t\t\t\tngg-3-columns\t\t\t\"\n\t\t\t>\n\t\t\t\t\t\t<div class=\"ngg-gallery-thumbnail\">\n\t\t<a href=\"https:\/\/www.lesmonts.ch\/wp_fr\/wp-content\/gallery\/surlej\/DSC_5439F.jpg?t=1408969065\"\n\t\t\ttitle=\" \"\n\t\t\tdata-src=\"https:\/\/www.lesmonts.ch\/wp_fr\/wp-content\/gallery\/surlej\/DSC_5439F.jpg?t=1408969065\"\n\t\t\tdata-thumbnail=\"https:\/\/www.lesmonts.ch\/wp_fr\/wp-content\/gallery\/surlej\/thumbs\/thumbs_DSC_5439F.jpg?t=1408969065\"\n\t\t\tdata-image-id=\"1373\"\n\t\t\tdata-image-name=\"DSC_5439F.jpg\"\n\t\t\tdata-title=\"DSC_5439F\"\n\t\t\tdata-description=\" \"\n\t\t\tdata-image-slug=\"dsc_5439f\"\n\t\t\t\t\t\t\t\t\t\t\t\t\t\t\t\t\t\t\t\tclass='nextgen_pro_lightbox' data-nplmodal-gallery-id='e658751dedf3a889b87b8b35a412b40c'>\n\t\t\t\t\t\t\t\t<img\n\t\t\t\t\ttitle=\"DSC_5439F\"\n\t\t\t\t\talt=\"DSC_5439F\"\n\t\t\t\t\tsrc=\"https:\/\/www.lesmonts.ch\/wp_fr\/wp-content\/gallery\/surlej\/thumbs\/thumbs_DSC_5439F.jpg?t=1408969065\"\n\t\t\t\t\twidth=\"120\"\n\t\t\t\t\theight=\"90\"\n\t\t\t\t\tstyle=\"max-width:100%;\"\n\t\t\t\t\/>\n\t\t\t<\/a>\n\t\t<\/div>\n\t\t\t\t\t\t\t<\/div>\n\t\t\t\n\t\t\t\t<div id=\"ngg-image-2\" class=\"ngg-gallery-thumbnail-box\n\t\t\t\t\t\t\t\tngg-3-columns\t\t\t\"\n\t\t\t>\n\t\t\t\t\t\t<div class=\"ngg-gallery-thumbnail\">\n\t\t<a href=\"https:\/\/www.lesmonts.ch\/wp_fr\/wp-content\/gallery\/surlej\/DSC_5439M.jpg?t=1408969066\"\n\t\t\ttitle=\" \"\n\t\t\tdata-src=\"https:\/\/www.lesmonts.ch\/wp_fr\/wp-content\/gallery\/surlej\/DSC_5439M.jpg?t=1408969066\"\n\t\t\tdata-thumbnail=\"https:\/\/www.lesmonts.ch\/wp_fr\/wp-content\/gallery\/surlej\/thumbs\/thumbs_DSC_5439M.jpg?t=1408969066\"\n\t\t\tdata-image-id=\"1374\"\n\t\t\tdata-image-name=\"DSC_5439M.jpg\"\n\t\t\tdata-title=\"DSC_5439M\"\n\t\t\tdata-description=\" \"\n\t\t\tdata-image-slug=\"dsc_5439m\"\n\t\t\t\t\t\t\t\t\t\t\t\t\t\t\t\t\t\t\t\tclass='nextgen_pro_lightbox' data-nplmodal-gallery-id='e658751dedf3a889b87b8b35a412b40c'>\n\t\t\t\t\t\t\t\t<img\n\t\t\t\t\ttitle=\"DSC_5439M\"\n\t\t\t\t\talt=\"DSC_5439M\"\n\t\t\t\t\tsrc=\"https:\/\/www.lesmonts.ch\/wp_fr\/wp-content\/gallery\/surlej\/thumbs\/thumbs_DSC_5439M.jpg?t=1408969066\"\n\t\t\t\t\twidth=\"120\"\n\t\t\t\t\theight=\"90\"\n\t\t\t\t\tstyle=\"max-width:100%;\"\n\t\t\t\t\/>\n\t\t\t<\/a>\n\t\t<\/div>\n\t\t\t\t\t\t\t<\/div>\n\t\t\t\n\t\t\t\t<div id=\"ngg-image-3\" class=\"ngg-gallery-thumbnail-box\n\t\t\t\t\t\t\t\tngg-3-columns\t\t\t\"\n\t\t\t>\n\t\t\t\t\t\t<div class=\"ngg-gallery-thumbnail\">\n\t\t<a href=\"https:\/\/www.lesmonts.ch\/wp_fr\/wp-content\/gallery\/surlej\/DSC_5476.jpg?t=1408969067\"\n\t\t\ttitle=\" \"\n\t\t\tdata-src=\"https:\/\/www.lesmonts.ch\/wp_fr\/wp-content\/gallery\/surlej\/DSC_5476.jpg?t=1408969067\"\n\t\t\tdata-thumbnail=\"https:\/\/www.lesmonts.ch\/wp_fr\/wp-content\/gallery\/surlej\/thumbs\/thumbs_DSC_5476.jpg?t=1408969067\"\n\t\t\tdata-image-id=\"1375\"\n\t\t\tdata-image-name=\"DSC_5476.jpg\"\n\t\t\tdata-title=\"DSC_5476\"\n\t\t\tdata-description=\" \"\n\t\t\tdata-image-slug=\"dsc_5476\"\n\t\t\t\t\t\t\t\t\t\t\t\t\t\t\t\t\t\t\t\tclass='nextgen_pro_lightbox' data-nplmodal-gallery-id='e658751dedf3a889b87b8b35a412b40c'>\n\t\t\t\t\t\t\t\t<img\n\t\t\t\t\ttitle=\"DSC_5476\"\n\t\t\t\t\talt=\"DSC_5476\"\n\t\t\t\t\tsrc=\"https:\/\/www.lesmonts.ch\/wp_fr\/wp-content\/gallery\/surlej\/thumbs\/thumbs_DSC_5476.jpg?t=1408969067\"\n\t\t\t\t\twidth=\"120\"\n\t\t\t\t\theight=\"90\"\n\t\t\t\t\tstyle=\"max-width:100%;\"\n\t\t\t\t\/>\n\t\t\t<\/a>\n\t\t<\/div>\n\t\t\t\t\t\t\t<\/div>\n\t\t\t\n\t\t\t\t<div id=\"ngg-image-4\" class=\"ngg-gallery-thumbnail-box\n\t\t\t\t\t\t\t\tngg-3-columns\t\t\t\"\n\t\t\t>\n\t\t\t\t\t\t<div class=\"ngg-gallery-thumbnail\">\n\t\t<a href=\"https:\/\/www.lesmonts.ch\/wp_fr\/wp-content\/gallery\/surlej\/DSC_5481.jpg?t=1408969068\"\n\t\t\ttitle=\" \"\n\t\t\tdata-src=\"https:\/\/www.lesmonts.ch\/wp_fr\/wp-content\/gallery\/surlej\/DSC_5481.jpg?t=1408969068\"\n\t\t\tdata-thumbnail=\"https:\/\/www.lesmonts.ch\/wp_fr\/wp-content\/gallery\/surlej\/thumbs\/thumbs_DSC_5481.jpg?t=1408969068\"\n\t\t\tdata-image-id=\"1376\"\n\t\t\tdata-image-name=\"DSC_5481.jpg\"\n\t\t\tdata-title=\"DSC_5481\"\n\t\t\tdata-description=\" \"\n\t\t\tdata-image-slug=\"dsc_5481\"\n\t\t\t\t\t\t\t\t\t\t\t\t\t\t\t\t\t\t\t\tclass='nextgen_pro_lightbox' data-nplmodal-gallery-id='e658751dedf3a889b87b8b35a412b40c'>\n\t\t\t\t\t\t\t\t<img\n\t\t\t\t\ttitle=\"DSC_5481\"\n\t\t\t\t\talt=\"DSC_5481\"\n\t\t\t\t\tsrc=\"https:\/\/www.lesmonts.ch\/wp_fr\/wp-content\/gallery\/surlej\/thumbs\/thumbs_DSC_5481.jpg?t=1408969068\"\n\t\t\t\t\twidth=\"120\"\n\t\t\t\t\theight=\"90\"\n\t\t\t\t\tstyle=\"max-width:100%;\"\n\t\t\t\t\/>\n\t\t\t<\/a>\n\t\t<\/div>\n\t\t\t\t\t\t\t<\/div>\n\t\t\t\n\t\t\t\t<div id=\"ngg-image-5\" class=\"ngg-gallery-thumbnail-box\n\t\t\t\t\t\t\t\tngg-3-columns\t\t\t\"\n\t\t\t>\n\t\t\t\t\t\t<div class=\"ngg-gallery-thumbnail\">\n\t\t<a href=\"https:\/\/www.lesmonts.ch\/wp_fr\/wp-content\/gallery\/surlej\/DSC_5488.jpg?t=1408969069\"\n\t\t\ttitle=\" \"\n\t\t\tdata-src=\"https:\/\/www.lesmonts.ch\/wp_fr\/wp-content\/gallery\/surlej\/DSC_5488.jpg?t=1408969069\"\n\t\t\tdata-thumbnail=\"https:\/\/www.lesmonts.ch\/wp_fr\/wp-content\/gallery\/surlej\/thumbs\/thumbs_DSC_5488.jpg?t=1408969069\"\n\t\t\tdata-image-id=\"1377\"\n\t\t\tdata-image-name=\"DSC_5488.jpg\"\n\t\t\tdata-title=\"DSC_5488\"\n\t\t\tdata-description=\" \"\n\t\t\tdata-image-slug=\"dsc_5488\"\n\t\t\t\t\t\t\t\t\t\t\t\t\t\t\t\t\t\t\t\tclass='nextgen_pro_lightbox' data-nplmodal-gallery-id='e658751dedf3a889b87b8b35a412b40c'>\n\t\t\t\t\t\t\t\t<img\n\t\t\t\t\ttitle=\"DSC_5488\"\n\t\t\t\t\talt=\"DSC_5488\"\n\t\t\t\t\tsrc=\"https:\/\/www.lesmonts.ch\/wp_fr\/wp-content\/gallery\/surlej\/thumbs\/thumbs_DSC_5488.jpg?t=1408969069\"\n\t\t\t\t\twidth=\"120\"\n\t\t\t\t\theight=\"90\"\n\t\t\t\t\tstyle=\"max-width:100%;\"\n\t\t\t\t\/>\n\t\t\t<\/a>\n\t\t<\/div>\n\t\t\t\t\t\t\t<\/div>\n\t\t\t\n\t\t\t\t<div id=\"ngg-image-6\" class=\"ngg-gallery-thumbnail-box\n\t\t\t\t\t\t\t\tngg-3-columns\t\t\t\"\n\t\t\t>\n\t\t\t\t\t\t<div class=\"ngg-gallery-thumbnail\">\n\t\t<a href=\"https:\/\/www.lesmonts.ch\/wp_fr\/wp-content\/gallery\/surlej\/DSC_5488B.jpg?t=1408969070\"\n\t\t\ttitle=\" \"\n\t\t\tdata-src=\"https:\/\/www.lesmonts.ch\/wp_fr\/wp-content\/gallery\/surlej\/DSC_5488B.jpg?t=1408969070\"\n\t\t\tdata-thumbnail=\"https:\/\/www.lesmonts.ch\/wp_fr\/wp-content\/gallery\/surlej\/thumbs\/thumbs_DSC_5488B.jpg?t=1408969070\"\n\t\t\tdata-image-id=\"1378\"\n\t\t\tdata-image-name=\"DSC_5488B.jpg\"\n\t\t\tdata-title=\"DSC_5488B\"\n\t\t\tdata-description=\" \"\n\t\t\tdata-image-slug=\"dsc_5488b\"\n\t\t\t\t\t\t\t\t\t\t\t\t\t\t\t\t\t\t\t\tclass='nextgen_pro_lightbox' data-nplmodal-gallery-id='e658751dedf3a889b87b8b35a412b40c'>\n\t\t\t\t\t\t\t\t<img\n\t\t\t\t\ttitle=\"DSC_5488B\"\n\t\t\t\t\talt=\"DSC_5488B\"\n\t\t\t\t\tsrc=\"https:\/\/www.lesmonts.ch\/wp_fr\/wp-content\/gallery\/surlej\/thumbs\/thumbs_DSC_5488B.jpg?t=1408969070\"\n\t\t\t\t\twidth=\"120\"\n\t\t\t\t\theight=\"90\"\n\t\t\t\t\tstyle=\"max-width:100%;\"\n\t\t\t\t\/>\n\t\t\t<\/a>\n\t\t<\/div>\n\t\t\t\t\t\t\t<\/div>\n\t\t\t\n\t\t\t\t<div id=\"ngg-image-7\" class=\"ngg-gallery-thumbnail-box\n\t\t\t\t\t\t\t\tngg-3-columns\t\t\t\"\n\t\t\t>\n\t\t\t\t\t\t<div class=\"ngg-gallery-thumbnail\">\n\t\t<a href=\"https:\/\/www.lesmonts.ch\/wp_fr\/wp-content\/gallery\/surlej\/DSC_5505.jpg?t=1408969072\"\n\t\t\ttitle=\" \"\n\t\t\tdata-src=\"https:\/\/www.lesmonts.ch\/wp_fr\/wp-content\/gallery\/surlej\/DSC_5505.jpg?t=1408969072\"\n\t\t\tdata-thumbnail=\"https:\/\/www.lesmonts.ch\/wp_fr\/wp-content\/gallery\/surlej\/thumbs\/thumbs_DSC_5505.jpg?t=1408969072\"\n\t\t\tdata-image-id=\"1379\"\n\t\t\tdata-image-name=\"DSC_5505.jpg\"\n\t\t\tdata-title=\"DSC_5505\"\n\t\t\tdata-description=\" \"\n\t\t\tdata-image-slug=\"dsc_5505\"\n\t\t\t\t\t\t\t\t\t\t\t\t\t\t\t\t\t\t\t\tclass='nextgen_pro_lightbox' data-nplmodal-gallery-id='e658751dedf3a889b87b8b35a412b40c'>\n\t\t\t\t\t\t\t\t<img\n\t\t\t\t\ttitle=\"DSC_5505\"\n\t\t\t\t\talt=\"DSC_5505\"\n\t\t\t\t\tsrc=\"https:\/\/www.lesmonts.ch\/wp_fr\/wp-content\/gallery\/surlej\/thumbs\/thumbs_DSC_5505.jpg?t=1408969072\"\n\t\t\t\t\twidth=\"120\"\n\t\t\t\t\theight=\"90\"\n\t\t\t\t\tstyle=\"max-width:100%;\"\n\t\t\t\t\/>\n\t\t\t<\/a>\n\t\t<\/div>\n\t\t\t\t\t\t\t<\/div>\n\t\t\t\n\t\t\t\t<div id=\"ngg-image-8\" class=\"ngg-gallery-thumbnail-box\n\t\t\t\t\t\t\t\tngg-3-columns\t\t\t\"\n\t\t\t>\n\t\t\t\t\t\t<div class=\"ngg-gallery-thumbnail\">\n\t\t<a href=\"https:\/\/www.lesmonts.ch\/wp_fr\/wp-content\/gallery\/surlej\/DSC_5511.jpg?t=1408969073\"\n\t\t\ttitle=\" \"\n\t\t\tdata-src=\"https:\/\/www.lesmonts.ch\/wp_fr\/wp-content\/gallery\/surlej\/DSC_5511.jpg?t=1408969073\"\n\t\t\tdata-thumbnail=\"https:\/\/www.lesmonts.ch\/wp_fr\/wp-content\/gallery\/surlej\/thumbs\/thumbs_DSC_5511.jpg?t=1408969073\"\n\t\t\tdata-image-id=\"1380\"\n\t\t\tdata-image-name=\"DSC_5511.jpg\"\n\t\t\tdata-title=\"DSC_5511\"\n\t\t\tdata-description=\" \"\n\t\t\tdata-image-slug=\"dsc_5511\"\n\t\t\t\t\t\t\t\t\t\t\t\t\t\t\t\t\t\t\t\tclass='nextgen_pro_lightbox' data-nplmodal-gallery-id='e658751dedf3a889b87b8b35a412b40c'>\n\t\t\t\t\t\t\t\t<img\n\t\t\t\t\ttitle=\"DSC_5511\"\n\t\t\t\t\talt=\"DSC_5511\"\n\t\t\t\t\tsrc=\"https:\/\/www.lesmonts.ch\/wp_fr\/wp-content\/gallery\/surlej\/thumbs\/thumbs_DSC_5511.jpg?t=1408969073\"\n\t\t\t\t\twidth=\"120\"\n\t\t\t\t\theight=\"90\"\n\t\t\t\t\tstyle=\"max-width:100%;\"\n\t\t\t\t\/>\n\t\t\t<\/a>\n\t\t<\/div>\n\t\t\t\t\t\t\t<\/div>\n\t\t\t\n\t\t\t\t<div id=\"ngg-image-9\" class=\"ngg-gallery-thumbnail-box\n\t\t\t\t\t\t\t\tngg-3-columns\t\t\t\"\n\t\t\t>\n\t\t\t\t\t\t<div class=\"ngg-gallery-thumbnail\">\n\t\t<a href=\"https:\/\/www.lesmonts.ch\/wp_fr\/wp-content\/gallery\/surlej\/DSC_5514.jpg?t=1408969074\"\n\t\t\ttitle=\" \"\n\t\t\tdata-src=\"https:\/\/www.lesmonts.ch\/wp_fr\/wp-content\/gallery\/surlej\/DSC_5514.jpg?t=1408969074\"\n\t\t\tdata-thumbnail=\"https:\/\/www.lesmonts.ch\/wp_fr\/wp-content\/gallery\/surlej\/thumbs\/thumbs_DSC_5514.jpg?t=1408969074\"\n\t\t\tdata-image-id=\"1381\"\n\t\t\tdata-image-name=\"DSC_5514.jpg\"\n\t\t\tdata-title=\"DSC_5514\"\n\t\t\tdata-description=\" \"\n\t\t\tdata-image-slug=\"dsc_5514\"\n\t\t\t\t\t\t\t\t\t\t\t\t\t\t\t\t\t\t\t\tclass='nextgen_pro_lightbox' data-nplmodal-gallery-id='e658751dedf3a889b87b8b35a412b40c'>\n\t\t\t\t\t\t\t\t<img\n\t\t\t\t\ttitle=\"DSC_5514\"\n\t\t\t\t\talt=\"DSC_5514\"\n\t\t\t\t\tsrc=\"https:\/\/www.lesmonts.ch\/wp_fr\/wp-content\/gallery\/surlej\/thumbs\/thumbs_DSC_5514.jpg?t=1408969074\"\n\t\t\t\t\twidth=\"120\"\n\t\t\t\t\theight=\"90\"\n\t\t\t\t\tstyle=\"max-width:100%;\"\n\t\t\t\t\/>\n\t\t\t<\/a>\n\t\t<\/div>\n\t\t\t\t\t\t\t<\/div>\n\t\t\t\n\t\t\t\t<div id=\"ngg-image-10\" class=\"ngg-gallery-thumbnail-box\n\t\t\t\t\t\t\t\tngg-3-columns\t\t\t\"\n\t\t\t>\n\t\t\t\t\t\t<div class=\"ngg-gallery-thumbnail\">\n\t\t<a href=\"https:\/\/www.lesmonts.ch\/wp_fr\/wp-content\/gallery\/surlej\/DSC_5516.jpg?t=1408969075\"\n\t\t\ttitle=\" \"\n\t\t\tdata-src=\"https:\/\/www.lesmonts.ch\/wp_fr\/wp-content\/gallery\/surlej\/DSC_5516.jpg?t=1408969075\"\n\t\t\tdata-thumbnail=\"https:\/\/www.lesmonts.ch\/wp_fr\/wp-content\/gallery\/surlej\/thumbs\/thumbs_DSC_5516.jpg?t=1408969075\"\n\t\t\tdata-image-id=\"1382\"\n\t\t\tdata-image-name=\"DSC_5516.jpg\"\n\t\t\tdata-title=\"DSC_5516\"\n\t\t\tdata-description=\" \"\n\t\t\tdata-image-slug=\"dsc_5516\"\n\t\t\t\t\t\t\t\t\t\t\t\t\t\t\t\t\t\t\t\tclass='nextgen_pro_lightbox' data-nplmodal-gallery-id='e658751dedf3a889b87b8b35a412b40c'>\n\t\t\t\t\t\t\t\t<img\n\t\t\t\t\ttitle=\"DSC_5516\"\n\t\t\t\t\talt=\"DSC_5516\"\n\t\t\t\t\tsrc=\"https:\/\/www.lesmonts.ch\/wp_fr\/wp-content\/gallery\/surlej\/thumbs\/thumbs_DSC_5516.jpg?t=1408969075\"\n\t\t\t\t\twidth=\"120\"\n\t\t\t\t\theight=\"90\"\n\t\t\t\t\tstyle=\"max-width:100%;\"\n\t\t\t\t\/>\n\t\t\t<\/a>\n\t\t<\/div>\n\t\t\t\t\t\t\t<\/div>\n\t\t\t\n\t\t\t\t<div id=\"ngg-image-11\" class=\"ngg-gallery-thumbnail-box\n\t\t\t\t\t\t\t\tngg-3-columns\t\t\t\"\n\t\t\t>\n\t\t\t\t\t\t<div class=\"ngg-gallery-thumbnail\">\n\t\t<a href=\"https:\/\/www.lesmonts.ch\/wp_fr\/wp-content\/gallery\/surlej\/DSC_5518.jpg?t=1408969077\"\n\t\t\ttitle=\" \"\n\t\t\tdata-src=\"https:\/\/www.lesmonts.ch\/wp_fr\/wp-content\/gallery\/surlej\/DSC_5518.jpg?t=1408969077\"\n\t\t\tdata-thumbnail=\"https:\/\/www.lesmonts.ch\/wp_fr\/wp-content\/gallery\/surlej\/thumbs\/thumbs_DSC_5518.jpg?t=1408969077\"\n\t\t\tdata-image-id=\"1383\"\n\t\t\tdata-image-name=\"DSC_5518.jpg\"\n\t\t\tdata-title=\"DSC_5518\"\n\t\t\tdata-description=\" \"\n\t\t\tdata-image-slug=\"dsc_5518\"\n\t\t\t\t\t\t\t\t\t\t\t\t\t\t\t\t\t\t\t\tclass='nextgen_pro_lightbox' data-nplmodal-gallery-id='e658751dedf3a889b87b8b35a412b40c'>\n\t\t\t\t\t\t\t\t<img\n\t\t\t\t\ttitle=\"DSC_5518\"\n\t\t\t\t\talt=\"DSC_5518\"\n\t\t\t\t\tsrc=\"https:\/\/www.lesmonts.ch\/wp_fr\/wp-content\/gallery\/surlej\/thumbs\/thumbs_DSC_5518.jpg?t=1408969077\"\n\t\t\t\t\twidth=\"120\"\n\t\t\t\t\theight=\"90\"\n\t\t\t\t\tstyle=\"max-width:100%;\"\n\t\t\t\t\/>\n\t\t\t<\/a>\n\t\t<\/div>\n\t\t\t\t\t\t\t<\/div>\n\t\t\t\n\t\t\t\t<div id=\"ngg-image-12\" class=\"ngg-gallery-thumbnail-box\n\t\t\t\t\t\t\t\tngg-3-columns\t\t\t\"\n\t\t\t>\n\t\t\t\t\t\t<div class=\"ngg-gallery-thumbnail\">\n\t\t<a href=\"https:\/\/www.lesmonts.ch\/wp_fr\/wp-content\/gallery\/surlej\/DSC_5521.jpg?t=1408969078\"\n\t\t\ttitle=\" \"\n\t\t\tdata-src=\"https:\/\/www.lesmonts.ch\/wp_fr\/wp-content\/gallery\/surlej\/DSC_5521.jpg?t=1408969078\"\n\t\t\tdata-thumbnail=\"https:\/\/www.lesmonts.ch\/wp_fr\/wp-content\/gallery\/surlej\/thumbs\/thumbs_DSC_5521.jpg?t=1408969078\"\n\t\t\tdata-image-id=\"1384\"\n\t\t\tdata-image-name=\"DSC_5521.jpg\"\n\t\t\tdata-title=\"DSC_5521\"\n\t\t\tdata-description=\" \"\n\t\t\tdata-image-slug=\"dsc_5521\"\n\t\t\t\t\t\t\t\t\t\t\t\t\t\t\t\t\t\t\t\tclass='nextgen_pro_lightbox' data-nplmodal-gallery-id='e658751dedf3a889b87b8b35a412b40c'>\n\t\t\t\t\t\t\t\t<img\n\t\t\t\t\ttitle=\"DSC_5521\"\n\t\t\t\t\talt=\"DSC_5521\"\n\t\t\t\t\tsrc=\"https:\/\/www.lesmonts.ch\/wp_fr\/wp-content\/gallery\/surlej\/thumbs\/thumbs_DSC_5521.jpg?t=1408969078\"\n\t\t\t\t\twidth=\"120\"\n\t\t\t\t\theight=\"90\"\n\t\t\t\t\tstyle=\"max-width:100%;\"\n\t\t\t\t\/>\n\t\t\t<\/a>\n\t\t<\/div>\n\t\t\t\t\t\t\t<\/div>\n\t\t\t\n\t\n\t<br style=\"clear: both\" \/>\n\n\t\t<div class=\"slideshowlink\">\n\t\t<a href='https:\/\/www.lesmonts.ch\/wp_fr\/randonnees\/randonnees-estivales\/fuorcla-surlej\/nggallery\/slideshow'>[Diaporama]<\/a>\n\n\t<\/div>\n\t\n\t\t<!-- Pagination -->\n\t\t<div class='ngg-clear'><\/div>\t<\/div>\n<\/p>\n","protected":false},"excerpt":{"rendered":"<p>Surlej est un petit village de la haute Engadine (Grisons) qui sert de d\u00e9part \u00e0 la t\u00e9l\u00e9cabine du piz Corvatsch. Cette t\u00e9l\u00e9cabine fournit un moyen id\u00e9al pour r\u00e9aliser une randonn\u00e9e magnifique avec un effort mod\u00e9r\u00e9 dans une r\u00e9gion exceptionnelle. Le coup d\u2019\u0153il depuis la fuorcla Surlej (\u00ab\u00a0col de Surlej\u00a0\u00bb) sur le piz Morteratsch, le piz &hellip; <a href=\"https:\/\/www.lesmonts.ch\/wp_fr\/randonnees\/randonnees-estivales\/fuorcla-surlej\/\" class=\"more-link\">Continuer la lecture de <span class=\"screen-reader-text\">Fuorcla Surlej<\/span>  <span class=\"meta-nav\">&rarr;<\/span><\/a><\/p>\n","protected":false},"author":1,"featured_media":0,"parent":40,"menu_order":0,"comment_status":"open","ping_status":"open","template":"","meta":{"_crdt_document":"","ngg_post_thumbnail":0,"footnotes":""},"class_list":["post-3498","page","type-page","status-publish","hentry"],"_links":{"self":[{"href":"https:\/\/www.lesmonts.ch\/wp_fr\/wp-json\/wp\/v2\/pages\/3498","targetHints":{"allow":["GET"]}}],"collection":[{"href":"https:\/\/www.lesmonts.ch\/wp_fr\/wp-json\/wp\/v2\/pages"}],"about":[{"href":"https:\/\/www.lesmonts.ch\/wp_fr\/wp-json\/wp\/v2\/types\/page"}],"author":[{"embeddable":true,"href":"https:\/\/www.lesmonts.ch\/wp_fr\/wp-json\/wp\/v2\/users\/1"}],"replies":[{"embeddable":true,"href":"https:\/\/www.lesmonts.ch\/wp_fr\/wp-json\/wp\/v2\/comments?post=3498"}],"version-history":[{"count":5,"href":"https:\/\/www.lesmonts.ch\/wp_fr\/wp-json\/wp\/v2\/pages\/3498\/revisions"}],"predecessor-version":[{"id":3534,"href":"https:\/\/www.lesmonts.ch\/wp_fr\/wp-json\/wp\/v2\/pages\/3498\/revisions\/3534"}],"up":[{"embeddable":true,"href":"https:\/\/www.lesmonts.ch\/wp_fr\/wp-json\/wp\/v2\/pages\/40"}],"wp:attachment":[{"href":"https:\/\/www.lesmonts.ch\/wp_fr\/wp-json\/wp\/v2\/media?parent=3498"}],"curies":[{"name":"wp","href":"https:\/\/api.w.org\/{rel}","templated":true}]}}