{"id":3490,"date":"2014-08-25T10:31:27","date_gmt":"2014-08-25T09:31:27","guid":{"rendered":"http:\/\/www.lesmonts.ch\/wp_fr\/?page_id=3490"},"modified":"2014-08-25T10:31:42","modified_gmt":"2014-08-25T09:31:42","slug":"commentaires","status":"publish","type":"page","link":"https:\/\/www.lesmonts.ch\/wp_fr\/voyages\/st-peterburg\/commentaires\/","title":{"rendered":"Commentaires"},"content":{"rendered":"<p><a href=\"http:\/\/www.lesmonts.ch\/wp_fr\/wp-content\/uploads\/2014\/08\/Ermitage.jpg\"><img loading=\"lazy\" decoding=\"async\" class=\"aligncenter size-medium wp-image-3491\" src=\"http:\/\/www.lesmonts.ch\/wp_fr\/wp-content\/uploads\/2014\/08\/Ermitage-300x131.jpg\" alt=\"Ermitage\" width=\"300\" height=\"131\" srcset=\"https:\/\/www.lesmonts.ch\/wp_fr\/wp-content\/uploads\/2014\/08\/Ermitage-300x131.jpg 300w, https:\/\/www.lesmonts.ch\/wp_fr\/wp-content\/uploads\/2014\/08\/Ermitage-1024x447.jpg 1024w, https:\/\/www.lesmonts.ch\/wp_fr\/wp-content\/uploads\/2014\/08\/Ermitage.jpg 1600w\" sizes=\"auto, (max-width: 300px) 100vw, 300px\" \/><\/a>St Petersburg est une belle ville, mais il est relativement difficile de s&rsquo;y d\u00e9placer, en raison de l&rsquo;\u00e9tendue immense de la cit\u00e9. Le sol mar\u00e9cageux rendant probl\u00e9matique l&rsquo;\u00e9rection de grands \u00e9difices, la ville s&rsquo;\u00e9tend \u00e0 plat, d&rsquo;autant que la Russie n&rsquo;a pas r\u00e9ellement de probl\u00e8mes de surface pour la construction. Le m\u00e9tro tr\u00e8s moderne fonctionne bien, mais il faut prendre garde aux pickpockets, tr\u00e8s actifs dans le m\u00e9tro et aussi sur les sites touristiques.<\/p>\n<p><a href=\"http:\/\/www.lesmonts.ch\/wp_fr\/wp-content\/uploads\/2014\/08\/Neva.jpg\"><img loading=\"lazy\" decoding=\"async\" class=\"aligncenter size-medium wp-image-3492\" src=\"http:\/\/www.lesmonts.ch\/wp_fr\/wp-content\/uploads\/2014\/08\/Neva-300x110.jpg\" alt=\"Neva\" width=\"300\" height=\"110\" srcset=\"https:\/\/www.lesmonts.ch\/wp_fr\/wp-content\/uploads\/2014\/08\/Neva-300x110.jpg 300w, https:\/\/www.lesmonts.ch\/wp_fr\/wp-content\/uploads\/2014\/08\/Neva-1024x378.jpg 1024w, https:\/\/www.lesmonts.ch\/wp_fr\/wp-content\/uploads\/2014\/08\/Neva.jpg 1600w\" sizes=\"auto, (max-width: 300px) 100vw, 300px\" \/><\/a>La visite \u00e0 pied est instructive, mais les kilom\u00e8tres sont vite dissuasifs; ainsi, un jour de visite partag\u00e9 entre la rive gauche et la rive droite m&rsquo;amena-t-il \u00e0 cumuler une distance \u00e0 pied de vingt-cinq kilom\u00e8tres.<\/p>\n<p><a href=\"http:\/\/www.lesmonts.ch\/wp_fr\/wp-content\/uploads\/2014\/08\/Eglise.jpg\"><img loading=\"lazy\" decoding=\"async\" class=\"aligncenter size-medium wp-image-3493\" src=\"http:\/\/www.lesmonts.ch\/wp_fr\/wp-content\/uploads\/2014\/08\/Eglise-300x155.jpg\" alt=\"Eglise\" width=\"300\" height=\"155\" srcset=\"https:\/\/www.lesmonts.ch\/wp_fr\/wp-content\/uploads\/2014\/08\/Eglise-300x155.jpg 300w, https:\/\/www.lesmonts.ch\/wp_fr\/wp-content\/uploads\/2014\/08\/Eglise-1024x531.jpg 1024w, https:\/\/www.lesmonts.ch\/wp_fr\/wp-content\/uploads\/2014\/08\/Eglise.jpg 1600w\" sizes=\"auto, (max-width: 300px) 100vw, 300px\" \/><\/a>Habituellement, les Russes se nourrissent dans des fast-foods. En 2007, peu d&rsquo;habitants parlaient suffisamment d&rsquo;anglais pour qu&rsquo;il soit possible de se faire comprendre, ce qui rendait les commandes au restaurant parfois hasardeuses. On peut supposer qu&rsquo;actuellement, la situation se soit am\u00e9lior\u00e9e. Quoi qu&rsquo;il en soit, il y a \u00e0 St Petersburg d&rsquo;excellents restaurants fran\u00e7ais ou italiens pour ceux que la cuisine russe ou le fast-food n&rsquo;int\u00e9resseraient pas; mais les prix sont souvent assez \u00e9lev\u00e9s dans ces restaurants.<\/p>\n<p><a href=\"http:\/\/www.lesmonts.ch\/wp_fr\/wp-content\/uploads\/2014\/08\/DSC_6362.jpg\"><img loading=\"lazy\" decoding=\"async\" class=\"aligncenter size-medium wp-image-3486\" src=\"http:\/\/www.lesmonts.ch\/wp_fr\/wp-content\/uploads\/2014\/08\/DSC_6362-300x139.jpg\" alt=\"DSC_6362\" width=\"300\" height=\"139\" srcset=\"https:\/\/www.lesmonts.ch\/wp_fr\/wp-content\/uploads\/2014\/08\/DSC_6362-300x139.jpg 300w, https:\/\/www.lesmonts.ch\/wp_fr\/wp-content\/uploads\/2014\/08\/DSC_6362-1024x474.jpg 1024w, https:\/\/www.lesmonts.ch\/wp_fr\/wp-content\/uploads\/2014\/08\/DSC_6362.jpg 1400w\" sizes=\"auto, (max-width: 300px) 100vw, 300px\" \/><\/a><\/p>\n","protected":false},"excerpt":{"rendered":"<p>St Petersburg est une belle ville, mais il est relativement difficile de s&rsquo;y d\u00e9placer, en raison de l&rsquo;\u00e9tendue immense de la cit\u00e9. Le sol mar\u00e9cageux rendant probl\u00e9matique l&rsquo;\u00e9rection de grands \u00e9difices, la ville s&rsquo;\u00e9tend \u00e0 plat, d&rsquo;autant que la Russie n&rsquo;a pas r\u00e9ellement de probl\u00e8mes de surface pour la construction. Le m\u00e9tro tr\u00e8s moderne fonctionne &hellip; <a href=\"https:\/\/www.lesmonts.ch\/wp_fr\/voyages\/st-peterburg\/commentaires\/\" class=\"more-link\">Continuer la lecture de <span class=\"screen-reader-text\">Commentaires<\/span>  <span class=\"meta-nav\">&rarr;<\/span><\/a><\/p>\n","protected":false},"author":1,"featured_media":0,"parent":3346,"menu_order":0,"comment_status":"open","ping_status":"open","template":"","meta":{"_crdt_document":"","ngg_post_thumbnail":0,"footnotes":""},"class_list":["post-3490","page","type-page","status-publish","hentry"],"_links":{"self":[{"href":"https:\/\/www.lesmonts.ch\/wp_fr\/wp-json\/wp\/v2\/pages\/3490","targetHints":{"allow":["GET"]}}],"collection":[{"href":"https:\/\/www.lesmonts.ch\/wp_fr\/wp-json\/wp\/v2\/pages"}],"about":[{"href":"https:\/\/www.lesmonts.ch\/wp_fr\/wp-json\/wp\/v2\/types\/page"}],"author":[{"embeddable":true,"href":"https:\/\/www.lesmonts.ch\/wp_fr\/wp-json\/wp\/v2\/users\/1"}],"replies":[{"embeddable":true,"href":"https:\/\/www.lesmonts.ch\/wp_fr\/wp-json\/wp\/v2\/comments?post=3490"}],"version-history":[{"count":1,"href":"https:\/\/www.lesmonts.ch\/wp_fr\/wp-json\/wp\/v2\/pages\/3490\/revisions"}],"predecessor-version":[{"id":3494,"href":"https:\/\/www.lesmonts.ch\/wp_fr\/wp-json\/wp\/v2\/pages\/3490\/revisions\/3494"}],"up":[{"embeddable":true,"href":"https:\/\/www.lesmonts.ch\/wp_fr\/wp-json\/wp\/v2\/pages\/3346"}],"wp:attachment":[{"href":"https:\/\/www.lesmonts.ch\/wp_fr\/wp-json\/wp\/v2\/media?parent=3490"}],"curies":[{"name":"wp","href":"https:\/\/api.w.org\/{rel}","templated":true}]}}