{"id":3376,"date":"2014-08-25T09:22:22","date_gmt":"2014-08-25T08:22:22","guid":{"rendered":"http:\/\/www.lesmonts.ch\/wp_fr\/?page_id=3376"},"modified":"2019-01-28T20:26:32","modified_gmt":"2019-01-28T19:26:32","slug":"rive-droite-et-ermitage","status":"publish","type":"page","link":"https:\/\/www.lesmonts.ch\/wp_fr\/voyages\/st-peterburg\/rive-droite-et-ermitage\/","title":{"rendered":"Rive droite et Ermitage"},"content":{"rendered":"<p><a href=\"http:\/\/www.lesmonts.ch\/wp_fr\/wp-content\/uploads\/2014\/08\/DSC_6281.jpg\"><img loading=\"lazy\" decoding=\"async\" class=\"aligncenter size-medium wp-image-3377\" src=\"http:\/\/www.lesmonts.ch\/wp_fr\/wp-content\/uploads\/2014\/08\/DSC_6281-300x150.jpg\" alt=\"DSC_6281\" width=\"300\" height=\"150\" srcset=\"https:\/\/www.lesmonts.ch\/wp_fr\/wp-content\/uploads\/2014\/08\/DSC_6281-300x150.jpg 300w, https:\/\/www.lesmonts.ch\/wp_fr\/wp-content\/uploads\/2014\/08\/DSC_6281-1024x513.jpg 1024w, https:\/\/www.lesmonts.ch\/wp_fr\/wp-content\/uploads\/2014\/08\/DSC_6281.jpg 1400w\" sizes=\"auto, (max-width: 300px) 100vw, 300px\" \/><\/a><\/p>\n<p>Le palais d&rsquo;hiver du tsar Pierre le Grand a \u00e9t\u00e9 converti en mus\u00e9e, le mus\u00e9e de l&rsquo;Ermitage. Pour appr\u00e9cier les dimensions de l&rsquo;\u00e9difice, il faut traverser la Neva et admirer l&rsquo;ensemble depuis l&rsquo;autre rive. L&rsquo;autre rive est plus industrielle, mais n&rsquo;est pas inint\u00e9ressante pour autant. En revanche, se promener dans St. Petersburg constitue un exercice physique qui peut devenir rapidement cons\u00e9quent, car la ville est tr\u00e8s \u00e9tendue. Simplement traverser la Neva en aller-retour en empruntant les deux ponts qui ferment le port constitue une belle marche d&rsquo;une heure.<\/p>\n<p>Visiter l&rsquo;Ermitage est un exercice de patience (en tous cas, ce l&rsquo;\u00e9tait en 2007). L&rsquo;ancienne URSS avait transmis \u00e0 la Russie de Vladimir Poutine son go\u00fbt immod\u00e9r\u00e9 pour les files d&rsquo;attente. Il valait la peine de faire appel \u00e0 un guide professionnel qui disposait de coupe-files tr\u00e8s efficaces.<\/p>\n<p><a href=\"http:\/\/www.lesmonts.ch\/wp_fr\/wp-content\/uploads\/2014\/08\/DSC_6274.jpg\"><img loading=\"lazy\" decoding=\"async\" class=\"aligncenter size-medium wp-image-3378\" src=\"http:\/\/www.lesmonts.ch\/wp_fr\/wp-content\/uploads\/2014\/08\/DSC_6274-300x172.jpg\" alt=\"DSC_6274\" width=\"300\" height=\"172\" srcset=\"https:\/\/www.lesmonts.ch\/wp_fr\/wp-content\/uploads\/2014\/08\/DSC_6274-300x172.jpg 300w, https:\/\/www.lesmonts.ch\/wp_fr\/wp-content\/uploads\/2014\/08\/DSC_6274-1024x590.jpg 1024w, https:\/\/www.lesmonts.ch\/wp_fr\/wp-content\/uploads\/2014\/08\/DSC_6274.jpg 1400w\" sizes=\"auto, (max-width: 300px) 100vw, 300px\" \/><\/a><\/p>\n<p>Lorsqu&rsquo;on est fatigu\u00e9 de marcher, il existe un service de visites en bateaux qui permet de continuer la visite de mani\u00e8re agr\u00e9able. A essayer absolument : contrairement au m\u00e9tro, il n&rsquo;y a pas trop de pickpockets sur ces bateaux de promenade ressemblant aux bateaux-mouche parisiens.<\/p>\nngg_shortcode_0_placeholder\n","protected":false},"excerpt":{"rendered":"<p>Le palais d&rsquo;hiver du tsar Pierre le Grand a \u00e9t\u00e9 converti en mus\u00e9e, le mus\u00e9e de l&rsquo;Ermitage. Pour appr\u00e9cier les dimensions de l&rsquo;\u00e9difice, il faut traverser la Neva et admirer l&rsquo;ensemble depuis l&rsquo;autre rive. L&rsquo;autre rive est plus industrielle, mais n&rsquo;est pas inint\u00e9ressante pour autant. En revanche, se promener dans St. Petersburg constitue un exercice &hellip; <a href=\"https:\/\/www.lesmonts.ch\/wp_fr\/voyages\/st-peterburg\/rive-droite-et-ermitage\/\" class=\"more-link\">Continuer la lecture de <span class=\"screen-reader-text\">Rive droite et Ermitage<\/span>  <span class=\"meta-nav\">&rarr;<\/span><\/a><\/p>\n","protected":false},"author":1,"featured_media":0,"parent":3346,"menu_order":0,"comment_status":"open","ping_status":"open","template":"","meta":{"_crdt_document":"","ngg_post_thumbnail":0,"footnotes":""},"class_list":["post-3376","page","type-page","status-publish","hentry"],"_links":{"self":[{"href":"https:\/\/www.lesmonts.ch\/wp_fr\/wp-json\/wp\/v2\/pages\/3376","targetHints":{"allow":["GET"]}}],"collection":[{"href":"https:\/\/www.lesmonts.ch\/wp_fr\/wp-json\/wp\/v2\/pages"}],"about":[{"href":"https:\/\/www.lesmonts.ch\/wp_fr\/wp-json\/wp\/v2\/types\/page"}],"author":[{"embeddable":true,"href":"https:\/\/www.lesmonts.ch\/wp_fr\/wp-json\/wp\/v2\/users\/1"}],"replies":[{"embeddable":true,"href":"https:\/\/www.lesmonts.ch\/wp_fr\/wp-json\/wp\/v2\/comments?post=3376"}],"version-history":[{"count":4,"href":"https:\/\/www.lesmonts.ch\/wp_fr\/wp-json\/wp\/v2\/pages\/3376\/revisions"}],"predecessor-version":[{"id":6240,"href":"https:\/\/www.lesmonts.ch\/wp_fr\/wp-json\/wp\/v2\/pages\/3376\/revisions\/6240"}],"up":[{"embeddable":true,"href":"https:\/\/www.lesmonts.ch\/wp_fr\/wp-json\/wp\/v2\/pages\/3346"}],"wp:attachment":[{"href":"https:\/\/www.lesmonts.ch\/wp_fr\/wp-json\/wp\/v2\/media?parent=3376"}],"curies":[{"name":"wp","href":"https:\/\/api.w.org\/{rel}","templated":true}]}}