{"id":3349,"date":"2014-08-25T07:49:18","date_gmt":"2014-08-25T06:49:18","guid":{"rendered":"http:\/\/www.lesmonts.ch\/wp_fr\/?page_id=3349"},"modified":"2019-01-28T20:24:13","modified_gmt":"2019-01-28T19:24:13","slug":"rive-gauche-de-la-neva","status":"publish","type":"page","link":"https:\/\/www.lesmonts.ch\/wp_fr\/voyages\/st-peterburg\/rive-gauche-de-la-neva\/","title":{"rendered":"Rive gauche de la Neva"},"content":{"rendered":"<p><a href=\"http:\/\/www.lesmonts.ch\/wp_fr\/wp-content\/uploads\/2014\/08\/Pburg3SM.jpg\"><img loading=\"lazy\" decoding=\"async\" class=\"aligncenter size-medium wp-image-3374\" src=\"http:\/\/www.lesmonts.ch\/wp_fr\/wp-content\/uploads\/2014\/08\/Pburg3SM-300x68.jpg\" alt=\"Pburg3SM\" width=\"300\" height=\"68\" srcset=\"https:\/\/www.lesmonts.ch\/wp_fr\/wp-content\/uploads\/2014\/08\/Pburg3SM-300x68.jpg 300w, https:\/\/www.lesmonts.ch\/wp_fr\/wp-content\/uploads\/2014\/08\/Pburg3SM-1024x232.jpg 1024w, https:\/\/www.lesmonts.ch\/wp_fr\/wp-content\/uploads\/2014\/08\/Pburg3SM.jpg 2000w\" sizes=\"auto, (max-width: 300px) 100vw, 300px\" \/><\/a>La rive gauche de la Neva abrite entre autres monuments le palais imp\u00e9rial, l&rsquo;Ermitage. C&rsquo;est la rive pr\u00e9f\u00e9r\u00e9e des touristes, et celle qui abrite le plus grand nombre de monuments; c&rsquo;est aussi l\u00e0 que l&rsquo;on pourra se promener le long de l&rsquo;interminable perspective Nevsky, une avenue tr\u00e8s large et commer\u00e7ante, o\u00f9 certains se livrent parfois \u00e0 des rallies automobiles inqui\u00e9tants \u00e0 plus de cent quarante kilom\u00e8tres\/heure au milieu de passants moyennement \u00e9tonn\u00e9s.<\/p>\n<p>Est-ce pour d\u00e9tourner l&rsquo;attention des touristes des activit\u00e9s des nombreux pickpockets ?<\/p>\nngg_shortcode_0_placeholder\n","protected":false},"excerpt":{"rendered":"<p>La rive gauche de la Neva abrite entre autres monuments le palais imp\u00e9rial, l&rsquo;Ermitage. C&rsquo;est la rive pr\u00e9f\u00e9r\u00e9e des touristes, et celle qui abrite le plus grand nombre de monuments; c&rsquo;est aussi l\u00e0 que l&rsquo;on pourra se promener le long de l&rsquo;interminable perspective Nevsky, une avenue tr\u00e8s large et commer\u00e7ante, o\u00f9 certains se livrent parfois &hellip; <a href=\"https:\/\/www.lesmonts.ch\/wp_fr\/voyages\/st-peterburg\/rive-gauche-de-la-neva\/\" class=\"more-link\">Continuer la lecture de <span class=\"screen-reader-text\">Rive gauche de la Neva<\/span>  <span class=\"meta-nav\">&rarr;<\/span><\/a><\/p>\n","protected":false},"author":1,"featured_media":0,"parent":3346,"menu_order":0,"comment_status":"open","ping_status":"open","template":"","meta":{"_crdt_document":"","ngg_post_thumbnail":0,"footnotes":""},"class_list":["post-3349","page","type-page","status-publish","hentry"],"_links":{"self":[{"href":"https:\/\/www.lesmonts.ch\/wp_fr\/wp-json\/wp\/v2\/pages\/3349","targetHints":{"allow":["GET"]}}],"collection":[{"href":"https:\/\/www.lesmonts.ch\/wp_fr\/wp-json\/wp\/v2\/pages"}],"about":[{"href":"https:\/\/www.lesmonts.ch\/wp_fr\/wp-json\/wp\/v2\/types\/page"}],"author":[{"embeddable":true,"href":"https:\/\/www.lesmonts.ch\/wp_fr\/wp-json\/wp\/v2\/users\/1"}],"replies":[{"embeddable":true,"href":"https:\/\/www.lesmonts.ch\/wp_fr\/wp-json\/wp\/v2\/comments?post=3349"}],"version-history":[{"count":4,"href":"https:\/\/www.lesmonts.ch\/wp_fr\/wp-json\/wp\/v2\/pages\/3349\/revisions"}],"predecessor-version":[{"id":6239,"href":"https:\/\/www.lesmonts.ch\/wp_fr\/wp-json\/wp\/v2\/pages\/3349\/revisions\/6239"}],"up":[{"embeddable":true,"href":"https:\/\/www.lesmonts.ch\/wp_fr\/wp-json\/wp\/v2\/pages\/3346"}],"wp:attachment":[{"href":"https:\/\/www.lesmonts.ch\/wp_fr\/wp-json\/wp\/v2\/media?parent=3349"}],"curies":[{"name":"wp","href":"https:\/\/api.w.org\/{rel}","templated":true}]}}