{"id":318,"date":"2014-07-26T14:32:50","date_gmt":"2014-07-26T13:32:50","guid":{"rendered":"http:\/\/www.lesmonts.ch\/wp_fr\/?page_id=318"},"modified":"2014-07-26T15:07:24","modified_gmt":"2014-07-26T14:07:24","slug":"le-grammont","status":"publish","type":"page","link":"https:\/\/www.lesmonts.ch\/wp_fr\/randonnees\/randonnees-estivales\/le-grammont\/","title":{"rendered":"Le Grammont"},"content":{"rendered":"<p>Course sans gloire, ascension facile, mais combien payante. Belv\u00e9d\u00e8re dominant le lac L\u00e9man, le Grammont offre une vue grandiose sur les Alpes Bernoises, Valaisannes, le massif du Mont Blanc et laisse m\u00eame deviner au loin le massif des Ecrins&#8230;<\/p>\n<p>L&rsquo;ascension classique s&rsquo;effectue depuis le hameau du Flon, o\u00f9 l&rsquo;on laisse la voiture; il n&rsquo;est d&rsquo;ailleurs pas interdit d&rsquo;utiliser l&rsquo;automobile postale depuis Vouvry, mais les horaires ne sont pas toujours tr\u00e8s favorables. Il n&rsquo;y a pas de p\u00e9riode sp\u00e9cialement favorable pour gravir le Grammont, mais la pente sommitale, lorsqu&rsquo;elle est enneig\u00e9e, peut devenir rapidement avalancheuse, car la proximit\u00e9 du lac L\u00e9man favorise la formation de plaques \u00e0 vent. Prudence donc \u00e0 ceux qui s&rsquo;aventurent dans ce magnifique cadre en janvier ou f\u00e9vrier, \u00e9ventuellement \u00e0 peaux de phoque.<\/p>\n<p>La meilleure saison est probablement l&rsquo;automne, de fin septembre \u00e0 fin novembre. La lumi\u00e8re est aussi plus favorable, et la vue plus nette. Cerise sur le g\u00e2teau, on se retrouve souvent seul au sommet, ce qui n&rsquo;est pas souvent le cas en juillet et ao\u00fbt par beau temps ! La course est en effet tr\u00e8s courue !<\/p>\n<p>On atteint le hameau du Flon depuis Vouvry par l&rsquo;autoroute A9, sortie Villeneuve ou Aigle, selon d&rsquo;o\u00f9 l&rsquo;on vient.<\/p>\n<p>Du parking du Flon (env. 1100m), gagner Taney par le chemin des Ch\u00e8vres (ou par la route, ce n&rsquo;est gu\u00e8re plus long), longer le lac jusqu&rsquo;aux <a title=\"Restaurants Tanay\" href=\"http:\/\/www.randoresto.ch\/?p=500\" target=\"_blank\">restaurants<\/a>. Un peu apr\u00e8s <a title=\"Refuge du Grammont\" href=\"http:\/\/www.le-grammont.ch\/\" target=\"_blank\">le restaurant du Grammont<\/a>, emprunter le chemin bien marqu\u00e9 du Grammont et le suivre jusqu&rsquo;\u00e0 l&rsquo;alpage, et le long de la cr\u00eate jusqu&rsquo;\u00e0 la croix sommitale (2172 m). En \u00e9t\u00e9, le trajet peut \u00eatre r\u00e9alis\u00e9 avec des souliers de montagne l\u00e9gers; en automne, prendre des chaussures montantes bien profil\u00e9es, la cr\u00eate est souvent glissante, et un peu de neige fra\u00eeche peut rendre certains passages d\u00e9licats.<\/p>\n<p><!-- default-view.php -->\n<div\n\tclass=\"ngg-galleryoverview default-view\n\t ngg-ajax-pagination-none\t\"\n\tid=\"ngg-gallery-64062de2eb905e3da126becf7314bede-1\"\n\tdata-nextgen-gallery-id=\"6\"\n\tdata-gallery-id=\"6\"\n\t\tdata-gallery-name=\"Taney-Grammont\"\n\t>\n\n\t\t<!-- Thumbnails -->\n\t\t\t\t<div id=\"ngg-image-0\" class=\"ngg-gallery-thumbnail-box\n\t\t\t\t\t\t\t\t\t\t\t\"\n\t\t\t>\n\t\t\t\t\t\t<div class=\"ngg-gallery-thumbnail\">\n\t\t<a href=\"https:\/\/www.lesmonts.ch\/wp_fr\/wp-content\/gallery\/taney-grammont\/DSC_0019.jpg?t=1546945173\"\n\t\t\ttitle=\"\"\n\t\t\tdata-src=\"https:\/\/www.lesmonts.ch\/wp_fr\/wp-content\/gallery\/taney-grammont\/DSC_0019.jpg?t=1546945173\"\n\t\t\tdata-thumbnail=\"https:\/\/www.lesmonts.ch\/wp_fr\/wp-content\/gallery\/taney-grammont\/thumbs\/thumbs_DSC_0019.jpg?t=1546945173\"\n\t\t\tdata-image-id=\"56\"\n\t\t\tdata-image-name=\"DSC_0019.jpg\"\n\t\t\tdata-title=\"DSC_0019\"\n\t\t\tdata-description=\"\"\n\t\t\tdata-image-slug=\"dsc_0019\"\n\t\t\t\t\t\t\t\t\t\t\t\t\t\t\t\t\t\t\t\tclass='nextgen_pro_lightbox' data-nplmodal-gallery-id='64062de2eb905e3da126becf7314bede'>\n\t\t\t\t\t\t\t\t<img\n\t\t\t\t\ttitle=\"DSC_0019\"\n\t\t\t\t\talt=\"DSC_0019\"\n\t\t\t\t\tsrc=\"https:\/\/www.lesmonts.ch\/wp_fr\/wp-content\/gallery\/taney-grammont\/thumbs\/thumbs_DSC_0019.jpg?t=1546945173\"\n\t\t\t\t\twidth=\"120\"\n\t\t\t\t\theight=\"90\"\n\t\t\t\t\tstyle=\"max-width:100%;\"\n\t\t\t\t\/>\n\t\t\t<\/a>\n\t\t<\/div>\n\t\t\t\t\t\t\t<\/div>\n\t\t\t\n\t\t\t\t<div id=\"ngg-image-1\" class=\"ngg-gallery-thumbnail-box\n\t\t\t\t\t\t\t\t\t\t\t\"\n\t\t\t>\n\t\t\t\t\t\t<div class=\"ngg-gallery-thumbnail\">\n\t\t<a href=\"https:\/\/www.lesmonts.ch\/wp_fr\/wp-content\/gallery\/taney-grammont\/DSC_0021.jpg?t=1546945178\"\n\t\t\ttitle=\"\"\n\t\t\tdata-src=\"https:\/\/www.lesmonts.ch\/wp_fr\/wp-content\/gallery\/taney-grammont\/DSC_0021.jpg?t=1546945178\"\n\t\t\tdata-thumbnail=\"https:\/\/www.lesmonts.ch\/wp_fr\/wp-content\/gallery\/taney-grammont\/thumbs\/thumbs_DSC_0021.jpg?t=1546945178\"\n\t\t\tdata-image-id=\"57\"\n\t\t\tdata-image-name=\"DSC_0021.jpg\"\n\t\t\tdata-title=\"DSC_0021\"\n\t\t\tdata-description=\"\"\n\t\t\tdata-image-slug=\"dsc_0021\"\n\t\t\t\t\t\t\t\t\t\t\t\t\t\t\t\t\t\t\t\tclass='nextgen_pro_lightbox' data-nplmodal-gallery-id='64062de2eb905e3da126becf7314bede'>\n\t\t\t\t\t\t\t\t<img\n\t\t\t\t\ttitle=\"DSC_0021\"\n\t\t\t\t\talt=\"DSC_0021\"\n\t\t\t\t\tsrc=\"https:\/\/www.lesmonts.ch\/wp_fr\/wp-content\/gallery\/taney-grammont\/thumbs\/thumbs_DSC_0021.jpg?t=1546945178\"\n\t\t\t\t\twidth=\"120\"\n\t\t\t\t\theight=\"90\"\n\t\t\t\t\tstyle=\"max-width:100%;\"\n\t\t\t\t\/>\n\t\t\t<\/a>\n\t\t<\/div>\n\t\t\t\t\t\t\t<\/div>\n\t\t\t\n\t\t\t\t<div id=\"ngg-image-2\" class=\"ngg-gallery-thumbnail-box\n\t\t\t\t\t\t\t\t\t\t\t\"\n\t\t\t>\n\t\t\t\t\t\t<div class=\"ngg-gallery-thumbnail\">\n\t\t<a href=\"https:\/\/www.lesmonts.ch\/wp_fr\/wp-content\/gallery\/taney-grammont\/DSC_0036.jpg?t=1546945178\"\n\t\t\ttitle=\"\"\n\t\t\tdata-src=\"https:\/\/www.lesmonts.ch\/wp_fr\/wp-content\/gallery\/taney-grammont\/DSC_0036.jpg?t=1546945178\"\n\t\t\tdata-thumbnail=\"https:\/\/www.lesmonts.ch\/wp_fr\/wp-content\/gallery\/taney-grammont\/thumbs\/thumbs_DSC_0036.jpg?t=1546945178\"\n\t\t\tdata-image-id=\"58\"\n\t\t\tdata-image-name=\"DSC_0036.jpg\"\n\t\t\tdata-title=\"DSC_0036\"\n\t\t\tdata-description=\"\"\n\t\t\tdata-image-slug=\"dsc_0036\"\n\t\t\t\t\t\t\t\t\t\t\t\t\t\t\t\t\t\t\t\tclass='nextgen_pro_lightbox' data-nplmodal-gallery-id='64062de2eb905e3da126becf7314bede'>\n\t\t\t\t\t\t\t\t<img\n\t\t\t\t\ttitle=\"DSC_0036\"\n\t\t\t\t\talt=\"DSC_0036\"\n\t\t\t\t\tsrc=\"https:\/\/www.lesmonts.ch\/wp_fr\/wp-content\/gallery\/taney-grammont\/thumbs\/thumbs_DSC_0036.jpg?t=1546945178\"\n\t\t\t\t\twidth=\"120\"\n\t\t\t\t\theight=\"90\"\n\t\t\t\t\tstyle=\"max-width:100%;\"\n\t\t\t\t\/>\n\t\t\t<\/a>\n\t\t<\/div>\n\t\t\t\t\t\t\t<\/div>\n\t\t\t\n\t\t\t\t<div id=\"ngg-image-3\" class=\"ngg-gallery-thumbnail-box\n\t\t\t\t\t\t\t\t\t\t\t\"\n\t\t\t>\n\t\t\t\t\t\t<div class=\"ngg-gallery-thumbnail\">\n\t\t<a href=\"https:\/\/www.lesmonts.ch\/wp_fr\/wp-content\/gallery\/taney-grammont\/DSC_0041.jpg?t=1546945179\"\n\t\t\ttitle=\"\"\n\t\t\tdata-src=\"https:\/\/www.lesmonts.ch\/wp_fr\/wp-content\/gallery\/taney-grammont\/DSC_0041.jpg?t=1546945179\"\n\t\t\tdata-thumbnail=\"https:\/\/www.lesmonts.ch\/wp_fr\/wp-content\/gallery\/taney-grammont\/thumbs\/thumbs_DSC_0041.jpg?t=1546945179\"\n\t\t\tdata-image-id=\"59\"\n\t\t\tdata-image-name=\"DSC_0041.jpg\"\n\t\t\tdata-title=\"DSC_0041\"\n\t\t\tdata-description=\"\"\n\t\t\tdata-image-slug=\"dsc_0041\"\n\t\t\t\t\t\t\t\t\t\t\t\t\t\t\t\t\t\t\t\tclass='nextgen_pro_lightbox' data-nplmodal-gallery-id='64062de2eb905e3da126becf7314bede'>\n\t\t\t\t\t\t\t\t<img\n\t\t\t\t\ttitle=\"DSC_0041\"\n\t\t\t\t\talt=\"DSC_0041\"\n\t\t\t\t\tsrc=\"https:\/\/www.lesmonts.ch\/wp_fr\/wp-content\/gallery\/taney-grammont\/thumbs\/thumbs_DSC_0041.jpg?t=1546945179\"\n\t\t\t\t\twidth=\"120\"\n\t\t\t\t\theight=\"90\"\n\t\t\t\t\tstyle=\"max-width:100%;\"\n\t\t\t\t\/>\n\t\t\t<\/a>\n\t\t<\/div>\n\t\t\t\t\t\t\t<\/div>\n\t\t\t\n\t\t\t\t<div id=\"ngg-image-4\" class=\"ngg-gallery-thumbnail-box\n\t\t\t\t\t\t\t\t\t\t\t\"\n\t\t\t>\n\t\t\t\t\t\t<div class=\"ngg-gallery-thumbnail\">\n\t\t<a href=\"https:\/\/www.lesmonts.ch\/wp_fr\/wp-content\/gallery\/taney-grammont\/DSC_0042.jpg?t=1546945179\"\n\t\t\ttitle=\"\"\n\t\t\tdata-src=\"https:\/\/www.lesmonts.ch\/wp_fr\/wp-content\/gallery\/taney-grammont\/DSC_0042.jpg?t=1546945179\"\n\t\t\tdata-thumbnail=\"https:\/\/www.lesmonts.ch\/wp_fr\/wp-content\/gallery\/taney-grammont\/thumbs\/thumbs_DSC_0042.jpg?t=1546945179\"\n\t\t\tdata-image-id=\"60\"\n\t\t\tdata-image-name=\"DSC_0042.jpg\"\n\t\t\tdata-title=\"DSC_0042\"\n\t\t\tdata-description=\"\"\n\t\t\tdata-image-slug=\"dsc_0042\"\n\t\t\t\t\t\t\t\t\t\t\t\t\t\t\t\t\t\t\t\tclass='nextgen_pro_lightbox' data-nplmodal-gallery-id='64062de2eb905e3da126becf7314bede'>\n\t\t\t\t\t\t\t\t<img\n\t\t\t\t\ttitle=\"DSC_0042\"\n\t\t\t\t\talt=\"DSC_0042\"\n\t\t\t\t\tsrc=\"https:\/\/www.lesmonts.ch\/wp_fr\/wp-content\/gallery\/taney-grammont\/thumbs\/thumbs_DSC_0042.jpg?t=1546945179\"\n\t\t\t\t\twidth=\"120\"\n\t\t\t\t\theight=\"90\"\n\t\t\t\t\tstyle=\"max-width:100%;\"\n\t\t\t\t\/>\n\t\t\t<\/a>\n\t\t<\/div>\n\t\t\t\t\t\t\t<\/div>\n\t\t\t\n\t\t\t\t<div id=\"ngg-image-5\" class=\"ngg-gallery-thumbnail-box\n\t\t\t\t\t\t\t\t\t\t\t\"\n\t\t\t>\n\t\t\t\t\t\t<div class=\"ngg-gallery-thumbnail\">\n\t\t<a href=\"https:\/\/www.lesmonts.ch\/wp_fr\/wp-content\/gallery\/taney-grammont\/DSC_0043.jpg?t=1546945179\"\n\t\t\ttitle=\"\"\n\t\t\tdata-src=\"https:\/\/www.lesmonts.ch\/wp_fr\/wp-content\/gallery\/taney-grammont\/DSC_0043.jpg?t=1546945179\"\n\t\t\tdata-thumbnail=\"https:\/\/www.lesmonts.ch\/wp_fr\/wp-content\/gallery\/taney-grammont\/thumbs\/thumbs_DSC_0043.jpg?t=1546945179\"\n\t\t\tdata-image-id=\"61\"\n\t\t\tdata-image-name=\"DSC_0043.jpg\"\n\t\t\tdata-title=\"DSC_0043\"\n\t\t\tdata-description=\"\"\n\t\t\tdata-image-slug=\"dsc_0043\"\n\t\t\t\t\t\t\t\t\t\t\t\t\t\t\t\t\t\t\t\tclass='nextgen_pro_lightbox' data-nplmodal-gallery-id='64062de2eb905e3da126becf7314bede'>\n\t\t\t\t\t\t\t\t<img\n\t\t\t\t\ttitle=\"DSC_0043\"\n\t\t\t\t\talt=\"DSC_0043\"\n\t\t\t\t\tsrc=\"https:\/\/www.lesmonts.ch\/wp_fr\/wp-content\/gallery\/taney-grammont\/thumbs\/thumbs_DSC_0043.jpg?t=1546945179\"\n\t\t\t\t\twidth=\"120\"\n\t\t\t\t\theight=\"90\"\n\t\t\t\t\tstyle=\"max-width:100%;\"\n\t\t\t\t\/>\n\t\t\t<\/a>\n\t\t<\/div>\n\t\t\t\t\t\t\t<\/div>\n\t\t\t\n\t\t\t\t<div id=\"ngg-image-6\" class=\"ngg-gallery-thumbnail-box\n\t\t\t\t\t\t\t\t\t\t\t\"\n\t\t\t>\n\t\t\t\t\t\t<div class=\"ngg-gallery-thumbnail\">\n\t\t<a href=\"https:\/\/www.lesmonts.ch\/wp_fr\/wp-content\/gallery\/taney-grammont\/DSC_0047.jpg?t=1546945179\"\n\t\t\ttitle=\"\"\n\t\t\tdata-src=\"https:\/\/www.lesmonts.ch\/wp_fr\/wp-content\/gallery\/taney-grammont\/DSC_0047.jpg?t=1546945179\"\n\t\t\tdata-thumbnail=\"https:\/\/www.lesmonts.ch\/wp_fr\/wp-content\/gallery\/taney-grammont\/thumbs\/thumbs_DSC_0047.jpg?t=1546945179\"\n\t\t\tdata-image-id=\"62\"\n\t\t\tdata-image-name=\"DSC_0047.jpg\"\n\t\t\tdata-title=\"DSC_0047\"\n\t\t\tdata-description=\"\"\n\t\t\tdata-image-slug=\"dsc_0047\"\n\t\t\t\t\t\t\t\t\t\t\t\t\t\t\t\t\t\t\t\tclass='nextgen_pro_lightbox' data-nplmodal-gallery-id='64062de2eb905e3da126becf7314bede'>\n\t\t\t\t\t\t\t\t<img\n\t\t\t\t\ttitle=\"DSC_0047\"\n\t\t\t\t\talt=\"DSC_0047\"\n\t\t\t\t\tsrc=\"https:\/\/www.lesmonts.ch\/wp_fr\/wp-content\/gallery\/taney-grammont\/thumbs\/thumbs_DSC_0047.jpg?t=1546945179\"\n\t\t\t\t\twidth=\"120\"\n\t\t\t\t\theight=\"90\"\n\t\t\t\t\tstyle=\"max-width:100%;\"\n\t\t\t\t\/>\n\t\t\t<\/a>\n\t\t<\/div>\n\t\t\t\t\t\t\t<\/div>\n\t\t\t\n\t\t\t\t<div id=\"ngg-image-7\" class=\"ngg-gallery-thumbnail-box\n\t\t\t\t\t\t\t\t\t\t\t\"\n\t\t\t>\n\t\t\t\t\t\t<div class=\"ngg-gallery-thumbnail\">\n\t\t<a href=\"https:\/\/www.lesmonts.ch\/wp_fr\/wp-content\/gallery\/taney-grammont\/DSC_0051.jpg?t=1546945179\"\n\t\t\ttitle=\"\"\n\t\t\tdata-src=\"https:\/\/www.lesmonts.ch\/wp_fr\/wp-content\/gallery\/taney-grammont\/DSC_0051.jpg?t=1546945179\"\n\t\t\tdata-thumbnail=\"https:\/\/www.lesmonts.ch\/wp_fr\/wp-content\/gallery\/taney-grammont\/thumbs\/thumbs_DSC_0051.jpg?t=1546945179\"\n\t\t\tdata-image-id=\"63\"\n\t\t\tdata-image-name=\"DSC_0051.jpg\"\n\t\t\tdata-title=\"DSC_0051\"\n\t\t\tdata-description=\"\"\n\t\t\tdata-image-slug=\"dsc_0051\"\n\t\t\t\t\t\t\t\t\t\t\t\t\t\t\t\t\t\t\t\tclass='nextgen_pro_lightbox' data-nplmodal-gallery-id='64062de2eb905e3da126becf7314bede'>\n\t\t\t\t\t\t\t\t<img\n\t\t\t\t\ttitle=\"DSC_0051\"\n\t\t\t\t\talt=\"DSC_0051\"\n\t\t\t\t\tsrc=\"https:\/\/www.lesmonts.ch\/wp_fr\/wp-content\/gallery\/taney-grammont\/thumbs\/thumbs_DSC_0051.jpg?t=1546945179\"\n\t\t\t\t\twidth=\"120\"\n\t\t\t\t\theight=\"90\"\n\t\t\t\t\tstyle=\"max-width:100%;\"\n\t\t\t\t\/>\n\t\t\t<\/a>\n\t\t<\/div>\n\t\t\t\t\t\t\t<\/div>\n\t\t\t\n\t\t\t\t<div id=\"ngg-image-8\" class=\"ngg-gallery-thumbnail-box\n\t\t\t\t\t\t\t\t\t\t\t\"\n\t\t\t>\n\t\t\t\t\t\t<div class=\"ngg-gallery-thumbnail\">\n\t\t<a href=\"https:\/\/www.lesmonts.ch\/wp_fr\/wp-content\/gallery\/taney-grammont\/DSC_0054.jpg?t=1546945179\"\n\t\t\ttitle=\"\"\n\t\t\tdata-src=\"https:\/\/www.lesmonts.ch\/wp_fr\/wp-content\/gallery\/taney-grammont\/DSC_0054.jpg?t=1546945179\"\n\t\t\tdata-thumbnail=\"https:\/\/www.lesmonts.ch\/wp_fr\/wp-content\/gallery\/taney-grammont\/thumbs\/thumbs_DSC_0054.jpg?t=1546945179\"\n\t\t\tdata-image-id=\"64\"\n\t\t\tdata-image-name=\"DSC_0054.jpg\"\n\t\t\tdata-title=\"DSC_0054\"\n\t\t\tdata-description=\"\"\n\t\t\tdata-image-slug=\"dsc_0054\"\n\t\t\t\t\t\t\t\t\t\t\t\t\t\t\t\t\t\t\t\tclass='nextgen_pro_lightbox' data-nplmodal-gallery-id='64062de2eb905e3da126becf7314bede'>\n\t\t\t\t\t\t\t\t<img\n\t\t\t\t\ttitle=\"DSC_0054\"\n\t\t\t\t\talt=\"DSC_0054\"\n\t\t\t\t\tsrc=\"https:\/\/www.lesmonts.ch\/wp_fr\/wp-content\/gallery\/taney-grammont\/thumbs\/thumbs_DSC_0054.jpg?t=1546945179\"\n\t\t\t\t\twidth=\"120\"\n\t\t\t\t\theight=\"90\"\n\t\t\t\t\tstyle=\"max-width:100%;\"\n\t\t\t\t\/>\n\t\t\t<\/a>\n\t\t<\/div>\n\t\t\t\t\t\t\t<\/div>\n\t\t\t\n\t\t\t\t<div id=\"ngg-image-9\" class=\"ngg-gallery-thumbnail-box\n\t\t\t\t\t\t\t\t\t\t\t\"\n\t\t\t>\n\t\t\t\t\t\t<div class=\"ngg-gallery-thumbnail\">\n\t\t<a href=\"https:\/\/www.lesmonts.ch\/wp_fr\/wp-content\/gallery\/taney-grammont\/DSC_0056.jpg?t=1546945179\"\n\t\t\ttitle=\"\"\n\t\t\tdata-src=\"https:\/\/www.lesmonts.ch\/wp_fr\/wp-content\/gallery\/taney-grammont\/DSC_0056.jpg?t=1546945179\"\n\t\t\tdata-thumbnail=\"https:\/\/www.lesmonts.ch\/wp_fr\/wp-content\/gallery\/taney-grammont\/thumbs\/thumbs_DSC_0056.jpg?t=1546945179\"\n\t\t\tdata-image-id=\"65\"\n\t\t\tdata-image-name=\"DSC_0056.jpg\"\n\t\t\tdata-title=\"DSC_0056\"\n\t\t\tdata-description=\"\"\n\t\t\tdata-image-slug=\"dsc_0056\"\n\t\t\t\t\t\t\t\t\t\t\t\t\t\t\t\t\t\t\t\tclass='nextgen_pro_lightbox' data-nplmodal-gallery-id='64062de2eb905e3da126becf7314bede'>\n\t\t\t\t\t\t\t\t<img\n\t\t\t\t\ttitle=\"DSC_0056\"\n\t\t\t\t\talt=\"DSC_0056\"\n\t\t\t\t\tsrc=\"https:\/\/www.lesmonts.ch\/wp_fr\/wp-content\/gallery\/taney-grammont\/thumbs\/thumbs_DSC_0056.jpg?t=1546945179\"\n\t\t\t\t\twidth=\"120\"\n\t\t\t\t\theight=\"90\"\n\t\t\t\t\tstyle=\"max-width:100%;\"\n\t\t\t\t\/>\n\t\t\t<\/a>\n\t\t<\/div>\n\t\t\t\t\t\t\t<\/div>\n\t\t\t\n\t\t\t\t<div id=\"ngg-image-10\" class=\"ngg-gallery-thumbnail-box\n\t\t\t\t\t\t\t\t\t\t\t\"\n\t\t\t>\n\t\t\t\t\t\t<div class=\"ngg-gallery-thumbnail\">\n\t\t<a href=\"https:\/\/www.lesmonts.ch\/wp_fr\/wp-content\/gallery\/taney-grammont\/DtMidi.jpg?t=1546945179\"\n\t\t\ttitle=\"\"\n\t\t\tdata-src=\"https:\/\/www.lesmonts.ch\/wp_fr\/wp-content\/gallery\/taney-grammont\/DtMidi.jpg?t=1546945179\"\n\t\t\tdata-thumbnail=\"https:\/\/www.lesmonts.ch\/wp_fr\/wp-content\/gallery\/taney-grammont\/thumbs\/thumbs_DtMidi.jpg?t=1546945179\"\n\t\t\tdata-image-id=\"66\"\n\t\t\tdata-image-name=\"DtMidi.jpg\"\n\t\t\tdata-title=\"DtMidi\"\n\t\t\tdata-description=\"\"\n\t\t\tdata-image-slug=\"dtmidi\"\n\t\t\t\t\t\t\t\t\t\t\t\t\t\t\t\t\t\t\t\tclass='nextgen_pro_lightbox' data-nplmodal-gallery-id='64062de2eb905e3da126becf7314bede'>\n\t\t\t\t\t\t\t\t<img\n\t\t\t\t\ttitle=\"DtMidi\"\n\t\t\t\t\talt=\"DtMidi\"\n\t\t\t\t\tsrc=\"https:\/\/www.lesmonts.ch\/wp_fr\/wp-content\/gallery\/taney-grammont\/thumbs\/thumbs_DtMidi.jpg?t=1546945179\"\n\t\t\t\t\twidth=\"120\"\n\t\t\t\t\theight=\"90\"\n\t\t\t\t\tstyle=\"max-width:100%;\"\n\t\t\t\t\/>\n\t\t\t<\/a>\n\t\t<\/div>\n\t\t\t\t\t\t\t<\/div>\n\t\t\t\n\t\t\t\t<div id=\"ngg-image-11\" class=\"ngg-gallery-thumbnail-box\n\t\t\t\t\t\t\t\t\t\t\t\"\n\t\t\t>\n\t\t\t\t\t\t<div class=\"ngg-gallery-thumbnail\">\n\t\t<a href=\"https:\/\/www.lesmonts.ch\/wp_fr\/wp-content\/gallery\/taney-grammont\/St.Gingolph.jpg?t=1546945179\"\n\t\t\ttitle=\"\"\n\t\t\tdata-src=\"https:\/\/www.lesmonts.ch\/wp_fr\/wp-content\/gallery\/taney-grammont\/St.Gingolph.jpg?t=1546945179\"\n\t\t\tdata-thumbnail=\"https:\/\/www.lesmonts.ch\/wp_fr\/wp-content\/gallery\/taney-grammont\/thumbs\/thumbs_St.Gingolph.jpg?t=1546945179\"\n\t\t\tdata-image-id=\"67\"\n\t\t\tdata-image-name=\"St.Gingolph.jpg\"\n\t\t\tdata-title=\"St.Gingolph\"\n\t\t\tdata-description=\"\"\n\t\t\tdata-image-slug=\"st-gingolph\"\n\t\t\t\t\t\t\t\t\t\t\t\t\t\t\t\t\t\t\t\tclass='nextgen_pro_lightbox' data-nplmodal-gallery-id='64062de2eb905e3da126becf7314bede'>\n\t\t\t\t\t\t\t\t<img\n\t\t\t\t\ttitle=\"St.Gingolph\"\n\t\t\t\t\talt=\"St.Gingolph\"\n\t\t\t\t\tsrc=\"https:\/\/www.lesmonts.ch\/wp_fr\/wp-content\/gallery\/taney-grammont\/thumbs\/thumbs_St.Gingolph.jpg?t=1546945179\"\n\t\t\t\t\twidth=\"120\"\n\t\t\t\t\theight=\"90\"\n\t\t\t\t\tstyle=\"max-width:100%;\"\n\t\t\t\t\/>\n\t\t\t<\/a>\n\t\t<\/div>\n\t\t\t\t\t\t\t<\/div>\n\t\t\t\n\t\n\t<br style=\"clear: both\" \/>\n\n\t\t<div class=\"slideshowlink\">\n\t\t<a href='https:\/\/www.lesmonts.ch\/wp_fr\/randonnees\/randonnees-estivales\/le-grammont\/nggallery\/slideshow'>[Show slideshow]<\/a>\n\n\t<\/div>\n\t\n\t\t<!-- Pagination -->\n\t\t<div class='ngg-clear'><\/div>\t<\/div>\n<\/p>\n","protected":false},"excerpt":{"rendered":"<p>Course sans gloire, ascension facile, mais combien payante. Belv\u00e9d\u00e8re dominant le lac L\u00e9man, le Grammont offre une vue grandiose sur les Alpes Bernoises, Valaisannes, le massif du Mont Blanc et laisse m\u00eame deviner au loin le massif des Ecrins&#8230; L&rsquo;ascension classique s&rsquo;effectue depuis le hameau du Flon, o\u00f9 l&rsquo;on laisse la voiture; il n&rsquo;est d&rsquo;ailleurs &hellip; <a href=\"https:\/\/www.lesmonts.ch\/wp_fr\/randonnees\/randonnees-estivales\/le-grammont\/\" class=\"more-link\">Continuer la lecture de <span class=\"screen-reader-text\">Le Grammont<\/span>  <span class=\"meta-nav\">&rarr;<\/span><\/a><\/p>\n","protected":false},"author":1,"featured_media":0,"parent":40,"menu_order":0,"comment_status":"open","ping_status":"open","template":"","meta":{"_crdt_document":"","ngg_post_thumbnail":0,"footnotes":""},"class_list":["post-318","page","type-page","status-publish","hentry"],"_links":{"self":[{"href":"https:\/\/www.lesmonts.ch\/wp_fr\/wp-json\/wp\/v2\/pages\/318","targetHints":{"allow":["GET"]}}],"collection":[{"href":"https:\/\/www.lesmonts.ch\/wp_fr\/wp-json\/wp\/v2\/pages"}],"about":[{"href":"https:\/\/www.lesmonts.ch\/wp_fr\/wp-json\/wp\/v2\/types\/page"}],"author":[{"embeddable":true,"href":"https:\/\/www.lesmonts.ch\/wp_fr\/wp-json\/wp\/v2\/users\/1"}],"replies":[{"embeddable":true,"href":"https:\/\/www.lesmonts.ch\/wp_fr\/wp-json\/wp\/v2\/comments?post=318"}],"version-history":[{"count":5,"href":"https:\/\/www.lesmonts.ch\/wp_fr\/wp-json\/wp\/v2\/pages\/318\/revisions"}],"predecessor-version":[{"id":350,"href":"https:\/\/www.lesmonts.ch\/wp_fr\/wp-json\/wp\/v2\/pages\/318\/revisions\/350"}],"up":[{"embeddable":true,"href":"https:\/\/www.lesmonts.ch\/wp_fr\/wp-json\/wp\/v2\/pages\/40"}],"wp:attachment":[{"href":"https:\/\/www.lesmonts.ch\/wp_fr\/wp-json\/wp\/v2\/media?parent=318"}],"curies":[{"name":"wp","href":"https:\/\/api.w.org\/{rel}","templated":true}]}}