{"id":3136,"date":"2014-08-20T08:57:52","date_gmt":"2014-08-20T07:57:52","guid":{"rendered":"http:\/\/www.lesmonts.ch\/wp_fr\/?page_id=3136"},"modified":"2014-08-20T09:20:57","modified_gmt":"2014-08-20T08:20:57","slug":"dessins-1","status":"publish","type":"page","link":"https:\/\/www.lesmonts.ch\/wp_fr\/page-d-exemple\/les-habitants\/marcel-jaton\/dessins-1\/","title":{"rendered":"Dessins 1"},"content":{"rendered":"<p>&nbsp;<\/p>\n<p><!-- default-view.php -->\n<div\n\tclass=\"ngg-galleryoverview default-view\n\t ngg-ajax-pagination-none\t\"\n\tid=\"ngg-gallery-397b45affbec9b30a2e4e159154841ee-1\"\n\tdata-nextgen-gallery-id=\"43\"\n\tdata-gallery-id=\"43\"\n\t\tdata-gallery-name=\"dessin1\"\n\t>\n\n\t\t<!-- Thumbnails -->\n\t\t\t\t<div id=\"ngg-image-0\" class=\"ngg-gallery-thumbnail-box\n\t\t\t\t\t\t\t\tngg-3-columns\t\t\t\"\n\t\t\t>\n\t\t\t\t\t\t<div class=\"ngg-gallery-thumbnail\">\n\t\t<a href=\"https:\/\/www.lesmonts.ch\/wp_fr\/wp-content\/gallery\/dessin1\/DSC_0033.JPG?t=1411734130\"\n\t\t\ttitle=\"Plan-N\u00e9v\u00e9, Troph\u00e9e du Muveran (1952)\"\n\t\t\tdata-src=\"https:\/\/www.lesmonts.ch\/wp_fr\/wp-content\/gallery\/dessin1\/DSC_0033.JPG?t=1411734130\"\n\t\t\tdata-thumbnail=\"https:\/\/www.lesmonts.ch\/wp_fr\/wp-content\/gallery\/dessin1\/thumbs\/thumbs_DSC_0033.JPG?t=1411734130\"\n\t\t\tdata-image-id=\"1110\"\n\t\t\tdata-image-name=\"DSC_0033.JPG\"\n\t\t\tdata-title=\"DSC_0033\"\n\t\t\tdata-description=\"Plan-N\u00e9v\u00e9, Troph\u00e9e du Muveran (1952)\"\n\t\t\tdata-image-slug=\"dsc_0033\"\n\t\t\t\t\t\t\t\t\t\t\t\t\t\t\t\t\t\t\t\tclass='nextgen_pro_lightbox' data-nplmodal-gallery-id='397b45affbec9b30a2e4e159154841ee'>\n\t\t\t\t\t\t\t\t<img\n\t\t\t\t\ttitle=\"DSC_0033\"\n\t\t\t\t\talt=\"DSC_0033\"\n\t\t\t\t\tsrc=\"https:\/\/www.lesmonts.ch\/wp_fr\/wp-content\/gallery\/dessin1\/thumbs\/thumbs_DSC_0033.JPG?t=1411734130\"\n\t\t\t\t\twidth=\"120\"\n\t\t\t\t\theight=\"90\"\n\t\t\t\t\tstyle=\"max-width:100%;\"\n\t\t\t\t\/>\n\t\t\t<\/a>\n\t\t<\/div>\n\t\t\t\t\t\t\t<\/div>\n\t\t\t\n\t\t\t\t<div id=\"ngg-image-1\" class=\"ngg-gallery-thumbnail-box\n\t\t\t\t\t\t\t\tngg-3-columns\t\t\t\"\n\t\t\t>\n\t\t\t\t\t\t<div class=\"ngg-gallery-thumbnail\">\n\t\t<a href=\"https:\/\/www.lesmonts.ch\/wp_fr\/wp-content\/gallery\/dessin1\/DSC_0034.JPG?t=1411734130\"\n\t\t\ttitle=\"\"\n\t\t\tdata-src=\"https:\/\/www.lesmonts.ch\/wp_fr\/wp-content\/gallery\/dessin1\/DSC_0034.JPG?t=1411734130\"\n\t\t\tdata-thumbnail=\"https:\/\/www.lesmonts.ch\/wp_fr\/wp-content\/gallery\/dessin1\/thumbs\/thumbs_DSC_0034.JPG?t=1411734130\"\n\t\t\tdata-image-id=\"1111\"\n\t\t\tdata-image-name=\"DSC_0034.JPG\"\n\t\t\tdata-title=\"DSC_0034\"\n\t\t\tdata-description=\"\"\n\t\t\tdata-image-slug=\"dsc_0034\"\n\t\t\t\t\t\t\t\t\t\t\t\t\t\t\t\t\t\t\t\tclass='nextgen_pro_lightbox' data-nplmodal-gallery-id='397b45affbec9b30a2e4e159154841ee'>\n\t\t\t\t\t\t\t\t<img\n\t\t\t\t\ttitle=\"DSC_0034\"\n\t\t\t\t\talt=\"DSC_0034\"\n\t\t\t\t\tsrc=\"https:\/\/www.lesmonts.ch\/wp_fr\/wp-content\/gallery\/dessin1\/thumbs\/thumbs_DSC_0034.JPG?t=1411734130\"\n\t\t\t\t\twidth=\"120\"\n\t\t\t\t\theight=\"90\"\n\t\t\t\t\tstyle=\"max-width:100%;\"\n\t\t\t\t\/>\n\t\t\t<\/a>\n\t\t<\/div>\n\t\t\t\t\t\t\t<\/div>\n\t\t\t\n\t\t\t\t<div id=\"ngg-image-2\" class=\"ngg-gallery-thumbnail-box\n\t\t\t\t\t\t\t\tngg-3-columns\t\t\t\"\n\t\t\t>\n\t\t\t\t\t\t<div class=\"ngg-gallery-thumbnail\">\n\t\t<a href=\"https:\/\/www.lesmonts.ch\/wp_fr\/wp-content\/gallery\/dessin1\/DSC_0035.JPG?t=1411734130\"\n\t\t\ttitle=\"\"\n\t\t\tdata-src=\"https:\/\/www.lesmonts.ch\/wp_fr\/wp-content\/gallery\/dessin1\/DSC_0035.JPG?t=1411734130\"\n\t\t\tdata-thumbnail=\"https:\/\/www.lesmonts.ch\/wp_fr\/wp-content\/gallery\/dessin1\/thumbs\/thumbs_DSC_0035.JPG?t=1411734130\"\n\t\t\tdata-image-id=\"1112\"\n\t\t\tdata-image-name=\"DSC_0035.JPG\"\n\t\t\tdata-title=\"DSC_0035\"\n\t\t\tdata-description=\"\"\n\t\t\tdata-image-slug=\"dsc_0035\"\n\t\t\t\t\t\t\t\t\t\t\t\t\t\t\t\t\t\t\t\tclass='nextgen_pro_lightbox' data-nplmodal-gallery-id='397b45affbec9b30a2e4e159154841ee'>\n\t\t\t\t\t\t\t\t<img\n\t\t\t\t\ttitle=\"DSC_0035\"\n\t\t\t\t\talt=\"DSC_0035\"\n\t\t\t\t\tsrc=\"https:\/\/www.lesmonts.ch\/wp_fr\/wp-content\/gallery\/dessin1\/thumbs\/thumbs_DSC_0035.JPG?t=1411734130\"\n\t\t\t\t\twidth=\"120\"\n\t\t\t\t\theight=\"90\"\n\t\t\t\t\tstyle=\"max-width:100%;\"\n\t\t\t\t\/>\n\t\t\t<\/a>\n\t\t<\/div>\n\t\t\t\t\t\t\t<\/div>\n\t\t\t\n\t\t\t\t<div id=\"ngg-image-3\" class=\"ngg-gallery-thumbnail-box\n\t\t\t\t\t\t\t\tngg-3-columns\t\t\t\"\n\t\t\t>\n\t\t\t\t\t\t<div class=\"ngg-gallery-thumbnail\">\n\t\t<a href=\"https:\/\/www.lesmonts.ch\/wp_fr\/wp-content\/gallery\/dessin1\/DSC_0036.JPG?t=1411734130\"\n\t\t\ttitle=\"\"\n\t\t\tdata-src=\"https:\/\/www.lesmonts.ch\/wp_fr\/wp-content\/gallery\/dessin1\/DSC_0036.JPG?t=1411734130\"\n\t\t\tdata-thumbnail=\"https:\/\/www.lesmonts.ch\/wp_fr\/wp-content\/gallery\/dessin1\/thumbs\/thumbs_DSC_0036.JPG?t=1411734130\"\n\t\t\tdata-image-id=\"1113\"\n\t\t\tdata-image-name=\"DSC_0036.JPG\"\n\t\t\tdata-title=\"DSC_0036\"\n\t\t\tdata-description=\"\"\n\t\t\tdata-image-slug=\"dsc_0036-1\"\n\t\t\t\t\t\t\t\t\t\t\t\t\t\t\t\t\t\t\t\tclass='nextgen_pro_lightbox' data-nplmodal-gallery-id='397b45affbec9b30a2e4e159154841ee'>\n\t\t\t\t\t\t\t\t<img\n\t\t\t\t\ttitle=\"DSC_0036\"\n\t\t\t\t\talt=\"DSC_0036\"\n\t\t\t\t\tsrc=\"https:\/\/www.lesmonts.ch\/wp_fr\/wp-content\/gallery\/dessin1\/thumbs\/thumbs_DSC_0036.JPG?t=1411734130\"\n\t\t\t\t\twidth=\"120\"\n\t\t\t\t\theight=\"90\"\n\t\t\t\t\tstyle=\"max-width:100%;\"\n\t\t\t\t\/>\n\t\t\t<\/a>\n\t\t<\/div>\n\t\t\t\t\t\t\t<\/div>\n\t\t\t\n\t\t\t\t<div id=\"ngg-image-4\" class=\"ngg-gallery-thumbnail-box\n\t\t\t\t\t\t\t\tngg-3-columns\t\t\t\"\n\t\t\t>\n\t\t\t\t\t\t<div class=\"ngg-gallery-thumbnail\">\n\t\t<a href=\"https:\/\/www.lesmonts.ch\/wp_fr\/wp-content\/gallery\/dessin1\/DSC_0037.JPG?t=1411734130\"\n\t\t\ttitle=\"\"\n\t\t\tdata-src=\"https:\/\/www.lesmonts.ch\/wp_fr\/wp-content\/gallery\/dessin1\/DSC_0037.JPG?t=1411734130\"\n\t\t\tdata-thumbnail=\"https:\/\/www.lesmonts.ch\/wp_fr\/wp-content\/gallery\/dessin1\/thumbs\/thumbs_DSC_0037.JPG?t=1411734130\"\n\t\t\tdata-image-id=\"1114\"\n\t\t\tdata-image-name=\"DSC_0037.JPG\"\n\t\t\tdata-title=\"DSC_0037\"\n\t\t\tdata-description=\"\"\n\t\t\tdata-image-slug=\"dsc_0037\"\n\t\t\t\t\t\t\t\t\t\t\t\t\t\t\t\t\t\t\t\tclass='nextgen_pro_lightbox' data-nplmodal-gallery-id='397b45affbec9b30a2e4e159154841ee'>\n\t\t\t\t\t\t\t\t<img\n\t\t\t\t\ttitle=\"DSC_0037\"\n\t\t\t\t\talt=\"DSC_0037\"\n\t\t\t\t\tsrc=\"https:\/\/www.lesmonts.ch\/wp_fr\/wp-content\/gallery\/dessin1\/thumbs\/thumbs_DSC_0037.JPG?t=1411734130\"\n\t\t\t\t\twidth=\"120\"\n\t\t\t\t\theight=\"90\"\n\t\t\t\t\tstyle=\"max-width:100%;\"\n\t\t\t\t\/>\n\t\t\t<\/a>\n\t\t<\/div>\n\t\t\t\t\t\t\t<\/div>\n\t\t\t\n\t\t\t\t<div id=\"ngg-image-5\" class=\"ngg-gallery-thumbnail-box\n\t\t\t\t\t\t\t\tngg-3-columns\t\t\t\"\n\t\t\t>\n\t\t\t\t\t\t<div class=\"ngg-gallery-thumbnail\">\n\t\t<a href=\"https:\/\/www.lesmonts.ch\/wp_fr\/wp-content\/gallery\/dessin1\/DSC_0038.JPG?t=1411734130\"\n\t\t\ttitle=\"\"\n\t\t\tdata-src=\"https:\/\/www.lesmonts.ch\/wp_fr\/wp-content\/gallery\/dessin1\/DSC_0038.JPG?t=1411734130\"\n\t\t\tdata-thumbnail=\"https:\/\/www.lesmonts.ch\/wp_fr\/wp-content\/gallery\/dessin1\/thumbs\/thumbs_DSC_0038.JPG?t=1411734130\"\n\t\t\tdata-image-id=\"1115\"\n\t\t\tdata-image-name=\"DSC_0038.JPG\"\n\t\t\tdata-title=\"DSC_0038\"\n\t\t\tdata-description=\"\"\n\t\t\tdata-image-slug=\"dsc_0038\"\n\t\t\t\t\t\t\t\t\t\t\t\t\t\t\t\t\t\t\t\tclass='nextgen_pro_lightbox' data-nplmodal-gallery-id='397b45affbec9b30a2e4e159154841ee'>\n\t\t\t\t\t\t\t\t<img\n\t\t\t\t\ttitle=\"DSC_0038\"\n\t\t\t\t\talt=\"DSC_0038\"\n\t\t\t\t\tsrc=\"https:\/\/www.lesmonts.ch\/wp_fr\/wp-content\/gallery\/dessin1\/thumbs\/thumbs_DSC_0038.JPG?t=1411734130\"\n\t\t\t\t\twidth=\"120\"\n\t\t\t\t\theight=\"90\"\n\t\t\t\t\tstyle=\"max-width:100%;\"\n\t\t\t\t\/>\n\t\t\t<\/a>\n\t\t<\/div>\n\t\t\t\t\t\t\t<\/div>\n\t\t\t\n\t\t\t\t<div id=\"ngg-image-6\" class=\"ngg-gallery-thumbnail-box\n\t\t\t\t\t\t\t\tngg-3-columns\t\t\t\"\n\t\t\t>\n\t\t\t\t\t\t<div class=\"ngg-gallery-thumbnail\">\n\t\t<a href=\"https:\/\/www.lesmonts.ch\/wp_fr\/wp-content\/gallery\/dessin1\/DSC_0039.JPG?t=1411734130\"\n\t\t\ttitle=\"\"\n\t\t\tdata-src=\"https:\/\/www.lesmonts.ch\/wp_fr\/wp-content\/gallery\/dessin1\/DSC_0039.JPG?t=1411734130\"\n\t\t\tdata-thumbnail=\"https:\/\/www.lesmonts.ch\/wp_fr\/wp-content\/gallery\/dessin1\/thumbs\/thumbs_DSC_0039.JPG?t=1411734130\"\n\t\t\tdata-image-id=\"1116\"\n\t\t\tdata-image-name=\"DSC_0039.JPG\"\n\t\t\tdata-title=\"DSC_0039\"\n\t\t\tdata-description=\"\"\n\t\t\tdata-image-slug=\"dsc_0039\"\n\t\t\t\t\t\t\t\t\t\t\t\t\t\t\t\t\t\t\t\tclass='nextgen_pro_lightbox' data-nplmodal-gallery-id='397b45affbec9b30a2e4e159154841ee'>\n\t\t\t\t\t\t\t\t<img\n\t\t\t\t\ttitle=\"DSC_0039\"\n\t\t\t\t\talt=\"DSC_0039\"\n\t\t\t\t\tsrc=\"https:\/\/www.lesmonts.ch\/wp_fr\/wp-content\/gallery\/dessin1\/thumbs\/thumbs_DSC_0039.JPG?t=1411734130\"\n\t\t\t\t\twidth=\"120\"\n\t\t\t\t\theight=\"90\"\n\t\t\t\t\tstyle=\"max-width:100%;\"\n\t\t\t\t\/>\n\t\t\t<\/a>\n\t\t<\/div>\n\t\t\t\t\t\t\t<\/div>\n\t\t\t\n\t\t\t\t<div id=\"ngg-image-7\" class=\"ngg-gallery-thumbnail-box\n\t\t\t\t\t\t\t\tngg-3-columns\t\t\t\"\n\t\t\t>\n\t\t\t\t\t\t<div class=\"ngg-gallery-thumbnail\">\n\t\t<a href=\"https:\/\/www.lesmonts.ch\/wp_fr\/wp-content\/gallery\/dessin1\/DSC_0040.JPG?t=1411734130\"\n\t\t\ttitle=\"\"\n\t\t\tdata-src=\"https:\/\/www.lesmonts.ch\/wp_fr\/wp-content\/gallery\/dessin1\/DSC_0040.JPG?t=1411734130\"\n\t\t\tdata-thumbnail=\"https:\/\/www.lesmonts.ch\/wp_fr\/wp-content\/gallery\/dessin1\/thumbs\/thumbs_DSC_0040.JPG?t=1411734130\"\n\t\t\tdata-image-id=\"1117\"\n\t\t\tdata-image-name=\"DSC_0040.JPG\"\n\t\t\tdata-title=\"DSC_0040\"\n\t\t\tdata-description=\"\"\n\t\t\tdata-image-slug=\"dsc_0040\"\n\t\t\t\t\t\t\t\t\t\t\t\t\t\t\t\t\t\t\t\tclass='nextgen_pro_lightbox' data-nplmodal-gallery-id='397b45affbec9b30a2e4e159154841ee'>\n\t\t\t\t\t\t\t\t<img\n\t\t\t\t\ttitle=\"DSC_0040\"\n\t\t\t\t\talt=\"DSC_0040\"\n\t\t\t\t\tsrc=\"https:\/\/www.lesmonts.ch\/wp_fr\/wp-content\/gallery\/dessin1\/thumbs\/thumbs_DSC_0040.JPG?t=1411734130\"\n\t\t\t\t\twidth=\"120\"\n\t\t\t\t\theight=\"90\"\n\t\t\t\t\tstyle=\"max-width:100%;\"\n\t\t\t\t\/>\n\t\t\t<\/a>\n\t\t<\/div>\n\t\t\t\t\t\t\t<\/div>\n\t\t\t\n\t\t\t\t<div id=\"ngg-image-8\" class=\"ngg-gallery-thumbnail-box\n\t\t\t\t\t\t\t\tngg-3-columns\t\t\t\"\n\t\t\t>\n\t\t\t\t\t\t<div class=\"ngg-gallery-thumbnail\">\n\t\t<a href=\"https:\/\/www.lesmonts.ch\/wp_fr\/wp-content\/gallery\/dessin1\/DSC_0041.JPG?t=1411734130\"\n\t\t\ttitle=\"\"\n\t\t\tdata-src=\"https:\/\/www.lesmonts.ch\/wp_fr\/wp-content\/gallery\/dessin1\/DSC_0041.JPG?t=1411734130\"\n\t\t\tdata-thumbnail=\"https:\/\/www.lesmonts.ch\/wp_fr\/wp-content\/gallery\/dessin1\/thumbs\/thumbs_DSC_0041.JPG?t=1411734130\"\n\t\t\tdata-image-id=\"1118\"\n\t\t\tdata-image-name=\"DSC_0041.JPG\"\n\t\t\tdata-title=\"DSC_0041\"\n\t\t\tdata-description=\"\"\n\t\t\tdata-image-slug=\"dsc_0041-1\"\n\t\t\t\t\t\t\t\t\t\t\t\t\t\t\t\t\t\t\t\tclass='nextgen_pro_lightbox' data-nplmodal-gallery-id='397b45affbec9b30a2e4e159154841ee'>\n\t\t\t\t\t\t\t\t<img\n\t\t\t\t\ttitle=\"DSC_0041\"\n\t\t\t\t\talt=\"DSC_0041\"\n\t\t\t\t\tsrc=\"https:\/\/www.lesmonts.ch\/wp_fr\/wp-content\/gallery\/dessin1\/thumbs\/thumbs_DSC_0041.JPG?t=1411734130\"\n\t\t\t\t\twidth=\"120\"\n\t\t\t\t\theight=\"90\"\n\t\t\t\t\tstyle=\"max-width:100%;\"\n\t\t\t\t\/>\n\t\t\t<\/a>\n\t\t<\/div>\n\t\t\t\t\t\t\t<\/div>\n\t\t\t\n\t\t\t\t<div id=\"ngg-image-9\" class=\"ngg-gallery-thumbnail-box\n\t\t\t\t\t\t\t\tngg-3-columns\t\t\t\"\n\t\t\t>\n\t\t\t\t\t\t<div class=\"ngg-gallery-thumbnail\">\n\t\t<a href=\"https:\/\/www.lesmonts.ch\/wp_fr\/wp-content\/gallery\/dessin1\/DSC_0889.JPG?t=1411734130\"\n\t\t\ttitle=\"\"\n\t\t\tdata-src=\"https:\/\/www.lesmonts.ch\/wp_fr\/wp-content\/gallery\/dessin1\/DSC_0889.JPG?t=1411734130\"\n\t\t\tdata-thumbnail=\"https:\/\/www.lesmonts.ch\/wp_fr\/wp-content\/gallery\/dessin1\/thumbs\/thumbs_DSC_0889.JPG?t=1411734130\"\n\t\t\tdata-image-id=\"1119\"\n\t\t\tdata-image-name=\"DSC_0889.JPG\"\n\t\t\tdata-title=\"DSC_0889\"\n\t\t\tdata-description=\"\"\n\t\t\tdata-image-slug=\"dsc_0889-1\"\n\t\t\t\t\t\t\t\t\t\t\t\t\t\t\t\t\t\t\t\tclass='nextgen_pro_lightbox' data-nplmodal-gallery-id='397b45affbec9b30a2e4e159154841ee'>\n\t\t\t\t\t\t\t\t<img\n\t\t\t\t\ttitle=\"DSC_0889\"\n\t\t\t\t\talt=\"DSC_0889\"\n\t\t\t\t\tsrc=\"https:\/\/www.lesmonts.ch\/wp_fr\/wp-content\/gallery\/dessin1\/thumbs\/thumbs_DSC_0889.JPG?t=1411734130\"\n\t\t\t\t\twidth=\"120\"\n\t\t\t\t\theight=\"90\"\n\t\t\t\t\tstyle=\"max-width:100%;\"\n\t\t\t\t\/>\n\t\t\t<\/a>\n\t\t<\/div>\n\t\t\t\t\t\t\t<\/div>\n\t\t\t\n\t\t\t\t<div id=\"ngg-image-10\" class=\"ngg-gallery-thumbnail-box\n\t\t\t\t\t\t\t\tngg-3-columns\t\t\t\"\n\t\t\t>\n\t\t\t\t\t\t<div class=\"ngg-gallery-thumbnail\">\n\t\t<a href=\"https:\/\/www.lesmonts.ch\/wp_fr\/wp-content\/gallery\/dessin1\/DSC_0899.JPG?t=1411734130\"\n\t\t\ttitle=\"\"\n\t\t\tdata-src=\"https:\/\/www.lesmonts.ch\/wp_fr\/wp-content\/gallery\/dessin1\/DSC_0899.JPG?t=1411734130\"\n\t\t\tdata-thumbnail=\"https:\/\/www.lesmonts.ch\/wp_fr\/wp-content\/gallery\/dessin1\/thumbs\/thumbs_DSC_0899.JPG?t=1411734130\"\n\t\t\tdata-image-id=\"1120\"\n\t\t\tdata-image-name=\"DSC_0899.JPG\"\n\t\t\tdata-title=\"DSC_0899\"\n\t\t\tdata-description=\"\"\n\t\t\tdata-image-slug=\"dsc_0899\"\n\t\t\t\t\t\t\t\t\t\t\t\t\t\t\t\t\t\t\t\tclass='nextgen_pro_lightbox' data-nplmodal-gallery-id='397b45affbec9b30a2e4e159154841ee'>\n\t\t\t\t\t\t\t\t<img\n\t\t\t\t\ttitle=\"DSC_0899\"\n\t\t\t\t\talt=\"DSC_0899\"\n\t\t\t\t\tsrc=\"https:\/\/www.lesmonts.ch\/wp_fr\/wp-content\/gallery\/dessin1\/thumbs\/thumbs_DSC_0899.JPG?t=1411734130\"\n\t\t\t\t\twidth=\"120\"\n\t\t\t\t\theight=\"90\"\n\t\t\t\t\tstyle=\"max-width:100%;\"\n\t\t\t\t\/>\n\t\t\t<\/a>\n\t\t<\/div>\n\t\t\t\t\t\t\t<\/div>\n\t\t\t\n\t\t\t\t<div id=\"ngg-image-11\" class=\"ngg-gallery-thumbnail-box\n\t\t\t\t\t\t\t\tngg-3-columns\t\t\t\"\n\t\t\t>\n\t\t\t\t\t\t<div class=\"ngg-gallery-thumbnail\">\n\t\t<a href=\"https:\/\/www.lesmonts.ch\/wp_fr\/wp-content\/gallery\/dessin1\/DSC_0901.JPG?t=1411734130\"\n\t\t\ttitle=\"\"\n\t\t\tdata-src=\"https:\/\/www.lesmonts.ch\/wp_fr\/wp-content\/gallery\/dessin1\/DSC_0901.JPG?t=1411734130\"\n\t\t\tdata-thumbnail=\"https:\/\/www.lesmonts.ch\/wp_fr\/wp-content\/gallery\/dessin1\/thumbs\/thumbs_DSC_0901.JPG?t=1411734130\"\n\t\t\tdata-image-id=\"1121\"\n\t\t\tdata-image-name=\"DSC_0901.JPG\"\n\t\t\tdata-title=\"DSC_0901\"\n\t\t\tdata-description=\"\"\n\t\t\tdata-image-slug=\"dsc_0901-1\"\n\t\t\t\t\t\t\t\t\t\t\t\t\t\t\t\t\t\t\t\tclass='nextgen_pro_lightbox' data-nplmodal-gallery-id='397b45affbec9b30a2e4e159154841ee'>\n\t\t\t\t\t\t\t\t<img\n\t\t\t\t\ttitle=\"DSC_0901\"\n\t\t\t\t\talt=\"DSC_0901\"\n\t\t\t\t\tsrc=\"https:\/\/www.lesmonts.ch\/wp_fr\/wp-content\/gallery\/dessin1\/thumbs\/thumbs_DSC_0901.JPG?t=1411734130\"\n\t\t\t\t\twidth=\"120\"\n\t\t\t\t\theight=\"90\"\n\t\t\t\t\tstyle=\"max-width:100%;\"\n\t\t\t\t\/>\n\t\t\t<\/a>\n\t\t<\/div>\n\t\t\t\t\t\t\t<\/div>\n\t\t\t\n\t\t\t\t<div id=\"ngg-image-12\" class=\"ngg-gallery-thumbnail-box\n\t\t\t\t\t\t\t\tngg-3-columns\t\t\t\"\n\t\t\t>\n\t\t\t\t\t\t<div class=\"ngg-gallery-thumbnail\">\n\t\t<a href=\"https:\/\/www.lesmonts.ch\/wp_fr\/wp-content\/gallery\/dessin1\/DSC_0905.JPG?t=1411734130\"\n\t\t\ttitle=\"\"\n\t\t\tdata-src=\"https:\/\/www.lesmonts.ch\/wp_fr\/wp-content\/gallery\/dessin1\/DSC_0905.JPG?t=1411734130\"\n\t\t\tdata-thumbnail=\"https:\/\/www.lesmonts.ch\/wp_fr\/wp-content\/gallery\/dessin1\/thumbs\/thumbs_DSC_0905.JPG?t=1411734130\"\n\t\t\tdata-image-id=\"1122\"\n\t\t\tdata-image-name=\"DSC_0905.JPG\"\n\t\t\tdata-title=\"DSC_0905\"\n\t\t\tdata-description=\"\"\n\t\t\tdata-image-slug=\"dsc_0905\"\n\t\t\t\t\t\t\t\t\t\t\t\t\t\t\t\t\t\t\t\tclass='nextgen_pro_lightbox' data-nplmodal-gallery-id='397b45affbec9b30a2e4e159154841ee'>\n\t\t\t\t\t\t\t\t<img\n\t\t\t\t\ttitle=\"DSC_0905\"\n\t\t\t\t\talt=\"DSC_0905\"\n\t\t\t\t\tsrc=\"https:\/\/www.lesmonts.ch\/wp_fr\/wp-content\/gallery\/dessin1\/thumbs\/thumbs_DSC_0905.JPG?t=1411734130\"\n\t\t\t\t\twidth=\"120\"\n\t\t\t\t\theight=\"90\"\n\t\t\t\t\tstyle=\"max-width:100%;\"\n\t\t\t\t\/>\n\t\t\t<\/a>\n\t\t<\/div>\n\t\t\t\t\t\t\t<\/div>\n\t\t\t\n\t\t\t\t<div id=\"ngg-image-13\" class=\"ngg-gallery-thumbnail-box\n\t\t\t\t\t\t\t\tngg-3-columns\t\t\t\"\n\t\t\t>\n\t\t\t\t\t\t<div class=\"ngg-gallery-thumbnail\">\n\t\t<a href=\"https:\/\/www.lesmonts.ch\/wp_fr\/wp-content\/gallery\/dessin1\/DSC_1206.JPG?t=1411734130\"\n\t\t\ttitle=\"\"\n\t\t\tdata-src=\"https:\/\/www.lesmonts.ch\/wp_fr\/wp-content\/gallery\/dessin1\/DSC_1206.JPG?t=1411734130\"\n\t\t\tdata-thumbnail=\"https:\/\/www.lesmonts.ch\/wp_fr\/wp-content\/gallery\/dessin1\/thumbs\/thumbs_DSC_1206.JPG?t=1411734130\"\n\t\t\tdata-image-id=\"1123\"\n\t\t\tdata-image-name=\"DSC_1206.JPG\"\n\t\t\tdata-title=\"DSC_1206\"\n\t\t\tdata-description=\"\"\n\t\t\tdata-image-slug=\"dsc_1206-1\"\n\t\t\t\t\t\t\t\t\t\t\t\t\t\t\t\t\t\t\t\tclass='nextgen_pro_lightbox' data-nplmodal-gallery-id='397b45affbec9b30a2e4e159154841ee'>\n\t\t\t\t\t\t\t\t<img\n\t\t\t\t\ttitle=\"DSC_1206\"\n\t\t\t\t\talt=\"DSC_1206\"\n\t\t\t\t\tsrc=\"https:\/\/www.lesmonts.ch\/wp_fr\/wp-content\/gallery\/dessin1\/thumbs\/thumbs_DSC_1206.JPG?t=1411734130\"\n\t\t\t\t\twidth=\"120\"\n\t\t\t\t\theight=\"90\"\n\t\t\t\t\tstyle=\"max-width:100%;\"\n\t\t\t\t\/>\n\t\t\t<\/a>\n\t\t<\/div>\n\t\t\t\t\t\t\t<\/div>\n\t\t\t\n\t\n\t<br style=\"clear: both\" \/>\n\n\t\t<div class=\"slideshowlink\">\n\t\t<a href='https:\/\/www.lesmonts.ch\/wp_fr\/page-d-exemple\/les-habitants\/marcel-jaton\/dessins-1\/nggallery\/slideshow'>[Diaporama]<\/a>\n\n\t<\/div>\n\t\n\t\t<!-- Pagination -->\n\t\t<div class='ngg-clear'><\/div>\t<\/div>\n<\/p>\n<p>&nbsp;<\/p>\n","protected":false},"excerpt":{"rendered":"<p>&nbsp; [Diaporama] &nbsp;<\/p>\n","protected":false},"author":1,"featured_media":0,"parent":77,"menu_order":0,"comment_status":"closed","ping_status":"closed","template":"","meta":{"_crdt_document":"","ngg_post_thumbnail":0,"footnotes":""},"class_list":["post-3136","page","type-page","status-publish","hentry"],"_links":{"self":[{"href":"https:\/\/www.lesmonts.ch\/wp_fr\/wp-json\/wp\/v2\/pages\/3136","targetHints":{"allow":["GET"]}}],"collection":[{"href":"https:\/\/www.lesmonts.ch\/wp_fr\/wp-json\/wp\/v2\/pages"}],"about":[{"href":"https:\/\/www.lesmonts.ch\/wp_fr\/wp-json\/wp\/v2\/types\/page"}],"author":[{"embeddable":true,"href":"https:\/\/www.lesmonts.ch\/wp_fr\/wp-json\/wp\/v2\/users\/1"}],"replies":[{"embeddable":true,"href":"https:\/\/www.lesmonts.ch\/wp_fr\/wp-json\/wp\/v2\/comments?post=3136"}],"version-history":[{"count":1,"href":"https:\/\/www.lesmonts.ch\/wp_fr\/wp-json\/wp\/v2\/pages\/3136\/revisions"}],"predecessor-version":[{"id":3138,"href":"https:\/\/www.lesmonts.ch\/wp_fr\/wp-json\/wp\/v2\/pages\/3136\/revisions\/3138"}],"up":[{"embeddable":true,"href":"https:\/\/www.lesmonts.ch\/wp_fr\/wp-json\/wp\/v2\/pages\/77"}],"wp:attachment":[{"href":"https:\/\/www.lesmonts.ch\/wp_fr\/wp-json\/wp\/v2\/media?parent=3136"}],"curies":[{"name":"wp","href":"https:\/\/api.w.org\/{rel}","templated":true}]}}