{"id":272,"date":"2014-07-24T17:01:44","date_gmt":"2014-07-24T16:01:44","guid":{"rendered":"http:\/\/www.lesmonts.ch\/wp_fr\/?page_id=272"},"modified":"2014-08-20T20:25:47","modified_gmt":"2014-08-20T19:25:47","slug":"chemin-des-fleurs-saas-grund","status":"publish","type":"page","link":"https:\/\/www.lesmonts.ch\/wp_fr\/randonnees\/randonnees-estivales\/chemin-des-fleurs-saas-grund\/","title":{"rendered":"Chemin des fleurs (Saas Grund)"},"content":{"rendered":"<p>Heureuse initiative que ce chemin des fleurs, qui allie un itin\u00e9raire magnifique \u00e0 une documentation bien faite, ce qui permet de se persuader que la promenade en montagne rend plus intelligent&#8230; Mais \u00e7a, on en \u00e9tait tous persuad\u00e9s, non ? La ballade propos\u00e9e ici fait un large usage des remont\u00e9es m\u00e9caniques, mais ne comprend pas moins de 7 heures de marche. Il est probable que les gens press\u00e9s en pantoufles fassent l&rsquo;itin\u00e9raire en deux bonnes heures; mais dans ce cas, ils n&rsquo;ont rien compris (cf plus haut&#8230;).<br \/>\nOn part de Saas Grund, d\u00e9part de la t\u00e9l\u00e9cabine de Hohsaas, et l&rsquo;on prend un billet pour le sommet, avec retour \u00e0 la station interm\u00e9diaire de Kreuzboden. On peut aussi prendre un billet simple course pour Hohsaas et redescendre \u00e0 pied vers Kreuzboden, mais le long pierrier qui ram\u00e8ne \u00e0 Kreuzboden n&rsquo;est pas particuli\u00e8rement int\u00e9ressant. A Hohsaas, on pourra admirer le Weissmies, \u00e0 peine 800 m\u00e8tres plus haut, et peut-\u00eatre aura-t-on envie d&rsquo;y monter ? Une prochaine fois peut-\u00eatre, alors, avec un \u00e9quipement ad\u00e9quat ?<\/p>\n<p><center><\/center>La terrasse de Hohsaas est magnifique, elle est aussi payante, et on ne se fera pas faute de vous le rappeler au besoin. Si vous ne consommez plus, vous n&rsquo;avez plus rien \u00e0 faire ici, alors raus, bitteschoen ! Donc, retour \u00e0 Kreuzboden, o\u00f9 la ballade peut commencer en empruntant le chemin en direction de l&rsquo;Almagelleralp. Tout au long de cette magnifique ballade, de petits panneaux indiquent la nature des fleurs ou de la v\u00e9g\u00e9tation rencontr\u00e9e le long du sentier; mais si vous \u00eates allergique aux fleurs, la vue suffit largement \u00e0 contenter l&rsquo;amateur !<br \/>\nLe sentier des fleurs proprement dit s&rsquo;arr\u00eate au-dessus de Saas Almagell, apr\u00e8s une travers\u00e9e en rochers o\u00f9 on vous annonce la vedette botanique des Alpes, j&rsquo;ai nomm\u00e9 l&rsquo;Edelweiss; quant \u00e0 moi, je n&rsquo;en ai pas vu \u00e0 cet endroit, mais bon&#8230; ce n&rsquo;\u00e9tait probablement pas une bonne ann\u00e9e&#8230; Il vaut en revanche la peine de continuer en direction de l&rsquo;Almagelleralp, que l&rsquo;on atteint en une bonne heure; le restaurant d&rsquo;altitude que l&rsquo;on y d\u00e9couvre est sympa, et permet de reprendre des forces pour la deuxi\u00e8me partie de l&rsquo;itin\u00e9raire.<br \/>\nDe l&rsquo;Almagelleralp, revenir sur ses pas environ un quart d&rsquo;heure, et emprunter un chemin sans indication particuli\u00e8re, mais bien marqu\u00e9, qui est parall\u00e8le \u00e0 celui que l&rsquo;on a emprunt\u00e9 en venant, mais environ 200 m\u00e8tres plus bas. Le chemin est bon, et pr\u00e9sente des traces rouges et blanches de marquage. Apr\u00e8s une heure et demie de marche, un chemin escarp\u00e9 (Moosgufer) ram\u00e8ne dans la vall\u00e9e. Il faut continuer sur le chemin horizontal, passer quelques barres de rocher, pour parvenir dans le versant Saas de la vall\u00e9e. On se trouve \u00e0 cet endroit au-dessus d&rsquo;une for\u00eat appel\u00e9e Heimiwald, la r\u00e9gion a pour nom le Grundberg, et on marche environ 250 m\u00e8tres au-dessous du chemin suivi \u00e0 l&rsquo;aller. Au mois d&rsquo;ao\u00fbt, les abords du sentier sont tout simplement recouverts d&rsquo;Edelweiss. Poursuivre jusqu&rsquo;au haut du Farwald, et emprunter un chemin tout en lacets qui ram\u00e8ne vers Saas Grund en une heure.<\/p>\n<p><center><\/center><\/p>\n","protected":false},"excerpt":{"rendered":"<p>Heureuse initiative que ce chemin des fleurs, qui allie un itin\u00e9raire magnifique \u00e0 une documentation bien faite, ce qui permet de se persuader que la promenade en montagne rend plus intelligent&#8230; Mais \u00e7a, on en \u00e9tait tous persuad\u00e9s, non ? La ballade propos\u00e9e ici fait un large usage des remont\u00e9es m\u00e9caniques, mais ne comprend pas &hellip; <a href=\"https:\/\/www.lesmonts.ch\/wp_fr\/randonnees\/randonnees-estivales\/chemin-des-fleurs-saas-grund\/\" class=\"more-link\">Continuer la lecture de <span class=\"screen-reader-text\">Chemin des fleurs (Saas Grund)<\/span>  <span class=\"meta-nav\">&rarr;<\/span><\/a><\/p>\n","protected":false},"author":1,"featured_media":0,"parent":40,"menu_order":0,"comment_status":"open","ping_status":"open","template":"","meta":{"_crdt_document":"","ngg_post_thumbnail":0,"footnotes":""},"class_list":["post-272","page","type-page","status-publish","hentry"],"_links":{"self":[{"href":"https:\/\/www.lesmonts.ch\/wp_fr\/wp-json\/wp\/v2\/pages\/272","targetHints":{"allow":["GET"]}}],"collection":[{"href":"https:\/\/www.lesmonts.ch\/wp_fr\/wp-json\/wp\/v2\/pages"}],"about":[{"href":"https:\/\/www.lesmonts.ch\/wp_fr\/wp-json\/wp\/v2\/types\/page"}],"author":[{"embeddable":true,"href":"https:\/\/www.lesmonts.ch\/wp_fr\/wp-json\/wp\/v2\/users\/1"}],"replies":[{"embeddable":true,"href":"https:\/\/www.lesmonts.ch\/wp_fr\/wp-json\/wp\/v2\/comments?post=272"}],"version-history":[{"count":2,"href":"https:\/\/www.lesmonts.ch\/wp_fr\/wp-json\/wp\/v2\/pages\/272\/revisions"}],"predecessor-version":[{"id":3180,"href":"https:\/\/www.lesmonts.ch\/wp_fr\/wp-json\/wp\/v2\/pages\/272\/revisions\/3180"}],"up":[{"embeddable":true,"href":"https:\/\/www.lesmonts.ch\/wp_fr\/wp-json\/wp\/v2\/pages\/40"}],"wp:attachment":[{"href":"https:\/\/www.lesmonts.ch\/wp_fr\/wp-json\/wp\/v2\/media?parent=272"}],"curies":[{"name":"wp","href":"https:\/\/api.w.org\/{rel}","templated":true}]}}